{"id":3782,"date":"2024-01-11T14:22:25","date_gmt":"2024-01-11T14:22:25","guid":{"rendered":"https:\/\/www.riwal.com\/es\/?page_id=3782"},"modified":"2024-02-02T10:12:47","modified_gmt":"2024-02-02T10:12:47","slug":"declaracion-de-privacidad-de-riwal-holding-group-bv","status":"publish","type":"page","link":"https:\/\/www.riwal.com\/es\/declaracion-de-privacidad-de-riwal-holding-group-bv\/","title":{"rendered":"Declaraci\u00f3n de privacidad de Riwal Holding Group BV"},"content":{"rendered":"<div class=\"container\">\n<p>Esta Pol\u00edtica de privacidad y cookies se aplica a los clientes, antiguos clientes, clientes potenciales, proveedores y visitantes de todos los sitios web y sitios web m\u00f3viles administrados por Riwal Holding bv (www.riwal.com, Riwal Access4U y la aplicaci\u00f3n de alquiler de Riwal). El propietario de este sitio web es Riwal, que tiene su domicilio social en Dordrecht en Wilgenbos 2, 3316 JX Dordrecht, y puede contactarse por tel\u00e9fono al n\u00famero +31 (0) 88 618 18 00 o por correo electr\u00f3nico a info@riwal.com.&nbsp;Riwal se considera un Procesador de sus datos personales, de conformidad con el Art\u00edculo 4, p\u00e1rrafo 7 del Reglamento General de Protecci\u00f3n de Datos UE 2016\/679 (\u00abGDPR\u00bb).<\/p>\n<\/div>\n\n<div class=\"container\">\n<p>Manejaremos su privacidad con el debido cuidado, de acuerdo con las reglas y principios de GDPR.&nbsp;Cuando solicitemos sus datos personales a trav\u00e9s de un sitio web, una aplicaci\u00f3n u otro canal digital de Riwal, primero explicaremos por qu\u00e9 necesitamos estos datos y la base legal para ello.&nbsp;Luego, si es necesario, solicitaremos su consentimiento inequ\u00edvoco y voluntario para recopilar, utilizar, almacenar y posiblemente transmitir sus datos personales, como se describe en esta pol\u00edtica.&nbsp;<\/p>\n<\/div>\n\n<div class=\"container\">\n<p>En principio, requerimos sus datos personales para poder ejecutar el acuerdo de venta o contrato de alquiler.&nbsp;Solo requerimos su previo consentimiento libre e inequ\u00edvoco para utilizar sus datos si sus datos personales no se utilizan en el contexto de la ejecuci\u00f3n de un acuerdo, incluidos los servicios asociados y la comercializaci\u00f3n.&nbsp;<br><\/p>\n<\/div>\n\n<div class=\"container\">\n<p><strong>Utilizamos sus datos personales para los siguientes fines:<\/strong><\/p>\n<\/div>\n\n<div class=\"container\">\n<p>1. una solicitud de oferta relacionada con un acuerdo de compra, alquiler o capacitaci\u00f3n, o un acuerdo de repuestos o mantenimiento de plataformas a\u00e9reas de trabajo, manipuladores telesc\u00f3picos o montacargas.&nbsp;La oferta se puede solicitar a trav\u00e9s de nuestro sitio web, por correo postal, por tel\u00e9fono o por correo electr\u00f3nico (fase precontractual);&nbsp;<\/p>\n<\/div>\n\n<div class=\"container\">\n<p>2. la ejecuci\u00f3n de los acuerdos mencionados en el punto 1 (fase del contrato);<\/p>\n<\/div>\n\n<div class=\"container\">\n<p>3. el c\u00e1lculo y registro de datos financieros como resultado del acuerdo celebrado con usted en virtud del punto 1;<\/p>\n<\/div>\n\n<div class=\"container\">\n<p>4. Con fines de marketing.&nbsp;Esto incluye informarle sobre nuevos productos, servicios y promociones de ventas de Riwal una vez que se haya registrado en nuestro bolet\u00edn de noticias en l\u00ednea.&nbsp;Cuando se registre, nos proporcionar\u00e1 su consentimiento inequ\u00edvoco y voluntario para utilizar su direcci\u00f3n de correo electr\u00f3nico para enviarle un bolet\u00edn informativo sobre productos, servicios y promociones de ventas de Riwal;<\/p>\n<\/div>\n\n<div class=\"container\">\n<p>5. para informarle sobre nuestros nuevos productos y servicios asociados, teniendo en cuenta sus preferencias basadas en productos y \/ o servicios adquiridos o adquiridos, sus intereses en funci\u00f3n de su uso de nuestros sitios web y sitios web m\u00f3viles, que registramos con su consentimiento, incluidos cualquier aplicaci\u00f3n utilizada.&nbsp;Tambi\u00e9n podemos hacerlo a trav\u00e9s de campa\u00f1as en las redes sociales (Facebook y LinkedIn);<\/p>\n<\/div>\n\n<div class=\"container\">\n<p>6. el cumplimiento de nuestras obligaciones estatutarias y obligaciones fiscales estatutarias;&nbsp;y<br>7. para el desarrollo y mejora de productos y servicios para an\u00e1lisis interno y an\u00e1lisis de sitios web.&nbsp;<\/p>\n<\/div>\n\n<div class=\"container\">\n<p><strong>Qu\u00e9 datos personales procesamos<\/strong><\/p>\n<\/div>\n\n<div class=\"container\">\n<p>Procesamos (recopilamos, utilizamos, almacenamos, guardamos y compartimos) los datos personales de clientes, antiguos clientes, potenciales, proveedores y visitantes de nuestros sitios web y aplicaciones.<\/p>\n<\/div>\n\n<div class=\"container\">\n<p><strong>\u00bfQui\u00e9n recibir\u00e1 sus datos personales?<\/strong><\/p>\n<\/div>\n\n<div class=\"container\">\n<p>Solo proporcionamos datos personales a las empresas que es estrictamente necesario, y estas empresas participan en la ejecuci\u00f3n del acuerdo entre usted y Riwal.&nbsp;Hemos cerrado acuerdos para el procesamiento de datos con todas estas compa\u00f1\u00edas, donde se estipula qu\u00e9 acciones se realizan bajo nuestra autoridad y de acuerdo con nuestras instrucciones.&nbsp;Estas compa\u00f1\u00edas no pueden procesar o utilizar los datos para sus propios fines o para otros fines.<br><\/p>\n<\/div>\n\n<div class=\"container\">\n<p><strong>Cancelaci\u00f3n<\/strong><br>Si ya no desea que le mantengamos informado sobre nuestros nuevos productos, servicios y promociones asociados, puede cancelar su suscripci\u00f3n a nuestro bolet\u00edn en cualquier momento.&nbsp;Puede hacerlo haciendo clic en el enlace para cancelar la suscripci\u00f3n de nuestro bolet\u00edn o enviando un correo electr\u00f3nico a: info@riwal.com indicando \u00abcancelar la suscripci\u00f3n al bolet\u00edn\u00bb.&nbsp;Adem\u00e1s, puede ajustar la configuraci\u00f3n de las cookies en cualquier momento;&nbsp;Ver m\u00e1s sobre esto en &#8216;Uso de cookies&#8217;.<\/p>\n<\/div>\n\n<div class=\"container\">\n<p><strong>Per\u00edodo de retenci\u00f3n de sus datos personales<\/strong><\/p>\n<\/div>\n\n<div class=\"container\">\n<p>Sus&nbsp;<strong>datos<\/strong>&nbsp;personales no se conservar\u00e1n durante m\u00e1s tiempo del necesario para los fines mencionados anteriormente o de acuerdo con un per\u00edodo legalmente estipulado.&nbsp;<\/p>\n<\/div>\n\n<div class=\"container\">\n<p><strong>Seguridad<\/strong><br>Hemos tomado las medidas t\u00e9cnicas y organizativas adecuadas para proteger sus datos personales y para evitar el acceso no autorizado a sus datos personales.&nbsp;Estas medidas se eval\u00faan, ajustan y actualizan peri\u00f3dicamente cuando es necesario.<\/p>\n<\/div>\n\n<div class=\"container\">\n<p>Nuestro sitio web est\u00e1 protegido de tal manera que los datos personales que usted proporciona en nuestro sitio web se env\u00edan a nuestra organizaci\u00f3n a trav\u00e9s de una conexi\u00f3n segura.<\/p>\n<\/div>\n\n<div class=\"container\">\n<p><strong>Uso de cookies<\/strong><\/p>\n<\/div>\n\n<div class=\"container\">\n<p>Utilizamos cookies cuando ofrecemos nuestros productos y servicios en los sitios web y aplicaciones.&nbsp;Las cookies son peque\u00f1as piezas de archivos de informaci\u00f3n que un sitio web deja en su dispositivo (como su computadora).&nbsp;El sitio web le indica al navegador web que usa para ver sitios web (como Internet Explorer) para almacenar estas cookies en su dispositivo.&nbsp;Se utilizan cuatro tipos de cookies en los sitios web de Riwal:<\/p>\n<\/div>\n\n<div class=\"container\">\n<ol class=\"wp-block-list\">\n<li>Cookies funcionalesSon necesarias para que nuestro sitio web funcione.&nbsp;Utilizamos cookies funcionales para facilitar la navegaci\u00f3n en nuestros sitios web y para guardar ciertas configuraciones o preferencias del usuario con el fin de optimizar su uso de los sitios web.<\/li>\n\n\n\n<li>Cookies anal\u00edticasAdem\u00e1s, Riwal utiliza cookies anal\u00edticas para medir cu\u00e1ntos visitantes visitan los sitios web y qu\u00e9 informaci\u00f3n se ve con mayor frecuencia (por ejemplo, mediante el uso de Google Analytics).&nbsp;La informaci\u00f3n estad\u00edstica recopilada se utiliza para optimizar el contenido del sitio web o los env\u00edos en l\u00ednea a las necesidades de los visitantes.<\/li>\n\n\n\n<li>Cookies de publicidadCiertos anuncios en sitios web de terceros hacen un seguimiento de qu\u00e9 visitantes han le\u00eddo los anuncios y qu\u00e9 p\u00e1ginas han visto los visitantes.&nbsp;Esto le permite a Riwal personalizar su pr\u00f3xima visita y mostrarle anuncios relevantes.&nbsp;Estos terceros (incluido Facebook a trav\u00e9s de https:\/\/www.facebook.com\/ads\/about\/?entry_product=ad_preferences), le brindan la opci\u00f3n de administrar sus configuraciones de privacidad y publicidad y ajustarlas de acuerdo a sus deseos si es necesario.<\/li>\n\n\n\n<li>Cookies de redes sociales<\/li>\n<\/ol>\n<\/div>\n\n<div class=\"container\">\n<p>Riwal le brinda la oportunidad de compartir la informaci\u00f3n de los sitios web y aplicaciones a trav\u00e9s de las redes sociales.&nbsp;Puede usar los botones de redes sociales para esto.&nbsp;Si hace clic en uno de estos botones, ser\u00e1 redirigido al sitio web de la compa\u00f1\u00eda de medios sociales correspondiente.&nbsp;Al hacer clic, estas empresas colocar\u00e1n cookies.&nbsp;Estas compa\u00f1\u00edas tambi\u00e9n le ofrecen la opci\u00f3n de administrar sus configuraciones de privacidad y publicidad, y ajustarlas si es necesario.<\/p>\n<\/div>\n\n<div class=\"container\">\n<p><strong>Resumen de las cookies colocadas:<\/strong><\/p>\n<\/div>\n\n<div class=\"container\">\n<figure class=\"wp-block-table\"><table><tbody><tr><td><strong>Nombre de la Cookie<\/strong><\/td><td><strong>Descripci\u00f3n<\/strong><\/td><td><strong>Periodo de almacenamiento<\/strong><\/td><\/tr><tr><td>.ASPXAUTH<\/td><td>La cookie ASPXAUTH se utiliza para determinar si un usuario est\u00e1 autorizado.La cookie no contiene informaci\u00f3n de identificaci\u00f3n personal.La cookie se utiliza para garantizar la funcionalidad del sitio web y desaparece 30 minutos despu\u00e9s de que se cierre el navegador.<\/td><td>Fin de sesi\u00f3n&nbsp;<\/td><\/tr><tr><td>ASP.NET_SessionId<\/td><td>Cookie que contiene los datos de la sesi\u00f3n del usuario y que solo es utilizada por el servidor para garantizar la continuidad.La cookie no contiene informaci\u00f3n de identificaci\u00f3n personal.La cookie se utiliza para garantizar la funcionalidad del sitio web y desaparece 30 minutos despu\u00e9s de que se cierre el navegador.<\/td><td>Fin de sesi\u00f3n&nbsp;<\/td><\/tr><tr><td>SC_ANALYTICS_GLOBAL_COOKIE<\/td><td>Este n\u00famero elegido al azar nos ayuda a enviarle contenido personalizado.Adem\u00e1s, esta cookie nos ayuda a generar informes sobre c\u00f3mo los usuarios usan nuestro sitio web en el sistema de administraci\u00f3n de contenido.<\/td><td>1 a\u00f1o<\/td><\/tr><tr><td>SC_ANALYTICS_SESSION_COOKIE<\/td><td>Este n\u00famero elegido al azar nos ayuda a enviarle contenido personalizado.Adem\u00e1s, nos ayuda a generar informes sobre c\u00f3mo los visitantes utilizan nuestro sitio dentro de nuestro sistema de administraci\u00f3n de contenido.&nbsp;<\/td><td>Fin de sesi\u00f3n&nbsp;<\/td><\/tr><tr><td>_RequestVerificationToken<\/td><td>Cookie desarrollada para proteger nuestro sitio web contra ataques maliciosos.La cookie no contiene informaci\u00f3n de identificaci\u00f3n personal.La cookie se utiliza para garantizar la funcionalidad del sitio web y desaparece 30 minutos despu\u00e9s de que se cierre el navegador.&nbsp;<\/td><td>Fin de sesi\u00f3n&nbsp;<\/td><\/tr><tr><td>{nombre del sitio} #lang<\/td><td>Cookie para almacenar el idioma preferido.<\/td><td>&nbsp;<\/td><\/tr><\/tbody><\/table><\/figure>\n<\/div>\n\n<div class=\"container\">\n<p><strong><\/strong><strong>\u00bfC\u00f3mo puedo gestionar y deshabilitar las cookies?<\/strong><\/p>\n<\/div>\n\n<div class=\"container\">\n<p>Cuando visita un sitio web o una aplicaci\u00f3n de Riwal, puede configurar sus preferencias de cookies usted mismo (con la excepci\u00f3n de las cookies necesarias para las cuales no se requiere consentimiento).&nbsp;La mayor\u00eda de los navegadores de Internet est\u00e1n configurados para que las cookies sean aceptadas autom\u00e1ticamente.&nbsp;Puede cambiar la configuraci\u00f3n para bloquear las cookies o para avisarle cuando se env\u00eden cookies a su computadora.&nbsp;Por lo tanto, consulte las instrucciones de su navegador para obtener m\u00e1s informaci\u00f3n sobre c\u00f3mo ajustar o cambiar la configuraci\u00f3n de su navegador.&nbsp;<br><\/p>\n<\/div>\n\n<div class=\"container\">\n<p>Si usa diferentes dispositivos para visitar sitios web o aplicaciones de Riwal, debe asegurarse de que cada navegador en cada dispositivo se adapte a sus preferencias de cookies.\u00a0Si deshabilita las cookies que utiliza Riwal o las configura seg\u00fan sus preferencias de privacidad, esto puede afectar su experiencia con los sitios web y las aplicaciones de Riwal.<\/p>\n<\/div>\n\n<div class=\"container\">\n<p><a class=\"icn_show_cookie_notice\" href=\"#\">Gestionar las cookies<\/a><\/p>\n<\/div>\n\n<div class=\"container\">\n<p><strong>Descargo de responsabilidad<\/strong><\/p>\n<\/div>\n\n<div class=\"container\">\n<p>Los sitios web y las aplicaciones de Riwal contienen enlaces a otros sitios web y posibles anunciantes, incluidos Google, Facebook y LinkedIn.&nbsp;<br>Hemos contratado a un tercero, Emark, para que administre el env\u00edo de nuestros boletines.&nbsp;Solo enviamos boletines de noticias si se ha registrado para esto y puede darse de baja en cualquier momento.&nbsp;<\/p>\n<\/div>\n\n<div class=\"container\">\n<p>Riwal no es responsable de los asuntos de privacidad que puedan surgir a este respecto.&nbsp;Tampoco somos responsables del contenido, la seguridad o la propiedad de los sitios web de estos terceros.&nbsp;Por lo tanto, le recomendamos que consulte las pol\u00edticas de privacidad de estas empresas de forma regular.&nbsp;Siempre que sea posible, puede ajustar su configuraci\u00f3n de privacidad a sus preferencias personales.<\/p>\n<\/div>\n\n<div class=\"container\">\n<p><strong>Protecci\u00f3n de datos personales<\/strong><\/p>\n<\/div>\n\n<div class=\"container\">\n<p>Riwal es responsable del almacenamiento seguro y la transferencia de datos desde su computadora a nuestros servidores.&nbsp;Estos servidores est\u00e1n ubicados en los Pa\u00edses Bajos y, en cualquier caso, todos los pa\u00edses europeos ofrecen un nivel de protecci\u00f3n adecuado y adecuado de acuerdo con la ley.&nbsp;Riwal tambi\u00e9n ha tomado las medidas t\u00e9cnicas y organizativas adecuadas para proteger sus datos personales contra p\u00e9rdidas o cualquier forma de procesamiento ilegal.&nbsp;Si Riwal coopera con compa\u00f1\u00edas ubicadas fuera de Europa, solo transmitiremos datos personales si existe un nivel de protecci\u00f3n similar o solo con su previo consentimiento expl\u00edcito.<\/p>\n<\/div>\n\n<div class=\"container\">\n<p><strong>Ni\u00f1os<\/strong><\/p>\n<\/div>\n\n<div class=\"container\">\n<p>Los productos y servicios asociados de Riwal no est\u00e1n dise\u00f1ados para ser utilizados por ni\u00f1os.&nbsp;Si es menor de 16 a\u00f1os (menor de edad), no puede utilizar nuestros servicios.<\/p>\n<\/div>\n\n<div class=\"container\">\n<p><strong>Sus derechos<\/strong><\/p>\n<\/div>\n\n<div class=\"container\">\n<p>Puede solicitar el acceso o la modificaci\u00f3n o eliminaci\u00f3n de sus datos personales en cualquier momento.&nbsp;Puede darse de baja de cualquier campa\u00f1a de marketing en cualquier momento, incluido nuestro bolet\u00edn, a trav\u00e9s de info@riwal.com.&nbsp;Adem\u00e1s, puede ajustar la configuraci\u00f3n de sus cookies en los sitios web de Riwal.<\/p>\n<\/div>\n\n<div class=\"container\">\n<p>Es su responsabilidad asegurarse de que toda la informaci\u00f3n que proporcione a Riwal sea precisa y actualizada.&nbsp;<\/p>\n<\/div>\n\n<div class=\"container\">\n<p>Finalmente, tiene derecho a presentar una queja ante la Autoridad de Protecci\u00f3n de Datos de los Pa\u00edses Bajos (Autoriteit Persoonsgegevens) si no est\u00e1 de acuerdo con la forma en que Riwal trata sus datos personales.<\/p>\n<\/div>\n\n<div class=\"container\">\n<p>Si tiene m\u00e1s preguntas sobre esta Pol\u00edtica de privacidad y cookies o sobre c\u00f3mo se aplica a este sitio web, no dude en contactarnos a trav\u00e9s de:<\/p>\n<\/div>\n\n<div class=\"container\">\n<p>Wilgenbos 2&nbsp;<\/p>\n<\/div>\n\n<div class=\"container\">\n<p>3311 JX Dordrecht&nbsp;<\/p>\n<\/div>\n\n<div class=\"container\">\n<p>Pa\u00edses Bajos&nbsp;<\/p>\n<\/div>\n\n<div class=\"container\">\n<p><a href=\"mailto:privacy@riwal.com\">privacy@riwal.com<\/a><\/p>\n<\/div>\n\n<div class=\"container\">\n<p><strong>Cambios en esta Pol\u00edtica de privacidad y cookies<\/strong><\/p>\n<\/div>\n\n<div class=\"container\">\n<p>Cualquier cambio en la Pol\u00edtica de privacidad y cookies de Riwal se anunciar\u00e1 a trav\u00e9s de los sitios web.&nbsp;Por lo tanto, Riwal le recomienda consultar regularmente la Pol\u00edtica de privacidad y cookies en nuestros sitios web para que siempre est\u00e9 al tanto de cualquier cambio.<\/p>\n<\/div>\n\n<div class=\"container\">\n<p>Esta Pol\u00edtica de privacidad y cookies est\u00e1 sujeta a las leyes de los Pa\u00edses Bajos.&nbsp;Esta pol\u00edtica fue modificada por \u00faltima vez en mayo de 2018.<\/p>\n<\/div>","protected":false},"excerpt":{"rendered":"<p>Esta Pol\u00edtica de privacidad y cookies se aplica a los clientes, antiguos clientes, clientes potenciales, proveedores y visitantes de todos los sitios web y sitios web m\u00f3viles administrados por Riwal Holding bv (www.riwal.com, Riwal Access4U y la aplicaci\u00f3n de alquiler de Riwal). El propietario de este sitio web es Riwal, que tiene su domicilio social &hellip; <a href=\"https:\/\/www.riwal.com\/es\/declaracion-de-privacidad-de-riwal-holding-group-bv\/\">Continuado<\/a><\/p>\n","protected":false},"author":47,"featured_media":0,"parent":0,"menu_order":0,"comment_status":"closed","ping_status":"closed","template":"","meta":{"_acf_changed":false,"footnotes":""},"class_list":["post-3782","page","type-page","status-publish","hentry"],"acf":[],"yoast_head":"<!-- This site is optimized with the Yoast SEO Premium plugin v27.1 (Yoast SEO v27.1.1) - https:\/\/yoast.com\/product\/yoast-seo-premium-wordpress\/ -->\n<title>Declaraci\u00f3n de privacidad de Riwal Holding Group BV - Riwal Espa\u00f1a<\/title>\n<meta name=\"robots\" content=\"index, follow, max-snippet:-1, max-image-preview:large, max-video-preview:-1\" \/>\n<link rel=\"canonical\" href=\"https:\/\/www.riwal.com\/es\/declaracion-de-privacidad-de-riwal-holding-group-bv\/\" \/>\n<meta property=\"og:locale\" content=\"es_ES\" \/>\n<meta property=\"og:type\" content=\"article\" \/>\n<meta property=\"og:title\" content=\"Declaraci\u00f3n de privacidad de Riwal Holding Group BV\" \/>\n<meta property=\"og:description\" content=\"Esta Pol\u00edtica de privacidad y cookies se aplica a los clientes, antiguos clientes, clientes potenciales, proveedores y visitantes de todos los sitios web y sitios web m\u00f3viles administrados por Riwal Holding bv (www.riwal.com, Riwal Access4U y la aplicaci\u00f3n de alquiler de Riwal). El propietario de este sitio web es Riwal, que tiene su domicilio social &hellip; Continuado\" \/>\n<meta property=\"og:url\" content=\"https:\/\/www.riwal.com\/es\/declaracion-de-privacidad-de-riwal-holding-group-bv\/\" \/>\n<meta property=\"og:site_name\" content=\"Riwal Espa\u00f1a\" \/>\n<meta property=\"article:modified_time\" content=\"2024-02-02T10:12:47+00:00\" \/>\n<meta name=\"twitter:card\" content=\"summary_large_image\" \/>\n<meta name=\"twitter:label1\" content=\"Est. reading time\" \/>\n\t<meta name=\"twitter:data1\" content=\"9 minutos\" \/>\n<script type=\"application\/ld+json\" class=\"yoast-schema-graph\">{\"@context\":\"https:\/\/schema.org\",\"@graph\":[{\"@type\":\"WebPage\",\"@id\":\"https:\/\/www.riwal.com\/es\/declaracion-de-privacidad-de-riwal-holding-group-bv\/\",\"url\":\"https:\/\/www.riwal.com\/es\/declaracion-de-privacidad-de-riwal-holding-group-bv\/\",\"name\":\"Declaraci\u00f3n de privacidad de Riwal Holding Group BV - Riwal Espa\u00f1a\",\"isPartOf\":{\"@id\":\"https:\/\/www.riwal.com\/es\/#website\"},\"datePublished\":\"2024-01-11T14:22:25+00:00\",\"dateModified\":\"2024-02-02T10:12:47+00:00\",\"breadcrumb\":{\"@id\":\"https:\/\/www.riwal.com\/es\/declaracion-de-privacidad-de-riwal-holding-group-bv\/#breadcrumb\"},\"inLanguage\":\"es\",\"potentialAction\":[{\"@type\":\"ReadAction\",\"target\":[\"https:\/\/www.riwal.com\/es\/declaracion-de-privacidad-de-riwal-holding-group-bv\/\"]}]},{\"@type\":\"BreadcrumbList\",\"@id\":\"https:\/\/www.riwal.com\/es\/declaracion-de-privacidad-de-riwal-holding-group-bv\/#breadcrumb\",\"itemListElement\":[{\"@type\":\"ListItem\",\"position\":1,\"name\":\"Inicio\",\"item\":\"https:\/\/www.riwal.com\/es\/\"},{\"@type\":\"ListItem\",\"position\":2,\"name\":\"Declaraci\u00f3n de privacidad de Riwal Holding Group BV\"}]},{\"@type\":\"WebSite\",\"@id\":\"https:\/\/www.riwal.com\/es\/#website\",\"url\":\"https:\/\/www.riwal.com\/es\/\",\"name\":\"Riwal\",\"description\":\"Arial work platform &amp; Telehandler Rental\/Sales\",\"publisher\":{\"@id\":\"https:\/\/www.riwal.com\/es\/#organization\"},\"potentialAction\":[{\"@type\":\"SearchAction\",\"target\":{\"@type\":\"EntryPoint\",\"urlTemplate\":\"https:\/\/www.riwal.com\/es\/?s={search_term_string}\"},\"query-input\":{\"@type\":\"PropertyValueSpecification\",\"valueRequired\":true,\"valueName\":\"search_term_string\"}}],\"inLanguage\":\"es\"},{\"@type\":\"Organization\",\"@id\":\"https:\/\/www.riwal.com\/es\/#organization\",\"name\":\"Riwal\",\"url\":\"https:\/\/www.riwal.com\/es\/\",\"logo\":{\"@type\":\"ImageObject\",\"inLanguage\":\"es\",\"@id\":\"https:\/\/www.riwal.com\/es\/#\/schema\/logo\/image\/\",\"url\":\"\",\"contentUrl\":\"\",\"caption\":\"Riwal\"},\"image\":{\"@id\":\"https:\/\/www.riwal.com\/es\/#\/schema\/logo\/image\/\"}}]}<\/script>\n<!-- \/ Yoast SEO Premium plugin. -->","yoast_head_json":{"title":"Declaraci\u00f3n de privacidad de Riwal Holding Group BV - Riwal Espa\u00f1a","robots":{"index":"index","follow":"follow","max-snippet":"max-snippet:-1","max-image-preview":"max-image-preview:large","max-video-preview":"max-video-preview:-1"},"canonical":"https:\/\/www.riwal.com\/es\/declaracion-de-privacidad-de-riwal-holding-group-bv\/","og_locale":"es_ES","og_type":"article","og_title":"Declaraci\u00f3n de privacidad de Riwal Holding Group BV","og_description":"Esta Pol\u00edtica de privacidad y cookies se aplica a los clientes, antiguos clientes, clientes potenciales, proveedores y visitantes de todos los sitios web y sitios web m\u00f3viles administrados por Riwal Holding bv (www.riwal.com, Riwal Access4U y la aplicaci\u00f3n de alquiler de Riwal). El propietario de este sitio web es Riwal, que tiene su domicilio social &hellip; Continuado","og_url":"https:\/\/www.riwal.com\/es\/declaracion-de-privacidad-de-riwal-holding-group-bv\/","og_site_name":"Riwal Espa\u00f1a","article_modified_time":"2024-02-02T10:12:47+00:00","twitter_card":"summary_large_image","twitter_misc":{"Est. reading time":"9 minutos"},"schema":{"@context":"https:\/\/schema.org","@graph":[{"@type":"WebPage","@id":"https:\/\/www.riwal.com\/es\/declaracion-de-privacidad-de-riwal-holding-group-bv\/","url":"https:\/\/www.riwal.com\/es\/declaracion-de-privacidad-de-riwal-holding-group-bv\/","name":"Declaraci\u00f3n de privacidad de Riwal Holding Group BV - Riwal Espa\u00f1a","isPartOf":{"@id":"https:\/\/www.riwal.com\/es\/#website"},"datePublished":"2024-01-11T14:22:25+00:00","dateModified":"2024-02-02T10:12:47+00:00","breadcrumb":{"@id":"https:\/\/www.riwal.com\/es\/declaracion-de-privacidad-de-riwal-holding-group-bv\/#breadcrumb"},"inLanguage":"es","potentialAction":[{"@type":"ReadAction","target":["https:\/\/www.riwal.com\/es\/declaracion-de-privacidad-de-riwal-holding-group-bv\/"]}]},{"@type":"BreadcrumbList","@id":"https:\/\/www.riwal.com\/es\/declaracion-de-privacidad-de-riwal-holding-group-bv\/#breadcrumb","itemListElement":[{"@type":"ListItem","position":1,"name":"Inicio","item":"https:\/\/www.riwal.com\/es\/"},{"@type":"ListItem","position":2,"name":"Declaraci\u00f3n de privacidad de Riwal Holding Group BV"}]},{"@type":"WebSite","@id":"https:\/\/www.riwal.com\/es\/#website","url":"https:\/\/www.riwal.com\/es\/","name":"Riwal","description":"Arial work platform &amp; Telehandler Rental\/Sales","publisher":{"@id":"https:\/\/www.riwal.com\/es\/#organization"},"potentialAction":[{"@type":"SearchAction","target":{"@type":"EntryPoint","urlTemplate":"https:\/\/www.riwal.com\/es\/?s={search_term_string}"},"query-input":{"@type":"PropertyValueSpecification","valueRequired":true,"valueName":"search_term_string"}}],"inLanguage":"es"},{"@type":"Organization","@id":"https:\/\/www.riwal.com\/es\/#organization","name":"Riwal","url":"https:\/\/www.riwal.com\/es\/","logo":{"@type":"ImageObject","inLanguage":"es","@id":"https:\/\/www.riwal.com\/es\/#\/schema\/logo\/image\/","url":"","contentUrl":"","caption":"Riwal"},"image":{"@id":"https:\/\/www.riwal.com\/es\/#\/schema\/logo\/image\/"}}]}},"_links":{"self":[{"href":"https:\/\/www.riwal.com\/es\/wp-json\/wp\/v2\/pages\/3782","targetHints":{"allow":["GET"]}}],"collection":[{"href":"https:\/\/www.riwal.com\/es\/wp-json\/wp\/v2\/pages"}],"about":[{"href":"https:\/\/www.riwal.com\/es\/wp-json\/wp\/v2\/types\/page"}],"author":[{"embeddable":true,"href":"https:\/\/www.riwal.com\/es\/wp-json\/wp\/v2\/users\/47"}],"replies":[{"embeddable":true,"href":"https:\/\/www.riwal.com\/es\/wp-json\/wp\/v2\/comments?post=3782"}],"version-history":[{"count":2,"href":"https:\/\/www.riwal.com\/es\/wp-json\/wp\/v2\/pages\/3782\/revisions"}],"predecessor-version":[{"id":3885,"href":"https:\/\/www.riwal.com\/es\/wp-json\/wp\/v2\/pages\/3782\/revisions\/3885"}],"wp:attachment":[{"href":"https:\/\/www.riwal.com\/es\/wp-json\/wp\/v2\/media?parent=3782"}],"curies":[{"name":"wp","href":"https:\/\/api.w.org\/{rel}","templated":true}]}}