{"id":3349,"date":"2023-10-19T12:48:28","date_gmt":"2023-10-19T12:48:28","guid":{"rendered":"https:\/\/www.riwal.com\/es\/?page_id=3349"},"modified":"2024-05-06T11:54:22","modified_gmt":"2024-05-06T09:54:22","slug":"repuestos","status":"publish","type":"page","link":"https:\/\/www.riwal.com\/es\/repuestos\/","title":{"rendered":"Repuestos"},"content":{"rendered":"<div class=\"container\">\n<p><\/p>\n<\/div>\n\n<div class=\"rental-wp-default-block rental-theme-block-default-margin\">\n\t\t\t\t\t\t\t\t<div class=\"container\">\n<div class=\"wp-block-rental-theme-title-text rental-theme-block-default-margin\">\n\t<div class=\"wp-block-rental-theme-title-text__container\">\n\t\t<div class=\"wp-block-rental-theme-title-text__wrapper\">\n\t\t\t<h1 class='wp-block-rental-theme-title-text__title'>JLG, Genie &amp; Skyjack <br>partes y accesorios<\/h1>\t\t<\/div>\n\t\t<div class='wp-block-rental-theme-title-text__text'>\n\n<p>Si buscas repuestos originales para tu plataforma a\u00e9rea, manipulador o carretilla, no busques m\u00e1s. Desde hace muchos a\u00f1os Riwal es el proveedor numero uno de partes (repuestos) originales y accesorios de los fabricantes de PEMP m\u00e1s grandes y prestigiosos tal y como son JLG, Genie and Skyjack.<\/p>\n\n\n\n<h2 class=\"wp-block-heading\" id=\"h-solo-marcas-premium\">Solo marcas premium<\/h2>\n\n\n\n<p>Para asegurar el mejor rendimiento de tus plataformas, los repuestos originales de fabricante se producen con los estandares de calidad m\u00e1s altos. Ofrecemos repuestos fiables de una gran variedad de fabricantes premium.<\/p>\n\n\n\n<p>Adem\u00e1s podemos suministrar pr\u00e1cticamente todas las marcas. Nuestros clientes disfrutan de entregas r\u00e1pidas y cobertura mundial: en cualquier parte del mundo, nuestros expertos t\u00e9cnicos dar\u00e1n la mejor soluci\u00f3n dada su gran experiencia pr\u00e1ctica y conocimientos.<\/p>\n\n<\/div>\n\t<\/div>\n<\/div><\/div>\n\t\t\t\t\t\t\t<\/div> \n\n<div class=\"rental-wp-default-block rental-theme-block-default-margin\">\n\t\t\t\t\t\t\t\t<div class=\"container\"><div class=\"wp-block-rental-theme-expertises wp-block-rental-theme-expertises--white rental-theme-block-default-margin\">\n\t\t<div class=\"wp-block-rental-theme-expertises__container\">\n\t\t\t<h2 class='wp-block-rental-theme-expertises__title'>Nuestras Marcas<\/h2>\t\t\t\n\n<div class=\"wp-block-columns is-layout-flex wp-container-core-columns-is-layout-28f84493 wp-block-columns-is-layout-flex\">\n<div class=\"wp-block-column is-layout-flow wp-block-column-is-layout-flow\">\n<div class=\"wp-block-group is-layout-constrained wp-block-group-is-layout-constrained\">\n<div class=\"wp-block-group is-layout-constrained wp-block-group-is-layout-constrained\"><div class=\"wp-block-rental-theme-expertise-item\">\n\t<div class=\"wp-block-rental-theme-expertise-item__container\">\n\t\t<div class=\"wp-block-rental-theme-expertise-item__content\">\n\t\t\t\t\t\t\t\t\t\t\t\t<div class=\"wp-block-rental-theme-expertise-item--no-link\">\n\t\t\t\t\t\t<h2 class='wp-block-rental-theme-expertise-item__title'>Deutz<\/h2>\t\t\t\t\t<\/div>\n\t\t\t\t\t\t\t\t<div class=\"wp-block-rental-theme-expertise-item__text\">\n\n<p><\/p>\n\n<\/div>\n\t\t\t\t\t<\/div>\n\t<\/div>\n<\/div>\n\n\n<div class=\"wp-block-rental-theme-expertise-item\">\n\t<div class=\"wp-block-rental-theme-expertise-item__container\">\n\t\t<div class=\"wp-block-rental-theme-expertise-item__content\">\n\t\t\t\t\t\t\t\t\t\t\t\t<div class=\"wp-block-rental-theme-expertise-item--no-link\">\n\t\t\t\t\t\t<h2 class='wp-block-rental-theme-expertise-item__title'>MEC<\/h2>\t\t\t\t\t<\/div>\n\t\t\t\t\t\t\t\t<div class=\"wp-block-rental-theme-expertise-item__text\">\n\n<p><\/p>\n\n<\/div>\n\t\t\t\t\t<\/div>\n\t<\/div>\n<\/div>\n<\/div>\n<\/div>\n<\/div>\n\n\n\n<div class=\"wp-block-column is-layout-flow wp-block-column-is-layout-flow\"><div class=\"wp-block-rental-theme-expertise-item\">\n\t<div class=\"wp-block-rental-theme-expertise-item__container\">\n\t\t<div class=\"wp-block-rental-theme-expertise-item__content\">\n\t\t\t\t\t\t\t\t\t\t\t\t<div class=\"wp-block-rental-theme-expertise-item--no-link\">\n\t\t\t\t\t\t<h2 class='wp-block-rental-theme-expertise-item__title'>Genie<\/h2>\t\t\t\t\t<\/div>\n\t\t\t\t\t\t\t\t<div class=\"wp-block-rental-theme-expertise-item__text\">\n\n<p><\/p>\n\n<\/div>\n\t\t\t\t\t<\/div>\n\t<\/div>\n<\/div>\n\n\n<div class=\"wp-block-rental-theme-expertise-item\">\n\t<div class=\"wp-block-rental-theme-expertise-item__container\">\n\t\t<div class=\"wp-block-rental-theme-expertise-item__content\">\n\t\t\t\t\t\t\t\t\t\t\t\t<div class=\"wp-block-rental-theme-expertise-item--no-link\">\n\t\t\t\t\t\t<h2 class='wp-block-rental-theme-expertise-item__title'>Perkins<\/h2>\t\t\t\t\t<\/div>\n\t\t\t\t\t\t\t\t<div class=\"wp-block-rental-theme-expertise-item__text\">\n\n<p><\/p>\n\n<\/div>\n\t\t\t\t\t<\/div>\n\t<\/div>\n<\/div>\n<\/div>\n\n\n\n<div class=\"wp-block-column is-layout-flow wp-block-column-is-layout-flow\"><div class=\"wp-block-rental-theme-expertise-item\">\n\t<div class=\"wp-block-rental-theme-expertise-item__container\">\n\t\t<div class=\"wp-block-rental-theme-expertise-item__content\">\n\t\t\t\t\t\t\t\t\t\t\t\t<div class=\"wp-block-rental-theme-expertise-item--no-link\">\n\t\t\t\t\t\t<h2 class='wp-block-rental-theme-expertise-item__title'>Haulotte<\/h2>\t\t\t\t\t<\/div>\n\t\t\t\t\t\t\t\t<div class=\"wp-block-rental-theme-expertise-item__text\">\n\n<p><\/p>\n\n<\/div>\n\t\t\t\t\t<\/div>\n\t<\/div>\n<\/div>\n\n\n<div class=\"wp-block-rental-theme-expertise-item\">\n\t<div class=\"wp-block-rental-theme-expertise-item__container\">\n\t\t<div class=\"wp-block-rental-theme-expertise-item__content\">\n\t\t\t\t\t\t\t\t\t\t\t\t<div class=\"wp-block-rental-theme-expertise-item--no-link\">\n\t\t\t\t\t\t<h2 class='wp-block-rental-theme-expertise-item__title'>Skyjack<\/h2>\t\t\t\t\t<\/div>\n\t\t\t\t\t\t\t\t<div class=\"wp-block-rental-theme-expertise-item__text\">\n\n<p><\/p>\n\n<\/div>\n\t\t\t\t\t<\/div>\n\t<\/div>\n<\/div>\n<\/div>\n\n\n\n<div class=\"wp-block-column is-layout-flow wp-block-column-is-layout-flow\"><div class=\"wp-block-rental-theme-expertise-item\">\n\t<div class=\"wp-block-rental-theme-expertise-item__container\">\n\t\t<div class=\"wp-block-rental-theme-expertise-item__content\">\n\t\t\t\t\t\t\t\t\t\t\t\t<div class=\"wp-block-rental-theme-expertise-item--no-link\">\n\t\t\t\t\t\t<h2 class='wp-block-rental-theme-expertise-item__title'>Holland Lift<\/h2>\t\t\t\t\t<\/div>\n\t\t\t\t\t\t\t\t<div class=\"wp-block-rental-theme-expertise-item__text\">\n\n<p><\/p>\n\n<\/div>\n\t\t\t\t\t<\/div>\n\t<\/div>\n<\/div>\n\n\n<div class=\"wp-block-rental-theme-expertise-item\">\n\t<div class=\"wp-block-rental-theme-expertise-item__container\">\n\t\t<div class=\"wp-block-rental-theme-expertise-item__content\">\n\t\t\t\t\t\t\t\t\t\t\t\t<div class=\"wp-block-rental-theme-expertise-item--no-link\">\n\t\t\t\t\t\t<h2 class='wp-block-rental-theme-expertise-item__title'>Snorkel<\/h2>\t\t\t\t\t<\/div>\n\t\t\t\t\t\t\t\t<div class=\"wp-block-rental-theme-expertise-item__text\">\n\n<p><\/p>\n\n<\/div>\n\t\t\t\t\t<\/div>\n\t<\/div>\n<\/div>\n<\/div>\n\n\n\n<div class=\"wp-block-column is-layout-flow wp-block-column-is-layout-flow\"><div class=\"wp-block-rental-theme-expertise-item\">\n\t<div class=\"wp-block-rental-theme-expertise-item__container\">\n\t\t<div class=\"wp-block-rental-theme-expertise-item__content\">\n\t\t\t\t\t\t\t\t\t\t\t\t<div class=\"wp-block-rental-theme-expertise-item--no-link\">\n\t\t\t\t\t\t<h2 class='wp-block-rental-theme-expertise-item__title'>Iteco<\/h2>\t\t\t\t\t<\/div>\n\t\t\t\t\t\t\t\t<div class=\"wp-block-rental-theme-expertise-item__text\">\n\n<p><\/p>\n\n<\/div>\n\t\t\t\t\t<\/div>\n\t<\/div>\n<\/div>\n\n\n<div class=\"wp-block-rental-theme-expertise-item\">\n\t<div class=\"wp-block-rental-theme-expertise-item__container\">\n\t\t<div class=\"wp-block-rental-theme-expertise-item__content\">\n\t\t\t\t\t\t\t\t\t\t\t\t<div class=\"wp-block-rental-theme-expertise-item--no-link\">\n\t\t\t\t\t\t<h2 class='wp-block-rental-theme-expertise-item__title'>Teupen<\/h2>\t\t\t\t\t<\/div>\n\t\t\t\t\t\t\t\t<div class=\"wp-block-rental-theme-expertise-item__text\">\n\n<p><\/p>\n\n<\/div>\n\t\t\t\t\t<\/div>\n\t<\/div>\n<\/div>\n<\/div>\n\n\n\n<div class=\"wp-block-column is-layout-flow wp-block-column-is-layout-flow\"><div class=\"wp-block-rental-theme-expertise-item\">\n\t<div class=\"wp-block-rental-theme-expertise-item__container\">\n\t\t<div class=\"wp-block-rental-theme-expertise-item__content\">\n\t\t\t\t\t\t\t\t\t\t\t\t<div class=\"wp-block-rental-theme-expertise-item--no-link\">\n\t\t\t\t\t\t<h2 class='wp-block-rental-theme-expertise-item__title'>JLG<\/h2>\t\t\t\t\t<\/div>\n\t\t\t\t\t\t\t\t<div class=\"wp-block-rental-theme-expertise-item__text\">\n\n<p><\/p>\n\n<\/div>\n\t\t\t\t\t<\/div>\n\t<\/div>\n<\/div>\n\n\n<div class=\"wp-block-rental-theme-expertise-item\">\n\t<div class=\"wp-block-rental-theme-expertise-item__container\">\n\t\t<div class=\"wp-block-rental-theme-expertise-item__content\">\n\t\t\t\t\t\t\t\t\t\t\t\t<div class=\"wp-block-rental-theme-expertise-item--no-link\">\n\t\t\t\t\t\t<h2 class='wp-block-rental-theme-expertise-item__title'>Upright<\/h2>\t\t\t\t\t<\/div>\n\t\t\t\t\t\t\t\t<div class=\"wp-block-rental-theme-expertise-item__text\">\n\n<p><\/p>\n\n<\/div>\n\t\t\t\t\t<\/div>\n\t<\/div>\n<\/div>\n<\/div>\n<\/div>\n\n\t\t<\/div>\n<\/div>\n\n<\/div>\n\t\t\t\t\t\t\t<\/div> \n\n\n<div class=\"wp-block-rental-theme-industries rental-theme-block-default-padding\">\n\t<div class=\"container\">\n\t\t<div class=\"wp-block-rental-theme-industries-header\">\n\t\t\t<div class=\"wp-block-rental-theme-industries-arrow-lines-left\">\n\t\t\t\t<svg width=\"469\" height=\"145\" viewBox=\"0 0 372 145\" fill=\"none\" xmlns=\"http:\/\/www.w3.org\/2000\/svg\"><path d=\"m-47.506 88.086 68.592-68.592h37.281v37.281l-68.592 68.593h-37.281V88.086Zm294.138-31.311 68.593 68.593h37.281V88.087l-68.592-68.593h-37.282v37.281Z\" stroke=\"#5B728B\"\/><mask id=\"path-3-inside-1_1619_471\" fill=\"#fff\"><path fill-rule=\"evenodd\" clip-rule=\"evenodd\" d=\"M169.967 18.994h-37.988L63.094 87.88v37.989h37.988l49.891-49.891 49.891 49.891h37.988v-37.99l-68.885-68.885Z\"\/><\/mask><path d=\"M131.979 18.994v-1h-.414l-.293.293.707.707Zm37.988 0 .707-.707-.293-.293h-.414v1ZM63.094 87.88l-.707-.707-.293.293v.414h1Zm0 37.989h-1v1h1v-1Zm37.988 0v1h.414l.293-.293-.707-.707Zm49.891-49.891.707-.707-.707-.707-.707.707.707.707Zm49.891 49.891-.707.707.293.293h.414v-1Zm37.988 0v1h1v-1h-1Zm0-37.989h1v-.414l-.292-.293-.708.707ZM131.979 19.994h37.988v-2h-37.988v2ZM63.801 88.587 132.686 19.7l-1.414-1.414-68.885 68.885 1.414 1.415Zm.293 37.281V87.879h-2v37.989h2Zm36.988-1H63.094v2h37.988v-2Zm49.184-49.598-49.891 49.891 1.414 1.414 49.891-49.891-1.414-1.414Zm0 1.414 49.891 49.891 1.414-1.414L151.68 75.27l-1.414 1.414Zm50.598 50.184h37.988v-2h-37.988v2Zm38.988-1V87.879h-2v37.989h2Zm-.292-38.696-68.886-68.885-1.414 1.414 68.885 68.886 1.415-1.415Z\" fill=\"#5B728B\" mask=\"url(#path-3-inside-1_1619_471)\"\/><\/svg>\t\t\t<\/div>\n\t\t\t<div class=\"wp-block-rental-theme-industries-title\">\n\t\t\t\t<h2 class='h2 wp-block-rental-theme-industries-title-field'>Por qu\u00e9 comprar partes originales?<\/h2>\t\t\t<\/div>\n\t\t<\/div>\n\t\t<div class=\"wp-block-rental-theme-industries__items\">\n\t\t\t\t\t\t\t<div class=\"wp-block-rental-theme-industries__item-content\">\n\t\t\t\t\t\t\t\t\t\t<div class=\"wp-block-rental-theme-industries__item-content__text\">\n\t\t\t\t\t\t<div class=\"wp-block-rental-theme-industries__item-content__text-title\">\n\t\t\t\t\t\t\tRendimiento\t\t\t\t\t\t<\/div>\n\t\t\t\t\t\t<div class=\"wp-block-rental-theme-industries__item-content__text-content\">\n\t\t\t\t\t\t\t<p>Si quieres el m\u00e1s alto rendimiento en tu plataforma a\u00e9rea, solo tienes que pedir lo mejor. Utilizar repuestos originales del fabricante significa productividad y fiabilidad garantizada. Protegen la duraci\u00f3n de las m\u00e1quinas y por ello aumenta el valor de venta futura de la mismas.<\/p>\t\t\t\t\t\t<\/div>\n\t\t\t\t\t<\/div>\n\t\t\t\t<\/div>\n\t\t\t\t\t\t\t<div class=\"wp-block-rental-theme-industries__item-content\">\n\t\t\t\t\t\t\t\t\t\t<div class=\"wp-block-rental-theme-industries__item-content__text\">\n\t\t\t\t\t\t<div class=\"wp-block-rental-theme-industries__item-content__text-title\">\n\t\t\t\t\t\t\tReducci\u00f3n costes\t\t\t\t\t\t<\/div>\n\t\t\t\t\t\t<div class=\"wp-block-rental-theme-industries__item-content__text-content\">\n\t\t\t\t\t\t\t<p>Utilizar repuestos de marcas de segunda linea puede ser un ahorro a corto plazo, pero un gran coste a largo. Es un hecho comprobado que los repuestos originales mejoran el rendimiento de las m\u00e1quinas y reduce el coste operativo por hora. Es por esto que solo tienes que comprar los repuestos de mayor calidad.<\/p>\t\t\t\t\t\t<\/div>\n\t\t\t\t\t<\/div>\n\t\t\t\t<\/div>\n\t\t\t\t\t<\/div>\n\t<\/div>\n<\/div>\n\n\n<div class=\"rental-wp-default-block rental-theme-block-default-margin\">\n\t\t\t\t\t\t\t\t<div class=\"container\">\n<div class=\"wp-block-columns is-layout-flex wp-container-core-columns-is-layout-28f84493 wp-block-columns-is-layout-flex\">\n<div class=\"wp-block-column is-layout-flow wp-block-column-is-layout-flow\" style=\"flex-basis:33.33%\">\n<figure class=\"wp-block-image size-large\"><img decoding=\"async\" src=\"https:\/\/eqsk4m2dkju.exactdn.com\/app\/themes\/rental\/dist\/images\/patterns\/parts_1.webp?strip=all&quality=92&webp=92&avif=80&sharp=1&w=1920\" alt=\"riwal myriwalparts webshop original parts jlg haulotte skyjack genie hollandlift\" class=\"wp-image-1189\" \/><\/figure>\n<\/div>\n\n\n\n<div class=\"wp-block-column is-layout-flow wp-block-column-is-layout-flow\" style=\"flex-basis:66.66%\">\n<h2 class=\"wp-block-heading\" id=\"h-facilidad-de-pedir-con-my-riwal-parts\">Facilidad de pedir con My Riwal Parts<\/h2>\n\n\n\n<p class=\"has-normal-font-size\">Comprar tus respuestos no ha sido nunca tan f\u00e1cil: pidiendo mediante la tienda web My Riwal Parts es r\u00e1pido, f\u00e1cil y seguro. No solo encontraras una gran variedad de partes y accesorios, sino que podr\u00e1s seguir en todo momento el estado de tu pedido a trav\u00e9s de la web. <\/p>\n\n\n\n<p class=\"has-normal-font-size\">Y para facilitar a\u00fan m\u00e1s la experiencia, My Riwal Parts suministra todos los diagramas t\u00e9cnicos de las m\u00e1quinas para encontrar el repuesto exacto que necesitas.<\/p>\n<\/div>\n<\/div>\n<\/div>\n\t\t\t\t\t\t\t<\/div> \n\n<div class=\"rental-wp-default-block rental-theme-block-default-margin\">\n\t\t\t\t\t\t\t\t<div class=\"container\">\n<div class=\"wp-block-columns is-layout-flex wp-container-core-columns-is-layout-28f84493 wp-block-columns-is-layout-flex\">\n<div class=\"wp-block-column is-layout-flow wp-block-column-is-layout-flow\" style=\"flex-basis:33.33%\"><\/div>\n\n\n\n<div class=\"wp-block-column is-layout-flow wp-block-column-is-layout-flow\" style=\"flex-basis:66.66%\">\n<div class=\"wp-block-buttons is-content-justification-left is-layout-flex wp-container-core-buttons-is-layout-fc4fd283 wp-block-buttons-is-layout-flex\">\n<div class=\"wp-block-button\"><a class=\"wp-block-button__link wp-element-button\" href=\"https:\/\/www.myriwalparts.com\/riwalstore\/#\/user\/login\">Ir a My Riwal Parts<\/a><\/div>\n<\/div>\n<\/div>\n<\/div>\n<\/div>\n\t\t\t\t\t\t\t<\/div> \n\n<div class=\"rental-wp-default-block rental-theme-block-default-margin\">\n\t\t\t\t\t\t\t\t<div class=\"container\">\n<div class=\"wp-block-columns is-layout-flex wp-container-core-columns-is-layout-28f84493 wp-block-columns-is-layout-flex\">\n<div class=\"wp-block-column is-layout-flow wp-block-column-is-layout-flow\" style=\"flex-basis:33.33%\">\n<h2 class=\"wp-block-heading\" id=\"h-necesitas-ayuda\">Necesitas Ayuda?<\/h2>\n<\/div>\n\n\n\n<div class=\"wp-block-column is-layout-flow wp-block-column-is-layout-flow\" style=\"flex-basis:66.66%\">\n<p>Riwal sigue donde otros paran o no llegan. Nuestro equipo altamente cualificado est\u00e1 aqu\u00ed para ayudarte a encontrar el repuesto exacto que necesitas y buscas.<\/p>\n<\/div>\n<\/div>\n<\/div>\n\t\t\t\t\t\t\t<\/div> \n\n<div class=\"wp-block-rental-theme-form rental-theme-block-default-padding\">\n\t\t\t\t\t\t\t\t\t<div class=\"container\"><\/div>\n\t\t\t\t\t\t\t\t<\/div>","protected":false},"excerpt":{"rendered":"<p>Facilidad de pedir con My Riwal Parts Comprar tus respuestos no ha sido nunca tan f\u00e1cil: pidiendo mediante la tienda web My Riwal Parts es r\u00e1pido, f\u00e1cil y seguro. No solo encontraras una gran variedad de partes y accesorios, sino que podr\u00e1s seguir en todo momento el estado de tu pedido a trav\u00e9s de la &hellip; <a href=\"https:\/\/www.riwal.com\/es\/repuestos\/\">Continuado<\/a><\/p>\n","protected":false},"author":14,"featured_media":0,"parent":0,"menu_order":0,"comment_status":"closed","ping_status":"closed","template":"","meta":{"_acf_changed":false,"footnotes":""},"class_list":["post-3349","page","type-page","status-publish","hentry"],"acf":[],"yoast_head":"<!-- This site is optimized with the Yoast SEO Premium plugin v27.1 (Yoast SEO v27.1.1) - https:\/\/yoast.com\/product\/yoast-seo-premium-wordpress\/ -->\n<title>Repuestos - Riwal Espa\u00f1a<\/title>\n<meta name=\"robots\" content=\"index, follow, max-snippet:-1, max-image-preview:large, max-video-preview:-1\" \/>\n<link rel=\"canonical\" href=\"https:\/\/www.riwal.com\/es\/repuestos\/\" \/>\n<meta property=\"og:locale\" content=\"es_ES\" \/>\n<meta property=\"og:type\" content=\"article\" \/>\n<meta property=\"og:title\" content=\"Repuestos\" \/>\n<meta property=\"og:description\" content=\"Facilidad de pedir con My Riwal Parts Comprar tus respuestos no ha sido nunca tan f\u00e1cil: pidiendo mediante la tienda web My Riwal Parts es r\u00e1pido, f\u00e1cil y seguro. No solo encontraras una gran variedad de partes y accesorios, sino que podr\u00e1s seguir en todo momento el estado de tu pedido a trav\u00e9s de la &hellip; Continuado\" \/>\n<meta property=\"og:url\" content=\"https:\/\/www.riwal.com\/es\/repuestos\/\" \/>\n<meta property=\"og:site_name\" content=\"Riwal Espa\u00f1a\" \/>\n<meta property=\"article:modified_time\" content=\"2024-05-06T09:54:22+00:00\" \/>\n<meta property=\"og:image\" content=\"https:\/\/www.riwal.com\/app\/themes\/rental\/dist\/images\/patterns\/parts_1.webp\" \/>\n<meta name=\"twitter:card\" content=\"summary_large_image\" \/>\n<meta name=\"twitter:label1\" content=\"Est. reading time\" \/>\n\t<meta name=\"twitter:data1\" content=\"2 minutos\" \/>\n<script type=\"application\/ld+json\" class=\"yoast-schema-graph\">{\"@context\":\"https:\/\/schema.org\",\"@graph\":[{\"@type\":\"WebPage\",\"@id\":\"https:\/\/www.riwal.com\/es\/repuestos\/\",\"url\":\"https:\/\/www.riwal.com\/es\/repuestos\/\",\"name\":\"Repuestos - Riwal Espa\u00f1a\",\"isPartOf\":{\"@id\":\"https:\/\/www.riwal.com\/es\/#website\"},\"primaryImageOfPage\":{\"@id\":\"https:\/\/www.riwal.com\/es\/repuestos\/#primaryimage\"},\"image\":{\"@id\":\"https:\/\/www.riwal.com\/es\/repuestos\/#primaryimage\"},\"thumbnailUrl\":\"https:\/\/www.riwal.com\/app\/themes\/rental\/dist\/images\/patterns\/parts_1.webp\",\"datePublished\":\"2023-10-19T12:48:28+00:00\",\"dateModified\":\"2024-05-06T09:54:22+00:00\",\"breadcrumb\":{\"@id\":\"https:\/\/www.riwal.com\/es\/repuestos\/#breadcrumb\"},\"inLanguage\":\"es\",\"potentialAction\":[{\"@type\":\"ReadAction\",\"target\":[\"https:\/\/www.riwal.com\/es\/repuestos\/\"]}]},{\"@type\":\"ImageObject\",\"inLanguage\":\"es\",\"@id\":\"https:\/\/www.riwal.com\/es\/repuestos\/#primaryimage\",\"url\":\"https:\/\/www.riwal.com\/app\/themes\/rental\/dist\/images\/patterns\/parts_1.webp\",\"contentUrl\":\"https:\/\/www.riwal.com\/app\/themes\/rental\/dist\/images\/patterns\/parts_1.webp\"},{\"@type\":\"BreadcrumbList\",\"@id\":\"https:\/\/www.riwal.com\/es\/repuestos\/#breadcrumb\",\"itemListElement\":[{\"@type\":\"ListItem\",\"position\":1,\"name\":\"Inicio\",\"item\":\"https:\/\/www.riwal.com\/es\/\"},{\"@type\":\"ListItem\",\"position\":2,\"name\":\"Repuestos\"}]},{\"@type\":\"WebSite\",\"@id\":\"https:\/\/www.riwal.com\/es\/#website\",\"url\":\"https:\/\/www.riwal.com\/es\/\",\"name\":\"Riwal\",\"description\":\"Arial work platform &amp; Telehandler Rental\/Sales\",\"publisher\":{\"@id\":\"https:\/\/www.riwal.com\/es\/#organization\"},\"potentialAction\":[{\"@type\":\"SearchAction\",\"target\":{\"@type\":\"EntryPoint\",\"urlTemplate\":\"https:\/\/www.riwal.com\/es\/?s={search_term_string}\"},\"query-input\":{\"@type\":\"PropertyValueSpecification\",\"valueRequired\":true,\"valueName\":\"search_term_string\"}}],\"inLanguage\":\"es\"},{\"@type\":\"Organization\",\"@id\":\"https:\/\/www.riwal.com\/es\/#organization\",\"name\":\"Riwal\",\"url\":\"https:\/\/www.riwal.com\/es\/\",\"logo\":{\"@type\":\"ImageObject\",\"inLanguage\":\"es\",\"@id\":\"https:\/\/www.riwal.com\/es\/#\/schema\/logo\/image\/\",\"url\":\"\",\"contentUrl\":\"\",\"caption\":\"Riwal\"},\"image\":{\"@id\":\"https:\/\/www.riwal.com\/es\/#\/schema\/logo\/image\/\"}}]}<\/script>\n<!-- \/ Yoast SEO Premium plugin. -->","yoast_head_json":{"title":"Repuestos - Riwal Espa\u00f1a","robots":{"index":"index","follow":"follow","max-snippet":"max-snippet:-1","max-image-preview":"max-image-preview:large","max-video-preview":"max-video-preview:-1"},"canonical":"https:\/\/www.riwal.com\/es\/repuestos\/","og_locale":"es_ES","og_type":"article","og_title":"Repuestos","og_description":"Facilidad de pedir con My Riwal Parts Comprar tus respuestos no ha sido nunca tan f\u00e1cil: pidiendo mediante la tienda web My Riwal Parts es r\u00e1pido, f\u00e1cil y seguro. No solo encontraras una gran variedad de partes y accesorios, sino que podr\u00e1s seguir en todo momento el estado de tu pedido a trav\u00e9s de la &hellip; Continuado","og_url":"https:\/\/www.riwal.com\/es\/repuestos\/","og_site_name":"Riwal Espa\u00f1a","article_modified_time":"2024-05-06T09:54:22+00:00","og_image":[{"url":"https:\/\/www.riwal.com\/app\/themes\/rental\/dist\/images\/patterns\/parts_1.webp","type":"","width":"","height":""}],"twitter_card":"summary_large_image","twitter_misc":{"Est. reading time":"2 minutos"},"schema":{"@context":"https:\/\/schema.org","@graph":[{"@type":"WebPage","@id":"https:\/\/www.riwal.com\/es\/repuestos\/","url":"https:\/\/www.riwal.com\/es\/repuestos\/","name":"Repuestos - Riwal Espa\u00f1a","isPartOf":{"@id":"https:\/\/www.riwal.com\/es\/#website"},"primaryImageOfPage":{"@id":"https:\/\/www.riwal.com\/es\/repuestos\/#primaryimage"},"image":{"@id":"https:\/\/www.riwal.com\/es\/repuestos\/#primaryimage"},"thumbnailUrl":"https:\/\/www.riwal.com\/app\/themes\/rental\/dist\/images\/patterns\/parts_1.webp","datePublished":"2023-10-19T12:48:28+00:00","dateModified":"2024-05-06T09:54:22+00:00","breadcrumb":{"@id":"https:\/\/www.riwal.com\/es\/repuestos\/#breadcrumb"},"inLanguage":"es","potentialAction":[{"@type":"ReadAction","target":["https:\/\/www.riwal.com\/es\/repuestos\/"]}]},{"@type":"ImageObject","inLanguage":"es","@id":"https:\/\/www.riwal.com\/es\/repuestos\/#primaryimage","url":"https:\/\/www.riwal.com\/app\/themes\/rental\/dist\/images\/patterns\/parts_1.webp","contentUrl":"https:\/\/www.riwal.com\/app\/themes\/rental\/dist\/images\/patterns\/parts_1.webp"},{"@type":"BreadcrumbList","@id":"https:\/\/www.riwal.com\/es\/repuestos\/#breadcrumb","itemListElement":[{"@type":"ListItem","position":1,"name":"Inicio","item":"https:\/\/www.riwal.com\/es\/"},{"@type":"ListItem","position":2,"name":"Repuestos"}]},{"@type":"WebSite","@id":"https:\/\/www.riwal.com\/es\/#website","url":"https:\/\/www.riwal.com\/es\/","name":"Riwal","description":"Arial work platform &amp; Telehandler Rental\/Sales","publisher":{"@id":"https:\/\/www.riwal.com\/es\/#organization"},"potentialAction":[{"@type":"SearchAction","target":{"@type":"EntryPoint","urlTemplate":"https:\/\/www.riwal.com\/es\/?s={search_term_string}"},"query-input":{"@type":"PropertyValueSpecification","valueRequired":true,"valueName":"search_term_string"}}],"inLanguage":"es"},{"@type":"Organization","@id":"https:\/\/www.riwal.com\/es\/#organization","name":"Riwal","url":"https:\/\/www.riwal.com\/es\/","logo":{"@type":"ImageObject","inLanguage":"es","@id":"https:\/\/www.riwal.com\/es\/#\/schema\/logo\/image\/","url":"","contentUrl":"","caption":"Riwal"},"image":{"@id":"https:\/\/www.riwal.com\/es\/#\/schema\/logo\/image\/"}}]}},"_links":{"self":[{"href":"https:\/\/www.riwal.com\/es\/wp-json\/wp\/v2\/pages\/3349","targetHints":{"allow":["GET"]}}],"collection":[{"href":"https:\/\/www.riwal.com\/es\/wp-json\/wp\/v2\/pages"}],"about":[{"href":"https:\/\/www.riwal.com\/es\/wp-json\/wp\/v2\/types\/page"}],"author":[{"embeddable":true,"href":"https:\/\/www.riwal.com\/es\/wp-json\/wp\/v2\/users\/14"}],"replies":[{"embeddable":true,"href":"https:\/\/www.riwal.com\/es\/wp-json\/wp\/v2\/comments?post=3349"}],"version-history":[{"count":11,"href":"https:\/\/www.riwal.com\/es\/wp-json\/wp\/v2\/pages\/3349\/revisions"}],"predecessor-version":[{"id":9002,"href":"https:\/\/www.riwal.com\/es\/wp-json\/wp\/v2\/pages\/3349\/revisions\/9002"}],"wp:attachment":[{"href":"https:\/\/www.riwal.com\/es\/wp-json\/wp\/v2\/media?parent=3349"}],"curies":[{"name":"wp","href":"https:\/\/api.w.org\/{rel}","templated":true}]}}