{"id":2649,"date":"2024-03-26T16:08:37","date_gmt":"2024-03-26T15:08:37","guid":{"rendered":"https:\/\/www.riwal.com\/es\/?page_id=2649"},"modified":"2024-07-02T17:53:11","modified_gmt":"2024-07-02T15:53:11","slug":"reporte-sostenibilidad","status":"publish","type":"page","link":"https:\/\/www.riwal.com\/es\/reporte-sostenibilidad\/","title":{"rendered":"Reporte Sostenibilidad"},"content":{"rendered":"<div class=\"rental-wp-default-block rental-theme-block-default-margin\">\n\t\t\t\t\t\t\t\t<div class=\"container\">\n<div class=\"wp-block-columns is-layout-flex wp-container-core-columns-is-layout-28f84493 wp-block-columns-is-layout-flex\">\n<div class=\"wp-block-column is-layout-flow wp-block-column-is-layout-flow\" style=\"flex-basis:33.33%\">\n<h2 class=\"wp-block-heading\" id=\"h-reporte-sostenibilidad-riwal\">Reporte Sostenibilidad Riwal<\/h2>\n<\/div>\n\n\n\n<div class=\"wp-block-column is-layout-flow wp-block-column-is-layout-flow\" style=\"flex-basis:66.66%\">\n<p>Al incluir factores sociales, ambientales y econ\u00f3micos en nuestras operaciones y toma de decisiones, hemos adoptado la sostenibilidad como parte integral de nuestro negocio. En nuestro Informe de Sostenibilidad, en l\u00ednea con la Global Reporting Initiative, puedes leer todo sobre nuestros esfuerzos para acelerar estos importantes desarrollos.<\/p>\n\n\n\n<p>\u00bfEn qu\u00e9 nos centramos en nuestras actividades diarias? Estos son los aspectos m\u00e1s destacados:<\/p>\n<\/div>\n<\/div>\n<\/div>\n\t\t\t\t\t\t\t<\/div> \n\n<div class=\"rental-wp-default-block rental-theme-block-default-margin\">\n\t\t\t\t\t\t\t\t<div class=\"container\">\n<div class=\"wp-block-columns is-layout-flex wp-container-core-columns-is-layout-28f84493 wp-block-columns-is-layout-flex\">\n<div class=\"wp-block-column is-layout-flow wp-block-column-is-layout-flow\">\n<h2 class=\"wp-block-heading\" id=\"h-participantes-activos-onu\">Participantes Activos ONU<\/h2>\n\n\n\n<p>En 2023, Riwal se convirti\u00f3 en participante del Pacto Mundial de las Naciones Unidas. Nuestra alineaci\u00f3n con la agenda 2030 de las Naciones Unidas significa que podemos hacer una contribuci\u00f3n significativa centr\u00e1ndonos en 7 de los 17 Objetivos de Desarrollo Sostenible (ODS) de las Naciones Unidas: mejorar la gesti\u00f3n de residuos, la salud y el bienestar, aumentar la base de conocimientos en la industria, aumentar el uso responsable del agua y la energ\u00eda. y la eficiencia de los recursos y aumentar la diversidad y el compromiso de nuestra gente. Al compartir ideas y mejores pr\u00e1cticas y crear compromiso entre los pa\u00edses de Riwal, creemos que podemos alcanzar nuestros objetivos para 2030 y aumentar la sostenibilidad dentro de nuestro negocio. <\/p>\n<\/div>\n\n\n\n<div class=\"wp-block-column is-layout-flow wp-block-column-is-layout-flow\">\n<h2 class=\"wp-block-heading\" id=\"h-evaluacion-de-materialidad\">Evaluaci\u00f3n de materialidad<\/h2>\n\n\n\n<p>Como parte de nuestro enfoque sistem\u00e1tico, realizamos peri\u00f3dicamente evaluaciones de materialidad, lo que brinda la oportunidad de analizar nuestros riesgos y oportunidades ambientales, sociales y de gobernanza. Al hacerlo, podemos identificar y revisar peri\u00f3dicamente el impacto potencial de nuestras actividades comerciales, priorizando nuestras acciones en los temas de mayor impacto y relevancia de nuestro entorno. Tambi\u00e9n monitorizamos las tendencias externas y de otras industrias, para comprender c\u00f3mo hacer crecer nuestro negocio de manera sostenible y hacer ajustes a nuestra estrategia comercial si fuese necesario. <\/p>\n<\/div>\n<\/div>\n<\/div>\n\t\t\t\t\t\t\t<\/div> \n\n<div class=\"rental-wp-default-block rental-theme-block-default-margin\">\n\t\t\t\t\t\t\t\t<div class=\"container\">\n<div class=\"wp-block-columns is-layout-flex wp-container-core-columns-is-layout-28f84493 wp-block-columns-is-layout-flex\">\n<div class=\"wp-block-column is-layout-flow wp-block-column-is-layout-flow\">\n<h2 class=\"wp-block-heading\" id=\"h-compra-sostenible\">Compra Sostenible<\/h2>\n\n\n\n<p>Adem\u00e1s de hacer que nuestras propias operaciones y decisiones de compra sean m\u00e1s sostenibles, alentamos al mercado a innovar y ofrecer productos o servicios sostenibles. Nuestros proveedores juegan un papel muy importante en la consecuci\u00f3n de nuestros objetivos. Esperamos que nuestros socios actuales y futuros sigan los requisitos de cumplimiento m\u00e1s recientes y se adhieran a valores similares con los que trabajamos, como fomentar la diversidad en la fuerza laboral e invertir en tecnolog\u00eda respetuosa con el medio ambiente.<\/p>\n<\/div>\n\n\n\n<div class=\"wp-block-column is-layout-flow wp-block-column-is-layout-flow\">\n<figure class=\"wp-block-image size-large\"><img decoding=\"async\" src=\"https:\/\/eqsk4m2dkju.exactdn.com\/app\/themes\/rental\/dist\/images\/patterns\/sustainability_report_1.webp?strip=all&quality=92&webp=92&avif=80&sharp=1&w=1920\" alt=\"\" class=\"wp-image-1129\" \/><\/figure>\n<\/div>\n<\/div>\n<\/div>\n\t\t\t\t\t\t\t<\/div> ","protected":false},"excerpt":{"rendered":"<p>Reporte Sostenibilidad Riwal Al incluir factores sociales, ambientales y econ\u00f3micos en nuestras operaciones y toma de decisiones, hemos adoptado la sostenibilidad como parte integral de nuestro negocio. En nuestro Informe de Sostenibilidad, en l\u00ednea con la Global Reporting Initiative, puedes leer todo sobre nuestros esfuerzos para acelerar estos importantes desarrollos. \u00bfEn qu\u00e9 nos centramos en &hellip; <a href=\"https:\/\/www.riwal.com\/es\/reporte-sostenibilidad\/\">Continuado<\/a><\/p>\n","protected":false},"author":14,"featured_media":0,"parent":0,"menu_order":0,"comment_status":"closed","ping_status":"closed","template":"","meta":{"_acf_changed":false,"footnotes":""},"class_list":["post-2649","page","type-page","status-publish","hentry"],"acf":[],"yoast_head":"<!-- This site is optimized with the Yoast SEO Premium plugin v27.1 (Yoast SEO v27.1.1) - https:\/\/yoast.com\/product\/yoast-seo-premium-wordpress\/ -->\n<title>Reporte Sostenibilidad - Riwal Espa\u00f1a<\/title>\n<meta name=\"description\" content=\"Conoce c\u00f3mo las plataformas a\u00e9reas ayudan a cuidar el medio ambiente en varios sectores. Descubre sus ventajas en la reducci\u00f3n de emisiones, el ahorro de energ\u00eda y las pr\u00e1cticas ecol\u00f3gicas en construcci\u00f3n y mantenimiento.\" \/>\n<meta name=\"robots\" content=\"index, follow, max-snippet:-1, max-image-preview:large, max-video-preview:-1\" \/>\n<link rel=\"canonical\" href=\"https:\/\/www.riwal.com\/es\/reporte-sostenibilidad\/\" \/>\n<meta property=\"og:locale\" content=\"es_ES\" \/>\n<meta property=\"og:type\" content=\"article\" \/>\n<meta property=\"og:title\" content=\"Reporte Sostenibilidad\" \/>\n<meta property=\"og:description\" content=\"Conoce c\u00f3mo las plataformas a\u00e9reas ayudan a cuidar el medio ambiente en varios sectores. Descubre sus ventajas en la reducci\u00f3n de emisiones, el ahorro de energ\u00eda y las pr\u00e1cticas ecol\u00f3gicas en construcci\u00f3n y mantenimiento.\" \/>\n<meta property=\"og:url\" content=\"https:\/\/www.riwal.com\/es\/reporte-sostenibilidad\/\" \/>\n<meta property=\"og:site_name\" content=\"Riwal Espa\u00f1a\" \/>\n<meta property=\"article:modified_time\" content=\"2024-07-02T15:53:11+00:00\" \/>\n<meta property=\"og:image\" content=\"https:\/\/www.riwal.com\/app\/themes\/rental\/dist\/images\/patterns\/sustainability_report_1.webp\" \/>\n<meta name=\"twitter:card\" content=\"summary_large_image\" \/>\n<meta name=\"twitter:label1\" content=\"Est. reading time\" \/>\n\t<meta name=\"twitter:data1\" content=\"2 minutos\" \/>\n<script type=\"application\/ld+json\" class=\"yoast-schema-graph\">{\"@context\":\"https:\/\/schema.org\",\"@graph\":[{\"@type\":\"WebPage\",\"@id\":\"https:\/\/www.riwal.com\/es\/reporte-sostenibilidad\/\",\"url\":\"https:\/\/www.riwal.com\/es\/reporte-sostenibilidad\/\",\"name\":\"Reporte Sostenibilidad - Riwal Espa\u00f1a\",\"isPartOf\":{\"@id\":\"https:\/\/www.riwal.com\/es\/#website\"},\"primaryImageOfPage\":{\"@id\":\"https:\/\/www.riwal.com\/es\/reporte-sostenibilidad\/#primaryimage\"},\"image\":{\"@id\":\"https:\/\/www.riwal.com\/es\/reporte-sostenibilidad\/#primaryimage\"},\"thumbnailUrl\":\"https:\/\/www.riwal.com\/app\/themes\/rental\/dist\/images\/patterns\/sustainability_report_1.webp\",\"datePublished\":\"2024-03-26T15:08:37+00:00\",\"dateModified\":\"2024-07-02T15:53:11+00:00\",\"description\":\"Conoce c\u00f3mo las plataformas a\u00e9reas ayudan a cuidar el medio ambiente en varios sectores. Descubre sus ventajas en la reducci\u00f3n de emisiones, el ahorro de energ\u00eda y las pr\u00e1cticas ecol\u00f3gicas en construcci\u00f3n y mantenimiento.\",\"breadcrumb\":{\"@id\":\"https:\/\/www.riwal.com\/es\/reporte-sostenibilidad\/#breadcrumb\"},\"inLanguage\":\"es\",\"potentialAction\":[{\"@type\":\"ReadAction\",\"target\":[\"https:\/\/www.riwal.com\/es\/reporte-sostenibilidad\/\"]}]},{\"@type\":\"ImageObject\",\"inLanguage\":\"es\",\"@id\":\"https:\/\/www.riwal.com\/es\/reporte-sostenibilidad\/#primaryimage\",\"url\":\"https:\/\/www.riwal.com\/app\/themes\/rental\/dist\/images\/patterns\/sustainability_report_1.webp\",\"contentUrl\":\"https:\/\/www.riwal.com\/app\/themes\/rental\/dist\/images\/patterns\/sustainability_report_1.webp\"},{\"@type\":\"BreadcrumbList\",\"@id\":\"https:\/\/www.riwal.com\/es\/reporte-sostenibilidad\/#breadcrumb\",\"itemListElement\":[{\"@type\":\"ListItem\",\"position\":1,\"name\":\"Inicio\",\"item\":\"https:\/\/www.riwal.com\/es\/\"},{\"@type\":\"ListItem\",\"position\":2,\"name\":\"Reporte Sostenibilidad\"}]},{\"@type\":\"WebSite\",\"@id\":\"https:\/\/www.riwal.com\/es\/#website\",\"url\":\"https:\/\/www.riwal.com\/es\/\",\"name\":\"Riwal\",\"description\":\"Arial work platform &amp; Telehandler Rental\/Sales\",\"publisher\":{\"@id\":\"https:\/\/www.riwal.com\/es\/#organization\"},\"potentialAction\":[{\"@type\":\"SearchAction\",\"target\":{\"@type\":\"EntryPoint\",\"urlTemplate\":\"https:\/\/www.riwal.com\/es\/?s={search_term_string}\"},\"query-input\":{\"@type\":\"PropertyValueSpecification\",\"valueRequired\":true,\"valueName\":\"search_term_string\"}}],\"inLanguage\":\"es\"},{\"@type\":\"Organization\",\"@id\":\"https:\/\/www.riwal.com\/es\/#organization\",\"name\":\"Riwal\",\"url\":\"https:\/\/www.riwal.com\/es\/\",\"logo\":{\"@type\":\"ImageObject\",\"inLanguage\":\"es\",\"@id\":\"https:\/\/www.riwal.com\/es\/#\/schema\/logo\/image\/\",\"url\":\"\",\"contentUrl\":\"\",\"caption\":\"Riwal\"},\"image\":{\"@id\":\"https:\/\/www.riwal.com\/es\/#\/schema\/logo\/image\/\"}}]}<\/script>\n<!-- \/ Yoast SEO Premium plugin. -->","yoast_head_json":{"title":"Reporte Sostenibilidad - Riwal Espa\u00f1a","description":"Conoce c\u00f3mo las plataformas a\u00e9reas ayudan a cuidar el medio ambiente en varios sectores. Descubre sus ventajas en la reducci\u00f3n de emisiones, el ahorro de energ\u00eda y las pr\u00e1cticas ecol\u00f3gicas en construcci\u00f3n y mantenimiento.","robots":{"index":"index","follow":"follow","max-snippet":"max-snippet:-1","max-image-preview":"max-image-preview:large","max-video-preview":"max-video-preview:-1"},"canonical":"https:\/\/www.riwal.com\/es\/reporte-sostenibilidad\/","og_locale":"es_ES","og_type":"article","og_title":"Reporte Sostenibilidad","og_description":"Conoce c\u00f3mo las plataformas a\u00e9reas ayudan a cuidar el medio ambiente en varios sectores. Descubre sus ventajas en la reducci\u00f3n de emisiones, el ahorro de energ\u00eda y las pr\u00e1cticas ecol\u00f3gicas en construcci\u00f3n y mantenimiento.","og_url":"https:\/\/www.riwal.com\/es\/reporte-sostenibilidad\/","og_site_name":"Riwal Espa\u00f1a","article_modified_time":"2024-07-02T15:53:11+00:00","og_image":[{"url":"https:\/\/www.riwal.com\/app\/themes\/rental\/dist\/images\/patterns\/sustainability_report_1.webp","type":"","width":"","height":""}],"twitter_card":"summary_large_image","twitter_misc":{"Est. reading time":"2 minutos"},"schema":{"@context":"https:\/\/schema.org","@graph":[{"@type":"WebPage","@id":"https:\/\/www.riwal.com\/es\/reporte-sostenibilidad\/","url":"https:\/\/www.riwal.com\/es\/reporte-sostenibilidad\/","name":"Reporte Sostenibilidad - Riwal Espa\u00f1a","isPartOf":{"@id":"https:\/\/www.riwal.com\/es\/#website"},"primaryImageOfPage":{"@id":"https:\/\/www.riwal.com\/es\/reporte-sostenibilidad\/#primaryimage"},"image":{"@id":"https:\/\/www.riwal.com\/es\/reporte-sostenibilidad\/#primaryimage"},"thumbnailUrl":"https:\/\/www.riwal.com\/app\/themes\/rental\/dist\/images\/patterns\/sustainability_report_1.webp","datePublished":"2024-03-26T15:08:37+00:00","dateModified":"2024-07-02T15:53:11+00:00","description":"Conoce c\u00f3mo las plataformas a\u00e9reas ayudan a cuidar el medio ambiente en varios sectores. Descubre sus ventajas en la reducci\u00f3n de emisiones, el ahorro de energ\u00eda y las pr\u00e1cticas ecol\u00f3gicas en construcci\u00f3n y mantenimiento.","breadcrumb":{"@id":"https:\/\/www.riwal.com\/es\/reporte-sostenibilidad\/#breadcrumb"},"inLanguage":"es","potentialAction":[{"@type":"ReadAction","target":["https:\/\/www.riwal.com\/es\/reporte-sostenibilidad\/"]}]},{"@type":"ImageObject","inLanguage":"es","@id":"https:\/\/www.riwal.com\/es\/reporte-sostenibilidad\/#primaryimage","url":"https:\/\/www.riwal.com\/app\/themes\/rental\/dist\/images\/patterns\/sustainability_report_1.webp","contentUrl":"https:\/\/www.riwal.com\/app\/themes\/rental\/dist\/images\/patterns\/sustainability_report_1.webp"},{"@type":"BreadcrumbList","@id":"https:\/\/www.riwal.com\/es\/reporte-sostenibilidad\/#breadcrumb","itemListElement":[{"@type":"ListItem","position":1,"name":"Inicio","item":"https:\/\/www.riwal.com\/es\/"},{"@type":"ListItem","position":2,"name":"Reporte Sostenibilidad"}]},{"@type":"WebSite","@id":"https:\/\/www.riwal.com\/es\/#website","url":"https:\/\/www.riwal.com\/es\/","name":"Riwal","description":"Arial work platform &amp; Telehandler Rental\/Sales","publisher":{"@id":"https:\/\/www.riwal.com\/es\/#organization"},"potentialAction":[{"@type":"SearchAction","target":{"@type":"EntryPoint","urlTemplate":"https:\/\/www.riwal.com\/es\/?s={search_term_string}"},"query-input":{"@type":"PropertyValueSpecification","valueRequired":true,"valueName":"search_term_string"}}],"inLanguage":"es"},{"@type":"Organization","@id":"https:\/\/www.riwal.com\/es\/#organization","name":"Riwal","url":"https:\/\/www.riwal.com\/es\/","logo":{"@type":"ImageObject","inLanguage":"es","@id":"https:\/\/www.riwal.com\/es\/#\/schema\/logo\/image\/","url":"","contentUrl":"","caption":"Riwal"},"image":{"@id":"https:\/\/www.riwal.com\/es\/#\/schema\/logo\/image\/"}}]}},"_links":{"self":[{"href":"https:\/\/www.riwal.com\/es\/wp-json\/wp\/v2\/pages\/2649","targetHints":{"allow":["GET"]}}],"collection":[{"href":"https:\/\/www.riwal.com\/es\/wp-json\/wp\/v2\/pages"}],"about":[{"href":"https:\/\/www.riwal.com\/es\/wp-json\/wp\/v2\/types\/page"}],"author":[{"embeddable":true,"href":"https:\/\/www.riwal.com\/es\/wp-json\/wp\/v2\/users\/14"}],"replies":[{"embeddable":true,"href":"https:\/\/www.riwal.com\/es\/wp-json\/wp\/v2\/comments?post=2649"}],"version-history":[{"count":8,"href":"https:\/\/www.riwal.com\/es\/wp-json\/wp\/v2\/pages\/2649\/revisions"}],"predecessor-version":[{"id":8996,"href":"https:\/\/www.riwal.com\/es\/wp-json\/wp\/v2\/pages\/2649\/revisions\/8996"}],"wp:attachment":[{"href":"https:\/\/www.riwal.com\/es\/wp-json\/wp\/v2\/media?parent=2649"}],"curies":[{"name":"wp","href":"https:\/\/api.w.org\/{rel}","templated":true}]}}