{"id":2640,"date":"2023-10-19T07:52:31","date_gmt":"2023-10-19T07:52:31","guid":{"rendered":"https:\/\/www.riwal.com\/es\/?page_id=2640"},"modified":"2024-03-26T16:09:49","modified_gmt":"2024-03-26T15:09:49","slug":"experiencia","status":"publish","type":"page","link":"https:\/\/www.riwal.com\/es\/experiencia\/","title":{"rendered":"Experiencia"},"content":{"rendered":"<div class=\"rental-wp-default-block rental-theme-block-default-margin\">\n\t\t\t\t\t\t\t\t<div class=\"container\"><div class=\"wp-block-rental-theme-services\">\n\t<div class=\"wp-block-rental-theme-services__header\">\n\t\t\t\t\t<h2 class='wp-block-rental-theme-services__header--title'>Nuestra Experiencia<\/h2>\t\t\t\t\t<\/div>\n\t<div class=\"wp-block-rental-theme-services__items\">\n\t\t\t\t\t<a href=\"\"  class=\"wp-block-rental-theme-services__item wp-block-rental-theme-services__item--not-mobile wp-block-rental-theme-services__item--3\">\n\t\t\t\t<div class=\"wp-block-rental-theme-services__item-content\">\n\t\t\t\t\t<img decoding=\"async\" width=\"1024\" height=\"683\" src=\"https:\/\/eqsk4m2dkju.exactdn.com\/app\/uploads\/sites\/17\/2023\/06\/riwal-aerial-work-platform-rental-sales-4-1024x683.webp?strip=all&amp;quality=92&amp;webp=92&amp;avif=80&amp;sharp=1\" class=\"wp-block-rental-theme-services__item-content__image\" alt=\"riwal plataformas elevadoras alquiler ventas\" loading=\"lazy\" srcset=\"https:\/\/eqsk4m2dkju.exactdn.com\/app\/uploads\/sites\/17\/2023\/06\/riwal-aerial-work-platform-rental-sales-4-1024x683.webp?strip=all&amp;quality=92&amp;webp=92&amp;avif=80&amp;sharp=1 1024w, https:\/\/eqsk4m2dkju.exactdn.com\/app\/uploads\/sites\/17\/2023\/06\/riwal-aerial-work-platform-rental-sales-4-300x200.webp?strip=all&amp;quality=92&amp;webp=92&amp;avif=80&amp;sharp=1 300w, https:\/\/eqsk4m2dkju.exactdn.com\/app\/uploads\/sites\/17\/2023\/06\/riwal-aerial-work-platform-rental-sales-4-768x512.webp?strip=all&amp;quality=92&amp;webp=92&amp;avif=80&amp;sharp=1 768w, https:\/\/eqsk4m2dkju.exactdn.com\/app\/uploads\/sites\/17\/2023\/06\/riwal-aerial-work-platform-rental-sales-4-1536x1024.webp?strip=all&amp;quality=92&amp;webp=92&amp;avif=80&amp;sharp=1 1536w, https:\/\/eqsk4m2dkju.exactdn.com\/app\/uploads\/sites\/17\/2023\/06\/riwal-aerial-work-platform-rental-sales-4-2048x1365.webp?strip=all&amp;quality=92&amp;webp=92&amp;avif=80&amp;sharp=1 2048w, https:\/\/eqsk4m2dkju.exactdn.com\/app\/uploads\/sites\/17\/2023\/06\/riwal-aerial-work-platform-rental-sales-4-178x119.webp?strip=all&amp;quality=92&amp;webp=92&amp;avif=80&amp;sharp=1 178w, https:\/\/eqsk4m2dkju.exactdn.com\/app\/uploads\/sites\/17\/2023\/06\/riwal-aerial-work-platform-rental-sales-4-1388x925.webp?strip=all&amp;quality=92&amp;webp=92&amp;avif=80&amp;sharp=1 1388w, https:\/\/eqsk4m2dkju.exactdn.com\/app\/uploads\/sites\/17\/2023\/06\/riwal-aerial-work-platform-rental-sales-4-390x260.webp?strip=all&amp;quality=92&amp;webp=92&amp;avif=80&amp;sharp=1 390w, https:\/\/eqsk4m2dkju.exactdn.com\/app\/uploads\/sites\/17\/2023\/06\/riwal-aerial-work-platform-rental-sales-4-830x553.webp?strip=all&amp;quality=92&amp;webp=92&amp;avif=80&amp;sharp=1 830w, https:\/\/eqsk4m2dkju.exactdn.com\/app\/uploads\/sites\/17\/2023\/06\/riwal-aerial-work-platform-rental-sales-4-250x167.webp?strip=all&amp;quality=92&amp;webp=92&amp;avif=80&amp;sharp=1 250w, https:\/\/eqsk4m2dkju.exactdn.com\/app\/uploads\/sites\/17\/2023\/06\/riwal-aerial-work-platform-rental-sales-4-scaled.webp?strip=all&amp;quality=92&amp;webp=92&amp;avif=80&amp;sharp=1&amp;w=512 512w, https:\/\/eqsk4m2dkju.exactdn.com\/app\/uploads\/sites\/17\/2023\/06\/riwal-aerial-work-platform-rental-sales-4-scaled.webp?strip=all&amp;quality=92&amp;webp=92&amp;avif=80&amp;sharp=1 2560w, https:\/\/eqsk4m2dkju.exactdn.com\/app\/uploads\/sites\/17\/2023\/06\/riwal-aerial-work-platform-rental-sales-4-scaled.webp?strip=all&amp;quality=92&amp;webp=92&amp;avif=80&amp;sharp=1&amp;w=450 450w\" sizes=\"auto, (max-width: 1024px) 100vw, 1024px\" \/>\t\t\t\t\t<div class=\"wp-block-rental-theme-services__item-content-title\">\n\t\t\t\t\t\tSeguridad\t\t\t\t\t<\/div>\n\t\t\t\t<\/div>\n\t\t\t<\/a>\n\t\t\t<a href=\"\"  class=\"wp-block-rental-theme-services__item wp-block-rental-theme-services__item--mobile\">\n\t\t\t\t<div class=\"wp-block-rental-theme-services__item-content\">\n\t\t\t\t\t<div class=\"wp-block-rental-theme-services__item-content__button\">\n\t\t\t\t\t\t<div class=\"wp-block-rental-theme-services__item-content-title \">\n\t\t\t\t\t\t\tSeguridad\t\t\t\t\t\t<\/div>\n\t\t\t\t\t\t<div class=\"wp-block-rental-theme-services__item-content__button-icon\">\n\t\t\t\t\t\t\t<svg width=\"9\" height=\"9\" viewBox=\"0 0 9 9\" fill=\"#021A35\" xmlns=\"http:\/\/www.w3.org\/2000\/svg\"><path fill-rule=\"evenodd\" clip-rule=\"evenodd\" d=\"M.594.972H8.29V8.67H6.5V2.762H.594V.972Z\"\/><\/svg>\t\t\t\t\t\t<\/div>\n\t\t\t\t\t<\/div>\n\t\t\t\t<\/div>\n\t\t\t<\/a>\n\t\t\t\t\t<a href=\"\"  class=\"wp-block-rental-theme-services__item wp-block-rental-theme-services__item--not-mobile wp-block-rental-theme-services__item--3\">\n\t\t\t\t<div class=\"wp-block-rental-theme-services__item-content\">\n\t\t\t\t\t<img decoding=\"async\" width=\"1024\" height=\"683\" src=\"https:\/\/eqsk4m2dkju.exactdn.com\/app\/uploads\/sites\/17\/2023\/06\/riwal-aerial-work-platform-rental-sales-58-1024x683.webp?strip=all&amp;quality=92&amp;webp=92&amp;avif=80&amp;sharp=1\" class=\"wp-block-rental-theme-services__item-content__image\" alt=\"\" loading=\"lazy\" srcset=\"https:\/\/eqsk4m2dkju.exactdn.com\/app\/uploads\/sites\/17\/2023\/06\/riwal-aerial-work-platform-rental-sales-58-1024x683.webp?strip=all&amp;quality=92&amp;webp=92&amp;avif=80&amp;sharp=1 1024w, https:\/\/eqsk4m2dkju.exactdn.com\/app\/uploads\/sites\/17\/2023\/06\/riwal-aerial-work-platform-rental-sales-58-300x200.webp?strip=all&amp;quality=92&amp;webp=92&amp;avif=80&amp;sharp=1 300w, https:\/\/eqsk4m2dkju.exactdn.com\/app\/uploads\/sites\/17\/2023\/06\/riwal-aerial-work-platform-rental-sales-58-768x512.webp?strip=all&amp;quality=92&amp;webp=92&amp;avif=80&amp;sharp=1 768w, https:\/\/eqsk4m2dkju.exactdn.com\/app\/uploads\/sites\/17\/2023\/06\/riwal-aerial-work-platform-rental-sales-58-1536x1024.webp?strip=all&amp;quality=92&amp;webp=92&amp;avif=80&amp;sharp=1 1536w, https:\/\/eqsk4m2dkju.exactdn.com\/app\/uploads\/sites\/17\/2023\/06\/riwal-aerial-work-platform-rental-sales-58-2048x1365.webp?strip=all&amp;quality=92&amp;webp=92&amp;avif=80&amp;sharp=1 2048w, https:\/\/eqsk4m2dkju.exactdn.com\/app\/uploads\/sites\/17\/2023\/06\/riwal-aerial-work-platform-rental-sales-58-178x119.webp?strip=all&amp;quality=92&amp;webp=92&amp;avif=80&amp;sharp=1 178w, https:\/\/eqsk4m2dkju.exactdn.com\/app\/uploads\/sites\/17\/2023\/06\/riwal-aerial-work-platform-rental-sales-58-1388x925.webp?strip=all&amp;quality=92&amp;webp=92&amp;avif=80&amp;sharp=1 1388w, https:\/\/eqsk4m2dkju.exactdn.com\/app\/uploads\/sites\/17\/2023\/06\/riwal-aerial-work-platform-rental-sales-58-390x260.webp?strip=all&amp;quality=92&amp;webp=92&amp;avif=80&amp;sharp=1 390w, https:\/\/eqsk4m2dkju.exactdn.com\/app\/uploads\/sites\/17\/2023\/06\/riwal-aerial-work-platform-rental-sales-58-830x553.webp?strip=all&amp;quality=92&amp;webp=92&amp;avif=80&amp;sharp=1 830w, https:\/\/eqsk4m2dkju.exactdn.com\/app\/uploads\/sites\/17\/2023\/06\/riwal-aerial-work-platform-rental-sales-58-250x167.webp?strip=all&amp;quality=92&amp;webp=92&amp;avif=80&amp;sharp=1 250w, https:\/\/eqsk4m2dkju.exactdn.com\/app\/uploads\/sites\/17\/2023\/06\/riwal-aerial-work-platform-rental-sales-58-scaled.webp?strip=all&amp;quality=92&amp;webp=92&amp;avif=80&amp;sharp=1&amp;w=512 512w, https:\/\/eqsk4m2dkju.exactdn.com\/app\/uploads\/sites\/17\/2023\/06\/riwal-aerial-work-platform-rental-sales-58-scaled.webp?strip=all&amp;quality=92&amp;webp=92&amp;avif=80&amp;sharp=1 2560w, https:\/\/eqsk4m2dkju.exactdn.com\/app\/uploads\/sites\/17\/2023\/06\/riwal-aerial-work-platform-rental-sales-58-scaled.webp?strip=all&amp;quality=92&amp;webp=92&amp;avif=80&amp;sharp=1&amp;w=450 450w\" sizes=\"auto, (max-width: 1024px) 100vw, 1024px\" \/>\t\t\t\t\t<div class=\"wp-block-rental-theme-services__item-content-title\">\n\t\t\t\t\t\tEficiencia\t\t\t\t\t<\/div>\n\t\t\t\t<\/div>\n\t\t\t<\/a>\n\t\t\t<a href=\"\"  class=\"wp-block-rental-theme-services__item wp-block-rental-theme-services__item--mobile\">\n\t\t\t\t<div class=\"wp-block-rental-theme-services__item-content\">\n\t\t\t\t\t<div class=\"wp-block-rental-theme-services__item-content__button\">\n\t\t\t\t\t\t<div class=\"wp-block-rental-theme-services__item-content-title \">\n\t\t\t\t\t\t\tEficiencia\t\t\t\t\t\t<\/div>\n\t\t\t\t\t\t<div class=\"wp-block-rental-theme-services__item-content__button-icon\">\n\t\t\t\t\t\t\t<svg width=\"9\" height=\"9\" viewBox=\"0 0 9 9\" fill=\"#021A35\" xmlns=\"http:\/\/www.w3.org\/2000\/svg\"><path fill-rule=\"evenodd\" clip-rule=\"evenodd\" d=\"M.594.972H8.29V8.67H6.5V2.762H.594V.972Z\"\/><\/svg>\t\t\t\t\t\t<\/div>\n\t\t\t\t\t<\/div>\n\t\t\t\t<\/div>\n\t\t\t<\/a>\n\t\t\t\t\t<a href=\"\"  class=\"wp-block-rental-theme-services__item wp-block-rental-theme-services__item--not-mobile wp-block-rental-theme-services__item--3\">\n\t\t\t\t<div class=\"wp-block-rental-theme-services__item-content\">\n\t\t\t\t\t<img decoding=\"async\" width=\"1024\" height=\"683\" src=\"https:\/\/eqsk4m2dkju.exactdn.com\/app\/uploads\/sites\/17\/2023\/06\/riwal-aerial-work-platform-rental-sales-16-1024x683.webp?strip=all&amp;quality=92&amp;webp=92&amp;avif=80&amp;sharp=1\" class=\"wp-block-rental-theme-services__item-content__image\" alt=\"\" loading=\"lazy\" srcset=\"https:\/\/eqsk4m2dkju.exactdn.com\/app\/uploads\/sites\/17\/2023\/06\/riwal-aerial-work-platform-rental-sales-16-1024x683.webp?strip=all&amp;quality=92&amp;webp=92&amp;avif=80&amp;sharp=1 1024w, https:\/\/eqsk4m2dkju.exactdn.com\/app\/uploads\/sites\/17\/2023\/06\/riwal-aerial-work-platform-rental-sales-16-300x200.webp?strip=all&amp;quality=92&amp;webp=92&amp;avif=80&amp;sharp=1 300w, https:\/\/eqsk4m2dkju.exactdn.com\/app\/uploads\/sites\/17\/2023\/06\/riwal-aerial-work-platform-rental-sales-16-768x512.webp?strip=all&amp;quality=92&amp;webp=92&amp;avif=80&amp;sharp=1 768w, https:\/\/eqsk4m2dkju.exactdn.com\/app\/uploads\/sites\/17\/2023\/06\/riwal-aerial-work-platform-rental-sales-16-1536x1024.webp?strip=all&amp;quality=92&amp;webp=92&amp;avif=80&amp;sharp=1 1536w, https:\/\/eqsk4m2dkju.exactdn.com\/app\/uploads\/sites\/17\/2023\/06\/riwal-aerial-work-platform-rental-sales-16-2048x1365.webp?strip=all&amp;quality=92&amp;webp=92&amp;avif=80&amp;sharp=1 2048w, https:\/\/eqsk4m2dkju.exactdn.com\/app\/uploads\/sites\/17\/2023\/06\/riwal-aerial-work-platform-rental-sales-16-178x119.webp?strip=all&amp;quality=92&amp;webp=92&amp;avif=80&amp;sharp=1 178w, https:\/\/eqsk4m2dkju.exactdn.com\/app\/uploads\/sites\/17\/2023\/06\/riwal-aerial-work-platform-rental-sales-16-1388x925.webp?strip=all&amp;quality=92&amp;webp=92&amp;avif=80&amp;sharp=1 1388w, https:\/\/eqsk4m2dkju.exactdn.com\/app\/uploads\/sites\/17\/2023\/06\/riwal-aerial-work-platform-rental-sales-16-390x260.webp?strip=all&amp;quality=92&amp;webp=92&amp;avif=80&amp;sharp=1 390w, https:\/\/eqsk4m2dkju.exactdn.com\/app\/uploads\/sites\/17\/2023\/06\/riwal-aerial-work-platform-rental-sales-16-830x553.webp?strip=all&amp;quality=92&amp;webp=92&amp;avif=80&amp;sharp=1 830w, https:\/\/eqsk4m2dkju.exactdn.com\/app\/uploads\/sites\/17\/2023\/06\/riwal-aerial-work-platform-rental-sales-16-250x167.webp?strip=all&amp;quality=92&amp;webp=92&amp;avif=80&amp;sharp=1 250w, https:\/\/eqsk4m2dkju.exactdn.com\/app\/uploads\/sites\/17\/2023\/06\/riwal-aerial-work-platform-rental-sales-16-scaled.webp?strip=all&amp;quality=92&amp;webp=92&amp;avif=80&amp;sharp=1&amp;w=512 512w, https:\/\/eqsk4m2dkju.exactdn.com\/app\/uploads\/sites\/17\/2023\/06\/riwal-aerial-work-platform-rental-sales-16-scaled.webp?strip=all&amp;quality=92&amp;webp=92&amp;avif=80&amp;sharp=1 2560w, https:\/\/eqsk4m2dkju.exactdn.com\/app\/uploads\/sites\/17\/2023\/06\/riwal-aerial-work-platform-rental-sales-16-scaled.webp?strip=all&amp;quality=92&amp;webp=92&amp;avif=80&amp;sharp=1&amp;w=450 450w\" sizes=\"auto, (max-width: 1024px) 100vw, 1024px\" \/>\t\t\t\t\t<div class=\"wp-block-rental-theme-services__item-content-title\">\n\t\t\t\t\t\tSostenibilidad\t\t\t\t\t<\/div>\n\t\t\t\t<\/div>\n\t\t\t<\/a>\n\t\t\t<a href=\"\"  class=\"wp-block-rental-theme-services__item wp-block-rental-theme-services__item--mobile\">\n\t\t\t\t<div class=\"wp-block-rental-theme-services__item-content\">\n\t\t\t\t\t<div class=\"wp-block-rental-theme-services__item-content__button\">\n\t\t\t\t\t\t<div class=\"wp-block-rental-theme-services__item-content-title \">\n\t\t\t\t\t\t\tSostenibilidad\t\t\t\t\t\t<\/div>\n\t\t\t\t\t\t<div class=\"wp-block-rental-theme-services__item-content__button-icon\">\n\t\t\t\t\t\t\t<svg width=\"9\" height=\"9\" viewBox=\"0 0 9 9\" fill=\"#021A35\" xmlns=\"http:\/\/www.w3.org\/2000\/svg\"><path fill-rule=\"evenodd\" clip-rule=\"evenodd\" d=\"M.594.972H8.29V8.67H6.5V2.762H.594V.972Z\"\/><\/svg>\t\t\t\t\t\t<\/div>\n\t\t\t\t\t<\/div>\n\t\t\t\t<\/div>\n\t\t\t<\/a>\n\t\t\t<\/div>\n<\/div>\n<\/div>\n\t\t\t\t\t\t\t<\/div> \n\n<div class=\"rental-wp-default-block rental-theme-block-default-margin\">\n\t\t\t\t\t\t\t\t<div class=\"container\">\n<div class=\"wp-block-columns is-layout-flex wp-container-core-columns-is-layout-28f84493 wp-block-columns-is-layout-flex\">\n<div class=\"wp-block-column is-layout-flow wp-block-column-is-layout-flow\"><div class=\"wp-block-rental-theme-expertises wp-block-rental-theme-expertises--white rental-theme-block-default-margin\">\n\t\t<div class=\"wp-block-rental-theme-expertises__container\">\n\t\t\t<h2 class='wp-block-rental-theme-expertises__title'>Seguridad<\/h2>\t\t\t\n\n<div class=\"wp-block-columns is-layout-flex wp-container-core-columns-is-layout-28f84493 wp-block-columns-is-layout-flex\">\n<div class=\"wp-block-column is-layout-flow wp-block-column-is-layout-flow\"><div class=\"wp-block-rental-theme-expertise-item\">\n\t<div class=\"wp-block-rental-theme-expertise-item__container\">\n\t\t<div class=\"wp-block-rental-theme-expertise-item__content\">\n\t\t\t\t\t\t\t\t\t\t\t\t<div class=\"wp-block-rental-theme-expertise-item--no-link\">\n\t\t\t\t\t\t<div class=\"wp-block-rental-theme-expertise-item__text\">\n\n<p>La Seguridad es el nucleo de nuestro trabajo, y sin lugar a dudas del tuyo tambi\u00e9n. Desarrollamos constantemente soluciones que ayuden a mitigar cualquier tipo de riesgo cuando se trabaja en altura. Si tu proyecto requiere de una soluci\u00f3n de seguridad especifica, nosotros te la daremos. Como especialistas de trabajos en altura, que trabajes de forma segura es nuestra prioridad.<\/p>\n\n<\/div>\n\t\t\t\t\t<\/div>\n\t\t\t\t\t\t\t\t\t<\/div>\n\t<\/div>\n<\/div>\n<\/div>\n<\/div>\n\n\t\t<\/div>\n<\/div>\n\n<\/div>\n\n\n\n<div class=\"wp-block-column is-layout-flow wp-block-column-is-layout-flow\"><div class=\"wp-block-rental-theme-expertises wp-block-rental-theme-expertises--white rental-theme-block-default-margin\">\n\t\t<div class=\"wp-block-rental-theme-expertises__container\">\n\t\t\t<h2 class='wp-block-rental-theme-expertises__title'>Eficiencia<\/h2>\t\t\t\n\n<div class=\"wp-block-columns is-layout-flex wp-container-core-columns-is-layout-28f84493 wp-block-columns-is-layout-flex\">\n<div class=\"wp-block-column is-layout-flow wp-block-column-is-layout-flow\"><div class=\"wp-block-rental-theme-expertise-item\">\n\t<div class=\"wp-block-rental-theme-expertise-item__container\">\n\t\t<div class=\"wp-block-rental-theme-expertise-item__content\">\n\t\t\t\t\t\t\t\t\t\t\t\t<div class=\"wp-block-rental-theme-expertise-item--no-link\">\n\t\t\t\t\t\t<div class=\"wp-block-rental-theme-expertise-item__text\">\n\n<p>Nuestros servicios y soluciones t\u00e9cnicas permiten a nuestros clientes trabajar de forma sencilla y maximizar su productividad. Desde personalizaci\u00f3n de productos a protecci\u00f3n contra alcances, o soluciones multicarga, y mucho mas: lo que necesites. Y ademas de esta soluciones in situ, las complementamos con una variedad de herramientas digitales para ayudar a nuestros clientes a trabajar de manera mas eficaz.<\/p>\n\n<\/div>\n\t\t\t\t\t<\/div>\n\t\t\t\t\t\t\t\t\t<\/div>\n\t<\/div>\n<\/div>\n<\/div>\n<\/div>\n\n\t\t<\/div>\n<\/div>\n\n\n\n\n<div class=\"wp-block-buttons is-layout-flex wp-block-buttons-is-layout-flex\"><\/div>\n<\/div>\n\n\n\n<div class=\"wp-block-column is-layout-flow wp-block-column-is-layout-flow\"><div class=\"wp-block-rental-theme-expertises wp-block-rental-theme-expertises--white rental-theme-block-default-margin\">\n\t\t<div class=\"wp-block-rental-theme-expertises__container\">\n\t\t\t<h2 class='wp-block-rental-theme-expertises__title'>Sostenibilidad<\/h2>\t\t\t\n\n<div class=\"wp-block-columns is-layout-flex wp-container-core-columns-is-layout-28f84493 wp-block-columns-is-layout-flex\">\n<div class=\"wp-block-column is-layout-flow wp-block-column-is-layout-flow\"><div class=\"wp-block-rental-theme-expertise-item\">\n\t<div class=\"wp-block-rental-theme-expertise-item__container\">\n\t\t<div class=\"wp-block-rental-theme-expertise-item__content\">\n\t\t\t\t\t\t\t\t\t\t\t\t<div class=\"wp-block-rental-theme-expertise-item--no-link\">\n\t\t\t\t\t\t<div class=\"wp-block-rental-theme-expertise-item__text\">\n\n<p>Trabajar de forma sostenible es cada vez mas importante. Nuestra soluciones de sostenibilidad te ayudan a reducir las emisiones en un proyecto y ponerte delante de tu competencia en tu calificaci\u00f3n de sostenibilidad. Sin olvidarnos, por supuesto, que estas soluciones contribuyen a un mundo mejor. Ya sea por cambio de motores de diesel a el\u00e9ctrico o biofuel, o mediante el uso en proyectos de la soluci\u00f3n BIM.<\/p>\n\n<\/div>\n\t\t\t\t\t<\/div>\n\t\t\t\t\t\t\t\t\t<\/div>\n\t<\/div>\n<\/div>\n<\/div>\n<\/div>\n\n\t\t<\/div>\n<\/div>\n\n\n\n\n<div class=\"wp-block-buttons is-layout-flex wp-block-buttons-is-layout-flex\">\n<div class=\"wp-block-button\"><a class=\"wp-block-button__link wp-element-button\" href=\"https:\/\/www.riwal.com\/es\/expertise\/sustainability\/https:\/\/www.riwal.com\/es\/sostenibilidad\/\">Leer mas<\/a><\/div>\n<\/div>\n<\/div>\n<\/div>\n<\/div>\n\t\t\t\t\t\t\t<\/div> ","protected":false},"excerpt":{"rendered":"","protected":false},"author":14,"featured_media":0,"parent":0,"menu_order":0,"comment_status":"closed","ping_status":"closed","template":"","meta":{"_acf_changed":false,"footnotes":""},"class_list":["post-2640","page","type-page","status-publish","hentry"],"acf":[],"yoast_head":"<!-- This site is optimized with the Yoast SEO Premium plugin v27.1 (Yoast SEO v27.1.1) - https:\/\/yoast.com\/product\/yoast-seo-premium-wordpress\/ -->\n<title>Experiencia - Riwal Espa\u00f1a<\/title>\n<meta name=\"robots\" content=\"index, follow, max-snippet:-1, max-image-preview:large, max-video-preview:-1\" \/>\n<link rel=\"canonical\" href=\"https:\/\/www.riwal.com\/es\/experiencia\/\" \/>\n<meta property=\"og:locale\" content=\"es_ES\" \/>\n<meta property=\"og:type\" content=\"article\" \/>\n<meta property=\"og:title\" content=\"Experiencia\" \/>\n<meta property=\"og:url\" content=\"https:\/\/www.riwal.com\/es\/experiencia\/\" \/>\n<meta property=\"og:site_name\" content=\"Riwal Espa\u00f1a\" \/>\n<meta property=\"article:modified_time\" content=\"2024-03-26T15:09:49+00:00\" \/>\n<meta name=\"twitter:card\" content=\"summary_large_image\" \/>\n<meta name=\"twitter:label1\" content=\"Est. reading time\" \/>\n\t<meta name=\"twitter:data1\" content=\"1 minuto\" \/>\n<script type=\"application\/ld+json\" class=\"yoast-schema-graph\">{\"@context\":\"https:\/\/schema.org\",\"@graph\":[{\"@type\":\"WebPage\",\"@id\":\"https:\/\/www.riwal.com\/es\/experiencia\/\",\"url\":\"https:\/\/www.riwal.com\/es\/experiencia\/\",\"name\":\"Experiencia - Riwal Espa\u00f1a\",\"isPartOf\":{\"@id\":\"https:\/\/www.riwal.com\/es\/#website\"},\"datePublished\":\"2023-10-19T07:52:31+00:00\",\"dateModified\":\"2024-03-26T15:09:49+00:00\",\"breadcrumb\":{\"@id\":\"https:\/\/www.riwal.com\/es\/experiencia\/#breadcrumb\"},\"inLanguage\":\"es\",\"potentialAction\":[{\"@type\":\"ReadAction\",\"target\":[\"https:\/\/www.riwal.com\/es\/experiencia\/\"]}]},{\"@type\":\"BreadcrumbList\",\"@id\":\"https:\/\/www.riwal.com\/es\/experiencia\/#breadcrumb\",\"itemListElement\":[{\"@type\":\"ListItem\",\"position\":1,\"name\":\"Inicio\",\"item\":\"https:\/\/www.riwal.com\/es\/\"},{\"@type\":\"ListItem\",\"position\":2,\"name\":\"Experiencia\"}]},{\"@type\":\"WebSite\",\"@id\":\"https:\/\/www.riwal.com\/es\/#website\",\"url\":\"https:\/\/www.riwal.com\/es\/\",\"name\":\"Riwal\",\"description\":\"Arial work platform &amp; Telehandler Rental\/Sales\",\"publisher\":{\"@id\":\"https:\/\/www.riwal.com\/es\/#organization\"},\"potentialAction\":[{\"@type\":\"SearchAction\",\"target\":{\"@type\":\"EntryPoint\",\"urlTemplate\":\"https:\/\/www.riwal.com\/es\/?s={search_term_string}\"},\"query-input\":{\"@type\":\"PropertyValueSpecification\",\"valueRequired\":true,\"valueName\":\"search_term_string\"}}],\"inLanguage\":\"es\"},{\"@type\":\"Organization\",\"@id\":\"https:\/\/www.riwal.com\/es\/#organization\",\"name\":\"Riwal\",\"url\":\"https:\/\/www.riwal.com\/es\/\",\"logo\":{\"@type\":\"ImageObject\",\"inLanguage\":\"es\",\"@id\":\"https:\/\/www.riwal.com\/es\/#\/schema\/logo\/image\/\",\"url\":\"\",\"contentUrl\":\"\",\"caption\":\"Riwal\"},\"image\":{\"@id\":\"https:\/\/www.riwal.com\/es\/#\/schema\/logo\/image\/\"}}]}<\/script>\n<!-- \/ Yoast SEO Premium plugin. -->","yoast_head_json":{"title":"Experiencia - Riwal Espa\u00f1a","robots":{"index":"index","follow":"follow","max-snippet":"max-snippet:-1","max-image-preview":"max-image-preview:large","max-video-preview":"max-video-preview:-1"},"canonical":"https:\/\/www.riwal.com\/es\/experiencia\/","og_locale":"es_ES","og_type":"article","og_title":"Experiencia","og_url":"https:\/\/www.riwal.com\/es\/experiencia\/","og_site_name":"Riwal Espa\u00f1a","article_modified_time":"2024-03-26T15:09:49+00:00","twitter_card":"summary_large_image","twitter_misc":{"Est. reading time":"1 minuto"},"schema":{"@context":"https:\/\/schema.org","@graph":[{"@type":"WebPage","@id":"https:\/\/www.riwal.com\/es\/experiencia\/","url":"https:\/\/www.riwal.com\/es\/experiencia\/","name":"Experiencia - Riwal Espa\u00f1a","isPartOf":{"@id":"https:\/\/www.riwal.com\/es\/#website"},"datePublished":"2023-10-19T07:52:31+00:00","dateModified":"2024-03-26T15:09:49+00:00","breadcrumb":{"@id":"https:\/\/www.riwal.com\/es\/experiencia\/#breadcrumb"},"inLanguage":"es","potentialAction":[{"@type":"ReadAction","target":["https:\/\/www.riwal.com\/es\/experiencia\/"]}]},{"@type":"BreadcrumbList","@id":"https:\/\/www.riwal.com\/es\/experiencia\/#breadcrumb","itemListElement":[{"@type":"ListItem","position":1,"name":"Inicio","item":"https:\/\/www.riwal.com\/es\/"},{"@type":"ListItem","position":2,"name":"Experiencia"}]},{"@type":"WebSite","@id":"https:\/\/www.riwal.com\/es\/#website","url":"https:\/\/www.riwal.com\/es\/","name":"Riwal","description":"Arial work platform &amp; Telehandler Rental\/Sales","publisher":{"@id":"https:\/\/www.riwal.com\/es\/#organization"},"potentialAction":[{"@type":"SearchAction","target":{"@type":"EntryPoint","urlTemplate":"https:\/\/www.riwal.com\/es\/?s={search_term_string}"},"query-input":{"@type":"PropertyValueSpecification","valueRequired":true,"valueName":"search_term_string"}}],"inLanguage":"es"},{"@type":"Organization","@id":"https:\/\/www.riwal.com\/es\/#organization","name":"Riwal","url":"https:\/\/www.riwal.com\/es\/","logo":{"@type":"ImageObject","inLanguage":"es","@id":"https:\/\/www.riwal.com\/es\/#\/schema\/logo\/image\/","url":"","contentUrl":"","caption":"Riwal"},"image":{"@id":"https:\/\/www.riwal.com\/es\/#\/schema\/logo\/image\/"}}]}},"_links":{"self":[{"href":"https:\/\/www.riwal.com\/es\/wp-json\/wp\/v2\/pages\/2640","targetHints":{"allow":["GET"]}}],"collection":[{"href":"https:\/\/www.riwal.com\/es\/wp-json\/wp\/v2\/pages"}],"about":[{"href":"https:\/\/www.riwal.com\/es\/wp-json\/wp\/v2\/types\/page"}],"author":[{"embeddable":true,"href":"https:\/\/www.riwal.com\/es\/wp-json\/wp\/v2\/users\/14"}],"replies":[{"embeddable":true,"href":"https:\/\/www.riwal.com\/es\/wp-json\/wp\/v2\/comments?post=2640"}],"version-history":[{"count":7,"href":"https:\/\/www.riwal.com\/es\/wp-json\/wp\/v2\/pages\/2640\/revisions"}],"predecessor-version":[{"id":4881,"href":"https:\/\/www.riwal.com\/es\/wp-json\/wp\/v2\/pages\/2640\/revisions\/4881"}],"wp:attachment":[{"href":"https:\/\/www.riwal.com\/es\/wp-json\/wp\/v2\/media?parent=2640"}],"curies":[{"name":"wp","href":"https:\/\/api.w.org\/{rel}","templated":true}]}}