{"id":2625,"date":"2023-09-11T06:55:23","date_gmt":"2023-09-11T06:55:23","guid":{"rendered":"https:\/\/www.riwal.com\/es\/?page_id=2625"},"modified":"2024-05-03T12:26:43","modified_gmt":"2024-05-03T10:26:43","slug":"conoce-riwal","status":"publish","type":"page","link":"https:\/\/www.riwal.com\/es\/conoce-riwal\/","title":{"rendered":"Nuestra organizaci\u00f3n"},"content":{"rendered":"<div class=\"rental-wp-default-block rental-theme-block-default-margin\">\n\t\t\t\t\t\t\t\t<div class=\"container\">\n<div class=\"wp-block-columns is-layout-flex wp-container-core-columns-is-layout-28f84493 wp-block-columns-is-layout-flex\">\n<div class=\"wp-block-column is-layout-flow wp-block-column-is-layout-flow\" style=\"flex-basis:33.33%\">\n<h1 class=\"wp-block-heading\" id=\"h-conoce-riwal\">Conoce Riwal<\/h1>\n<\/div>\n\n\n\n<div class=\"wp-block-column is-layout-flow wp-block-column-is-layout-flow\" style=\"flex-basis:66.66%\">\n<p>Sabemos todo lo que hay que saber sobre los trabajos en altura. Con m\u00e1s de 55 a\u00f1os de historia y operaciones en 14 pa\u00edses de todo el mundo, Riwal es el socio con m\u00e1s experiencia en equipos de trabajo en altura.<\/p>\n\n\n\n<p>Nuestra historia comenz\u00f3 en 1968 cuando la empresa brit\u00e1nica de alquiler de gr\u00faas Richards &amp; Wallington abri\u00f3 una filial en los Pa\u00edses Bajos. En 1980, esta empresa pas\u00f3 a ser privada. El alcance de las operaciones se ampli\u00f3 con la creaci\u00f3n de una empresa independiente en 1986, especializada en el alquiler de plataformas a\u00e9reas de trabajo: Riwal Lift (Riwal es una combinaci\u00f3n de las primeras letras de Richards y Wallington). Desde 2007 nos hemos centrado exclusivamente en soluciones de trabajo en altura.<\/p>\n<\/div>\n<\/div>\n<\/div>\n\t\t\t\t\t\t\t<\/div> \n\n<div class=\"wp-block-rental-theme-featured rental-theme-block-default-padding\">\n\t<div class=\"container\">\n\t\t<div class=\"wp-block-rental-theme-featured-container\">\n\t\t\t<div class=\"wp-block-rental-theme-featured__image\">\n\t\t\t\t<div class=\"wp-block-rental-theme-featured-image-container\">\n\t\t\t\t\t\t\t\t\t\t\t<div class=\"main-image\">\n\t\t\t\t\t\t\t<img loading=\"lazy\" decoding=\"async\" width=\"620\" height=\"465\" src=\"https:\/\/eqsk4m2dkju.exactdn.com\/app\/uploads\/sites\/17\/2024\/01\/IMG-3020-2-620x465.jpg?strip=all&amp;quality=92&amp;webp=92&amp;avif=80&amp;sharp=1\" class=\"attachment-featured_block_image size-featured_block_image\" alt=\"\" srcset=\"https:\/\/eqsk4m2dkju.exactdn.com\/app\/uploads\/sites\/17\/2024\/01\/IMG-3020-2-620x465.jpg?strip=all&amp;quality=92&amp;webp=92&amp;avif=80&amp;sharp=1 620w, https:\/\/eqsk4m2dkju.exactdn.com\/app\/uploads\/sites\/17\/2024\/01\/IMG-3020-2-300x225.jpg?strip=all&amp;quality=92&amp;webp=92&amp;avif=80&amp;sharp=1 300w, https:\/\/eqsk4m2dkju.exactdn.com\/app\/uploads\/sites\/17\/2024\/01\/IMG-3020-2-1024x768.jpg?strip=all&amp;quality=92&amp;webp=92&amp;avif=80&amp;sharp=1 1024w, https:\/\/eqsk4m2dkju.exactdn.com\/app\/uploads\/sites\/17\/2024\/01\/IMG-3020-2-768x576.jpg?strip=all&amp;quality=92&amp;webp=92&amp;avif=80&amp;sharp=1 768w, https:\/\/eqsk4m2dkju.exactdn.com\/app\/uploads\/sites\/17\/2024\/01\/IMG-3020-2-1536x1152.jpg?strip=all&amp;quality=92&amp;webp=92&amp;avif=80&amp;sharp=1 1536w, https:\/\/eqsk4m2dkju.exactdn.com\/app\/uploads\/sites\/17\/2024\/01\/IMG-3020-2-2048x1536.jpg?strip=all&amp;quality=92&amp;webp=92&amp;avif=80&amp;sharp=1 2048w, https:\/\/eqsk4m2dkju.exactdn.com\/app\/uploads\/sites\/17\/2024\/01\/IMG-3020-2-178x134.jpg?strip=all&amp;quality=92&amp;webp=92&amp;avif=80&amp;sharp=1 178w, https:\/\/eqsk4m2dkju.exactdn.com\/app\/uploads\/sites\/17\/2024\/01\/IMG-3020-2-1233x925.jpg?strip=all&amp;quality=92&amp;webp=92&amp;avif=80&amp;sharp=1 1233w, https:\/\/eqsk4m2dkju.exactdn.com\/app\/uploads\/sites\/17\/2024\/01\/IMG-3020-2-390x293.jpg?strip=all&amp;quality=92&amp;webp=92&amp;avif=80&amp;sharp=1 390w, https:\/\/eqsk4m2dkju.exactdn.com\/app\/uploads\/sites\/17\/2024\/01\/IMG-3020-2-830x623.jpg?strip=all&amp;quality=92&amp;webp=92&amp;avif=80&amp;sharp=1 830w, https:\/\/eqsk4m2dkju.exactdn.com\/app\/uploads\/sites\/17\/2024\/01\/IMG-3020-2-250x188.jpg?strip=all&amp;quality=92&amp;webp=92&amp;avif=80&amp;sharp=1 250w, https:\/\/eqsk4m2dkju.exactdn.com\/app\/uploads\/sites\/17\/2024\/01\/IMG-3020-2-237x178.jpg?strip=all&amp;quality=92&amp;webp=92&amp;avif=80&amp;sharp=1 237w, https:\/\/eqsk4m2dkju.exactdn.com\/app\/uploads\/sites\/17\/2024\/01\/IMG-3020-2-474x356.jpg?strip=all&amp;quality=92&amp;webp=92&amp;avif=80&amp;sharp=1 474w, https:\/\/eqsk4m2dkju.exactdn.com\/app\/uploads\/sites\/17\/2024\/01\/IMG-3020-2-scaled.jpg?strip=all&amp;quality=92&amp;webp=92&amp;avif=80&amp;sharp=1 2560w\" sizes=\"auto, (max-width: 620px) 100vw, 620px\" \/>\t\t\t\t\t\t<\/div>\n\t\t\t\t\t\t\t\t\t\t<div class=\"wp-block-rental-theme-featured-image-container__subtext\">\n\t\t\t\t\t\t\t\t\t\t\t<\/div>\n\t\t\t\t<\/div>\n\t\t\t<\/div>\n\t\t\t<div class=\"wp-block-rental-theme-featured-content\">\n\t\t\t\t<div>\n\t\t\t\t\t<h2 class=\"wp-block-rental-theme-featured-title\">Proveedor y socio<\/h2>\n\t\t\t\t\t<div class=\"wp-block-rental-theme-featured-text\">\n\n<p>Como proveedor, podemos proporcionarle cualquier tipo de m\u00e1quina que pueda necesitar para alcanzar su altura perfecta. Nuestra flota de 20.000 plataformas a\u00e9reas, manipuladores telesc\u00f3picos y carretillas elevadoras garantiza la mejor disponibilidad en todo el mundo: podemos ayudarle con cualquier trabajo y ofrecerle asistencia t\u00e9cnica 24 horas al d\u00eda, 7 d\u00edas a la semana.<\/p>\n\n\n\n<p>Como socio, y con nuestra experiencia, asesoramos a nuestros clientes internacionales, brindamos formaci\u00f3n y servicio, desarrollamos soluciones inteligentes y alentamos al mercado a innovar. Nuestros especialistas brindan la mejor experiencia al cliente y les encanta compartir contigo su experiencia en seguridad, eficiencia y sostenibilidad.<\/p>\n\n<\/div>\n\t\t\t\t<\/div>\n\t\t\t<\/div>\n\t\t<\/div>\n\t<\/div>\n<\/div>\n\n\n<div class=\"rental-wp-default-block rental-theme-block-default-margin\">\n\t\t\t\t\t\t\t\t<div class=\"container\">\n<div class=\"wp-block-rental-theme-title-text rental-theme-block-default-margin\">\n\t<div class=\"wp-block-rental-theme-title-text__container\">\n\t\t<div class=\"wp-block-rental-theme-title-text__wrapper\">\n\t\t\t<h1 class='wp-block-rental-theme-title-text__title'>Gobierno<\/h1>\t\t<\/div>\n\t\t<div class='wp-block-rental-theme-title-text__text'>\n\n<h3 class=\"wp-block-heading\" id=\"h-codigo-de-conducta-riwal\">C\u00f3digo de Conducta Riwal<\/h3>\n\n\n\n<p>Riwal se compromete a actuar con integridad, respeto y responsabilidad hacia nuestro entorno social. Reforzamos estos valores aplicando nuestro C\u00f3digo de Conducta Riwal en todas nuestras operaciones.<\/p>\n\n\n\n<p>El C\u00f3digo de Conducta de Riwal tiene en cuenta los intereses de nuestras diversas partes interesadas. Incluye empleados, accionistas e instituciones financieras, proveedores, clientes, organismos gubernamentales, institutos educativos y de conocimiento, asociaciones industriales y sociales (incluidas ONG) y las comunidades en las que operamos.<\/p>\n\n<\/div>\n\t<\/div>\n<\/div><\/div>\n\t\t\t\t\t\t\t<\/div> \n\n\n<div class=\"wp-block-rental-theme-industries rental-theme-block-default-padding\">\n\t<div class=\"container\">\n\t\t<div class=\"wp-block-rental-theme-industries-header\">\n\t\t\t<div class=\"wp-block-rental-theme-industries-arrow-lines-left\">\n\t\t\t\t<svg width=\"469\" height=\"145\" viewBox=\"0 0 372 145\" fill=\"none\" xmlns=\"http:\/\/www.w3.org\/2000\/svg\"><path d=\"m-47.506 88.086 68.592-68.592h37.281v37.281l-68.592 68.593h-37.281V88.086Zm294.138-31.311 68.593 68.593h37.281V88.087l-68.592-68.593h-37.282v37.281Z\" stroke=\"#5B728B\"\/><mask id=\"path-3-inside-1_1619_471\" fill=\"#fff\"><path fill-rule=\"evenodd\" clip-rule=\"evenodd\" d=\"M169.967 18.994h-37.988L63.094 87.88v37.989h37.988l49.891-49.891 49.891 49.891h37.988v-37.99l-68.885-68.885Z\"\/><\/mask><path d=\"M131.979 18.994v-1h-.414l-.293.293.707.707Zm37.988 0 .707-.707-.293-.293h-.414v1ZM63.094 87.88l-.707-.707-.293.293v.414h1Zm0 37.989h-1v1h1v-1Zm37.988 0v1h.414l.293-.293-.707-.707Zm49.891-49.891.707-.707-.707-.707-.707.707.707.707Zm49.891 49.891-.707.707.293.293h.414v-1Zm37.988 0v1h1v-1h-1Zm0-37.989h1v-.414l-.292-.293-.708.707ZM131.979 19.994h37.988v-2h-37.988v2ZM63.801 88.587 132.686 19.7l-1.414-1.414-68.885 68.885 1.414 1.415Zm.293 37.281V87.879h-2v37.989h2Zm36.988-1H63.094v2h37.988v-2Zm49.184-49.598-49.891 49.891 1.414 1.414 49.891-49.891-1.414-1.414Zm0 1.414 49.891 49.891 1.414-1.414L151.68 75.27l-1.414 1.414Zm50.598 50.184h37.988v-2h-37.988v2Zm38.988-1V87.879h-2v37.989h2Zm-.292-38.696-68.886-68.885-1.414 1.414 68.885 68.886 1.415-1.415Z\" fill=\"#5B728B\" mask=\"url(#path-3-inside-1_1619_471)\"\/><\/svg>\t\t\t<\/div>\n\t\t\t<div class=\"wp-block-rental-theme-industries-title\">\n\t\t\t\t<h2 class='h2 wp-block-rental-theme-industries-title-field'>C\u00f3digo de Conducta y Pol\u00edtica SHEQ<\/h2>\t\t\t<\/div>\n\t\t<\/div>\n\t\t<div class=\"wp-block-rental-theme-industries__items\">\n\t\t\t\t\t\t\t<div class=\"wp-block-rental-theme-industries__item-content\">\n\t\t\t\t\t\t\t\t\t\t<div class=\"wp-block-rental-theme-industries__item-content__text\">\n\t\t\t\t\t\t<div class=\"wp-block-rental-theme-industries__item-content__text-title\">\n\t\t\t\t\t\t\tC\u00f3digo de Conducta del proveedor\t\t\t\t\t\t<\/div>\n\t\t\t\t\t\t<div class=\"wp-block-rental-theme-industries__item-content__text-content\">\n\t\t\t\t\t\t\t<p>Riwal establece los mismos principios para nuestros proveedores de bienes y servicios que para nosotros mismos y se basan en nuestros valores fundamentales, nuestro compromiso con nuestra gente, nuestros clientes, nuestros inversores, el medio ambiente y las comunidades donde trabajamos. Adem\u00e1s de considerar la calidad, la fiabilidad de la entrega y el precio, tambi\u00e9n seleccionamos a nuestros proveedores en funci\u00f3n de su desempe\u00f1o ambiental y social, incluida la seguridad y la sostenibilidad.<\/p>\t\t\t\t\t\t<\/div>\n\t\t\t\t\t<\/div>\n\t\t\t\t<\/div>\n\t\t\t\t\t\t\t<div class=\"wp-block-rental-theme-industries__item-content\">\n\t\t\t\t\t\t\t\t\t\t<div class=\"wp-block-rental-theme-industries__item-content__text\">\n\t\t\t\t\t\t<div class=\"wp-block-rental-theme-industries__item-content__text-title\">\n\t\t\t\t\t\t\tPol\u00edtica SHEQ \t\t\t\t\t\t<\/div>\n\t\t\t\t\t\t<div class=\"wp-block-rental-theme-industries__item-content__text-content\">\n\t\t\t\t\t\t\t<p>Riwal Holding Group establece altos est\u00e1ndares para el cumplimiento de su sistema de gesti\u00f3n SHEQ para todo el grupo, que se coordina y supervisa de forma centralizada. Nos esforzamos continuamente en brindar la mejor experiencia al cliente, dando soluciones para trabajar en altura de manera segura y eficiente. \u00abLa seguridad es lo primero\u00bb es el n\u00facleo de nuestro negocio y buscamos constantemente formas de mejorar nuestro desempe\u00f1o y construir una cultura de seguridad. Tambi\u00e9n estamos comprometidos en utilizar nuestra experiencia global para permitir un futuro m\u00e1s sostenible adoptando la sostenibilidad como parte integral de nuestras operaciones y toma de decisiones.<\/p>\t\t\t\t\t\t<\/div>\n\t\t\t\t\t<\/div>\n\t\t\t\t<\/div>\n\t\t\t\t\t\t\t<div class=\"wp-block-rental-theme-industries__item-content\">\n\t\t\t\t\t\t\t\t\t\t<div class=\"wp-block-rental-theme-industries__item-content__text\">\n\t\t\t\t\t\t<div class=\"wp-block-rental-theme-industries__item-content__text-title\">\n\t\t\t\t\t\t\tCodigo de Conducta del trabajador\t\t\t\t\t\t<\/div>\n\t\t\t\t\t\t<div class=\"wp-block-rental-theme-industries__item-content__text-content\">\n\t\t\t\t\t\t\t<p>Nuestro C\u00f3digo de conducta de los empleados se basa en directrices internacionales como la Declaraci\u00f3n Universal de Derechos Humanos y forma parte de los contratos laborales de todo el personal de Riwal. El C\u00f3digo consagra una pol\u00edtica antisoborno y anticorrupci\u00f3n, as\u00ed como una pol\u00edtica de denuncia de irregularidades.<\/p>\t\t\t\t\t\t<\/div>\n\t\t\t\t\t<\/div>\n\t\t\t\t<\/div>\n\t\t\t\t\t<\/div>\n\t<\/div>\n<\/div>\n\n\n<div class=\"rental-wp-default-block rental-theme-block-default-margin\">\n\t\t\t\t\t\t\t\t<div class=\"container\"><div class=\"wp-block-rental-theme-latest-news\">\n\t<div class=\"wp-block-rental-theme-latest-news-container\">\n\t\t\t\t<div class=\"wp-block-rental-theme-latest-news__content\">\n\t\t\t\t\t\t\t\t<div class=\"wp-block-rental-theme-latest-news__article\">\n\t\t\t\t\t\t<div class=\"wp-block-rental-theme-latest-news__article--date\">\n\t\t\t\t\t\t\t13 &#8211; 04 &#8211; 2026\t\t\t\t\t\t<\/div>\n\t\t\t\t\t\t<a class=\"wp-block-rental-theme-latest-news__article--link\" href=\"https:\/\/www.riwal.com\/es\/conocimiento\/noticias\/mastil-vertical-o-plataforma-de-tijera-compacta\/\">\n\t\t\t\t\t\t\t<div class=\"wp-block-rental-theme-latest-news__article--title\">\n\t\t\t\t\t\t\t\tM\u00e1stil vertical o plataforma de tijera compacta: qu\u00e9 opci\u00f3n elegir para trabajar en interiores\t\t\t\t\t\t\t<\/div>\n\t\t\t\t\t\t<\/a>\n\t\t\t\t\t\t<div class=\"wp-block-rental-theme-latest-news__article--content\">\n\t\t\t\t\t\t\tDescubre si te conviene m\u00e1s un m\u00e1stil vertical o una plataforma de tijera compacta para trabajos en interior. Te explicamos las diferencias, ventajas y usos m\u00e1s habituales en Madrid, Comunidad de Madrid, Barcelona, Catalu\u00f1a, Valencia y Comunidad Valenciana.\n\t\t\t\t\t\t<\/div>\n\t\t\t\t\t\t<div class=\"wp-block-rental-theme-latest-news__article--more\">\n\t\t\t\t\t\t\t<a class=\"wp-block-rental-theme-latest-news__article--link\" href=\"https:\/\/www.riwal.com\/es\/conocimiento\/noticias\/mastil-vertical-o-plataforma-de-tijera-compacta\/\">Leer m\u00e1s&#8230;<\/a>\n\t\t\t\t\t\t<\/div>\n\t\t\t\t\t<\/div>\n\t\t\t\t\t\t\t\t\t<div class=\"wp-block-rental-theme-latest-news__article\">\n\t\t\t\t\t\t<div class=\"wp-block-rental-theme-latest-news__article--date\">\n\t\t\t\t\t\t\t17 &#8211; 03 &#8211; 2026\t\t\t\t\t\t<\/div>\n\t\t\t\t\t\t<a class=\"wp-block-rental-theme-latest-news__article--link\" href=\"https:\/\/www.riwal.com\/es\/conocimiento\/noticias\/alquiler-carretilla-elevadora-para-empresas\/\">\n\t\t\t\t\t\t\t<div class=\"wp-block-rental-theme-latest-news__article--title\">\n\t\t\t\t\t\t\t\tAlquiler carretilla elevadora en 2026: soluci\u00f3n flexible para empresas industriales\t\t\t\t\t\t\t<\/div>\n\t\t\t\t\t\t<\/a>\n\t\t\t\t\t\t<div class=\"wp-block-rental-theme-latest-news__article--content\">\n\t\t\t\t\t\t\tEl alquiler carretilla elevadora en 2026 ofrece flexibilidad inmediata para cubrir picos de producci\u00f3n, obras o necesidades temporales. Es una opci\u00f3n rentable y adaptable para empresas en Madrid, Valencia, Catalu\u00f1a, Murcia y Castilla-La Mancha.\n\t\t\t\t\t\t<\/div>\n\t\t\t\t\t\t<div class=\"wp-block-rental-theme-latest-news__article--more\">\n\t\t\t\t\t\t\t<a class=\"wp-block-rental-theme-latest-news__article--link\" href=\"https:\/\/www.riwal.com\/es\/conocimiento\/noticias\/alquiler-carretilla-elevadora-para-empresas\/\">Leer m\u00e1s&#8230;<\/a>\n\t\t\t\t\t\t<\/div>\n\t\t\t\t\t<\/div>\n\t\t\t\t\t\t\t\t\t<div class=\"wp-block-rental-theme-latest-news__article\">\n\t\t\t\t\t\t<div class=\"wp-block-rental-theme-latest-news__article--date\">\n\t\t\t\t\t\t\t13 &#8211; 03 &#8211; 2026\t\t\t\t\t\t<\/div>\n\t\t\t\t\t\t<a class=\"wp-block-rental-theme-latest-news__article--link\" href=\"https:\/\/www.riwal.com\/es\/conocimiento\/noticias\/alquiler-carretilla-elevadora-empresas\/\">\n\t\t\t\t\t\t\t<div class=\"wp-block-rental-theme-latest-news__article--title\">\n\t\t\t\t\t\t\t\tAlquiler carretilla elevadora en 2026: soluci\u00f3n flexible para empresas industriales\t\t\t\t\t\t\t<\/div>\n\t\t\t\t\t\t<\/a>\n\t\t\t\t\t\t<div class=\"wp-block-rental-theme-latest-news__article--content\">\n\t\t\t\t\t\t\tEl alquiler carretilla elevadora en 2026 ofrece flexibilidad inmediata para cubrir picos de producci\u00f3n, obras o necesidades temporales. Es una opci\u00f3n rentable y adaptable para empresas en Madrid, Valencia, Catalu\u00f1a, Murcia y Castilla-La Mancha.\n\t\t\t\t\t\t<\/div>\n\t\t\t\t\t\t<div class=\"wp-block-rental-theme-latest-news__article--more\">\n\t\t\t\t\t\t\t<a class=\"wp-block-rental-theme-latest-news__article--link\" href=\"https:\/\/www.riwal.com\/es\/conocimiento\/noticias\/alquiler-carretilla-elevadora-empresas\/\">Leer m\u00e1s&#8230;<\/a>\n\t\t\t\t\t\t<\/div>\n\t\t\t\t\t<\/div>\n\t\t\t\t\t\t<\/div>\n\t<\/div>\n<\/div>\n<\/div>\n\t\t\t\t\t\t\t<\/div> ","protected":false},"excerpt":{"rendered":"<p>Conoce Riwal Sabemos todo lo que hay que saber sobre los trabajos en altura. Con m\u00e1s de 55 a\u00f1os de historia y operaciones en 14 pa\u00edses de todo el mundo, Riwal es el socio con m\u00e1s experiencia en equipos de trabajo en altura. Nuestra historia comenz\u00f3 en 1968 cuando la empresa brit\u00e1nica de alquiler de &hellip; <a href=\"https:\/\/www.riwal.com\/es\/conoce-riwal\/\">Continuado<\/a><\/p>\n","protected":false},"author":14,"featured_media":0,"parent":0,"menu_order":0,"comment_status":"closed","ping_status":"closed","template":"","meta":{"_acf_changed":false,"footnotes":""},"class_list":["post-2625","page","type-page","status-publish","hentry"],"acf":[],"yoast_head":"<!-- This site is optimized with the Yoast SEO Premium plugin v27.1 (Yoast SEO v27.1.1) - https:\/\/yoast.com\/product\/yoast-seo-premium-wordpress\/ -->\n<title>Nuestra organizaci\u00f3n - Riwal Espa\u00f1a<\/title>\n<meta name=\"robots\" content=\"index, follow, max-snippet:-1, max-image-preview:large, max-video-preview:-1\" \/>\n<link rel=\"canonical\" href=\"https:\/\/www.riwal.com\/es\/conoce-riwal\/\" \/>\n<meta property=\"og:locale\" content=\"es_ES\" \/>\n<meta property=\"og:type\" content=\"article\" \/>\n<meta property=\"og:title\" content=\"Nuestra organizaci\u00f3n\" \/>\n<meta property=\"og:description\" content=\"Conoce Riwal Sabemos todo lo que hay que saber sobre los trabajos en altura. Con m\u00e1s de 55 a\u00f1os de historia y operaciones en 14 pa\u00edses de todo el mundo, Riwal es el socio con m\u00e1s experiencia en equipos de trabajo en altura. Nuestra historia comenz\u00f3 en 1968 cuando la empresa brit\u00e1nica de alquiler de &hellip; Continuado\" \/>\n<meta property=\"og:url\" content=\"https:\/\/www.riwal.com\/es\/conoce-riwal\/\" \/>\n<meta property=\"og:site_name\" content=\"Riwal Espa\u00f1a\" \/>\n<meta property=\"article:modified_time\" content=\"2024-05-03T10:26:43+00:00\" \/>\n<meta name=\"twitter:card\" content=\"summary_large_image\" \/>\n<meta name=\"twitter:label1\" content=\"Est. reading time\" \/>\n\t<meta name=\"twitter:data1\" content=\"2 minutos\" \/>\n<script type=\"application\/ld+json\" class=\"yoast-schema-graph\">{\"@context\":\"https:\/\/schema.org\",\"@graph\":[{\"@type\":\"WebPage\",\"@id\":\"https:\/\/www.riwal.com\/es\/conoce-riwal\/\",\"url\":\"https:\/\/www.riwal.com\/es\/conoce-riwal\/\",\"name\":\"Nuestra organizaci\u00f3n - Riwal Espa\u00f1a\",\"isPartOf\":{\"@id\":\"https:\/\/www.riwal.com\/es\/#website\"},\"datePublished\":\"2023-09-11T06:55:23+00:00\",\"dateModified\":\"2024-05-03T10:26:43+00:00\",\"breadcrumb\":{\"@id\":\"https:\/\/www.riwal.com\/es\/conoce-riwal\/#breadcrumb\"},\"inLanguage\":\"es\",\"potentialAction\":[{\"@type\":\"ReadAction\",\"target\":[\"https:\/\/www.riwal.com\/es\/conoce-riwal\/\"]}]},{\"@type\":\"BreadcrumbList\",\"@id\":\"https:\/\/www.riwal.com\/es\/conoce-riwal\/#breadcrumb\",\"itemListElement\":[{\"@type\":\"ListItem\",\"position\":1,\"name\":\"Inicio\",\"item\":\"https:\/\/www.riwal.com\/es\/\"},{\"@type\":\"ListItem\",\"position\":2,\"name\":\"Nuestra organizaci\u00f3n\"}]},{\"@type\":\"WebSite\",\"@id\":\"https:\/\/www.riwal.com\/es\/#website\",\"url\":\"https:\/\/www.riwal.com\/es\/\",\"name\":\"Riwal\",\"description\":\"Arial work platform &amp; Telehandler Rental\/Sales\",\"publisher\":{\"@id\":\"https:\/\/www.riwal.com\/es\/#organization\"},\"potentialAction\":[{\"@type\":\"SearchAction\",\"target\":{\"@type\":\"EntryPoint\",\"urlTemplate\":\"https:\/\/www.riwal.com\/es\/?s={search_term_string}\"},\"query-input\":{\"@type\":\"PropertyValueSpecification\",\"valueRequired\":true,\"valueName\":\"search_term_string\"}}],\"inLanguage\":\"es\"},{\"@type\":\"Organization\",\"@id\":\"https:\/\/www.riwal.com\/es\/#organization\",\"name\":\"Riwal\",\"url\":\"https:\/\/www.riwal.com\/es\/\",\"logo\":{\"@type\":\"ImageObject\",\"inLanguage\":\"es\",\"@id\":\"https:\/\/www.riwal.com\/es\/#\/schema\/logo\/image\/\",\"url\":\"\",\"contentUrl\":\"\",\"caption\":\"Riwal\"},\"image\":{\"@id\":\"https:\/\/www.riwal.com\/es\/#\/schema\/logo\/image\/\"}}]}<\/script>\n<!-- \/ Yoast SEO Premium plugin. -->","yoast_head_json":{"title":"Nuestra organizaci\u00f3n - Riwal Espa\u00f1a","robots":{"index":"index","follow":"follow","max-snippet":"max-snippet:-1","max-image-preview":"max-image-preview:large","max-video-preview":"max-video-preview:-1"},"canonical":"https:\/\/www.riwal.com\/es\/conoce-riwal\/","og_locale":"es_ES","og_type":"article","og_title":"Nuestra organizaci\u00f3n","og_description":"Conoce Riwal Sabemos todo lo que hay que saber sobre los trabajos en altura. Con m\u00e1s de 55 a\u00f1os de historia y operaciones en 14 pa\u00edses de todo el mundo, Riwal es el socio con m\u00e1s experiencia en equipos de trabajo en altura. Nuestra historia comenz\u00f3 en 1968 cuando la empresa brit\u00e1nica de alquiler de &hellip; Continuado","og_url":"https:\/\/www.riwal.com\/es\/conoce-riwal\/","og_site_name":"Riwal Espa\u00f1a","article_modified_time":"2024-05-03T10:26:43+00:00","twitter_card":"summary_large_image","twitter_misc":{"Est. reading time":"2 minutos"},"schema":{"@context":"https:\/\/schema.org","@graph":[{"@type":"WebPage","@id":"https:\/\/www.riwal.com\/es\/conoce-riwal\/","url":"https:\/\/www.riwal.com\/es\/conoce-riwal\/","name":"Nuestra organizaci\u00f3n - Riwal Espa\u00f1a","isPartOf":{"@id":"https:\/\/www.riwal.com\/es\/#website"},"datePublished":"2023-09-11T06:55:23+00:00","dateModified":"2024-05-03T10:26:43+00:00","breadcrumb":{"@id":"https:\/\/www.riwal.com\/es\/conoce-riwal\/#breadcrumb"},"inLanguage":"es","potentialAction":[{"@type":"ReadAction","target":["https:\/\/www.riwal.com\/es\/conoce-riwal\/"]}]},{"@type":"BreadcrumbList","@id":"https:\/\/www.riwal.com\/es\/conoce-riwal\/#breadcrumb","itemListElement":[{"@type":"ListItem","position":1,"name":"Inicio","item":"https:\/\/www.riwal.com\/es\/"},{"@type":"ListItem","position":2,"name":"Nuestra organizaci\u00f3n"}]},{"@type":"WebSite","@id":"https:\/\/www.riwal.com\/es\/#website","url":"https:\/\/www.riwal.com\/es\/","name":"Riwal","description":"Arial work platform &amp; Telehandler Rental\/Sales","publisher":{"@id":"https:\/\/www.riwal.com\/es\/#organization"},"potentialAction":[{"@type":"SearchAction","target":{"@type":"EntryPoint","urlTemplate":"https:\/\/www.riwal.com\/es\/?s={search_term_string}"},"query-input":{"@type":"PropertyValueSpecification","valueRequired":true,"valueName":"search_term_string"}}],"inLanguage":"es"},{"@type":"Organization","@id":"https:\/\/www.riwal.com\/es\/#organization","name":"Riwal","url":"https:\/\/www.riwal.com\/es\/","logo":{"@type":"ImageObject","inLanguage":"es","@id":"https:\/\/www.riwal.com\/es\/#\/schema\/logo\/image\/","url":"","contentUrl":"","caption":"Riwal"},"image":{"@id":"https:\/\/www.riwal.com\/es\/#\/schema\/logo\/image\/"}}]}},"_links":{"self":[{"href":"https:\/\/www.riwal.com\/es\/wp-json\/wp\/v2\/pages\/2625","targetHints":{"allow":["GET"]}}],"collection":[{"href":"https:\/\/www.riwal.com\/es\/wp-json\/wp\/v2\/pages"}],"about":[{"href":"https:\/\/www.riwal.com\/es\/wp-json\/wp\/v2\/types\/page"}],"author":[{"embeddable":true,"href":"https:\/\/www.riwal.com\/es\/wp-json\/wp\/v2\/users\/14"}],"replies":[{"embeddable":true,"href":"https:\/\/www.riwal.com\/es\/wp-json\/wp\/v2\/comments?post=2625"}],"version-history":[{"count":12,"href":"https:\/\/www.riwal.com\/es\/wp-json\/wp\/v2\/pages\/2625\/revisions"}],"predecessor-version":[{"id":8794,"href":"https:\/\/www.riwal.com\/es\/wp-json\/wp\/v2\/pages\/2625\/revisions\/8794"}],"wp:attachment":[{"href":"https:\/\/www.riwal.com\/es\/wp-json\/wp\/v2\/media?parent=2625"}],"curies":[{"name":"wp","href":"https:\/\/api.w.org\/{rel}","templated":true}]}}