{"id":10676,"date":"2024-09-24T15:37:57","date_gmt":"2024-09-24T13:37:57","guid":{"rendered":"https:\/\/www.riwal.com\/es\/?page_id=10676"},"modified":"2024-09-26T07:20:09","modified_gmt":"2024-09-26T05:20:09","slug":"calculadora-de-emisiones","status":"publish","type":"page","link":"https:\/\/www.riwal.com\/es\/calculadora-de-emisiones\/","title":{"rendered":"Calculadora de emisiones"},"content":{"rendered":"<div class=\"rental-wp-default-block rental-theme-block-default-margin\">\n\t\t\t\t\t\t\t\t<div class=\"container\">\n<div class=\"wp-block-group is-nowrap is-layout-flex wp-container-core-group-is-layout-6c531013 wp-block-group-is-layout-flex\">\n<h2 class=\"wp-block-heading wp-container-content-ae1cf10e\" id=\"h-calcula-tus-emisiones-antes-de-alquilar\">Calcula tus emisiones antes de alquilar<\/h2>\n\n\n\n<p class=\"has-text-align-left wp-container-content-81f0a98c\">En Riwal, entendemos lo importante que es minimizar la huella de carbono de tu proyecto. Por eso hemos desarrollado la Calculadora de Emisiones para que puedas hacer una estimaci\u00f3n precisa de las emisiones de las m\u00e1quinas que quieres alquilar con antelaci\u00f3n. Esto te permite entender mejor el impacto ecol\u00f3gico de nuestras m\u00e1quinas y comparar diferentes tipos. Tanto si alquilas plataformas elevadoras, manipuladores telesc\u00f3picos u otros equipos, nuestra Calculadora de Emisiones te ayudar\u00e1 a tomar la decisi\u00f3n m\u00e1s respetuosa con el medio ambiente para tu proyecto.<br><br>Usar la Calculadora de emisiones es f\u00e1cil. Introduce el tipo y la cantidad de m\u00e1quinas que quieres alquilar, junto con el periodo de alquiler y el uso previsto en d\u00edas y horas. Nuestro algoritmo procesa estos datos y te ofrece una estimaci\u00f3n detallada de las emisiones previstas. Incluso puedes a\u00f1adir varios tipos de m\u00e1quinas y variables al c\u00e1lculo para un an\u00e1lisis m\u00e1s completo del proyecto. <br><br>Con la Calculadora de emisiones, puedes elegir con confianza opciones sostenibles y generar un impacto positivo en el medio ambiente. \u00a1Pru\u00e9bala hoy y descubre lo f\u00e1cil que es tomar decisiones sostenibles con Riwal!<\/p>\n<\/div>\n<\/div>\n\t\t\t\t\t\t\t<\/div> \n\n<div class=\"wp-block-rental-theme-emission-calculator rental-theme-block-default-padding\">\n\t<div class=\"container\">\n\t\t<div class=\"wp-block-rental-theme-emission-calculator-container\">\n\t\t\t<form class=\"wp-block-rental-theme-emission-calculator-form\">\n\t\t\t\t<h3 class=\"wp-block-rental-theme-emission-calculator__title\">Entrada<\/h3>\n\t\t\t\t<div class=\"wp-block-rental-theme-emission-calculator__input\">\n\t\t\t\t\t<div class=\"wp-block-rental-theme-emission-calculator__input-label\">Maquina<\/div>\n\t\t\t\t\t<div class=\"wp-block-rental-theme-emission-calculator__input-item wp-block-rental-theme-emission-calculator__input-item--search\">\n\t\t\t\t\t\t<p class=\"wp-block-rental-theme-emission-calculator__input-warning\">Debe elegir una m\u00e1quina correcta<\/p>\n\t\t\t\t\t\t<div class=\"wp-block-rental-theme-emission-calculator__search search-form\">\n\t\t\t\t\t\t\t<button type=\"submit\" class=\"wp-block-rental-theme-emission-calculator__search-icon\" aria-label=\"Search button\"><\/button>\n\t\t\t\t\t\t\t<input type=\"text\" name=\"_overview_rental_search\" class=\"wp-block-rental-theme-emission-calculator__search-input search-form__field search-suggestions__filter\" value placeholder=\"Buscar por tipo c\u00f3digo alquiler\" autocomplete=\"off\" data-engine=\"overview_rental_search\">\n\t\t\t\t\t\t<\/div>\n\t\t\t\t\t<\/div>\n\t\t\t\t\t<div class=\"wp-block-rental-theme-emission-calculator__input-label\">Cantidad<\/div>\n\t\t\t\t\t<div class=\"wp-block-rental-theme-emission-calculator__input-item\">\n\t\t\t\t\t\t<p class=\"wp-block-rental-theme-emission-calculator__input-warning\">El valor tiene que ser entre 1 y 50<\/p>\n\t\t\t\t\t\t<input type=\"number\" name=\"quantity\" min=\"1\" max=\"99\" class=\"wp-block-rental-theme-emission-calculator__amount-input\" placeholder=\"Entrar cantidad\">\n\t\t\t\t\t<\/div>\n\t\t\t\t\t<div class=\"wp-block-rental-theme-emission-calculator__input-label\">Cantidad de semanas<\/div>\n\t\t\t\t\t<div class=\"wp-block-rental-theme-emission-calculator__input-item\">\n\t\t\t\t\t\t<p class=\"wp-block-rental-theme-emission-calculator__input-warning\">El valor tiene que ser entre 1 y 124<\/p>\n\t\t\t\t\t\t<input type=\"number\" name=\"amount_weeks\" min=\"1\" max=\"99\" class=\"wp-block-rental-theme-emission-calculator__amount-input\" placeholder=\"Entrar cantidad de semanas\">\n\t\t\t\t\t<\/div>\n\t\t\t\t\t<div class=\"wp-block-rental-theme-emission-calculator__input-label\">Dias por semana<\/div>\n\t\t\t\t\t<div class=\"wp-block-rental-theme-emission-calculator__input-item\">\n\t\t\t\t\t\t<p class=\"wp-block-rental-theme-emission-calculator__input-warning\">El valor tiene que ser entre 1 y 7<\/p>\n\t\t\t\t\t\t<input type=\"number\" name=\"amount_days\" min=\"1\" max=\"99\" class=\"wp-block-rental-theme-emission-calculator__amount-input\" placeholder=\"Entrar cantidad de dias por semana\">\n\t\t\t\t\t<\/div>\n\t\t\t\t\t<div class=\"wp-block-rental-theme-emission-calculator__input-label-wrapper\">\n\t\t\t\t\t\t<div class=\"wp-block-rental-theme-emission-calculator__input-label\">Horas per dia<\/div>\n\t\t\t\t\t\t<div class=\"wp-block-rental-theme-emission-calculator__input-info-icon\" data-tooltip=\"Los clientes de Riwal suelen utilizar su m\u00e1quina durante un promedio de 2,3 horas de operaci\u00f3n por d\u00eda.\"><svg width=\"16\" height=\"16\" viewBox=\"0 0 512 512\" fill=\"none\" xmlns=\"http:\/\/www.w3.org\/2000\/svg\"><path d=\"M231.5 1.1C171.8 7.2 117.4 32.9 75.2 75-25 175-25 337 75.2 437c40.6 40.5 90.1 64.8 149.3 73.2 11.9 1.7 51.2 1.6 63.5-.1 58-8 108.9-33 148.9-73.2 46.4-46.7 72.3-106.1 74.8-171.9 2.6-71.1-24.2-139.3-74.9-190-39.3-39.4-89.1-64.3-145.3-72.6-12.2-1.8-47.7-2.6-60-1.3zM268.3 137c16.4 7.7 19.6 27.2 6.4 38.5-5.7 4.9-12.3 6.9-21.1 6.3-14.6-1-24.9-10.9-24.9-24-.1-17.4 22.1-29 39.6-20.8zm2.4 79.2c3 1.1 6.4 3.3 8.2 5.4l3.1 3.5v67.6c0 78.4.9 71.7-10.8 77.5-6 3-7.5 3.3-15.2 3.3-10-.1-16.7-2.6-22.1-8.1l-3.4-3.5-.3-67.8-.2-67.7 2.3-3.5c6-9 23.8-12.1 38.4-6.7z\" fill=\"#021A3550\"\/><\/svg><\/div>\n\t\t\t\t\t<\/div>\n\t\t\t\t\t<div class=\"wp-block-rental-theme-emission-calculator__input-item\">\n\t\t\t\t\t\t<p class=\"wp-block-rental-theme-emission-calculator__input-warning\">El valor tiene que ser entre 1 y 24<\/p>\n\t\t\t\t\t\t<input type=\"number\" name=\"amount_hours\" min=\"1\" max=\"99\" class=\"wp-block-rental-theme-emission-calculator__amount-input\" placeholder=\"Introducir n\u00famero horas diarias\">\n\t\t\t\t\t<\/div>\n\t\t\t\t\t<a href=\"\" class=\"wp-block-rental-theme-emission-calculator__input-submit\">Calcular y a\u00f1adir<\/a>\n\t\t\t\t<\/div>\n\t\t\t<\/form>\n\t\t\t<div class=\"wp-block-rental-theme-emission-calculator-result\">\n\t\t\t\t<h3 class=\"wp-block-rental-theme-emission-calculator-result__title\">Emisi\u00f3n Total<\/h3>\n\t\t\t\t<div class=\"wp-block-rental-theme-emission-calculator-result__co2\">\n\t\t\t\t\t<div class=\"wp-block-rental-theme-emission-calculator-result__co2-value\">0<\/div>\n\t\t\t\t\t<div class=\"wp-block-rental-theme-emission-calculator-result__co2-label\">kg CO2<\/div>\n\t\t\t\t<\/div>\n\t\t\t\t<div class=\"wp-block-rental-theme-emission-calculator-result__nox\">\n\t\t\t\t\t<div class=\"wp-block-rental-theme-emission-calculator-result__nox-value\">0<\/div>\n\t\t\t\t\t<div class=\"wp-block-rental-theme-emission-calculator-result__nox-label\">kg NOx<\/div>\n\t\t\t\t<\/div>\n\t\t\t\t<div class=\"wp-block-rental-theme-emission-calculator-result__items\"><\/div>\n\t\t\t<\/div>\n\t\t<\/div>\n\t<\/div>\n<\/div>\n\n\n<div class=\"rental-wp-default-block rental-theme-block-default-margin\">\n\t\t\t\t\t\t\t\t<div class=\"container\">\n<div class=\"wp-block-group is-layout-constrained wp-block-group-is-layout-constrained\">\n<h3 class=\"wp-block-heading\" id=\"h-comprension-de-los-datos\">Comprensi\u00f3n de los datos<\/h3>\n\n\n\n<p>Riwal Holding Group B.V. prepara la Calculadora de emisiones bas\u00e1ndose en la informaci\u00f3n proporcionada por la <a href=\"https:\/\/erarental.org\/publications\/era-carbon-reporting-guidance\/\">gu\u00eda ERA de informes de carbono<\/a>, el an\u00e1lisis an\u00f3nimo de los consumos reales de los clientes de Riwal, as\u00ed como los datos proporcionados por el fabricante (OEM) sobre el consumo de la m\u00e1quina (motor).<\/p>\n\n\n\n<p>La Calculadora de emisiones se proporciona a nuestros clientes con el \u00fanico fin de ayudar en el c\u00e1lculo proyectado de sus emisiones. La Calculadora de emisiones no pretende ser exhaustiva ni contener toda la informaci\u00f3n que un cliente puede necesitar para calcular sus emisiones. Las emisiones reales de CO2 pueden diferir en comparaci\u00f3n con el c\u00e1lculo proyectado en funci\u00f3n del uso real de la m\u00e1quina (horas de uso), las formas de uso (frecuencia, carga y tipo de movimiento) y las variaciones t\u00e9cnicas (antig\u00fcedad del motor, horas de funcionamiento y configuraciones de la m\u00e1quina). Riwal Holding Group B.V. no realiza declaraciones ni garant\u00edas expresas o impl\u00edcitas en cuanto a la precisi\u00f3n o integridad de la informaci\u00f3n contenida y\/o derivada de la calculadora, ni acepta ninguna responsabilidad por los da\u00f1os que puedan resultar de informaci\u00f3n incompleta y\/o inexacta.<br><br>Hay que tener en cuenta que las emisiones de CO2 pueden aplicarse a las m\u00e1quinas el\u00e9ctricas. En nuestra Calculadora de emisiones, el valor estimado de las emisiones de CO2 de las m\u00e1quinas el\u00e9ctricas se basa en el consumo de kWh de la m\u00e1quina multiplicado por la emisi\u00f3n media espa\u00f1ola de CO2 por kWh de electricidad generada, seg\u00fan la combinaci\u00f3n energ\u00e9tica espa\u00f1ola seg\u00fan <a href=\"https:\/\/www.statista.com\/statistics\/1290486\/carbon-intensity-power-sector-spain\/#:~:text=In%202021%2C%20Spain%27s%20power%20sector,%2FKWh)%20of%20electricity%20generated.\">Statista<\/a>.<\/p>\n\n\n\n<h3 class=\"wp-block-heading\" id=\"h-\"><\/h3>\n\n\n\n<p><\/p>\n<\/div>\n<\/div>\n\t\t\t\t\t\t\t<\/div> ","protected":false},"excerpt":{"rendered":"<p>Calcula tus emisiones antes de alquilar En Riwal, entendemos lo importante que es minimizar la huella de carbono de tu proyecto. Por eso hemos desarrollado la Calculadora de Emisiones para que puedas hacer una estimaci\u00f3n precisa de las emisiones de las m\u00e1quinas que quieres alquilar con antelaci\u00f3n. Esto te permite entender mejor el impacto ecol\u00f3gico &hellip; <a href=\"https:\/\/www.riwal.com\/es\/calculadora-de-emisiones\/\">Continuado<\/a><\/p>\n","protected":false},"author":47,"featured_media":0,"parent":0,"menu_order":0,"comment_status":"closed","ping_status":"closed","template":"","meta":{"_acf_changed":false,"footnotes":""},"class_list":["post-10676","page","type-page","status-publish","hentry"],"acf":[],"yoast_head":"<!-- This site is optimized with the Yoast SEO Premium plugin v27.1 (Yoast SEO v27.1.1) - https:\/\/yoast.com\/product\/yoast-seo-premium-wordpress\/ -->\n<title>Calculadora de emisiones - Riwal Espa\u00f1a<\/title>\n<meta name=\"robots\" content=\"index, follow, max-snippet:-1, max-image-preview:large, max-video-preview:-1\" \/>\n<link rel=\"canonical\" href=\"https:\/\/www.riwal.com\/es\/calculadora-de-emisiones\/\" \/>\n<meta property=\"og:locale\" content=\"es_ES\" \/>\n<meta property=\"og:type\" content=\"article\" \/>\n<meta property=\"og:title\" content=\"Calculadora de emisiones\" \/>\n<meta property=\"og:description\" content=\"Calcula tus emisiones antes de alquilar En Riwal, entendemos lo importante que es minimizar la huella de carbono de tu proyecto. Por eso hemos desarrollado la Calculadora de Emisiones para que puedas hacer una estimaci\u00f3n precisa de las emisiones de las m\u00e1quinas que quieres alquilar con antelaci\u00f3n. Esto te permite entender mejor el impacto ecol\u00f3gico &hellip; Continuado\" \/>\n<meta property=\"og:url\" content=\"https:\/\/www.riwal.com\/es\/calculadora-de-emisiones\/\" \/>\n<meta property=\"og:site_name\" content=\"Riwal Espa\u00f1a\" \/>\n<meta property=\"article:modified_time\" content=\"2024-09-26T05:20:09+00:00\" \/>\n<meta name=\"twitter:card\" content=\"summary_large_image\" \/>\n<meta name=\"twitter:label1\" content=\"Est. reading time\" \/>\n\t<meta name=\"twitter:data1\" content=\"3 minutos\" \/>\n<script type=\"application\/ld+json\" class=\"yoast-schema-graph\">{\"@context\":\"https:\/\/schema.org\",\"@graph\":[{\"@type\":\"WebPage\",\"@id\":\"https:\/\/www.riwal.com\/es\/calculadora-de-emisiones\/\",\"url\":\"https:\/\/www.riwal.com\/es\/calculadora-de-emisiones\/\",\"name\":\"Calculadora de emisiones - Riwal Espa\u00f1a\",\"isPartOf\":{\"@id\":\"https:\/\/www.riwal.com\/es\/#website\"},\"datePublished\":\"2024-09-24T13:37:57+00:00\",\"dateModified\":\"2024-09-26T05:20:09+00:00\",\"breadcrumb\":{\"@id\":\"https:\/\/www.riwal.com\/es\/calculadora-de-emisiones\/#breadcrumb\"},\"inLanguage\":\"es\",\"potentialAction\":[{\"@type\":\"ReadAction\",\"target\":[\"https:\/\/www.riwal.com\/es\/calculadora-de-emisiones\/\"]}]},{\"@type\":\"BreadcrumbList\",\"@id\":\"https:\/\/www.riwal.com\/es\/calculadora-de-emisiones\/#breadcrumb\",\"itemListElement\":[{\"@type\":\"ListItem\",\"position\":1,\"name\":\"Inicio\",\"item\":\"https:\/\/www.riwal.com\/es\/\"},{\"@type\":\"ListItem\",\"position\":2,\"name\":\"Calculadora de emisiones\"}]},{\"@type\":\"WebSite\",\"@id\":\"https:\/\/www.riwal.com\/es\/#website\",\"url\":\"https:\/\/www.riwal.com\/es\/\",\"name\":\"Riwal\",\"description\":\"Arial work platform &amp; Telehandler Rental\/Sales\",\"publisher\":{\"@id\":\"https:\/\/www.riwal.com\/es\/#organization\"},\"potentialAction\":[{\"@type\":\"SearchAction\",\"target\":{\"@type\":\"EntryPoint\",\"urlTemplate\":\"https:\/\/www.riwal.com\/es\/?s={search_term_string}\"},\"query-input\":{\"@type\":\"PropertyValueSpecification\",\"valueRequired\":true,\"valueName\":\"search_term_string\"}}],\"inLanguage\":\"es\"},{\"@type\":\"Organization\",\"@id\":\"https:\/\/www.riwal.com\/es\/#organization\",\"name\":\"Riwal\",\"url\":\"https:\/\/www.riwal.com\/es\/\",\"logo\":{\"@type\":\"ImageObject\",\"inLanguage\":\"es\",\"@id\":\"https:\/\/www.riwal.com\/es\/#\/schema\/logo\/image\/\",\"url\":\"\",\"contentUrl\":\"\",\"caption\":\"Riwal\"},\"image\":{\"@id\":\"https:\/\/www.riwal.com\/es\/#\/schema\/logo\/image\/\"}}]}<\/script>\n<!-- \/ Yoast SEO Premium plugin. -->","yoast_head_json":{"title":"Calculadora de emisiones - Riwal Espa\u00f1a","robots":{"index":"index","follow":"follow","max-snippet":"max-snippet:-1","max-image-preview":"max-image-preview:large","max-video-preview":"max-video-preview:-1"},"canonical":"https:\/\/www.riwal.com\/es\/calculadora-de-emisiones\/","og_locale":"es_ES","og_type":"article","og_title":"Calculadora de emisiones","og_description":"Calcula tus emisiones antes de alquilar En Riwal, entendemos lo importante que es minimizar la huella de carbono de tu proyecto. Por eso hemos desarrollado la Calculadora de Emisiones para que puedas hacer una estimaci\u00f3n precisa de las emisiones de las m\u00e1quinas que quieres alquilar con antelaci\u00f3n. Esto te permite entender mejor el impacto ecol\u00f3gico &hellip; Continuado","og_url":"https:\/\/www.riwal.com\/es\/calculadora-de-emisiones\/","og_site_name":"Riwal Espa\u00f1a","article_modified_time":"2024-09-26T05:20:09+00:00","twitter_card":"summary_large_image","twitter_misc":{"Est. reading time":"3 minutos"},"schema":{"@context":"https:\/\/schema.org","@graph":[{"@type":"WebPage","@id":"https:\/\/www.riwal.com\/es\/calculadora-de-emisiones\/","url":"https:\/\/www.riwal.com\/es\/calculadora-de-emisiones\/","name":"Calculadora de emisiones - Riwal Espa\u00f1a","isPartOf":{"@id":"https:\/\/www.riwal.com\/es\/#website"},"datePublished":"2024-09-24T13:37:57+00:00","dateModified":"2024-09-26T05:20:09+00:00","breadcrumb":{"@id":"https:\/\/www.riwal.com\/es\/calculadora-de-emisiones\/#breadcrumb"},"inLanguage":"es","potentialAction":[{"@type":"ReadAction","target":["https:\/\/www.riwal.com\/es\/calculadora-de-emisiones\/"]}]},{"@type":"BreadcrumbList","@id":"https:\/\/www.riwal.com\/es\/calculadora-de-emisiones\/#breadcrumb","itemListElement":[{"@type":"ListItem","position":1,"name":"Inicio","item":"https:\/\/www.riwal.com\/es\/"},{"@type":"ListItem","position":2,"name":"Calculadora de emisiones"}]},{"@type":"WebSite","@id":"https:\/\/www.riwal.com\/es\/#website","url":"https:\/\/www.riwal.com\/es\/","name":"Riwal","description":"Arial work platform &amp; Telehandler Rental\/Sales","publisher":{"@id":"https:\/\/www.riwal.com\/es\/#organization"},"potentialAction":[{"@type":"SearchAction","target":{"@type":"EntryPoint","urlTemplate":"https:\/\/www.riwal.com\/es\/?s={search_term_string}"},"query-input":{"@type":"PropertyValueSpecification","valueRequired":true,"valueName":"search_term_string"}}],"inLanguage":"es"},{"@type":"Organization","@id":"https:\/\/www.riwal.com\/es\/#organization","name":"Riwal","url":"https:\/\/www.riwal.com\/es\/","logo":{"@type":"ImageObject","inLanguage":"es","@id":"https:\/\/www.riwal.com\/es\/#\/schema\/logo\/image\/","url":"","contentUrl":"","caption":"Riwal"},"image":{"@id":"https:\/\/www.riwal.com\/es\/#\/schema\/logo\/image\/"}}]}},"_links":{"self":[{"href":"https:\/\/www.riwal.com\/es\/wp-json\/wp\/v2\/pages\/10676","targetHints":{"allow":["GET"]}}],"collection":[{"href":"https:\/\/www.riwal.com\/es\/wp-json\/wp\/v2\/pages"}],"about":[{"href":"https:\/\/www.riwal.com\/es\/wp-json\/wp\/v2\/types\/page"}],"author":[{"embeddable":true,"href":"https:\/\/www.riwal.com\/es\/wp-json\/wp\/v2\/users\/47"}],"replies":[{"embeddable":true,"href":"https:\/\/www.riwal.com\/es\/wp-json\/wp\/v2\/comments?post=10676"}],"version-history":[{"count":5,"href":"https:\/\/www.riwal.com\/es\/wp-json\/wp\/v2\/pages\/10676\/revisions"}],"predecessor-version":[{"id":11469,"href":"https:\/\/www.riwal.com\/es\/wp-json\/wp\/v2\/pages\/10676\/revisions\/11469"}],"wp:attachment":[{"href":"https:\/\/www.riwal.com\/es\/wp-json\/wp\/v2\/media?parent=10676"}],"curies":[{"name":"wp","href":"https:\/\/api.w.org\/{rel}","templated":true}]}}