{"id":4434,"date":"2023-11-07T14:50:30","date_gmt":"2023-11-07T14:50:30","guid":{"rendered":"https:\/\/www.riwal.com\/de\/?page_id=4434"},"modified":"2024-04-26T12:24:17","modified_gmt":"2024-04-26T10:24:17","slug":"my-riwal","status":"publish","type":"page","link":"https:\/\/www.riwal.com\/de\/my-riwal\/","title":{"rendered":"My Riwal"},"content":{"rendered":"<div class=\"rental-wp-default-block rental-theme-block-default-margin\">\n\t\t\t\t\t\t\t\t<div class=\"container\">\n<div class=\"wp-block-rental-theme-title-text rental-theme-block-default-margin\">\n\t<div class=\"wp-block-rental-theme-title-text__container\">\n\t\t<div class=\"wp-block-rental-theme-title-text__wrapper\">\n\t\t\t<h1 class='wp-block-rental-theme-title-text__title'>My Riwal: <br>So geht mieten heute<\/h1>\t\t<\/div>\n\t\t<div class='wp-block-rental-theme-title-text__text'>\n\n<p><strong>My Riwal ist unser neues, innovatives Online-Portal, \u00fcber das Sie jederzeit und von \u00fcberall Zugriff auf Ihre Leihger\u00e4te sowie alle unsere Services haben. Dabei k\u00f6nnen Sie My Riwal sowohl \u00fcber die Desktopvariante an Ihrem Rechner oder Laptop nutzen oder auf Ihrem Smartphone bzw. Tablet mittels der My Riwal App.<\/strong><\/p>\n\n\n\n<p><strong>Benutzerfreundlich und intuitiv dargestellt, k\u00f6nnen Sie schnell und einfach alle wichtigen Funktionen und Informationen zu Ihren gemieteten Maschinen abrufen. Dazu geh\u00f6ren zum Beispiel die Vermietungshistorie sowie die M\u00f6glichkeit, Maschinen direkt zu mieten, Mieten zu verl\u00e4ngern oder Maschinen abzumelden und zur Abholung anzuk\u00fcndigen.<\/strong><\/p>\n\n\n\n<div class=\"wp-block-button\"><a class=\"wp-block-button__link wp-element-button\" href=\"https:\/\/www.myriwal.com\/\" target=\"_blank\" rel=\"noreferrer noopener\">Jetzt kostenlos anmelden<\/a><\/div>\n\n\n\n<div class=\"wp-block-button\"><a class=\"wp-block-button__link wp-element-button\" href=\"https:\/\/play.google.com\/store\/apps\/details?id=com.riwal.rentalapp&amp;hl=de&amp;gl=US\" target=\"_blank\" rel=\"noreferrer noopener\">App auf Google Play<\/a><\/div>\n\n\n\n<div class=\"wp-block-button\"><a class=\"wp-block-button__link wp-element-button\" href=\"https:\/\/apps.apple.com\/gb\/app\/my-riwal\/id1595448220\" target=\"_blank\" rel=\"noreferrer noopener\">App im App Store<\/a><\/div>\n\n<\/div>\n\t<\/div>\n<\/div><\/div>\n\t\t\t\t\t\t\t<\/div> \n\n<div class=\"rental-wp-default-block rental-theme-block-default-margin\">\n\t\t\t\t\t\t\t\t<div class=\"container\">\n<div class=\"wp-block-columns is-layout-flex wp-container-core-columns-is-layout-28f84493 wp-block-columns-is-layout-flex\">\n<div class=\"wp-block-column is-layout-flow wp-block-column-is-layout-flow\">\n<h2 class=\"wp-block-heading\" id=\"h-immer-die-beste-losung\">Immer die beste L\u00f6sung<\/h2>\n\n\n\n<p>My Riwal ist auf die Inhalte unserer Website riwal.com abgestimmt und steht Ihnen rund um die Uhr zur Verf\u00fcgung. Suchen Sie nach passenden Maschinen, sehen Sie sich Maschinenspezifikationen an, vergleichen Sie verschiedene Typen und mieten Sie ganz einfach, indem Sie Ihre Daten sowie das Mietdatum eingeben. Auftrag erledigt? Noch nie ging das Abmelden so schnell: Mit einem Klick k\u00f6nnen Sie die Maschine sofort abmelden, wenn sie nicht mehr gebraucht wird. Nachbestellen? W\u00e4hlen Sie einfach eine zuvor gemietete Maschine aus. <\/p>\n<\/div>\n\n\n\n<div class=\"wp-block-column is-layout-flow wp-block-column-is-layout-flow\">\n<figure class=\"wp-block-image size-large\"><img loading=\"lazy\" decoding=\"async\" width=\"1024\" height=\"609\" src=\"https:\/\/eqsk4m2dkju.exactdn.com\/app\/uploads\/sites\/8\/2024\/04\/My-Riwal-Visual-website-1-1024x609.png?strip=all&quality=92&webp=92&avif=80&sharp=1\" alt=\"\" class=\"wp-image-20404\" srcset=\"https:\/\/eqsk4m2dkju.exactdn.com\/app\/uploads\/sites\/8\/2024\/04\/My-Riwal-Visual-website-1-1024x609.png?strip=all&amp;quality=92&amp;webp=92&amp;avif=80&amp;sharp=1 1024w, https:\/\/eqsk4m2dkju.exactdn.com\/app\/uploads\/sites\/8\/2024\/04\/My-Riwal-Visual-website-1-300x179.png?strip=all&amp;quality=92&amp;webp=92&amp;avif=80&amp;sharp=1 300w, https:\/\/eqsk4m2dkju.exactdn.com\/app\/uploads\/sites\/8\/2024\/04\/My-Riwal-Visual-website-1-768x457.png?strip=all&amp;quality=92&amp;webp=92&amp;avif=80&amp;sharp=1 768w, https:\/\/eqsk4m2dkju.exactdn.com\/app\/uploads\/sites\/8\/2024\/04\/My-Riwal-Visual-website-1-1536x914.png?strip=all&amp;quality=92&amp;webp=92&amp;avif=80&amp;sharp=1 1536w, https:\/\/eqsk4m2dkju.exactdn.com\/app\/uploads\/sites\/8\/2024\/04\/My-Riwal-Visual-website-1-2048x1219.png?strip=all&amp;quality=92&amp;webp=92&amp;avif=80&amp;sharp=1 2048w, https:\/\/eqsk4m2dkju.exactdn.com\/app\/uploads\/sites\/8\/2024\/04\/My-Riwal-Visual-website-1-178x106.png?strip=all&amp;quality=92&amp;webp=92&amp;avif=80&amp;sharp=1 178w, https:\/\/eqsk4m2dkju.exactdn.com\/app\/uploads\/sites\/8\/2024\/04\/My-Riwal-Visual-website-1-1440x857.png?strip=all&amp;quality=92&amp;webp=92&amp;avif=80&amp;sharp=1 1440w, https:\/\/eqsk4m2dkju.exactdn.com\/app\/uploads\/sites\/8\/2024\/04\/My-Riwal-Visual-website-1-390x232.png?strip=all&amp;quality=92&amp;webp=92&amp;avif=80&amp;sharp=1 390w, https:\/\/eqsk4m2dkju.exactdn.com\/app\/uploads\/sites\/8\/2024\/04\/My-Riwal-Visual-website-1-830x494.png?strip=all&amp;quality=92&amp;webp=92&amp;avif=80&amp;sharp=1 830w, https:\/\/eqsk4m2dkju.exactdn.com\/app\/uploads\/sites\/8\/2024\/04\/My-Riwal-Visual-website-1-250x149.png?strip=all&amp;quality=92&amp;webp=92&amp;avif=80&amp;sharp=1 250w, https:\/\/eqsk4m2dkju.exactdn.com\/app\/uploads\/sites\/8\/2024\/04\/My-Riwal-Visual-website-1-620x369.png?strip=all&amp;quality=92&amp;webp=92&amp;avif=80&amp;sharp=1 620w, https:\/\/eqsk4m2dkju.exactdn.com\/app\/uploads\/sites\/8\/2024\/04\/My-Riwal-Visual-website-1-237x141.png?strip=all&amp;quality=92&amp;webp=92&amp;avif=80&amp;sharp=1 237w, https:\/\/eqsk4m2dkju.exactdn.com\/app\/uploads\/sites\/8\/2024\/04\/My-Riwal-Visual-website-1-474x282.png?strip=all&amp;quality=92&amp;webp=92&amp;avif=80&amp;sharp=1 474w, https:\/\/eqsk4m2dkju.exactdn.com\/app\/uploads\/sites\/8\/2024\/04\/My-Riwal-Visual-website-1.png?strip=all&amp;quality=92&amp;webp=92&amp;avif=80&amp;sharp=1&amp;w=960 960w, https:\/\/eqsk4m2dkju.exactdn.com\/app\/uploads\/sites\/8\/2024\/04\/My-Riwal-Visual-website-1.png?strip=all&amp;quality=92&amp;webp=92&amp;avif=80&amp;sharp=1&amp;w=1920 1920w, https:\/\/eqsk4m2dkju.exactdn.com\/app\/uploads\/sites\/8\/2024\/04\/My-Riwal-Visual-website-1.png?strip=all&amp;quality=92&amp;webp=92&amp;avif=80&amp;sharp=1 2400w\" sizes=\"auto, (max-width: 1024px) 100vw, 1024px\" \/><\/figure>\n<\/div>\n<\/div>\n<\/div>\n\t\t\t\t\t\t\t<\/div> \n\n<div class=\"wp-block-rental-theme-featured rental-theme-block-default-padding\">\n\t<div class=\"container\">\n\t\t<div class=\"wp-block-rental-theme-featured-container\">\n\t\t\t<div class=\"wp-block-rental-theme-featured__image\">\n\t\t\t\t<div class=\"wp-block-rental-theme-featured-image-container\">\n\t\t\t\t\t\t\t\t\t\t\t<div class=\"main-image\">\n\t\t\t\t\t\t\t<img loading=\"lazy\" decoding=\"async\" width=\"620\" height=\"440\" src=\"https:\/\/eqsk4m2dkju.exactdn.com\/app\/uploads\/sites\/8\/2024\/04\/My-Riwal-Visual-website-3-620x440.jpg?strip=all&amp;quality=92&amp;webp=92&amp;avif=80&amp;sharp=1\" class=\"attachment-featured_block_image size-featured_block_image\" alt=\"\" srcset=\"https:\/\/eqsk4m2dkju.exactdn.com\/app\/uploads\/sites\/8\/2024\/04\/My-Riwal-Visual-website-3-620x440.jpg?strip=all&amp;quality=92&amp;webp=92&amp;avif=80&amp;sharp=1 620w, https:\/\/eqsk4m2dkju.exactdn.com\/app\/uploads\/sites\/8\/2024\/04\/My-Riwal-Visual-website-3-300x213.jpg?strip=all&amp;quality=92&amp;webp=92&amp;avif=80&amp;sharp=1 300w, https:\/\/eqsk4m2dkju.exactdn.com\/app\/uploads\/sites\/8\/2024\/04\/My-Riwal-Visual-website-3-1024x727.jpg?strip=all&amp;quality=92&amp;webp=92&amp;avif=80&amp;sharp=1 1024w, https:\/\/eqsk4m2dkju.exactdn.com\/app\/uploads\/sites\/8\/2024\/04\/My-Riwal-Visual-website-3-768x545.jpg?strip=all&amp;quality=92&amp;webp=92&amp;avif=80&amp;sharp=1 768w, https:\/\/eqsk4m2dkju.exactdn.com\/app\/uploads\/sites\/8\/2024\/04\/My-Riwal-Visual-website-3-1536x1090.jpg?strip=all&amp;quality=92&amp;webp=92&amp;avif=80&amp;sharp=1 1536w, https:\/\/eqsk4m2dkju.exactdn.com\/app\/uploads\/sites\/8\/2024\/04\/My-Riwal-Visual-website-3-2048x1454.jpg?strip=all&amp;quality=92&amp;webp=92&amp;avif=80&amp;sharp=1 2048w, https:\/\/eqsk4m2dkju.exactdn.com\/app\/uploads\/sites\/8\/2024\/04\/My-Riwal-Visual-website-3-178x126.jpg?strip=all&amp;quality=92&amp;webp=92&amp;avif=80&amp;sharp=1 178w, https:\/\/eqsk4m2dkju.exactdn.com\/app\/uploads\/sites\/8\/2024\/04\/My-Riwal-Visual-website-3-1303x925.jpg?strip=all&amp;quality=92&amp;webp=92&amp;avif=80&amp;sharp=1 1303w, https:\/\/eqsk4m2dkju.exactdn.com\/app\/uploads\/sites\/8\/2024\/04\/My-Riwal-Visual-website-3-390x277.jpg?strip=all&amp;quality=92&amp;webp=92&amp;avif=80&amp;sharp=1 390w, https:\/\/eqsk4m2dkju.exactdn.com\/app\/uploads\/sites\/8\/2024\/04\/My-Riwal-Visual-website-3-830x589.jpg?strip=all&amp;quality=92&amp;webp=92&amp;avif=80&amp;sharp=1 830w, https:\/\/eqsk4m2dkju.exactdn.com\/app\/uploads\/sites\/8\/2024\/04\/My-Riwal-Visual-website-3-250x177.jpg?strip=all&amp;quality=92&amp;webp=92&amp;avif=80&amp;sharp=1 250w, https:\/\/eqsk4m2dkju.exactdn.com\/app\/uploads\/sites\/8\/2024\/04\/My-Riwal-Visual-website-3-237x168.jpg?strip=all&amp;quality=92&amp;webp=92&amp;avif=80&amp;sharp=1 237w, https:\/\/eqsk4m2dkju.exactdn.com\/app\/uploads\/sites\/8\/2024\/04\/My-Riwal-Visual-website-3-474x336.jpg?strip=all&amp;quality=92&amp;webp=92&amp;avif=80&amp;sharp=1 474w, https:\/\/eqsk4m2dkju.exactdn.com\/app\/uploads\/sites\/8\/2024\/04\/My-Riwal-Visual-website-3.jpg?strip=all&amp;quality=92&amp;webp=92&amp;avif=80&amp;sharp=1&amp;w=901 901w, https:\/\/eqsk4m2dkju.exactdn.com\/app\/uploads\/sites\/8\/2024\/04\/My-Riwal-Visual-website-3.jpg?strip=all&amp;quality=92&amp;webp=92&amp;avif=80&amp;sharp=1&amp;w=1803 1803w, https:\/\/eqsk4m2dkju.exactdn.com\/app\/uploads\/sites\/8\/2024\/04\/My-Riwal-Visual-website-3.jpg?strip=all&amp;quality=92&amp;webp=92&amp;avif=80&amp;sharp=1 2254w\" sizes=\"auto, (max-width: 620px) 100vw, 620px\" \/>\t\t\t\t\t\t<\/div>\n\t\t\t\t\t\t\t\t\t\t<div class=\"wp-block-rental-theme-featured-image-container__subtext\">\n\t\t\t\t\t\t\t\t\t\t\t<\/div>\n\t\t\t\t<\/div>\n\t\t\t<\/div>\n\t\t\t<div class=\"wp-block-rental-theme-featured-content\">\n\t\t\t\t<div>\n\t\t\t\t\t<h2 class=\"wp-block-rental-theme-featured-title\">Verwalten Sie Ihre Flotte<\/h2>\n\t\t\t\t\t<div class=\"wp-block-rental-theme-featured-text\">\n\n<p>My Riwal bietet weit mehr als nur eine \u00dcbersicht ihrer gemieteten Maschinen. Behalten Sie jederzeit den \u00dcberblick mit Echtzeit\u00fcberwachung und herunterladbaren Daten:<\/p>\n\n\n\n<ul class=\"wp-block-list\">\n<li>\u00dcberpr\u00fcfen Sie Ihre Vermietungshistorie mit allen Maschineninformationen zu aktuellen und fr\u00fcheren Auftr\u00e4gen.<\/li>\n\n\n\n<li>Unterscheiden Sie zwischen angemieteten, abholbereiten und in Lieferung befindlichen Maschinen.<\/li>\n\n\n\n<li>Pr\u00fcfen Sie, \u00fcber welche Maschinen Sie bei gro\u00dfen gemeinsamen Projekten verf\u00fcgen k\u00f6nnen.<\/li>\n\n\n\n<li>Verbessern Sie die Produktivit\u00e4t Ihrer Baustelle und sparen Sie Transportkosten.<\/li>\n\n\n\n<li>Erhalten Sie die neuesten Informationen und Berichte \u00fcber Betriebsstunden, Energieverbrauch und Emissionen.<\/li>\n\n\n\n<li>\u00dcberwachen Sie die j\u00e4hrlichen Ausgaben.<\/li>\n\n\n\n<li>Finden und kontaktieren Sie Ihren Riwal Account Manager.<\/li>\n<\/ul>\n\n<\/div>\n\t\t\t\t<\/div>\n\t\t\t<\/div>\n\t\t<\/div>\n\t<\/div>\n<\/div>\n\n\n<div class=\"rental-wp-default-block rental-theme-block-default-margin\">\n\t\t\t\t\t\t\t\t<div class=\"container\">\n<div class=\"wp-block-columns is-layout-flex wp-container-core-columns-is-layout-28f84493 wp-block-columns-is-layout-flex\">\n<div class=\"wp-block-column is-layout-flow wp-block-column-is-layout-flow\" style=\"flex-basis:33.33%\">\n<h2 class=\"wp-block-heading\" id=\"h-track-and-trace\">Track and trace<\/h2>\n<\/div>\n\n\n\n<div class=\"wp-block-column is-layout-flow wp-block-column-is-layout-flow\" style=\"flex-basis:66.66%\">\n<p>Mit My Riwal bleiben Sie immer auf dem Laufenden: Die Tracking-Einheiten unserer Flotte zeigen in Echtzeit an, wo sich jede Maschine genau befindet und ob sie im Einsatz ist. Sie ben\u00f6tigen detaillierte Maschineninformationen? \u00dcberpr\u00fcfen Sie den Status direkt auf der Karte. Sofort ausmieten? Nutzen Sie unsere Vor-Ort-Optionen und vermeiden Sie zus\u00e4tzliche Kosten.<\/p>\n<\/div>\n<\/div>\n<\/div>\n\t\t\t\t\t\t\t<\/div> \n\n<div class=\"container\">\n<p><\/p>\n<\/div>\n\n<div class=\"rental-wp-default-block rental-theme-block-default-margin\">\n\t\t\t\t\t\t\t\t<div class=\"container\">\n<div class=\"wp-block-columns is-layout-flex wp-container-core-columns-is-layout-28f84493 wp-block-columns-is-layout-flex\">\n<div class=\"wp-block-column is-layout-flow wp-block-column-is-layout-flow\">\n<h2 class=\"wp-block-heading\" id=\"h-schnelle-datenabfragen\">Schnelle Datenabfragen<\/h2>\n\n\n\n<p>Um Ihre gesamte Mietaktivit\u00e4t einfacher und effizienter zu verwalten, bietet My Riwal Zugang zu allen relevanten Informationen. Lassen Sie sich die gew\u00fcnschten Informationen einfach anzeigen oder laden Sie sie als PDF- oder Excel-Dokument herunter. Weitere Vorteile sind:<\/p>\n\n\n\n<ul class=\"wp-block-list\">\n<li>Alle Rechnungen und Kostenvoranschl\u00e4ge, einschlie\u00dflich ihres Zahlungsstatus, sind an einem Ort verf\u00fcgbar.<\/li>\n\n\n\n<li>Pr\u00fcfen Sie online Maschinendokumentationen, Nutzungsberichte und Mietdetails.<\/li>\n\n\n\n<li>Laden Sie Daten zu Kraftstoffverbrauch und CO2-Emissionen f\u00fcr Nachhaltigkeitszertifizierungen herunter.<\/li>\n\n\n\n<li>Erhalten Sie Zugang zu Produktspezifikationen, CE-Zertifikaten und Pr\u00fcfdokumenten.<\/li>\n<\/ul>\n<\/div>\n\n\n\n<div class=\"wp-block-column is-layout-flow wp-block-column-is-layout-flow\">\n<h2 class=\"wp-block-heading\" id=\"h-scan-and-go\">Scan and go<\/h2>\n\n\n\n<p>My Riwal sammelt alle Daten, die Sie ben\u00f6tigen, um die Produktivit\u00e4t auf der Baustelle und das Kundenerlebnis zu verbessern. Die einfachste Art, Mietdetails zu verwalten, ist die Verwendung unseres QR-Scanners. Scannen Sie den QR-Code auf unseren Maschinen, um auf alle Informationen zuzugreifen, \u00c4nderungen an Ihrer Bestellung vorzunehmen, die Miete zu k\u00fcndigen oder eine Panne zu melden, indem Sie ein Bild direkt von der Baustelle senden.<\/p>\n\n\n\n<p>My Riwal ist in allen europ\u00e4ischen Niederlassungen von Riwal in der jeweiligen Landessprache verf\u00fcgbar. Laden Sie es jetzt herunter:<\/p>\n\n\n\n<div class=\"wp-block-buttons is-layout-flex wp-block-buttons-is-layout-flex\">\n<div class=\"wp-block-button\"><a class=\"wp-block-button__link wp-element-button\" href=\"https:\/\/play.google.com\/store\/apps\/details?id=com.riwal.rentalapp&amp;hl=de&amp;gl=US\" target=\"_blank\" rel=\"noreferrer noopener\">Google Play<\/a><\/div>\n\n\n\n<div class=\"wp-block-button\"><a class=\"wp-block-button__link wp-element-button\" href=\"https:\/\/apps.apple.com\/gb\/app\/my-riwal\/id1595448220\" target=\"_blank\" rel=\"noreferrer noopener\">App Store<\/a><\/div>\n\n\n\n<div class=\"wp-block-button\"><a class=\"wp-block-button__link wp-element-button\" href=\"https:\/\/www.myriwal.com\/\" target=\"_blank\" rel=\"noreferrer noopener\">Desktop-Zugang anfordern<\/a><\/div>\n<\/div>\n<\/div>\n<\/div>\n<\/div>\n\t\t\t\t\t\t\t<\/div> ","protected":false},"excerpt":{"rendered":"<p>Immer die beste L\u00f6sung My Riwal ist auf die Inhalte unserer Website riwal.com abgestimmt und steht Ihnen rund um die Uhr zur Verf\u00fcgung. Suchen Sie nach passenden Maschinen, sehen Sie sich Maschinenspezifikationen an, vergleichen Sie verschiedene Typen und mieten Sie ganz einfach, indem Sie Ihre Daten sowie das Mietdatum eingeben. Auftrag erledigt? Noch nie ging &hellip; <a href=\"https:\/\/www.riwal.com\/de\/my-riwal\/\">Weiter<\/a><\/p>\n","protected":false},"author":15,"featured_media":0,"parent":0,"menu_order":0,"comment_status":"closed","ping_status":"closed","template":"","meta":{"_acf_changed":false,"footnotes":""},"class_list":["post-4434","page","type-page","status-publish","hentry"],"acf":[],"yoast_head":"<!-- This site is optimized with the Yoast SEO Premium plugin v27.1 (Yoast SEO v27.1.1) - https:\/\/yoast.com\/product\/yoast-seo-premium-wordpress\/ -->\n<title>My Riwal - Riwal - Deutschland<\/title>\n<meta name=\"robots\" content=\"index, follow, max-snippet:-1, max-image-preview:large, max-video-preview:-1\" \/>\n<link rel=\"canonical\" href=\"https:\/\/www.riwal.com\/de\/my-riwal\/\" \/>\n<meta property=\"og:locale\" content=\"de_DE\" \/>\n<meta property=\"og:type\" content=\"article\" \/>\n<meta property=\"og:title\" content=\"My Riwal\" \/>\n<meta property=\"og:description\" content=\"Immer die beste L\u00f6sung My Riwal ist auf die Inhalte unserer Website riwal.com abgestimmt und steht Ihnen rund um die Uhr zur Verf\u00fcgung. Suchen Sie nach passenden Maschinen, sehen Sie sich Maschinenspezifikationen an, vergleichen Sie verschiedene Typen und mieten Sie ganz einfach, indem Sie Ihre Daten sowie das Mietdatum eingeben. Auftrag erledigt? Noch nie ging &hellip; Weiter\" \/>\n<meta property=\"og:url\" content=\"https:\/\/www.riwal.com\/de\/my-riwal\/\" \/>\n<meta property=\"og:site_name\" content=\"Riwal - Deutschland\" \/>\n<meta property=\"article:modified_time\" content=\"2024-04-26T10:24:17+00:00\" \/>\n<meta property=\"og:image\" content=\"https:\/\/www.riwal.com\/app\/uploads\/sites\/8\/2024\/04\/My-Riwal-Visual-website-1-1024x609.png\" \/>\n<meta name=\"twitter:card\" content=\"summary_large_image\" \/>\n<meta name=\"twitter:label1\" content=\"Est. reading time\" \/>\n\t<meta name=\"twitter:data1\" content=\"3\u00a0Minuten\" \/>\n<script type=\"application\/ld+json\" class=\"yoast-schema-graph\">{\"@context\":\"https:\/\/schema.org\",\"@graph\":[{\"@type\":\"WebPage\",\"@id\":\"https:\/\/www.riwal.com\/de\/my-riwal\/\",\"url\":\"https:\/\/www.riwal.com\/de\/my-riwal\/\",\"name\":\"My Riwal - Riwal - Deutschland\",\"isPartOf\":{\"@id\":\"https:\/\/www.riwal.com\/de\/#website\"},\"primaryImageOfPage\":{\"@id\":\"https:\/\/www.riwal.com\/de\/my-riwal\/#primaryimage\"},\"image\":{\"@id\":\"https:\/\/www.riwal.com\/de\/my-riwal\/#primaryimage\"},\"thumbnailUrl\":\"https:\/\/www.riwal.com\/app\/uploads\/sites\/8\/2024\/04\/My-Riwal-Visual-website-1-1024x609.png\",\"datePublished\":\"2023-11-07T14:50:30+00:00\",\"dateModified\":\"2024-04-26T10:24:17+00:00\",\"breadcrumb\":{\"@id\":\"https:\/\/www.riwal.com\/de\/my-riwal\/#breadcrumb\"},\"inLanguage\":\"de\",\"potentialAction\":[{\"@type\":\"ReadAction\",\"target\":[\"https:\/\/www.riwal.com\/de\/my-riwal\/\"]}]},{\"@type\":\"ImageObject\",\"inLanguage\":\"de\",\"@id\":\"https:\/\/www.riwal.com\/de\/my-riwal\/#primaryimage\",\"url\":\"https:\/\/www.riwal.com\/app\/uploads\/sites\/8\/2024\/04\/My-Riwal-Visual-website-1-1024x609.png\",\"contentUrl\":\"https:\/\/www.riwal.com\/app\/uploads\/sites\/8\/2024\/04\/My-Riwal-Visual-website-1-1024x609.png\"},{\"@type\":\"BreadcrumbList\",\"@id\":\"https:\/\/www.riwal.com\/de\/my-riwal\/#breadcrumb\",\"itemListElement\":[{\"@type\":\"ListItem\",\"position\":1,\"name\":\"Home\",\"item\":\"https:\/\/www.riwal.com\/de\/\"},{\"@type\":\"ListItem\",\"position\":2,\"name\":\"My Riwal\"}]},{\"@type\":\"WebSite\",\"@id\":\"https:\/\/www.riwal.com\/de\/#website\",\"url\":\"https:\/\/www.riwal.com\/de\/\",\"name\":\"Riwal\",\"description\":\"Arial work platform &amp; Telehandler Rental\/Sales\",\"publisher\":{\"@id\":\"https:\/\/www.riwal.com\/de\/#organization\"},\"potentialAction\":[{\"@type\":\"SearchAction\",\"target\":{\"@type\":\"EntryPoint\",\"urlTemplate\":\"https:\/\/www.riwal.com\/de\/?s={search_term_string}\"},\"query-input\":{\"@type\":\"PropertyValueSpecification\",\"valueRequired\":true,\"valueName\":\"search_term_string\"}}],\"inLanguage\":\"de\"},{\"@type\":\"Organization\",\"@id\":\"https:\/\/www.riwal.com\/de\/#organization\",\"name\":\"Riwal\",\"url\":\"https:\/\/www.riwal.com\/de\/\",\"logo\":{\"@type\":\"ImageObject\",\"inLanguage\":\"de\",\"@id\":\"https:\/\/www.riwal.com\/de\/#\/schema\/logo\/image\/\",\"url\":\"\",\"contentUrl\":\"\",\"caption\":\"Riwal\"},\"image\":{\"@id\":\"https:\/\/www.riwal.com\/de\/#\/schema\/logo\/image\/\"}}]}<\/script>\n<!-- \/ Yoast SEO Premium plugin. -->","yoast_head_json":{"title":"My Riwal - Riwal - Deutschland","robots":{"index":"index","follow":"follow","max-snippet":"max-snippet:-1","max-image-preview":"max-image-preview:large","max-video-preview":"max-video-preview:-1"},"canonical":"https:\/\/www.riwal.com\/de\/my-riwal\/","og_locale":"de_DE","og_type":"article","og_title":"My Riwal","og_description":"Immer die beste L\u00f6sung My Riwal ist auf die Inhalte unserer Website riwal.com abgestimmt und steht Ihnen rund um die Uhr zur Verf\u00fcgung. Suchen Sie nach passenden Maschinen, sehen Sie sich Maschinenspezifikationen an, vergleichen Sie verschiedene Typen und mieten Sie ganz einfach, indem Sie Ihre Daten sowie das Mietdatum eingeben. Auftrag erledigt? Noch nie ging &hellip; Weiter","og_url":"https:\/\/www.riwal.com\/de\/my-riwal\/","og_site_name":"Riwal - Deutschland","article_modified_time":"2024-04-26T10:24:17+00:00","og_image":[{"url":"https:\/\/www.riwal.com\/app\/uploads\/sites\/8\/2024\/04\/My-Riwal-Visual-website-1-1024x609.png","type":"","width":"","height":""}],"twitter_card":"summary_large_image","twitter_misc":{"Est. reading time":"3\u00a0Minuten"},"schema":{"@context":"https:\/\/schema.org","@graph":[{"@type":"WebPage","@id":"https:\/\/www.riwal.com\/de\/my-riwal\/","url":"https:\/\/www.riwal.com\/de\/my-riwal\/","name":"My Riwal - Riwal - Deutschland","isPartOf":{"@id":"https:\/\/www.riwal.com\/de\/#website"},"primaryImageOfPage":{"@id":"https:\/\/www.riwal.com\/de\/my-riwal\/#primaryimage"},"image":{"@id":"https:\/\/www.riwal.com\/de\/my-riwal\/#primaryimage"},"thumbnailUrl":"https:\/\/www.riwal.com\/app\/uploads\/sites\/8\/2024\/04\/My-Riwal-Visual-website-1-1024x609.png","datePublished":"2023-11-07T14:50:30+00:00","dateModified":"2024-04-26T10:24:17+00:00","breadcrumb":{"@id":"https:\/\/www.riwal.com\/de\/my-riwal\/#breadcrumb"},"inLanguage":"de","potentialAction":[{"@type":"ReadAction","target":["https:\/\/www.riwal.com\/de\/my-riwal\/"]}]},{"@type":"ImageObject","inLanguage":"de","@id":"https:\/\/www.riwal.com\/de\/my-riwal\/#primaryimage","url":"https:\/\/www.riwal.com\/app\/uploads\/sites\/8\/2024\/04\/My-Riwal-Visual-website-1-1024x609.png","contentUrl":"https:\/\/www.riwal.com\/app\/uploads\/sites\/8\/2024\/04\/My-Riwal-Visual-website-1-1024x609.png"},{"@type":"BreadcrumbList","@id":"https:\/\/www.riwal.com\/de\/my-riwal\/#breadcrumb","itemListElement":[{"@type":"ListItem","position":1,"name":"Home","item":"https:\/\/www.riwal.com\/de\/"},{"@type":"ListItem","position":2,"name":"My Riwal"}]},{"@type":"WebSite","@id":"https:\/\/www.riwal.com\/de\/#website","url":"https:\/\/www.riwal.com\/de\/","name":"Riwal","description":"Arial work platform &amp; Telehandler Rental\/Sales","publisher":{"@id":"https:\/\/www.riwal.com\/de\/#organization"},"potentialAction":[{"@type":"SearchAction","target":{"@type":"EntryPoint","urlTemplate":"https:\/\/www.riwal.com\/de\/?s={search_term_string}"},"query-input":{"@type":"PropertyValueSpecification","valueRequired":true,"valueName":"search_term_string"}}],"inLanguage":"de"},{"@type":"Organization","@id":"https:\/\/www.riwal.com\/de\/#organization","name":"Riwal","url":"https:\/\/www.riwal.com\/de\/","logo":{"@type":"ImageObject","inLanguage":"de","@id":"https:\/\/www.riwal.com\/de\/#\/schema\/logo\/image\/","url":"","contentUrl":"","caption":"Riwal"},"image":{"@id":"https:\/\/www.riwal.com\/de\/#\/schema\/logo\/image\/"}}]}},"_links":{"self":[{"href":"https:\/\/www.riwal.com\/de\/wp-json\/wp\/v2\/pages\/4434","targetHints":{"allow":["GET"]}}],"collection":[{"href":"https:\/\/www.riwal.com\/de\/wp-json\/wp\/v2\/pages"}],"about":[{"href":"https:\/\/www.riwal.com\/de\/wp-json\/wp\/v2\/types\/page"}],"author":[{"embeddable":true,"href":"https:\/\/www.riwal.com\/de\/wp-json\/wp\/v2\/users\/15"}],"replies":[{"embeddable":true,"href":"https:\/\/www.riwal.com\/de\/wp-json\/wp\/v2\/comments?post=4434"}],"version-history":[{"count":8,"href":"https:\/\/www.riwal.com\/de\/wp-json\/wp\/v2\/pages\/4434\/revisions"}],"predecessor-version":[{"id":20407,"href":"https:\/\/www.riwal.com\/de\/wp-json\/wp\/v2\/pages\/4434\/revisions\/20407"}],"wp:attachment":[{"href":"https:\/\/www.riwal.com\/de\/wp-json\/wp\/v2\/media?parent=4434"}],"curies":[{"name":"wp","href":"https:\/\/api.w.org\/{rel}","templated":true}]}}