{"id":4345,"date":"2023-11-06T18:13:58","date_gmt":"2023-11-06T18:13:58","guid":{"rendered":"https:\/\/www.riwal.com\/de\/?page_id=4345"},"modified":"2025-12-09T14:08:17","modified_gmt":"2025-12-09T13:08:17","slug":"ueber-riwal","status":"publish","type":"page","link":"https:\/\/www.riwal.com\/de\/ueber-riwal\/","title":{"rendered":"\u00dcber Riwal"},"content":{"rendered":"<div class=\"rental-wp-default-block rental-theme-block-default-margin\">\n\t\t\t\t\t\t\t\t<div class=\"container\">\n<div class=\"wp-block-columns is-layout-flex wp-container-core-columns-is-layout-28f84493 wp-block-columns-is-layout-flex\">\n<div class=\"wp-block-column is-layout-flow wp-block-column-is-layout-flow\" style=\"flex-basis:33.33%\">\n<h2 class=\"wp-block-heading\" id=\"h-arbeiten-in-der-hohe-mit-riwal\">Arbeiten in der H\u00f6he mit Riwal<\/h2>\n<\/div>\n\n\n\n<div class=\"wp-block-column is-layout-flow wp-block-column-is-layout-flow\" style=\"flex-basis:66.66%\">\n<p>Riwal ist seit 1968 der Spezialist f\u00fcr sicheres und effizientes Arbeiten in der H\u00f6he. Mit \u00fcber 55 Jahren Erfahrung und umfassendem Wissen \u00fcber Arbeitsb\u00fchnen, Teleskoplader und Gabelstapler unterst\u00fctzen wir t\u00e4glich Kunden aus Bauwesen, Industrie und Logistik. Seit 2024 ist Riwal Teil von <a href=\"https:\/\/www.boels.com\/de-de\">Boels Rental<\/a>. Gemeinsam verf\u00fcgen wir \u00fcber einen der modernsten und nachhaltigsten Arbeitsb\u00fchnenflotten in Europa, davon mehr als 60% elektrisch oder hybrid. So bieten wir zuverl\u00e4ssige, zukunftssichere L\u00f6sungen f\u00fcr jedes Projekt.<\/p>\n\n\n\n<p>Unsere St\u00e4rke liegt nicht nur in der Vermietung von Maschinen, sondern auch in zus\u00e4tzlichen Dienstleistungen, fachkundiger Beratung, professionellen Sicherheitsschulungen und intelligenten ma\u00dfgeschneiderten L\u00f6sungen. Dank eines starken internationalen Netzwerks und eines engagierten Teams von Spezialisten gew\u00e4hrleisten wir schnelle Verf\u00fcgbarkeit, pers\u00f6nlichen Service und maximale Einsatzbereitschaft an jedem Arbeitsplatz.<\/p>\n<\/div>\n<\/div>\n<\/div>\n\t\t\t\t\t\t\t<\/div> ","protected":false},"excerpt":{"rendered":"<p>Arbeiten in der H\u00f6he mit Riwal Riwal ist seit 1968 der Spezialist f\u00fcr sicheres und effizientes Arbeiten in der H\u00f6he. Mit \u00fcber 55 Jahren Erfahrung und umfassendem Wissen \u00fcber Arbeitsb\u00fchnen, Teleskoplader und Gabelstapler unterst\u00fctzen wir t\u00e4glich Kunden aus Bauwesen, Industrie und Logistik. Seit 2024 ist Riwal Teil von Boels Rental. Gemeinsam verf\u00fcgen wir \u00fcber einen &hellip; <a href=\"https:\/\/www.riwal.com\/de\/ueber-riwal\/\">Weiter<\/a><\/p>\n","protected":false},"author":15,"featured_media":4474,"parent":0,"menu_order":0,"comment_status":"closed","ping_status":"closed","template":"","meta":{"_acf_changed":false,"footnotes":""},"class_list":["post-4345","page","type-page","status-publish","has-post-thumbnail","hentry"],"acf":[],"yoast_head":"<!-- This site is optimized with the Yoast SEO Premium plugin v27.1 (Yoast SEO v27.1.1) - https:\/\/yoast.com\/product\/yoast-seo-premium-wordpress\/ -->\n<title>\u00dcber Riwal<\/title>\n<meta name=\"description\" content=\"Mit \u00fcber 20.000 Maschinen in 60 Depots weltweit liefert Riwal Ihnen jede Art von Arbeitsb\u00fchne f\u00fcr jede Aufgabe \u2013 jederzeit und an jeden Ort.\" \/>\n<meta name=\"robots\" content=\"index, follow, max-snippet:-1, max-image-preview:large, max-video-preview:-1\" \/>\n<link rel=\"canonical\" href=\"https:\/\/www.riwal.com\/de\/ueber-riwal\/\" \/>\n<meta property=\"og:locale\" content=\"de_DE\" \/>\n<meta property=\"og:type\" content=\"article\" \/>\n<meta property=\"og:title\" content=\"\u00dcber Riwal\" \/>\n<meta property=\"og:description\" content=\"Mit \u00fcber 20.000 Maschinen in 60 Depots weltweit liefert Riwal Ihnen jede Art von Arbeitsb\u00fchne f\u00fcr jede Aufgabe \u2013 jederzeit und an jeden Ort.\" \/>\n<meta property=\"og:url\" content=\"https:\/\/www.riwal.com\/de\/ueber-riwal\/\" \/>\n<meta property=\"og:site_name\" content=\"Riwal - Deutschland\" \/>\n<meta property=\"article:modified_time\" content=\"2025-12-09T13:08:17+00:00\" \/>\n<meta property=\"og:image\" content=\"https:\/\/www.riwal.com\/app\/uploads\/sites\/8\/2023\/11\/Natural-History-Museum-Copenhagen_7-resized-scaled.jpg\" \/>\n\t<meta property=\"og:image:width\" content=\"2400\" \/>\n\t<meta property=\"og:image:height\" content=\"1350\" \/>\n\t<meta property=\"og:image:type\" content=\"image\/jpeg\" \/>\n<meta name=\"twitter:card\" content=\"summary_large_image\" \/>\n<meta name=\"twitter:label1\" content=\"Est. reading time\" \/>\n\t<meta name=\"twitter:data1\" content=\"1\u00a0Minute\" \/>\n<script type=\"application\/ld+json\" class=\"yoast-schema-graph\">{\"@context\":\"https:\/\/schema.org\",\"@graph\":[{\"@type\":\"WebPage\",\"@id\":\"https:\/\/www.riwal.com\/de\/ueber-riwal\/\",\"url\":\"https:\/\/www.riwal.com\/de\/ueber-riwal\/\",\"name\":\"\u00dcber Riwal\",\"isPartOf\":{\"@id\":\"https:\/\/www.riwal.com\/de\/#website\"},\"primaryImageOfPage\":{\"@id\":\"https:\/\/www.riwal.com\/de\/ueber-riwal\/#primaryimage\"},\"image\":{\"@id\":\"https:\/\/www.riwal.com\/de\/ueber-riwal\/#primaryimage\"},\"thumbnailUrl\":\"https:\/\/eqsk4m2dkju.exactdn.com\/app\/uploads\/sites\/8\/2023\/11\/Natural-History-Museum-Copenhagen_7-resized-scaled.jpg?strip=all&quality=92&webp=92&avif=80&sharp=1\",\"datePublished\":\"2023-11-06T18:13:58+00:00\",\"dateModified\":\"2025-12-09T13:08:17+00:00\",\"description\":\"Mit \u00fcber 20.000 Maschinen in 60 Depots weltweit liefert Riwal Ihnen jede Art von Arbeitsb\u00fchne f\u00fcr jede Aufgabe \u2013 jederzeit und an jeden Ort.\",\"breadcrumb\":{\"@id\":\"https:\/\/www.riwal.com\/de\/ueber-riwal\/#breadcrumb\"},\"inLanguage\":\"de\",\"potentialAction\":[{\"@type\":\"ReadAction\",\"target\":[\"https:\/\/www.riwal.com\/de\/ueber-riwal\/\"]}]},{\"@type\":\"ImageObject\",\"inLanguage\":\"de\",\"@id\":\"https:\/\/www.riwal.com\/de\/ueber-riwal\/#primaryimage\",\"url\":\"https:\/\/eqsk4m2dkju.exactdn.com\/app\/uploads\/sites\/8\/2023\/11\/Natural-History-Museum-Copenhagen_7-resized-scaled.jpg?strip=all&quality=92&webp=92&avif=80&sharp=1\",\"contentUrl\":\"https:\/\/eqsk4m2dkju.exactdn.com\/app\/uploads\/sites\/8\/2023\/11\/Natural-History-Museum-Copenhagen_7-resized-scaled.jpg?strip=all&quality=92&webp=92&avif=80&sharp=1\",\"width\":2400,\"height\":1350},{\"@type\":\"BreadcrumbList\",\"@id\":\"https:\/\/www.riwal.com\/de\/ueber-riwal\/#breadcrumb\",\"itemListElement\":[{\"@type\":\"ListItem\",\"position\":1,\"name\":\"Home\",\"item\":\"https:\/\/www.riwal.com\/de\/\"},{\"@type\":\"ListItem\",\"position\":2,\"name\":\"\u00dcber Riwal\"}]},{\"@type\":\"WebSite\",\"@id\":\"https:\/\/www.riwal.com\/de\/#website\",\"url\":\"https:\/\/www.riwal.com\/de\/\",\"name\":\"Riwal\",\"description\":\"Arial work platform &amp; Telehandler Rental\/Sales\",\"publisher\":{\"@id\":\"https:\/\/www.riwal.com\/de\/#organization\"},\"potentialAction\":[{\"@type\":\"SearchAction\",\"target\":{\"@type\":\"EntryPoint\",\"urlTemplate\":\"https:\/\/www.riwal.com\/de\/?s={search_term_string}\"},\"query-input\":{\"@type\":\"PropertyValueSpecification\",\"valueRequired\":true,\"valueName\":\"search_term_string\"}}],\"inLanguage\":\"de\"},{\"@type\":\"Organization\",\"@id\":\"https:\/\/www.riwal.com\/de\/#organization\",\"name\":\"Riwal\",\"url\":\"https:\/\/www.riwal.com\/de\/\",\"logo\":{\"@type\":\"ImageObject\",\"inLanguage\":\"de\",\"@id\":\"https:\/\/www.riwal.com\/de\/#\/schema\/logo\/image\/\",\"url\":\"\",\"contentUrl\":\"\",\"caption\":\"Riwal\"},\"image\":{\"@id\":\"https:\/\/www.riwal.com\/de\/#\/schema\/logo\/image\/\"}}]}<\/script>\n<!-- \/ Yoast SEO Premium plugin. -->","yoast_head_json":{"title":"\u00dcber Riwal","description":"Mit \u00fcber 20.000 Maschinen in 60 Depots weltweit liefert Riwal Ihnen jede Art von Arbeitsb\u00fchne f\u00fcr jede Aufgabe \u2013 jederzeit und an jeden Ort.","robots":{"index":"index","follow":"follow","max-snippet":"max-snippet:-1","max-image-preview":"max-image-preview:large","max-video-preview":"max-video-preview:-1"},"canonical":"https:\/\/www.riwal.com\/de\/ueber-riwal\/","og_locale":"de_DE","og_type":"article","og_title":"\u00dcber Riwal","og_description":"Mit \u00fcber 20.000 Maschinen in 60 Depots weltweit liefert Riwal Ihnen jede Art von Arbeitsb\u00fchne f\u00fcr jede Aufgabe \u2013 jederzeit und an jeden Ort.","og_url":"https:\/\/www.riwal.com\/de\/ueber-riwal\/","og_site_name":"Riwal - Deutschland","article_modified_time":"2025-12-09T13:08:17+00:00","og_image":[{"width":2400,"height":1350,"url":"https:\/\/www.riwal.com\/app\/uploads\/sites\/8\/2023\/11\/Natural-History-Museum-Copenhagen_7-resized-scaled.jpg","type":"image\/jpeg"}],"twitter_card":"summary_large_image","twitter_misc":{"Est. reading time":"1\u00a0Minute"},"schema":{"@context":"https:\/\/schema.org","@graph":[{"@type":"WebPage","@id":"https:\/\/www.riwal.com\/de\/ueber-riwal\/","url":"https:\/\/www.riwal.com\/de\/ueber-riwal\/","name":"\u00dcber Riwal","isPartOf":{"@id":"https:\/\/www.riwal.com\/de\/#website"},"primaryImageOfPage":{"@id":"https:\/\/www.riwal.com\/de\/ueber-riwal\/#primaryimage"},"image":{"@id":"https:\/\/www.riwal.com\/de\/ueber-riwal\/#primaryimage"},"thumbnailUrl":"https:\/\/eqsk4m2dkju.exactdn.com\/app\/uploads\/sites\/8\/2023\/11\/Natural-History-Museum-Copenhagen_7-resized-scaled.jpg?strip=all&quality=92&webp=92&avif=80&sharp=1","datePublished":"2023-11-06T18:13:58+00:00","dateModified":"2025-12-09T13:08:17+00:00","description":"Mit \u00fcber 20.000 Maschinen in 60 Depots weltweit liefert Riwal Ihnen jede Art von Arbeitsb\u00fchne f\u00fcr jede Aufgabe \u2013 jederzeit und an jeden Ort.","breadcrumb":{"@id":"https:\/\/www.riwal.com\/de\/ueber-riwal\/#breadcrumb"},"inLanguage":"de","potentialAction":[{"@type":"ReadAction","target":["https:\/\/www.riwal.com\/de\/ueber-riwal\/"]}]},{"@type":"ImageObject","inLanguage":"de","@id":"https:\/\/www.riwal.com\/de\/ueber-riwal\/#primaryimage","url":"https:\/\/eqsk4m2dkju.exactdn.com\/app\/uploads\/sites\/8\/2023\/11\/Natural-History-Museum-Copenhagen_7-resized-scaled.jpg?strip=all&quality=92&webp=92&avif=80&sharp=1","contentUrl":"https:\/\/eqsk4m2dkju.exactdn.com\/app\/uploads\/sites\/8\/2023\/11\/Natural-History-Museum-Copenhagen_7-resized-scaled.jpg?strip=all&quality=92&webp=92&avif=80&sharp=1","width":2400,"height":1350},{"@type":"BreadcrumbList","@id":"https:\/\/www.riwal.com\/de\/ueber-riwal\/#breadcrumb","itemListElement":[{"@type":"ListItem","position":1,"name":"Home","item":"https:\/\/www.riwal.com\/de\/"},{"@type":"ListItem","position":2,"name":"\u00dcber Riwal"}]},{"@type":"WebSite","@id":"https:\/\/www.riwal.com\/de\/#website","url":"https:\/\/www.riwal.com\/de\/","name":"Riwal","description":"Arial work platform &amp; Telehandler Rental\/Sales","publisher":{"@id":"https:\/\/www.riwal.com\/de\/#organization"},"potentialAction":[{"@type":"SearchAction","target":{"@type":"EntryPoint","urlTemplate":"https:\/\/www.riwal.com\/de\/?s={search_term_string}"},"query-input":{"@type":"PropertyValueSpecification","valueRequired":true,"valueName":"search_term_string"}}],"inLanguage":"de"},{"@type":"Organization","@id":"https:\/\/www.riwal.com\/de\/#organization","name":"Riwal","url":"https:\/\/www.riwal.com\/de\/","logo":{"@type":"ImageObject","inLanguage":"de","@id":"https:\/\/www.riwal.com\/de\/#\/schema\/logo\/image\/","url":"","contentUrl":"","caption":"Riwal"},"image":{"@id":"https:\/\/www.riwal.com\/de\/#\/schema\/logo\/image\/"}}]}},"_links":{"self":[{"href":"https:\/\/www.riwal.com\/de\/wp-json\/wp\/v2\/pages\/4345","targetHints":{"allow":["GET"]}}],"collection":[{"href":"https:\/\/www.riwal.com\/de\/wp-json\/wp\/v2\/pages"}],"about":[{"href":"https:\/\/www.riwal.com\/de\/wp-json\/wp\/v2\/types\/page"}],"author":[{"embeddable":true,"href":"https:\/\/www.riwal.com\/de\/wp-json\/wp\/v2\/users\/15"}],"replies":[{"embeddable":true,"href":"https:\/\/www.riwal.com\/de\/wp-json\/wp\/v2\/comments?post=4345"}],"version-history":[{"count":10,"href":"https:\/\/www.riwal.com\/de\/wp-json\/wp\/v2\/pages\/4345\/revisions"}],"predecessor-version":[{"id":29594,"href":"https:\/\/www.riwal.com\/de\/wp-json\/wp\/v2\/pages\/4345\/revisions\/29594"}],"wp:featuredmedia":[{"embeddable":true,"href":"https:\/\/www.riwal.com\/de\/wp-json\/wp\/v2\/media\/4474"}],"wp:attachment":[{"href":"https:\/\/www.riwal.com\/de\/wp-json\/wp\/v2\/media?parent=4345"}],"curies":[{"name":"wp","href":"https:\/\/api.w.org\/{rel}","templated":true}]}}