{"id":6719,"date":"2024-01-11T13:00:53","date_gmt":"2024-01-11T13:00:53","guid":{"rendered":"https:\/\/www.riwal.com\/da\/?page_id=6719"},"modified":"2024-01-18T12:56:58","modified_gmt":"2024-01-18T12:56:58","slug":"the-riwal-way","status":"publish","type":"page","link":"https:\/\/www.riwal.com\/da\/the-riwal-way\/","title":{"rendered":"The Riwal Way"},"content":{"rendered":"\n<div class=\"wp-block-rental-theme-header\">\n\t<div class=\"wp-block-rental-theme-header__lines\">\n\t\t<svg width=\"726\" height=\"442\" viewBox=\"0 0 726 442\" fill=\"none\" xmlns=\"http:\/\/www.w3.org\/2000\/svg\"><g opacity=\".5\"><mask id=\"path-1-inside-1_1_2\" fill=\"#fff\"><path fill-rule=\"evenodd\" clip-rule=\"evenodd\" d=\"M441.458.5H284.542L0 285.042v156.917l156.917-.001L363 235.876l206.083 206.082 156.917.001V285.042L441.458.5Z\"\/><\/mask><path d=\"M284.542.5v-1h-.415l-.292.293.707.707Zm156.916 0 .708-.707-.293-.293h-.415v1ZM0 285.042l-.707-.708-.293.293v.415h1Zm0 156.917h-1v1h1v-1Zm156.917-.001v1h.414l.293-.292-.707-.708ZM363 235.876l.707-.708-.707-.707-.707.707.707.708Zm206.083 206.082-.707.708.293.292h.414v-1Zm156.917.001v1h1v-1h-1Zm0-156.917h1v-.415l-.293-.293-.707.708ZM284.542 1.5h156.916v-2H284.542v2ZM.707 285.749 285.25 1.207l-1.414-1.414L-.707 284.334l1.414 1.415ZM1 441.959V285.042h-2v156.917h2Zm155.917-1.001L0 440.959v2l156.917-.001v-2Zm205.376-205.79L156.21 441.251l1.414 1.415 206.083-206.083-1.414-1.415Zm0 1.415 206.083 206.083 1.414-1.415-206.083-206.083-1.414 1.415Zm206.79 206.375 156.917.001v-2l-156.917-.001v2ZM727 441.959V285.042h-2v156.917h2Zm-.293-157.625L442.166-.206l-1.415 1.413L725.293 285.75l1.414-1.415Z\" fill=\"#5B728B\" mask=\"url(#path-1-inside-1_1_2)\"\/><\/g><\/svg>\t\t<svg width=\"726\" height=\"442\" viewBox=\"0 0 726 442\" fill=\"none\" xmlns=\"http:\/\/www.w3.org\/2000\/svg\"><g opacity=\".5\"><mask id=\"path-1-inside-1_1_2\" fill=\"#fff\"><path fill-rule=\"evenodd\" clip-rule=\"evenodd\" d=\"M441.458.5H284.542L0 285.042v156.917l156.917-.001L363 235.876l206.083 206.082 156.917.001V285.042L441.458.5Z\"\/><\/mask><path d=\"M284.542.5v-1h-.415l-.292.293.707.707Zm156.916 0 .708-.707-.293-.293h-.415v1ZM0 285.042l-.707-.708-.293.293v.415h1Zm0 156.917h-1v1h1v-1Zm156.917-.001v1h.414l.293-.292-.707-.708ZM363 235.876l.707-.708-.707-.707-.707.707.707.708Zm206.083 206.082-.707.708.293.292h.414v-1Zm156.917.001v1h1v-1h-1Zm0-156.917h1v-.415l-.293-.293-.707.708ZM284.542 1.5h156.916v-2H284.542v2ZM.707 285.749 285.25 1.207l-1.414-1.414L-.707 284.334l1.414 1.415ZM1 441.959V285.042h-2v156.917h2Zm155.917-1.001L0 440.959v2l156.917-.001v-2Zm205.376-205.79L156.21 441.251l1.414 1.415 206.083-206.083-1.414-1.415Zm0 1.415 206.083 206.083 1.414-1.415-206.083-206.083-1.414 1.415Zm206.79 206.375 156.917.001v-2l-156.917-.001v2ZM727 441.959V285.042h-2v156.917h2Zm-.293-157.625L442.166-.206l-1.415 1.413L725.293 285.75l1.414-1.415Z\" fill=\"#5B728B\" mask=\"url(#path-1-inside-1_1_2)\"\/><\/g><\/svg>\t<\/div>\n\t<img fetchpriority=\"high\" decoding=\"async\" width=\"1000\" height=\"667\" src=\"https:\/\/eqsk4m2dkju.exactdn.com\/app\/uploads\/sites\/14\/2023\/08\/JLG-E860SJ-bomlift-fra-Riwal-paa-projektet-Naturhistorisk-Museum.jpg?strip=all&amp;quality=92&amp;webp=92&amp;avif=80&amp;sharp=1\" class=\"wp-block-rental-theme-header__image wp-block-rental-theme-header__image--desktop\" alt=\"\" loading=\"eager\" srcset=\"https:\/\/eqsk4m2dkju.exactdn.com\/app\/uploads\/sites\/14\/2023\/08\/JLG-E860SJ-bomlift-fra-Riwal-paa-projektet-Naturhistorisk-Museum.jpg?strip=all&amp;quality=92&amp;webp=92&amp;avif=80&amp;sharp=1 1000w, https:\/\/eqsk4m2dkju.exactdn.com\/app\/uploads\/sites\/14\/2023\/08\/JLG-E860SJ-bomlift-fra-Riwal-paa-projektet-Naturhistorisk-Museum-830x554.jpg?strip=all&amp;quality=92&amp;webp=92&amp;avif=80&amp;sharp=1 830w, https:\/\/eqsk4m2dkju.exactdn.com\/app\/uploads\/sites\/14\/2023\/08\/JLG-E860SJ-bomlift-fra-Riwal-paa-projektet-Naturhistorisk-Museum-300x200.jpg?strip=all&amp;quality=92&amp;webp=92&amp;avif=80&amp;sharp=1 300w, https:\/\/eqsk4m2dkju.exactdn.com\/app\/uploads\/sites\/14\/2023\/08\/JLG-E860SJ-bomlift-fra-Riwal-paa-projektet-Naturhistorisk-Museum-768x512.jpg?strip=all&amp;quality=92&amp;webp=92&amp;avif=80&amp;sharp=1 768w, https:\/\/eqsk4m2dkju.exactdn.com\/app\/uploads\/sites\/14\/2023\/08\/JLG-E860SJ-bomlift-fra-Riwal-paa-projektet-Naturhistorisk-Museum-178x119.jpg?strip=all&amp;quality=92&amp;webp=92&amp;avif=80&amp;sharp=1 178w, https:\/\/eqsk4m2dkju.exactdn.com\/app\/uploads\/sites\/14\/2023\/08\/JLG-E860SJ-bomlift-fra-Riwal-paa-projektet-Naturhistorisk-Museum-390x260.jpg?strip=all&amp;quality=92&amp;webp=92&amp;avif=80&amp;sharp=1 390w, https:\/\/eqsk4m2dkju.exactdn.com\/app\/uploads\/sites\/14\/2023\/08\/JLG-E860SJ-bomlift-fra-Riwal-paa-projektet-Naturhistorisk-Museum-250x167.jpg?strip=all&amp;quality=92&amp;webp=92&amp;avif=80&amp;sharp=1 250w, https:\/\/eqsk4m2dkju.exactdn.com\/app\/uploads\/sites\/14\/2023\/08\/JLG-E860SJ-bomlift-fra-Riwal-paa-projektet-Naturhistorisk-Museum.jpg?strip=all&amp;quality=92&amp;webp=92&amp;avif=80&amp;sharp=1&amp;w=600 600w, https:\/\/eqsk4m2dkju.exactdn.com\/app\/uploads\/sites\/14\/2023\/08\/JLG-E860SJ-bomlift-fra-Riwal-paa-projektet-Naturhistorisk-Museum.jpg?strip=all&amp;quality=92&amp;webp=92&amp;avif=80&amp;sharp=1&amp;w=450 450w\" sizes=\"(max-width: 1000px) 100vw, 1000px\" \/>\t<img decoding=\"async\" width=\"390\" height=\"260\" src=\"https:\/\/eqsk4m2dkju.exactdn.com\/app\/uploads\/sites\/14\/2023\/08\/JLG-E860SJ-bomlift-fra-Riwal-paa-projektet-Naturhistorisk-Museum-390x260.jpg?strip=all&amp;quality=92&amp;webp=92&amp;avif=80&amp;sharp=1\" class=\"wp-block-rental-theme-header__image wp-block-rental-theme-header__image--mobile\" alt=\"\" loading=\"eager\" srcset=\"https:\/\/eqsk4m2dkju.exactdn.com\/app\/uploads\/sites\/14\/2023\/08\/JLG-E860SJ-bomlift-fra-Riwal-paa-projektet-Naturhistorisk-Museum-390x260.jpg?strip=all&amp;quality=92&amp;webp=92&amp;avif=80&amp;sharp=1 390w, https:\/\/eqsk4m2dkju.exactdn.com\/app\/uploads\/sites\/14\/2023\/08\/JLG-E860SJ-bomlift-fra-Riwal-paa-projektet-Naturhistorisk-Museum-830x554.jpg?strip=all&amp;quality=92&amp;webp=92&amp;avif=80&amp;sharp=1 830w, https:\/\/eqsk4m2dkju.exactdn.com\/app\/uploads\/sites\/14\/2023\/08\/JLG-E860SJ-bomlift-fra-Riwal-paa-projektet-Naturhistorisk-Museum-300x200.jpg?strip=all&amp;quality=92&amp;webp=92&amp;avif=80&amp;sharp=1 300w, https:\/\/eqsk4m2dkju.exactdn.com\/app\/uploads\/sites\/14\/2023\/08\/JLG-E860SJ-bomlift-fra-Riwal-paa-projektet-Naturhistorisk-Museum-768x512.jpg?strip=all&amp;quality=92&amp;webp=92&amp;avif=80&amp;sharp=1 768w, https:\/\/eqsk4m2dkju.exactdn.com\/app\/uploads\/sites\/14\/2023\/08\/JLG-E860SJ-bomlift-fra-Riwal-paa-projektet-Naturhistorisk-Museum-178x119.jpg?strip=all&amp;quality=92&amp;webp=92&amp;avif=80&amp;sharp=1 178w, https:\/\/eqsk4m2dkju.exactdn.com\/app\/uploads\/sites\/14\/2023\/08\/JLG-E860SJ-bomlift-fra-Riwal-paa-projektet-Naturhistorisk-Museum-250x167.jpg?strip=all&amp;quality=92&amp;webp=92&amp;avif=80&amp;sharp=1 250w, https:\/\/eqsk4m2dkju.exactdn.com\/app\/uploads\/sites\/14\/2023\/08\/JLG-E860SJ-bomlift-fra-Riwal-paa-projektet-Naturhistorisk-Museum.jpg?strip=all&amp;quality=92&amp;webp=92&amp;avif=80&amp;sharp=1 1000w, https:\/\/eqsk4m2dkju.exactdn.com\/app\/uploads\/sites\/14\/2023\/08\/JLG-E860SJ-bomlift-fra-Riwal-paa-projektet-Naturhistorisk-Museum.jpg?strip=all&amp;quality=92&amp;webp=92&amp;avif=80&amp;sharp=1&amp;w=600 600w\" sizes=\"(max-width: 390px) 100vw, 390px\" \/>\t<div class=\"container\">\n\t\t<h1 class='wp-block-rental-theme-header__title' style='position: absolute; min-height: 120px'>The Riwal Way <\/h1>\t<\/div>\n<\/div>\n\n\n<div class=\"container\">\n<h2 class=\"wp-block-heading\" id=\"h-the-riwal-way\"><br>The Riwal Way<\/h2>\n<\/div>\n\n<div class=\"container\">\n<p>Vores vision er at levere branchens bedste kundeoplevelse. Vi ved dog, at det kr\u00e6ver mere end gode intentioner at opfylde dette l\u00f8fte. Derfor har vi implementeret The Riwal Way. Ideen bag The Riwal Way er at skabe standardiserede, gentagelige systemer for hvert aspekt af vores forretning, s\u00e5 vi kan sikre samme kvalitetsprodukt og -service for hver enkelt kunde, hver gang vi driver forretning og hvor end i verden vi driver forretning.<\/p>\n<\/div>\n\n<div class=\"container\">\n<p>For at skabe The Riwal Way har vi spurgt vores kunder &#8211; fra mange forskellige lande og som arbejder i mange forskellige brancher &#8211; hvad de satte mest pris p\u00e5 ved os. Samtidig spurgte vi hvad der var vigtigst for dem, n\u00e5r de lavede forretninger med os. Vi var i stand til at koge deres feedback ned til seks \u201dv\u00e6rdifor\u00f8gelser\u201d lige fra sikkerhed (der er alles vigtigste prioritet) til pr\u00e6cise fakturaer. Og med den viden har vi opbygget en driftsmodel, som er totalt fokuseret p\u00e5 at levere disse v\u00e6rdifor\u00f8gelser til vores kunder.&nbsp;<\/p>\n<\/div>\n\n<div class=\"container\">\n<h3 class=\"wp-block-heading\" id=\"h-fordele\"><br>Fordele<\/h3>\n<\/div>\n\n<div class=\"container\">\n<p>Fordelene &#8211; ideen om den bedste kundeoplevelse &#8211; ses i vores kunders \u00f8gede produktivitet og i deres evne til at m\u00f8de deadlines og reducere omkostninger. De str\u00e6kker sig ogs\u00e5 til den tillid, som vores kunder har til, at de kan stole p\u00e5 vores udstyr og ringe til os for at f\u00e5 hj\u00e6lp. I baglokalet ved vores kunder, at de kan afslutte deres transaktioner med total klarhed og uden hovedpine.&nbsp;Det er det, som The Riwal Way handler om. Men hvordan fungerer den? Det vi har gjort, var omhyggeligt at analysere alle vores \u201dkerneprocesser\u201d i det, som vi kalder udlejnings-cyklussen, og at standardisere dem baseret p\u00e5 den bedste praksis.<\/p>\n<\/div>\n\n<div class=\"container\">\n<h3 class=\"wp-block-heading\" id=\"h-udlejningscyklus\"><br>Udlejningscyklus<\/h3>\n<\/div>\n\n<div class=\"container\">\n<p>Vi har skabt et curriculum til undervisning af alle i virksomheden i The Riwal Way og gennemf\u00f8rte intensive kurser i alle vores afdelinger for at integrere principperne bag The Riwal Way i vores forretning. Resultatet er en endnu bedre kundeoplevelse med hurtigere svartid, en reduktion i antallet af nedbrud til et absolut minimum, forbedret effektivitet og h\u00f8jere produktivitet for vores kunder. Ultimativt kan vi p\u00e5 den anden side pr\u00e6sentere kunden for denne udlejningscyklus, som indbefatter alle afdelinger i vores virksomhed.<\/p>\n<\/div>\n\n<div class=\"container\">\n<figure class=\"wp-block-image size-full is-resized\"><img loading=\"lazy\" decoding=\"async\" width=\"737\" height=\"736\" src=\"https:\/\/eqsk4m2dkju.exactdn.com\/app\/uploads\/sites\/14\/2024\/01\/Udlejningshjul-hvid-baggrund-737x736-1.png?strip=all&quality=92&webp=92&avif=80&sharp=1\" alt=\"\" class=\"wp-image-6733\" style=\"width:624px;height:auto\" srcset=\"https:\/\/eqsk4m2dkju.exactdn.com\/app\/uploads\/sites\/14\/2024\/01\/Udlejningshjul-hvid-baggrund-737x736-1.png?strip=all&amp;quality=92&amp;webp=92&amp;avif=80&amp;sharp=1 737w, https:\/\/eqsk4m2dkju.exactdn.com\/app\/uploads\/sites\/14\/2024\/01\/Udlejningshjul-hvid-baggrund-737x736-1-300x300.png?strip=all&amp;quality=92&amp;webp=92&amp;avif=80&amp;sharp=1 300w, https:\/\/eqsk4m2dkju.exactdn.com\/app\/uploads\/sites\/14\/2024\/01\/Udlejningshjul-hvid-baggrund-737x736-1-150x150.png?strip=all&amp;quality=92&amp;webp=92&amp;avif=80&amp;sharp=1 150w, https:\/\/eqsk4m2dkju.exactdn.com\/app\/uploads\/sites\/14\/2024\/01\/Udlejningshjul-hvid-baggrund-737x736-1-178x178.png?strip=all&amp;quality=92&amp;webp=92&amp;avif=80&amp;sharp=1 178w, https:\/\/eqsk4m2dkju.exactdn.com\/app\/uploads\/sites\/14\/2024\/01\/Udlejningshjul-hvid-baggrund-737x736-1-390x389.png?strip=all&amp;quality=92&amp;webp=92&amp;avif=80&amp;sharp=1 390w, https:\/\/eqsk4m2dkju.exactdn.com\/app\/uploads\/sites\/14\/2024\/01\/Udlejningshjul-hvid-baggrund-737x736-1-629x628.png?strip=all&amp;quality=92&amp;webp=92&amp;avif=80&amp;sharp=1 629w, https:\/\/eqsk4m2dkju.exactdn.com\/app\/uploads\/sites\/14\/2024\/01\/Udlejningshjul-hvid-baggrund-737x736-1-726x726.png?strip=all&amp;quality=92&amp;webp=92&amp;avif=80&amp;sharp=1 726w, https:\/\/eqsk4m2dkju.exactdn.com\/app\/uploads\/sites\/14\/2024\/01\/Udlejningshjul-hvid-baggrund-737x736-1-200x200.png?strip=all&amp;quality=92&amp;webp=92&amp;avif=80&amp;sharp=1 200w, https:\/\/eqsk4m2dkju.exactdn.com\/app\/uploads\/sites\/14\/2024\/01\/Udlejningshjul-hvid-baggrund-737x736-1-491x490.png?strip=all&amp;quality=92&amp;webp=92&amp;avif=80&amp;sharp=1 491w, https:\/\/eqsk4m2dkju.exactdn.com\/app\/uploads\/sites\/14\/2024\/01\/Udlejningshjul-hvid-baggrund-737x736-1-237x237.png?strip=all&amp;quality=92&amp;webp=92&amp;avif=80&amp;sharp=1 237w, https:\/\/eqsk4m2dkju.exactdn.com\/app\/uploads\/sites\/14\/2024\/01\/Udlejningshjul-hvid-baggrund-737x736-1-474x473.png?strip=all&amp;quality=92&amp;webp=92&amp;avif=80&amp;sharp=1 474w\" sizes=\"auto, (max-width: 737px) 100vw, 737px\" \/><\/figure>\n<\/div>\n\n<div class=\"container\">\n<h3 class=\"wp-block-heading\" id=\"h-vi-bliver-stadig-bedre\">Vi bliver stadig bedre<\/h3>\n<\/div>\n\n<div class=\"container\">\n<p>Vi er dog stadig ikke tilfreds endnu, og nej, det bliver vi nok aldrig. L\u00f8bende forbedringer er afg\u00f8rende for The Riwal Way, dels fordi vi ved, at uanset, hvor godt vi g\u00f8r det, s\u00e5 kan vi altid levere mere til vores kunder, og dels fordi vi ved, at konkurrencen aldrig sover. Derfor forts\u00e6tter vi med at arbejde t\u00e6t sammen med vores kunder for at finde ud af, hvad vi kan g\u00f8re bedre, og hvad ellers de har brug for. For at levere branchens bedste kundeoplevelse i dag, og en endnu bedre i morgen.<\/p>\n<\/div>\n\n<div class=\"container\">\n<h3 class=\"wp-block-heading\" id=\"h-om-riwal\"><br>Om Riwal<\/h3>\n<\/div>\n\n<div class=\"container\">\n<p>Riwal Danmark A\/S er Danmarks st\u00f8rste liftspecialist. Vi blev grundlagt i for\u00e5ret 2001 og er en del af Riwal Group, der har datterselskaber i 14 lande og en liftfl\u00e5de best\u00e5ende af mere end 20.000 enheder.<\/p>\n<\/div>\n\n<div class=\"rental-wp-default-block rental-theme-block-default-margin\">\n\t\t\t\t\t\t\t\t<div class=\"container\">\n<div class=\"wp-block-buttons is-layout-flex wp-block-buttons-is-layout-flex\">\n<div class=\"wp-block-button\"><a class=\"wp-block-button__link wp-element-button\" href=\"https:\/\/www.riwal.com\/da\/om-riwal\/\">L\u00e6s mere om Riwal<\/a><\/div>\n<\/div>\n<\/div>\n\t\t\t\t\t\t\t<\/div> ","protected":false},"excerpt":{"rendered":"<p>The Riwal Way Vores vision er at levere branchens bedste kundeoplevelse. Vi ved dog, at det kr\u00e6ver mere end gode intentioner at opfylde dette l\u00f8fte. Derfor har vi implementeret The Riwal Way. Ideen bag The Riwal Way er at skabe standardiserede, gentagelige systemer for hvert aspekt af vores forretning, s\u00e5 vi kan sikre samme kvalitetsprodukt &hellip; <a href=\"https:\/\/www.riwal.com\/da\/the-riwal-way\/\">Fortsat<\/a><\/p>\n","protected":false},"author":36,"featured_media":0,"parent":0,"menu_order":0,"comment_status":"closed","ping_status":"closed","template":"","meta":{"_acf_changed":false,"footnotes":""},"class_list":["post-6719","page","type-page","status-publish","hentry"],"acf":[],"yoast_head":"<!-- This site is optimized with the Yoast SEO Premium plugin v27.1 (Yoast SEO v27.1.1) - https:\/\/yoast.com\/product\/yoast-seo-premium-wordpress\/ -->\n<title>The Riwal Way | Riwal<\/title>\n<meta name=\"description\" content=\"The Riwal Way handler om, hvordan vi kan sikre den optimale service for hver enkelt kunde, hver eneste gang, i hver eneste medlemsland.\" \/>\n<meta name=\"robots\" content=\"index, follow, max-snippet:-1, max-image-preview:large, max-video-preview:-1\" \/>\n<link rel=\"canonical\" href=\"https:\/\/www.riwal.com\/da\/the-riwal-way\/\" \/>\n<meta property=\"og:locale\" content=\"da_DK\" \/>\n<meta property=\"og:type\" content=\"article\" \/>\n<meta property=\"og:title\" content=\"The Riwal Way\" \/>\n<meta property=\"og:description\" content=\"The Riwal Way handler om, hvordan vi kan sikre den optimale service for hver enkelt kunde, hver eneste gang, i hver eneste medlemsland.\" \/>\n<meta property=\"og:url\" content=\"https:\/\/www.riwal.com\/da\/the-riwal-way\/\" \/>\n<meta property=\"og:site_name\" content=\"Riwal Danmark\" \/>\n<meta property=\"article:modified_time\" content=\"2024-01-18T12:56:58+00:00\" \/>\n<meta property=\"og:image\" content=\"https:\/\/www.riwal.com\/app\/uploads\/sites\/14\/2024\/01\/Udlejningshjul-hvid-baggrund-737x736-1.png\" \/>\n<meta name=\"twitter:card\" content=\"summary_large_image\" \/>\n<meta name=\"twitter:label1\" content=\"Est. reading time\" \/>\n\t<meta name=\"twitter:data1\" content=\"3 minutter\" \/>\n<script type=\"application\/ld+json\" class=\"yoast-schema-graph\">{\"@context\":\"https:\/\/schema.org\",\"@graph\":[{\"@type\":\"WebPage\",\"@id\":\"https:\/\/www.riwal.com\/da\/the-riwal-way\/\",\"url\":\"https:\/\/www.riwal.com\/da\/the-riwal-way\/\",\"name\":\"The Riwal Way | Riwal\",\"isPartOf\":{\"@id\":\"https:\/\/www.riwal.com\/da\/#website\"},\"primaryImageOfPage\":{\"@id\":\"https:\/\/www.riwal.com\/da\/the-riwal-way\/#primaryimage\"},\"image\":{\"@id\":\"https:\/\/www.riwal.com\/da\/the-riwal-way\/#primaryimage\"},\"thumbnailUrl\":\"https:\/\/www.riwal.com\/app\/uploads\/sites\/14\/2024\/01\/Udlejningshjul-hvid-baggrund-737x736-1.png\",\"datePublished\":\"2024-01-11T13:00:53+00:00\",\"dateModified\":\"2024-01-18T12:56:58+00:00\",\"description\":\"The Riwal Way handler om, hvordan vi kan sikre den optimale service for hver enkelt kunde, hver eneste gang, i hver eneste medlemsland.\",\"breadcrumb\":{\"@id\":\"https:\/\/www.riwal.com\/da\/the-riwal-way\/#breadcrumb\"},\"inLanguage\":\"da-DK\",\"potentialAction\":[{\"@type\":\"ReadAction\",\"target\":[\"https:\/\/www.riwal.com\/da\/the-riwal-way\/\"]}]},{\"@type\":\"ImageObject\",\"inLanguage\":\"da-DK\",\"@id\":\"https:\/\/www.riwal.com\/da\/the-riwal-way\/#primaryimage\",\"url\":\"https:\/\/www.riwal.com\/app\/uploads\/sites\/14\/2024\/01\/Udlejningshjul-hvid-baggrund-737x736-1.png\",\"contentUrl\":\"https:\/\/www.riwal.com\/app\/uploads\/sites\/14\/2024\/01\/Udlejningshjul-hvid-baggrund-737x736-1.png\"},{\"@type\":\"BreadcrumbList\",\"@id\":\"https:\/\/www.riwal.com\/da\/the-riwal-way\/#breadcrumb\",\"itemListElement\":[{\"@type\":\"ListItem\",\"position\":1,\"name\":\"Forside\",\"item\":\"https:\/\/www.riwal.com\/da\/\"},{\"@type\":\"ListItem\",\"position\":2,\"name\":\"The Riwal Way\"}]},{\"@type\":\"WebSite\",\"@id\":\"https:\/\/www.riwal.com\/da\/#website\",\"url\":\"https:\/\/www.riwal.com\/da\/\",\"name\":\"Riwal\",\"description\":\"Arial work platform &amp; Telehandler Rental\/Sales\",\"publisher\":{\"@id\":\"https:\/\/www.riwal.com\/da\/#organization\"},\"potentialAction\":[{\"@type\":\"SearchAction\",\"target\":{\"@type\":\"EntryPoint\",\"urlTemplate\":\"https:\/\/www.riwal.com\/da\/?s={search_term_string}\"},\"query-input\":{\"@type\":\"PropertyValueSpecification\",\"valueRequired\":true,\"valueName\":\"search_term_string\"}}],\"inLanguage\":\"da-DK\"},{\"@type\":\"Organization\",\"@id\":\"https:\/\/www.riwal.com\/da\/#organization\",\"name\":\"Riwal\",\"url\":\"https:\/\/www.riwal.com\/da\/\",\"logo\":{\"@type\":\"ImageObject\",\"inLanguage\":\"da-DK\",\"@id\":\"https:\/\/www.riwal.com\/da\/#\/schema\/logo\/image\/\",\"url\":\"\",\"contentUrl\":\"\",\"caption\":\"Riwal\"},\"image\":{\"@id\":\"https:\/\/www.riwal.com\/da\/#\/schema\/logo\/image\/\"}}]}<\/script>\n<!-- \/ Yoast SEO Premium plugin. -->","yoast_head_json":{"title":"The Riwal Way | Riwal","description":"The Riwal Way handler om, hvordan vi kan sikre den optimale service for hver enkelt kunde, hver eneste gang, i hver eneste medlemsland.","robots":{"index":"index","follow":"follow","max-snippet":"max-snippet:-1","max-image-preview":"max-image-preview:large","max-video-preview":"max-video-preview:-1"},"canonical":"https:\/\/www.riwal.com\/da\/the-riwal-way\/","og_locale":"da_DK","og_type":"article","og_title":"The Riwal Way","og_description":"The Riwal Way handler om, hvordan vi kan sikre den optimale service for hver enkelt kunde, hver eneste gang, i hver eneste medlemsland.","og_url":"https:\/\/www.riwal.com\/da\/the-riwal-way\/","og_site_name":"Riwal Danmark","article_modified_time":"2024-01-18T12:56:58+00:00","og_image":[{"url":"https:\/\/www.riwal.com\/app\/uploads\/sites\/14\/2024\/01\/Udlejningshjul-hvid-baggrund-737x736-1.png","type":"","width":"","height":""}],"twitter_card":"summary_large_image","twitter_misc":{"Est. reading time":"3 minutter"},"schema":{"@context":"https:\/\/schema.org","@graph":[{"@type":"WebPage","@id":"https:\/\/www.riwal.com\/da\/the-riwal-way\/","url":"https:\/\/www.riwal.com\/da\/the-riwal-way\/","name":"The Riwal Way | Riwal","isPartOf":{"@id":"https:\/\/www.riwal.com\/da\/#website"},"primaryImageOfPage":{"@id":"https:\/\/www.riwal.com\/da\/the-riwal-way\/#primaryimage"},"image":{"@id":"https:\/\/www.riwal.com\/da\/the-riwal-way\/#primaryimage"},"thumbnailUrl":"https:\/\/www.riwal.com\/app\/uploads\/sites\/14\/2024\/01\/Udlejningshjul-hvid-baggrund-737x736-1.png","datePublished":"2024-01-11T13:00:53+00:00","dateModified":"2024-01-18T12:56:58+00:00","description":"The Riwal Way handler om, hvordan vi kan sikre den optimale service for hver enkelt kunde, hver eneste gang, i hver eneste medlemsland.","breadcrumb":{"@id":"https:\/\/www.riwal.com\/da\/the-riwal-way\/#breadcrumb"},"inLanguage":"da-DK","potentialAction":[{"@type":"ReadAction","target":["https:\/\/www.riwal.com\/da\/the-riwal-way\/"]}]},{"@type":"ImageObject","inLanguage":"da-DK","@id":"https:\/\/www.riwal.com\/da\/the-riwal-way\/#primaryimage","url":"https:\/\/www.riwal.com\/app\/uploads\/sites\/14\/2024\/01\/Udlejningshjul-hvid-baggrund-737x736-1.png","contentUrl":"https:\/\/www.riwal.com\/app\/uploads\/sites\/14\/2024\/01\/Udlejningshjul-hvid-baggrund-737x736-1.png"},{"@type":"BreadcrumbList","@id":"https:\/\/www.riwal.com\/da\/the-riwal-way\/#breadcrumb","itemListElement":[{"@type":"ListItem","position":1,"name":"Forside","item":"https:\/\/www.riwal.com\/da\/"},{"@type":"ListItem","position":2,"name":"The Riwal Way"}]},{"@type":"WebSite","@id":"https:\/\/www.riwal.com\/da\/#website","url":"https:\/\/www.riwal.com\/da\/","name":"Riwal","description":"Arial work platform &amp; Telehandler Rental\/Sales","publisher":{"@id":"https:\/\/www.riwal.com\/da\/#organization"},"potentialAction":[{"@type":"SearchAction","target":{"@type":"EntryPoint","urlTemplate":"https:\/\/www.riwal.com\/da\/?s={search_term_string}"},"query-input":{"@type":"PropertyValueSpecification","valueRequired":true,"valueName":"search_term_string"}}],"inLanguage":"da-DK"},{"@type":"Organization","@id":"https:\/\/www.riwal.com\/da\/#organization","name":"Riwal","url":"https:\/\/www.riwal.com\/da\/","logo":{"@type":"ImageObject","inLanguage":"da-DK","@id":"https:\/\/www.riwal.com\/da\/#\/schema\/logo\/image\/","url":"","contentUrl":"","caption":"Riwal"},"image":{"@id":"https:\/\/www.riwal.com\/da\/#\/schema\/logo\/image\/"}}]}},"_links":{"self":[{"href":"https:\/\/www.riwal.com\/da\/wp-json\/wp\/v2\/pages\/6719","targetHints":{"allow":["GET"]}}],"collection":[{"href":"https:\/\/www.riwal.com\/da\/wp-json\/wp\/v2\/pages"}],"about":[{"href":"https:\/\/www.riwal.com\/da\/wp-json\/wp\/v2\/types\/page"}],"author":[{"embeddable":true,"href":"https:\/\/www.riwal.com\/da\/wp-json\/wp\/v2\/users\/36"}],"replies":[{"embeddable":true,"href":"https:\/\/www.riwal.com\/da\/wp-json\/wp\/v2\/comments?post=6719"}],"version-history":[{"count":14,"href":"https:\/\/www.riwal.com\/da\/wp-json\/wp\/v2\/pages\/6719\/revisions"}],"predecessor-version":[{"id":6742,"href":"https:\/\/www.riwal.com\/da\/wp-json\/wp\/v2\/pages\/6719\/revisions\/6742"}],"wp:attachment":[{"href":"https:\/\/www.riwal.com\/da\/wp-json\/wp\/v2\/media?parent=6719"}],"curies":[{"name":"wp","href":"https:\/\/api.w.org\/{rel}","templated":true}]}}