{"id":6545,"date":"2024-01-09T07:19:25","date_gmt":"2024-01-09T07:19:25","guid":{"rendered":"https:\/\/www.riwal.com\/da\/?page_id=6545"},"modified":"2024-02-19T12:45:31","modified_gmt":"2024-02-19T12:45:31","slug":"lastbillifte-med-betjening-hos-ah-lift","status":"publish","type":"page","link":"https:\/\/www.riwal.com\/da\/lastbillifte-med-betjening-hos-ah-lift\/","title":{"rendered":"Lastbillifte med betjening hos AH Lift"},"content":{"rendered":"<div class=\"container\">\n<h1 class=\"wp-block-heading\" id=\"h-lastbillifte-med-betjening-hos-ah-lift\">Lastbillifte med betjening hos AH Lift<\/h1>\n<\/div>\n\n<div class=\"container\">\n<p><a href=\"https:\/\/ah-lift.dk\/\" target=\"_blank\" rel=\"noreferrer noopener\"><u>AH Lift<\/u><\/a> er Riwals datterselskab, der blandt andet er specialiseret i udlejning af <a href=\"https:\/\/ah-lift.dk\/k\/lej-lastbillifte-ahlift\/\" target=\"_blank\" rel=\"noreferrer noopener\"><u>lastbillifte med betjening<\/u><\/a>.<br><\/p>\n<\/div>\n\n<div class=\"container\">\n<figure class=\"wp-block-image size-large is-resized\"><img loading=\"lazy\" decoding=\"async\" width=\"1024\" height=\"597\" src=\"https:\/\/eqsk4m2dkju.exactdn.com\/app\/uploads\/sites\/14\/2024\/01\/earthlander-8686-e1678225004144-1536x895-1-1024x597.jpg?strip=all&quality=92&webp=92&avif=80&sharp=1\" alt=\"Lastbillift fra AH Lift kan lejes med betjening.\" class=\"wp-image-6546\" style=\"width:824px;height:auto\" srcset=\"https:\/\/eqsk4m2dkju.exactdn.com\/app\/uploads\/sites\/14\/2024\/01\/earthlander-8686-e1678225004144-1536x895-1-1024x597.jpg?strip=all&amp;quality=92&amp;webp=92&amp;avif=80&amp;sharp=1 1024w, https:\/\/eqsk4m2dkju.exactdn.com\/app\/uploads\/sites\/14\/2024\/01\/earthlander-8686-e1678225004144-1536x895-1-1440x839.jpg?strip=all&amp;quality=92&amp;webp=92&amp;avif=80&amp;sharp=1 1440w, https:\/\/eqsk4m2dkju.exactdn.com\/app\/uploads\/sites\/14\/2024\/01\/earthlander-8686-e1678225004144-1536x895-1-e1704784650509.jpg?strip=all&amp;quality=92&amp;webp=92&amp;avif=80&amp;sharp=1&amp;zoom=0.2&amp;resize=1024%2C597 204w, https:\/\/eqsk4m2dkju.exactdn.com\/app\/uploads\/sites\/14\/2024\/01\/earthlander-8686-e1678225004144-1536x895-1-e1704784650509.jpg?strip=all&amp;quality=92&amp;webp=92&amp;avif=80&amp;sharp=1&amp;zoom=0.4&amp;resize=1024%2C597 409w, https:\/\/eqsk4m2dkju.exactdn.com\/app\/uploads\/sites\/14\/2024\/01\/earthlander-8686-e1678225004144-1536x895-1-e1704784650509.jpg?strip=all&amp;quality=92&amp;webp=92&amp;avif=80&amp;sharp=1&amp;zoom=0.6&amp;resize=1024%2C597 614w, https:\/\/eqsk4m2dkju.exactdn.com\/app\/uploads\/sites\/14\/2024\/01\/earthlander-8686-e1678225004144-1536x895-1-e1704784650509.jpg?strip=all&amp;quality=92&amp;webp=92&amp;avif=80&amp;sharp=1&amp;zoom=0.8&amp;resize=1024%2C597 819w\" sizes=\"auto, (max-width: 1024px) 100vw, 1024px\" \/><\/figure>\n<\/div>\n\n<div class=\"container\">\n<h2 class=\"wp-block-heading\" id=\"h-et-bredt-udvalg\"><br>Et bredt udvalg<\/h2>\n<\/div>\n\n<div class=\"container\">\n<p>Med et bredt udvalg af lastbillifte kan AH Lift im\u00f8dekomme forskellige behov og arbejdsh\u00f8jder. Deres sortiment omfatter lifte med arbejdsh\u00f8jder fra 22 meter og op til imponerende 64 meter. Uanset om det drejer sig om bygningsarbejde, vedligeholdelse eller andre opgaver i h\u00f8jden, kan AH Lift levere de rette l\u00f8sninger til enhver situation. Uanset om du har brug for at leje en lastbillift til en kort eller lang periode, har AH Lift et omfattende udvalg af lastbillifte:<\/p>\n<\/div>\n\n<div class=\"container\">\n<ul class=\"wp-block-list\">\n<li><a href=\"https:\/\/ah-lift.dk\/p\/ruthmann-tbr220\/\" target=\"_blank\" rel=\"noreferrer noopener\"><u>RUTHMANN TBR220<\/u><\/a> &#8211; 22 meter lastbillift&nbsp;<\/li>\n\n\n\n<li><a href=\"https:\/\/ah-lift.dk\/p\/ver-vtx240\/\" target=\"_blank\" rel=\"noreferrer noopener\"><u>VERSALIFT-VTX240<\/u><\/a> &#8211; 24 meter lastbillift<\/li>\n\n\n\n<li><a href=\"https:\/\/ah-lift.dk\/p\/pal-p260b\/\" target=\"_blank\" rel=\"noreferrer noopener\"><u>PALFINGER-P260B<\/u><\/a> &#8211; 26 meter lastbillift<\/li>\n\n\n\n<li><a href=\"https:\/\/ah-lift.dk\/p\/pal-p280b\/\" target=\"_blank\" rel=\"noreferrer noopener\"><u>PALFINGER-P280B<\/u><\/a> &#8211; 28 meter lastbillift<\/li>\n\n\n\n<li><a href=\"https:\/\/ah-lift.dk\/p\/rut-tb290\/\" target=\"_blank\" rel=\"noreferrer noopener\"><u>RUTHMANN-TB290<\/u><\/a> &#8211; 29 meter lastbillift<\/li>\n\n\n\n<li><a href=\"https:\/\/ah-lift.dk\/p\/40-meter-liftvogn\/\" target=\"_blank\" rel=\"noreferrer noopener\"><u>RUTHMANN-T400<\/u><\/a> &#8211; 40 meter lastbillift<\/li>\n\n\n\n<li><a href=\"https:\/\/ah-lift.dk\/p\/wum-wt450\/\" target=\"_blank\" rel=\"noreferrer noopener\"><u>WUMAG-WT450<\/u><\/a> &#8211; 45 meter lastbillift<\/li>\n\n\n\n<li><a href=\"https:\/\/ah-lift.dk\/p\/rut-t510\/\" target=\"_blank\" rel=\"noreferrer noopener\"><u>RUTHMANN-T510<\/u><\/a> &#8211; 51 meter lastbillift<\/li>\n\n\n\n<li><a href=\"https:\/\/ah-lift.dk\/p\/64-meter-lastbillift-wumag-p640\/\" target=\"_blank\" rel=\"noreferrer noopener\"><u>WUMAG-P640<\/u><\/a> &#8211; 64 meter lastbillift&nbsp;<br><\/li>\n<\/ul>\n<\/div>\n\n<div class=\"container\">\n<p><\/p>\n<\/div>\n\n<div class=\"container\">\n<h2 class=\"wp-block-heading\" id=\"h-lastbillifte-med-betjening\">Lastbillifte med betjening<\/h2>\n<\/div>\n\n<div class=\"container\">\n<p>Et s\u00e6rligt kendetegn ved AH Lift er deres udlejning af lastbillifte med betjening. For lifte med arbejdsh\u00f8jder fra 30 meter og opefter tilbyder de en erfaren og certificeret operat\u00f8r, der vil tage sig af k\u00f8rslen og betjeningen af liften. Dette giver kunderne mulighed for at fokusere p\u00e5 deres opgaver i h\u00f8jden, velvidende om, at de er i trygge h\u00e6nder og kan arbejde effektivt og sikkert.<br><\/p>\n<\/div>\n\n<div class=\"rental-wp-default-block rental-theme-block-default-margin\"><div class=\"container\">\n<figure class=\"wp-block-embed is-type-video is-provider-youtube wp-block-embed-youtube\"><div class=\"wp-block-embed__wrapper\">\n<iframe loading=\"lazy\" title=\"Spar tid og penge med lastbillifte fra AH Lift\" width=\"500\" height=\"281\" src=\"https:\/\/www.youtube.com\/embed\/Fj7mJlph6nY?feature=oembed\" frameborder=\"0\" allow=\"accelerometer; autoplay; clipboard-write; encrypted-media; gyroscope; picture-in-picture; web-share\" referrerpolicy=\"strict-origin-when-cross-origin\" allowfullscreen><\/iframe>\n<\/div><\/figure>\n<\/div><\/div>\n\n<div class=\"container\">\n<h2 class=\"wp-block-heading\" id=\"h-sikkerhed-og-hoj-kundetilfredshed\"><br>Sikkerhed og h\u00f8j kundetilfredshed<\/h2>\n<\/div>\n\n<div class=\"container\">\n<p>AH Lift har, ligesom Riwal, en st\u00e6rk forpligtelse til <a href=\"https:\/\/www.riwal.com\/da\/riwal-safety-training\/\">sikkerhed<\/a> og kundetilfredshed. Deres lastbillifte er omhyggeligt vedligeholdt og overholder de h\u00f8jeste standarder for ydeevne, sikkerhed og kvalitet. Deres operat\u00f8rer er professionelle og har omfattende erfaring inden for betjening af lastbillifte, hvilket sikrer en problemfri og effektiv brugeroplevelse for kunderne.<br><\/p>\n<\/div>\n\n<div class=\"rental-wp-default-block rental-theme-block-default-margin\">\n\t\t\t\t\t\t\t\t<div class=\"container\">\n<div class=\"wp-block-buttons is-layout-flex wp-block-buttons-is-layout-flex\">\n<div class=\"wp-block-button\"><a class=\"wp-block-button__link wp-element-button\" href=\"https:\/\/ah-lift.dk\/om-ah-lift\/\">L\u00e6s mere om AH Lift<\/a><\/div>\n<\/div>\n<\/div>\n\t\t\t\t\t\t\t<\/div> ","protected":false},"excerpt":{"rendered":"<p>Lastbillifte med betjening hos AH Lift AH Lift er Riwals datterselskab, der blandt andet er specialiseret i udlejning af lastbillifte med betjening. Et bredt udvalg Med et bredt udvalg af lastbillifte kan AH Lift im\u00f8dekomme forskellige behov og arbejdsh\u00f8jder. Deres sortiment omfatter lifte med arbejdsh\u00f8jder fra 22 meter og op til imponerende 64 meter. Uanset &hellip; <a href=\"https:\/\/www.riwal.com\/da\/lastbillifte-med-betjening-hos-ah-lift\/\">Fortsat<\/a><\/p>\n","protected":false},"author":36,"featured_media":6546,"parent":0,"menu_order":0,"comment_status":"closed","ping_status":"closed","template":"","meta":{"_acf_changed":false,"footnotes":""},"class_list":["post-6545","page","type-page","status-publish","has-post-thumbnail","hentry"],"acf":[],"yoast_head":"<!-- This site is optimized with the Yoast SEO Premium plugin v27.1 (Yoast SEO v27.1.1) - https:\/\/yoast.com\/product\/yoast-seo-premium-wordpress\/ -->\n<title>Lastbillifte med betjening hos AH Lift | Riwal<\/title>\n<meta name=\"description\" content=\"Lastbillifte med betjening hos AH Lift. L\u00e6s mere om vores datterselskab AH Lift og se deres imponerende udvalg af lastbillifte med betjening.\" \/>\n<meta name=\"robots\" content=\"index, follow, max-snippet:-1, max-image-preview:large, max-video-preview:-1\" \/>\n<link rel=\"canonical\" href=\"https:\/\/www.riwal.com\/da\/lastbillifte-med-betjening-hos-ah-lift\/\" \/>\n<meta property=\"og:locale\" content=\"da_DK\" \/>\n<meta property=\"og:type\" content=\"article\" \/>\n<meta property=\"og:title\" content=\"Lastbillifte med betjening hos AH Lift\" \/>\n<meta property=\"og:description\" content=\"Lastbillifte med betjening hos AH Lift. L\u00e6s mere om vores datterselskab AH Lift og se deres imponerende udvalg af lastbillifte med betjening.\" \/>\n<meta property=\"og:url\" content=\"https:\/\/www.riwal.com\/da\/lastbillifte-med-betjening-hos-ah-lift\/\" \/>\n<meta property=\"og:site_name\" content=\"Riwal Danmark\" \/>\n<meta property=\"article:modified_time\" content=\"2024-02-19T12:45:31+00:00\" \/>\n<meta property=\"og:image\" content=\"https:\/\/www.riwal.com\/app\/uploads\/sites\/14\/2024\/01\/earthlander-8686-e1678225004144-1536x895-1-e1704784650509.jpg\" \/>\n\t<meta property=\"og:image:width\" content=\"954\" \/>\n\t<meta property=\"og:image:height\" content=\"896\" \/>\n\t<meta property=\"og:image:type\" content=\"image\/jpeg\" \/>\n<meta name=\"twitter:card\" content=\"summary_large_image\" \/>\n<meta name=\"twitter:label1\" content=\"Est. reading time\" \/>\n\t<meta name=\"twitter:data1\" content=\"2 minutter\" \/>\n<script type=\"application\/ld+json\" class=\"yoast-schema-graph\">{\"@context\":\"https:\/\/schema.org\",\"@graph\":[{\"@type\":\"WebPage\",\"@id\":\"https:\/\/www.riwal.com\/da\/lastbillifte-med-betjening-hos-ah-lift\/\",\"url\":\"https:\/\/www.riwal.com\/da\/lastbillifte-med-betjening-hos-ah-lift\/\",\"name\":\"Lastbillifte med betjening hos AH Lift | Riwal\",\"isPartOf\":{\"@id\":\"https:\/\/www.riwal.com\/da\/#website\"},\"primaryImageOfPage\":{\"@id\":\"https:\/\/www.riwal.com\/da\/lastbillifte-med-betjening-hos-ah-lift\/#primaryimage\"},\"image\":{\"@id\":\"https:\/\/www.riwal.com\/da\/lastbillifte-med-betjening-hos-ah-lift\/#primaryimage\"},\"thumbnailUrl\":\"https:\/\/eqsk4m2dkju.exactdn.com\/app\/uploads\/sites\/14\/2024\/01\/earthlander-8686-e1678225004144-1536x895-1-e1704784650509.jpg?strip=all&quality=92&webp=92&avif=80&sharp=1\",\"datePublished\":\"2024-01-09T07:19:25+00:00\",\"dateModified\":\"2024-02-19T12:45:31+00:00\",\"description\":\"Lastbillifte med betjening hos AH Lift. L\u00e6s mere om vores datterselskab AH Lift og se deres imponerende udvalg af lastbillifte med betjening.\",\"breadcrumb\":{\"@id\":\"https:\/\/www.riwal.com\/da\/lastbillifte-med-betjening-hos-ah-lift\/#breadcrumb\"},\"inLanguage\":\"da-DK\",\"potentialAction\":[{\"@type\":\"ReadAction\",\"target\":[\"https:\/\/www.riwal.com\/da\/lastbillifte-med-betjening-hos-ah-lift\/\"]}]},{\"@type\":\"ImageObject\",\"inLanguage\":\"da-DK\",\"@id\":\"https:\/\/www.riwal.com\/da\/lastbillifte-med-betjening-hos-ah-lift\/#primaryimage\",\"url\":\"https:\/\/eqsk4m2dkju.exactdn.com\/app\/uploads\/sites\/14\/2024\/01\/earthlander-8686-e1678225004144-1536x895-1-e1704784650509.jpg?strip=all&quality=92&webp=92&avif=80&sharp=1\",\"contentUrl\":\"https:\/\/eqsk4m2dkju.exactdn.com\/app\/uploads\/sites\/14\/2024\/01\/earthlander-8686-e1678225004144-1536x895-1-e1704784650509.jpg?strip=all&quality=92&webp=92&avif=80&sharp=1\",\"width\":954,\"height\":896},{\"@type\":\"BreadcrumbList\",\"@id\":\"https:\/\/www.riwal.com\/da\/lastbillifte-med-betjening-hos-ah-lift\/#breadcrumb\",\"itemListElement\":[{\"@type\":\"ListItem\",\"position\":1,\"name\":\"Forside\",\"item\":\"https:\/\/www.riwal.com\/da\/\"},{\"@type\":\"ListItem\",\"position\":2,\"name\":\"Lastbillifte med betjening hos AH Lift\"}]},{\"@type\":\"WebSite\",\"@id\":\"https:\/\/www.riwal.com\/da\/#website\",\"url\":\"https:\/\/www.riwal.com\/da\/\",\"name\":\"Riwal\",\"description\":\"Arial work platform &amp; Telehandler Rental\/Sales\",\"publisher\":{\"@id\":\"https:\/\/www.riwal.com\/da\/#organization\"},\"potentialAction\":[{\"@type\":\"SearchAction\",\"target\":{\"@type\":\"EntryPoint\",\"urlTemplate\":\"https:\/\/www.riwal.com\/da\/?s={search_term_string}\"},\"query-input\":{\"@type\":\"PropertyValueSpecification\",\"valueRequired\":true,\"valueName\":\"search_term_string\"}}],\"inLanguage\":\"da-DK\"},{\"@type\":\"Organization\",\"@id\":\"https:\/\/www.riwal.com\/da\/#organization\",\"name\":\"Riwal\",\"url\":\"https:\/\/www.riwal.com\/da\/\",\"logo\":{\"@type\":\"ImageObject\",\"inLanguage\":\"da-DK\",\"@id\":\"https:\/\/www.riwal.com\/da\/#\/schema\/logo\/image\/\",\"url\":\"\",\"contentUrl\":\"\",\"caption\":\"Riwal\"},\"image\":{\"@id\":\"https:\/\/www.riwal.com\/da\/#\/schema\/logo\/image\/\"}}]}<\/script>\n<!-- \/ Yoast SEO Premium plugin. -->","yoast_head_json":{"title":"Lastbillifte med betjening hos AH Lift | Riwal","description":"Lastbillifte med betjening hos AH Lift. L\u00e6s mere om vores datterselskab AH Lift og se deres imponerende udvalg af lastbillifte med betjening.","robots":{"index":"index","follow":"follow","max-snippet":"max-snippet:-1","max-image-preview":"max-image-preview:large","max-video-preview":"max-video-preview:-1"},"canonical":"https:\/\/www.riwal.com\/da\/lastbillifte-med-betjening-hos-ah-lift\/","og_locale":"da_DK","og_type":"article","og_title":"Lastbillifte med betjening hos AH Lift","og_description":"Lastbillifte med betjening hos AH Lift. L\u00e6s mere om vores datterselskab AH Lift og se deres imponerende udvalg af lastbillifte med betjening.","og_url":"https:\/\/www.riwal.com\/da\/lastbillifte-med-betjening-hos-ah-lift\/","og_site_name":"Riwal Danmark","article_modified_time":"2024-02-19T12:45:31+00:00","og_image":[{"width":954,"height":896,"url":"https:\/\/www.riwal.com\/app\/uploads\/sites\/14\/2024\/01\/earthlander-8686-e1678225004144-1536x895-1-e1704784650509.jpg","type":"image\/jpeg"}],"twitter_card":"summary_large_image","twitter_misc":{"Est. reading time":"2 minutter"},"schema":{"@context":"https:\/\/schema.org","@graph":[{"@type":"WebPage","@id":"https:\/\/www.riwal.com\/da\/lastbillifte-med-betjening-hos-ah-lift\/","url":"https:\/\/www.riwal.com\/da\/lastbillifte-med-betjening-hos-ah-lift\/","name":"Lastbillifte med betjening hos AH Lift | Riwal","isPartOf":{"@id":"https:\/\/www.riwal.com\/da\/#website"},"primaryImageOfPage":{"@id":"https:\/\/www.riwal.com\/da\/lastbillifte-med-betjening-hos-ah-lift\/#primaryimage"},"image":{"@id":"https:\/\/www.riwal.com\/da\/lastbillifte-med-betjening-hos-ah-lift\/#primaryimage"},"thumbnailUrl":"https:\/\/eqsk4m2dkju.exactdn.com\/app\/uploads\/sites\/14\/2024\/01\/earthlander-8686-e1678225004144-1536x895-1-e1704784650509.jpg?strip=all&quality=92&webp=92&avif=80&sharp=1","datePublished":"2024-01-09T07:19:25+00:00","dateModified":"2024-02-19T12:45:31+00:00","description":"Lastbillifte med betjening hos AH Lift. L\u00e6s mere om vores datterselskab AH Lift og se deres imponerende udvalg af lastbillifte med betjening.","breadcrumb":{"@id":"https:\/\/www.riwal.com\/da\/lastbillifte-med-betjening-hos-ah-lift\/#breadcrumb"},"inLanguage":"da-DK","potentialAction":[{"@type":"ReadAction","target":["https:\/\/www.riwal.com\/da\/lastbillifte-med-betjening-hos-ah-lift\/"]}]},{"@type":"ImageObject","inLanguage":"da-DK","@id":"https:\/\/www.riwal.com\/da\/lastbillifte-med-betjening-hos-ah-lift\/#primaryimage","url":"https:\/\/eqsk4m2dkju.exactdn.com\/app\/uploads\/sites\/14\/2024\/01\/earthlander-8686-e1678225004144-1536x895-1-e1704784650509.jpg?strip=all&quality=92&webp=92&avif=80&sharp=1","contentUrl":"https:\/\/eqsk4m2dkju.exactdn.com\/app\/uploads\/sites\/14\/2024\/01\/earthlander-8686-e1678225004144-1536x895-1-e1704784650509.jpg?strip=all&quality=92&webp=92&avif=80&sharp=1","width":954,"height":896},{"@type":"BreadcrumbList","@id":"https:\/\/www.riwal.com\/da\/lastbillifte-med-betjening-hos-ah-lift\/#breadcrumb","itemListElement":[{"@type":"ListItem","position":1,"name":"Forside","item":"https:\/\/www.riwal.com\/da\/"},{"@type":"ListItem","position":2,"name":"Lastbillifte med betjening hos AH Lift"}]},{"@type":"WebSite","@id":"https:\/\/www.riwal.com\/da\/#website","url":"https:\/\/www.riwal.com\/da\/","name":"Riwal","description":"Arial work platform &amp; Telehandler Rental\/Sales","publisher":{"@id":"https:\/\/www.riwal.com\/da\/#organization"},"potentialAction":[{"@type":"SearchAction","target":{"@type":"EntryPoint","urlTemplate":"https:\/\/www.riwal.com\/da\/?s={search_term_string}"},"query-input":{"@type":"PropertyValueSpecification","valueRequired":true,"valueName":"search_term_string"}}],"inLanguage":"da-DK"},{"@type":"Organization","@id":"https:\/\/www.riwal.com\/da\/#organization","name":"Riwal","url":"https:\/\/www.riwal.com\/da\/","logo":{"@type":"ImageObject","inLanguage":"da-DK","@id":"https:\/\/www.riwal.com\/da\/#\/schema\/logo\/image\/","url":"","contentUrl":"","caption":"Riwal"},"image":{"@id":"https:\/\/www.riwal.com\/da\/#\/schema\/logo\/image\/"}}]}},"_links":{"self":[{"href":"https:\/\/www.riwal.com\/da\/wp-json\/wp\/v2\/pages\/6545","targetHints":{"allow":["GET"]}}],"collection":[{"href":"https:\/\/www.riwal.com\/da\/wp-json\/wp\/v2\/pages"}],"about":[{"href":"https:\/\/www.riwal.com\/da\/wp-json\/wp\/v2\/types\/page"}],"author":[{"embeddable":true,"href":"https:\/\/www.riwal.com\/da\/wp-json\/wp\/v2\/users\/36"}],"replies":[{"embeddable":true,"href":"https:\/\/www.riwal.com\/da\/wp-json\/wp\/v2\/comments?post=6545"}],"version-history":[{"count":10,"href":"https:\/\/www.riwal.com\/da\/wp-json\/wp\/v2\/pages\/6545\/revisions"}],"predecessor-version":[{"id":9112,"href":"https:\/\/www.riwal.com\/da\/wp-json\/wp\/v2\/pages\/6545\/revisions\/9112"}],"wp:featuredmedia":[{"embeddable":true,"href":"https:\/\/www.riwal.com\/da\/wp-json\/wp\/v2\/media\/6546"}],"wp:attachment":[{"href":"https:\/\/www.riwal.com\/da\/wp-json\/wp\/v2\/media?parent=6545"}],"curies":[{"name":"wp","href":"https:\/\/api.w.org\/{rel}","templated":true}]}}