{"id":6447,"date":"2024-01-04T14:25:27","date_gmt":"2024-01-04T14:25:27","guid":{"rendered":"https:\/\/www.riwal.com\/da\/?page_id=6447"},"modified":"2025-12-15T16:13:53","modified_gmt":"2025-12-15T15:13:53","slug":"om-riwal","status":"publish","type":"page","link":"https:\/\/www.riwal.com\/da\/om-riwal\/","title":{"rendered":"Om Riwal"},"content":{"rendered":"<div class=\"rental-wp-default-block rental-theme-block-default-margin\">\n\t\t\t\t\t\t\t\t<div class=\"container\">\n<div class=\"wp-block-columns is-layout-flex wp-container-core-columns-is-layout-28f84493 wp-block-columns-is-layout-flex\">\n<div class=\"wp-block-column is-layout-flow wp-block-column-is-layout-flow\" style=\"flex-basis:33.33%\">\n<h2 class=\"wp-block-heading\" id=\"h-arbejde-i-hojden-med-riwal\">Arbejde i h\u00f8jden med Riwal<\/h2>\n<\/div>\n\n\n\n<div class=\"wp-block-column is-layout-flow wp-block-column-is-layout-flow\" style=\"flex-basis:66.66%\">\n<p>Riwal har siden 1968 v\u00e6ret specialisten i sikker og effektivt arbejde i h\u00f8jden. Med mere end 55 \u00e5rs erfaring og indg\u00e5ende viden om lifte, teleskopl\u00e6ssere og gaffeltrucks st\u00f8tter vi dagligt kunder inden for byggeri, industri og logistik. Siden 2024 har Riwal v\u00e6ret en del af <a href=\"https:\/\/www.boels.com\/en-gb\">Boels Rental<\/a>. Sammen r\u00e5der vi over en af de mest moderne og b\u00e6redygtige liftfl\u00e5der i Europa, hvor mere end 60% er elektriske eller hybride. Det g\u00f8r det muligt for os at levere p\u00e5lidelige, fremtidssikrede l\u00f8sninger til hvert projekt.<\/p>\n\n\n\n<p>Vores styrke ligger ikke kun i udlejning af maskiner, men ogs\u00e5 i ekstra services, specialiseret r\u00e5dgivning, professionelle sikkerhedskurser og smarte, skr\u00e6ddersyede l\u00f8sninger. Takket v\u00e6re et st\u00e6rkt internationalt netv\u00e6rk og et dedikeret team af specialister sikrer vi hurtig tilg\u00e6ngelighed, personlig service og maksimal driftstid p\u00e5 enhver arbejdsplads. S\u00e5 forbliver dit arbejde i h\u00f8jden altid i bev\u00e6gelse.<\/p>\n<\/div>\n<\/div>\n<\/div>\n\t\t\t\t\t\t\t<\/div> ","protected":false},"excerpt":{"rendered":"<p>Arbejde i h\u00f8jden med Riwal Riwal har siden 1968 v\u00e6ret specialisten i sikker og effektivt arbejde i h\u00f8jden. Med mere end 55 \u00e5rs erfaring og indg\u00e5ende viden om lifte, teleskopl\u00e6ssere og gaffeltrucks st\u00f8tter vi dagligt kunder inden for byggeri, industri og logistik. Siden 2024 har Riwal v\u00e6ret en del af Boels Rental. Sammen r\u00e5der vi &hellip; <a href=\"https:\/\/www.riwal.com\/da\/om-riwal\/\">Fortsat<\/a><\/p>\n","protected":false},"author":36,"featured_media":6516,"parent":0,"menu_order":0,"comment_status":"closed","ping_status":"closed","template":"","meta":{"_acf_changed":false,"footnotes":""},"class_list":["post-6447","page","type-page","status-publish","has-post-thumbnail","hentry"],"acf":[],"yoast_head":"<!-- This site is optimized with the Yoast SEO Premium plugin v27.1 (Yoast SEO v27.1.1) - https:\/\/yoast.com\/product\/yoast-seo-premium-wordpress\/ -->\n<title>Om Riwal - Riwal Danmark<\/title>\n<meta name=\"description\" content=\"Riwal er Danmarks st\u00f8rste specialist og ekspert i udlejning af lifte, teleskopl\u00e6ssere, gaffeltrucks og minikraner til arbejde i h\u00f8jden.\" \/>\n<meta name=\"robots\" content=\"index, follow, max-snippet:-1, max-image-preview:large, max-video-preview:-1\" \/>\n<link rel=\"canonical\" href=\"https:\/\/www.riwal.com\/da\/om-riwal\/\" \/>\n<meta property=\"og:locale\" content=\"da_DK\" \/>\n<meta property=\"og:type\" content=\"article\" \/>\n<meta property=\"og:title\" content=\"Om Riwal\" \/>\n<meta property=\"og:description\" content=\"Riwal er Danmarks st\u00f8rste specialist og ekspert i udlejning af lifte, teleskopl\u00e6ssere, gaffeltrucks og minikraner til arbejde i h\u00f8jden.\" \/>\n<meta property=\"og:url\" content=\"https:\/\/www.riwal.com\/da\/om-riwal\/\" \/>\n<meta property=\"og:site_name\" content=\"Riwal Danmark\" \/>\n<meta property=\"article:modified_time\" content=\"2025-12-15T15:13:53+00:00\" \/>\n<meta property=\"og:image\" content=\"https:\/\/www.riwal.com\/app\/uploads\/sites\/14\/2024\/01\/JLG-1850-SJ-scaled.jpg\" \/>\n\t<meta property=\"og:image:width\" content=\"2560\" \/>\n\t<meta property=\"og:image:height\" content=\"1922\" \/>\n\t<meta property=\"og:image:type\" content=\"image\/jpeg\" \/>\n<meta name=\"twitter:card\" content=\"summary_large_image\" \/>\n<meta name=\"twitter:label1\" content=\"Est. reading time\" \/>\n\t<meta name=\"twitter:data1\" content=\"1 minut\" \/>\n<script type=\"application\/ld+json\" class=\"yoast-schema-graph\">{\"@context\":\"https:\/\/schema.org\",\"@graph\":[{\"@type\":\"WebPage\",\"@id\":\"https:\/\/www.riwal.com\/da\/om-riwal\/\",\"url\":\"https:\/\/www.riwal.com\/da\/om-riwal\/\",\"name\":\"Om Riwal - Riwal Danmark\",\"isPartOf\":{\"@id\":\"https:\/\/www.riwal.com\/da\/#website\"},\"primaryImageOfPage\":{\"@id\":\"https:\/\/www.riwal.com\/da\/om-riwal\/#primaryimage\"},\"image\":{\"@id\":\"https:\/\/www.riwal.com\/da\/om-riwal\/#primaryimage\"},\"thumbnailUrl\":\"https:\/\/eqsk4m2dkju.exactdn.com\/app\/uploads\/sites\/14\/2024\/01\/JLG-1850-SJ-scaled.jpg?strip=all&quality=92&webp=92&avif=80&sharp=1\",\"datePublished\":\"2024-01-04T14:25:27+00:00\",\"dateModified\":\"2025-12-15T15:13:53+00:00\",\"description\":\"Riwal er Danmarks st\u00f8rste specialist og ekspert i udlejning af lifte, teleskopl\u00e6ssere, gaffeltrucks og minikraner til arbejde i h\u00f8jden.\",\"breadcrumb\":{\"@id\":\"https:\/\/www.riwal.com\/da\/om-riwal\/#breadcrumb\"},\"inLanguage\":\"da-DK\",\"potentialAction\":[{\"@type\":\"ReadAction\",\"target\":[\"https:\/\/www.riwal.com\/da\/om-riwal\/\"]}]},{\"@type\":\"ImageObject\",\"inLanguage\":\"da-DK\",\"@id\":\"https:\/\/www.riwal.com\/da\/om-riwal\/#primaryimage\",\"url\":\"https:\/\/eqsk4m2dkju.exactdn.com\/app\/uploads\/sites\/14\/2024\/01\/JLG-1850-SJ-scaled.jpg?strip=all&quality=92&webp=92&avif=80&sharp=1\",\"contentUrl\":\"https:\/\/eqsk4m2dkju.exactdn.com\/app\/uploads\/sites\/14\/2024\/01\/JLG-1850-SJ-scaled.jpg?strip=all&quality=92&webp=92&avif=80&sharp=1\",\"width\":2560,\"height\":1922,\"caption\":\"JLG 1850SJ bomlift fra Riwal\"},{\"@type\":\"BreadcrumbList\",\"@id\":\"https:\/\/www.riwal.com\/da\/om-riwal\/#breadcrumb\",\"itemListElement\":[{\"@type\":\"ListItem\",\"position\":1,\"name\":\"Forside\",\"item\":\"https:\/\/www.riwal.com\/da\/\"},{\"@type\":\"ListItem\",\"position\":2,\"name\":\"Om Riwal\"}]},{\"@type\":\"WebSite\",\"@id\":\"https:\/\/www.riwal.com\/da\/#website\",\"url\":\"https:\/\/www.riwal.com\/da\/\",\"name\":\"Riwal\",\"description\":\"Arial work platform &amp; Telehandler Rental\/Sales\",\"publisher\":{\"@id\":\"https:\/\/www.riwal.com\/da\/#organization\"},\"potentialAction\":[{\"@type\":\"SearchAction\",\"target\":{\"@type\":\"EntryPoint\",\"urlTemplate\":\"https:\/\/www.riwal.com\/da\/?s={search_term_string}\"},\"query-input\":{\"@type\":\"PropertyValueSpecification\",\"valueRequired\":true,\"valueName\":\"search_term_string\"}}],\"inLanguage\":\"da-DK\"},{\"@type\":\"Organization\",\"@id\":\"https:\/\/www.riwal.com\/da\/#organization\",\"name\":\"Riwal\",\"url\":\"https:\/\/www.riwal.com\/da\/\",\"logo\":{\"@type\":\"ImageObject\",\"inLanguage\":\"da-DK\",\"@id\":\"https:\/\/www.riwal.com\/da\/#\/schema\/logo\/image\/\",\"url\":\"\",\"contentUrl\":\"\",\"caption\":\"Riwal\"},\"image\":{\"@id\":\"https:\/\/www.riwal.com\/da\/#\/schema\/logo\/image\/\"}}]}<\/script>\n<!-- \/ Yoast SEO Premium plugin. -->","yoast_head_json":{"title":"Om Riwal - Riwal Danmark","description":"Riwal er Danmarks st\u00f8rste specialist og ekspert i udlejning af lifte, teleskopl\u00e6ssere, gaffeltrucks og minikraner til arbejde i h\u00f8jden.","robots":{"index":"index","follow":"follow","max-snippet":"max-snippet:-1","max-image-preview":"max-image-preview:large","max-video-preview":"max-video-preview:-1"},"canonical":"https:\/\/www.riwal.com\/da\/om-riwal\/","og_locale":"da_DK","og_type":"article","og_title":"Om Riwal","og_description":"Riwal er Danmarks st\u00f8rste specialist og ekspert i udlejning af lifte, teleskopl\u00e6ssere, gaffeltrucks og minikraner til arbejde i h\u00f8jden.","og_url":"https:\/\/www.riwal.com\/da\/om-riwal\/","og_site_name":"Riwal Danmark","article_modified_time":"2025-12-15T15:13:53+00:00","og_image":[{"width":2560,"height":1922,"url":"https:\/\/www.riwal.com\/app\/uploads\/sites\/14\/2024\/01\/JLG-1850-SJ-scaled.jpg","type":"image\/jpeg"}],"twitter_card":"summary_large_image","twitter_misc":{"Est. reading time":"1 minut"},"schema":{"@context":"https:\/\/schema.org","@graph":[{"@type":"WebPage","@id":"https:\/\/www.riwal.com\/da\/om-riwal\/","url":"https:\/\/www.riwal.com\/da\/om-riwal\/","name":"Om Riwal - Riwal Danmark","isPartOf":{"@id":"https:\/\/www.riwal.com\/da\/#website"},"primaryImageOfPage":{"@id":"https:\/\/www.riwal.com\/da\/om-riwal\/#primaryimage"},"image":{"@id":"https:\/\/www.riwal.com\/da\/om-riwal\/#primaryimage"},"thumbnailUrl":"https:\/\/eqsk4m2dkju.exactdn.com\/app\/uploads\/sites\/14\/2024\/01\/JLG-1850-SJ-scaled.jpg?strip=all&quality=92&webp=92&avif=80&sharp=1","datePublished":"2024-01-04T14:25:27+00:00","dateModified":"2025-12-15T15:13:53+00:00","description":"Riwal er Danmarks st\u00f8rste specialist og ekspert i udlejning af lifte, teleskopl\u00e6ssere, gaffeltrucks og minikraner til arbejde i h\u00f8jden.","breadcrumb":{"@id":"https:\/\/www.riwal.com\/da\/om-riwal\/#breadcrumb"},"inLanguage":"da-DK","potentialAction":[{"@type":"ReadAction","target":["https:\/\/www.riwal.com\/da\/om-riwal\/"]}]},{"@type":"ImageObject","inLanguage":"da-DK","@id":"https:\/\/www.riwal.com\/da\/om-riwal\/#primaryimage","url":"https:\/\/eqsk4m2dkju.exactdn.com\/app\/uploads\/sites\/14\/2024\/01\/JLG-1850-SJ-scaled.jpg?strip=all&quality=92&webp=92&avif=80&sharp=1","contentUrl":"https:\/\/eqsk4m2dkju.exactdn.com\/app\/uploads\/sites\/14\/2024\/01\/JLG-1850-SJ-scaled.jpg?strip=all&quality=92&webp=92&avif=80&sharp=1","width":2560,"height":1922,"caption":"JLG 1850SJ bomlift fra Riwal"},{"@type":"BreadcrumbList","@id":"https:\/\/www.riwal.com\/da\/om-riwal\/#breadcrumb","itemListElement":[{"@type":"ListItem","position":1,"name":"Forside","item":"https:\/\/www.riwal.com\/da\/"},{"@type":"ListItem","position":2,"name":"Om Riwal"}]},{"@type":"WebSite","@id":"https:\/\/www.riwal.com\/da\/#website","url":"https:\/\/www.riwal.com\/da\/","name":"Riwal","description":"Arial work platform &amp; Telehandler Rental\/Sales","publisher":{"@id":"https:\/\/www.riwal.com\/da\/#organization"},"potentialAction":[{"@type":"SearchAction","target":{"@type":"EntryPoint","urlTemplate":"https:\/\/www.riwal.com\/da\/?s={search_term_string}"},"query-input":{"@type":"PropertyValueSpecification","valueRequired":true,"valueName":"search_term_string"}}],"inLanguage":"da-DK"},{"@type":"Organization","@id":"https:\/\/www.riwal.com\/da\/#organization","name":"Riwal","url":"https:\/\/www.riwal.com\/da\/","logo":{"@type":"ImageObject","inLanguage":"da-DK","@id":"https:\/\/www.riwal.com\/da\/#\/schema\/logo\/image\/","url":"","contentUrl":"","caption":"Riwal"},"image":{"@id":"https:\/\/www.riwal.com\/da\/#\/schema\/logo\/image\/"}}]}},"_links":{"self":[{"href":"https:\/\/www.riwal.com\/da\/wp-json\/wp\/v2\/pages\/6447","targetHints":{"allow":["GET"]}}],"collection":[{"href":"https:\/\/www.riwal.com\/da\/wp-json\/wp\/v2\/pages"}],"about":[{"href":"https:\/\/www.riwal.com\/da\/wp-json\/wp\/v2\/types\/page"}],"author":[{"embeddable":true,"href":"https:\/\/www.riwal.com\/da\/wp-json\/wp\/v2\/users\/36"}],"replies":[{"embeddable":true,"href":"https:\/\/www.riwal.com\/da\/wp-json\/wp\/v2\/comments?post=6447"}],"version-history":[{"count":31,"href":"https:\/\/www.riwal.com\/da\/wp-json\/wp\/v2\/pages\/6447\/revisions"}],"predecessor-version":[{"id":23362,"href":"https:\/\/www.riwal.com\/da\/wp-json\/wp\/v2\/pages\/6447\/revisions\/23362"}],"wp:featuredmedia":[{"embeddable":true,"href":"https:\/\/www.riwal.com\/da\/wp-json\/wp\/v2\/media\/6516"}],"wp:attachment":[{"href":"https:\/\/www.riwal.com\/da\/wp-json\/wp\/v2\/media?parent=6447"}],"curies":[{"name":"wp","href":"https:\/\/api.w.org\/{rel}","templated":true}]}}