{"id":6424,"date":"2024-01-16T13:39:01","date_gmt":"2024-01-16T13:39:01","guid":{"rendered":"https:\/\/www.riwal.com\/da\/?page_id=6424"},"modified":"2025-11-18T10:11:49","modified_gmt":"2025-11-18T09:11:49","slug":"brancher","status":"publish","type":"page","link":"https:\/\/www.riwal.com\/da\/brancher\/","title":{"rendered":"Brancher"},"content":{"rendered":"<div class=\"container\">\n<h1 class=\"wp-block-heading\" id=\"h-brancher-vi-udlejer-lifte-og-teleskoplaessere-til\">Brancher vi udlejer lifte og teleskopl\u00e6ssere til<\/h1>\n<\/div>\n\n<div class=\"rental-wp-default-block rental-theme-block-default-margin\">\n\t\t\t\t\t\t\t\t<div class=\"container\">\n<div class=\"wp-block-columns is-layout-flex wp-container-core-columns-is-layout-28f84493 wp-block-columns-is-layout-flex\">\n<div class=\"wp-block-column is-layout-flow wp-block-column-is-layout-flow\" style=\"flex-basis:33.33%\">\n<h2 class=\"wp-block-heading\" id=\"h-hoj-effektivitet-og-palidelighed\">H\u00f8j effektivitet og p\u00e5lidelighed<\/h2>\n<\/div>\n\n\n\n<div class=\"wp-block-column is-layout-flow wp-block-column-is-layout-flow\" style=\"flex-basis:66.66%\">\n<p>Riwal er den f\u00f8rende organisation inden for <a href=\"https:\/\/www.riwal.com\/da\/udlejning\/\">udlejning<\/a> af lifte, teleskopl\u00e6ssere, minikraner og gaffeltrucks. Som specialister inden for arbejdet i h\u00f8jden har vi en stor erfaring med at levere avancerede l\u00f8sninger til en bred vifte af forskellige brancher. Opn\u00e5 en st\u00f8rre effektivitet ved at v\u00e6lge kvalitetsudstyr og service fra Riwal, der leveres hvor og hvorn\u00e5r du \u00f8nsker det.<\/p>\n<\/div>\n<\/div>\n<\/div>\n\t\t\t\t\t\t\t<\/div> \n\n\n<div class=\"wp-block-rental-theme-industries rental-theme-block-default-padding\">\n\t<div class=\"container\">\n\t\t<div class=\"wp-block-rental-theme-industries-header\">\n\t\t\t<div class=\"wp-block-rental-theme-industries-arrow-lines-left\">\n\t\t\t\t<svg width=\"469\" height=\"145\" viewBox=\"0 0 372 145\" fill=\"none\" xmlns=\"http:\/\/www.w3.org\/2000\/svg\"><path d=\"m-47.506 88.086 68.592-68.592h37.281v37.281l-68.592 68.593h-37.281V88.086Zm294.138-31.311 68.593 68.593h37.281V88.087l-68.592-68.593h-37.282v37.281Z\" stroke=\"#5B728B\"\/><mask id=\"path-3-inside-1_1619_471\" fill=\"#fff\"><path fill-rule=\"evenodd\" clip-rule=\"evenodd\" d=\"M169.967 18.994h-37.988L63.094 87.88v37.989h37.988l49.891-49.891 49.891 49.891h37.988v-37.99l-68.885-68.885Z\"\/><\/mask><path d=\"M131.979 18.994v-1h-.414l-.293.293.707.707Zm37.988 0 .707-.707-.293-.293h-.414v1ZM63.094 87.88l-.707-.707-.293.293v.414h1Zm0 37.989h-1v1h1v-1Zm37.988 0v1h.414l.293-.293-.707-.707Zm49.891-49.891.707-.707-.707-.707-.707.707.707.707Zm49.891 49.891-.707.707.293.293h.414v-1Zm37.988 0v1h1v-1h-1Zm0-37.989h1v-.414l-.292-.293-.708.707ZM131.979 19.994h37.988v-2h-37.988v2ZM63.801 88.587 132.686 19.7l-1.414-1.414-68.885 68.885 1.414 1.415Zm.293 37.281V87.879h-2v37.989h2Zm36.988-1H63.094v2h37.988v-2Zm49.184-49.598-49.891 49.891 1.414 1.414 49.891-49.891-1.414-1.414Zm0 1.414 49.891 49.891 1.414-1.414L151.68 75.27l-1.414 1.414Zm50.598 50.184h37.988v-2h-37.988v2Zm38.988-1V87.879h-2v37.989h2Zm-.292-38.696-68.886-68.885-1.414 1.414 68.885 68.886 1.415-1.415Z\" fill=\"#5B728B\" mask=\"url(#path-3-inside-1_1619_471)\"\/><\/svg>\t\t\t<\/div>\n\t\t\t<div class=\"wp-block-rental-theme-industries-title\">\n\t\t\t\t<h2 class='h2 wp-block-rental-theme-industries-title-field'>Uanset din branche er vi her for at hj\u00e6lpe!<\/h2>\t\t\t<\/div>\n\t\t<\/div>\n\t\t<div class=\"wp-block-rental-theme-industries__items\">\n\t\t\t\t\t\t\t<div class=\"wp-block-rental-theme-industries__item-content\">\n\t\t\t\t\t\t\t\t\t\t\t<div class=\"wp-block-rental-theme-industries__item-content__icon\">\n\t\t\t\t\t\t\t\t\t\t\t\t\t\t\t<img decoding=\"async\" src=\"https:\/\/eqsk4m2dkju.exactdn.com\/app\/uploads\/sites\/14\/2024\/01\/Construction-1.svg\" class=\"attachment-full size-full\" alt=\"\" \/>\t\t\t\t\t\t\t\t\t\t\t\t\t<\/div>\n\t\t\t\t\t\t\t\t\t\t<div class=\"wp-block-rental-theme-industries__item-content__text\">\n\t\t\t\t\t\t<div class=\"wp-block-rental-theme-industries__item-content__text-title\">\n\t\t\t\t\t\t\t<a href=\"https:\/\/www.riwal.com\/da\/brancher\/riwal-leverer-lifte-til-byggebranchen\/\">Byggeri<\/a>\t\t\t\t\t\t<\/div>\n\t\t\t\t\t\t<div class=\"wp-block-rental-theme-industries__item-content__text-content\">\n\t\t\t\t\t\t\t<p>I n\u00e6sten halvtreds \u00e5r har vi arbejdet sammen med partnere i byggebranchen. Med alle disse \u00e5rs erfaring har vi opn\u00e5et en stor viden om, hvad der kr\u00e6ves for at f\u00e5 arbejdet udf\u00f8rt hurtigt, effektivt og sikkert. S\u00e5 uanset hvad dine behov m\u00e5tte v\u00e6re for lifte, teleskopl\u00e6ssere, minikraner og gaffeltrucks, og om du leder efter leje eller k\u00f8b, har vi en l\u00f8sning.<\/p>\t\t\t\t\t\t<\/div>\n\t\t\t\t\t<\/div>\n\t\t\t\t<\/div>\n\t\t\t\t\t\t\t<div class=\"wp-block-rental-theme-industries__item-content\">\n\t\t\t\t\t\t\t\t\t\t\t<div class=\"wp-block-rental-theme-industries__item-content__icon\">\n\t\t\t\t\t\t\t\t\t\t\t\t\t\t\t<img decoding=\"async\" src=\"https:\/\/eqsk4m2dkju.exactdn.com\/app\/uploads\/sites\/14\/2024\/01\/Logistics-storage-1.svg\" class=\"attachment-full size-full\" alt=\"\" \/>\t\t\t\t\t\t\t\t\t\t\t\t\t<\/div>\n\t\t\t\t\t\t\t\t\t\t<div class=\"wp-block-rental-theme-industries__item-content__text\">\n\t\t\t\t\t\t<div class=\"wp-block-rental-theme-industries__item-content__text-title\">\n\t\t\t\t\t\t\t<a href=\"https:\/\/www.riwal.com\/da\/brancher\/lager-og-logistik\/\">Lager &amp; Logistik<\/a>\t\t\t\t\t\t<\/div>\n\t\t\t\t\t\t<div class=\"wp-block-rental-theme-industries__item-content__text-content\">\n\t\t\t\t\t\t\t<p>Riwal er anerkendt som liftleverand\u00f8r til adskillige logistik- og lagervirksomheder. Dette er uanset om du transporterer fragt, l\u00f8fter tunge laster eller udf\u00f8rer vedligeholdelse i lagre. Hvis du arbejder i smalle gange, leverer vi en kompakt lift med vertikal r\u00e6kkevidde. Vi leverer et udvalg af elektriske maskiner for at sikre, at luften er ren, n\u00e5r du arbejder indend\u00f8rs.<\/p>\t\t\t\t\t\t<\/div>\n\t\t\t\t\t<\/div>\n\t\t\t\t<\/div>\n\t\t\t\t\t\t\t<div class=\"wp-block-rental-theme-industries__item-content\">\n\t\t\t\t\t\t\t\t\t\t\t<div class=\"wp-block-rental-theme-industries__item-content__icon\">\n\t\t\t\t\t\t\t\t\t\t\t\t\t\t\t<img decoding=\"async\" src=\"https:\/\/eqsk4m2dkju.exactdn.com\/app\/uploads\/sites\/14\/2024\/01\/Energy-1.svg\" class=\"attachment-full size-full\" alt=\"\" \/>\t\t\t\t\t\t\t\t\t\t\t\t\t<\/div>\n\t\t\t\t\t\t\t\t\t\t<div class=\"wp-block-rental-theme-industries__item-content__text\">\n\t\t\t\t\t\t<div class=\"wp-block-rental-theme-industries__item-content__text-title\">\n\t\t\t\t\t\t\t<a href=\"https:\/\/www.riwal.com\/da\/brancher\/liftudlejning-til-vindindustrien-riwal\/\">Energi<\/a>\t\t\t\t\t\t<\/div>\n\t\t\t\t\t\t<div class=\"wp-block-rental-theme-industries__item-content__text-content\">\n\t\t\t\t\t\t\t<p>Riwal har stor erfaring inden for unikke l\u00f8sninger i h\u00f8jden til On- og Offshore-industrien. Vi leverer skr\u00e6ddersyede, innovative l\u00f8sninger til en bred vifte af kunder med meget specifikke krav, s\u00e5som fuldt elektriske maskiner, tilpassede kurve for personer og lavth\u00e6ngende maskiner, der kan bruges i h\u00e5rde terr\u00e6ner.<\/p>\t\t\t\t\t\t<\/div>\n\t\t\t\t\t<\/div>\n\t\t\t\t<\/div>\n\t\t\t\t\t\t\t<div class=\"wp-block-rental-theme-industries__item-content\">\n\t\t\t\t\t\t\t\t\t\t\t<div class=\"wp-block-rental-theme-industries__item-content__icon\">\n\t\t\t\t\t\t\t\t\t\t\t\t\t\t\t<img decoding=\"async\" src=\"https:\/\/eqsk4m2dkju.exactdn.com\/app\/uploads\/sites\/14\/2024\/01\/Datacenters-1.svg\" class=\"attachment-full size-full\" alt=\"\" \/>\t\t\t\t\t\t\t\t\t\t\t\t\t<\/div>\n\t\t\t\t\t\t\t\t\t\t<div class=\"wp-block-rental-theme-industries__item-content__text\">\n\t\t\t\t\t\t<div class=\"wp-block-rental-theme-industries__item-content__text-title\">\n\t\t\t\t\t\t\t<a href=\"https:\/\/www.riwal.com\/da\/brancher\/opfoerelse-af-datacentre\/\">Datacentre<\/a>\t\t\t\t\t\t<\/div>\n\t\t\t\t\t\t<div class=\"wp-block-rental-theme-industries__item-content__text-content\">\n\t\t\t\t\t\t\t<p>Den globale eftersp\u00f8rgsel efter datacentre stiger i takt med at kapl\u00f8bet om teknologiske fremskridt intensiveres. Som specialister i h\u00f8jdearbejde har Riwal en omfattende erfaring med at levere l\u00f8sninger til sikker og effektiv opf\u00f8relse af datacentre. Hos Riwal leverer vi maskiner til en r\u00e6kke store datacentre rundt omkring i Europa. Vi tilbyder et bredt udvalg af udstyr og en super service, herunder IPAF-uddannelse, som er sikkerhedstr\u00e6ning til dine operat\u00f8rer.<\/p>\t\t\t\t\t\t<\/div>\n\t\t\t\t\t<\/div>\n\t\t\t\t<\/div>\n\t\t\t\t\t\t\t<div class=\"wp-block-rental-theme-industries__item-content\">\n\t\t\t\t\t\t\t\t\t\t\t<div class=\"wp-block-rental-theme-industries__item-content__icon\">\n\t\t\t\t\t\t\t\t\t\t\t\t\t\t\t<img decoding=\"async\" src=\"https:\/\/eqsk4m2dkju.exactdn.com\/app\/uploads\/sites\/14\/2024\/01\/Aviation-aerospace-1.svg\" class=\"attachment-full size-full\" alt=\"\" \/>\t\t\t\t\t\t\t\t\t\t\t\t\t<\/div>\n\t\t\t\t\t\t\t\t\t\t<div class=\"wp-block-rental-theme-industries__item-content__text\">\n\t\t\t\t\t\t<div class=\"wp-block-rental-theme-industries__item-content__text-title\">\n\t\t\t\t\t\t\t<a href=\"https:\/\/www.riwal.com\/da\/brancher\/arbejde-i-luftfartsindustrien\/\">Flydrift &amp; Lufthavne<\/a>\t\t\t\t\t\t<\/div>\n\t\t\t\t\t\t<div class=\"wp-block-rental-theme-industries__item-content__text-content\">\n\t\t\t\t\t\t\t<p>For kommercielle flyselskaber er en effektiv vedligeholdelse af maskiner afg\u00f8rende for forretningsm\u00e6ssig succes. Flybranchen er en branche, hvor der ikke kan foretages kompromiser med sikkerheden. Hos Riwal tilbyder vi arbejdsplatforme som sikkert og effektivt giver adgang til alle afkroge af flyvemaskinen, og bidrager derfor til effektive inspektioner af alle typer af fly. Hos Riwal har vi designet en r\u00e6kke specialiserede platforme til luftfartsindustrien.<\/p>\t\t\t\t\t\t<\/div>\n\t\t\t\t\t<\/div>\n\t\t\t\t<\/div>\n\t\t\t\t\t\t\t<div class=\"wp-block-rental-theme-industries__item-content\">\n\t\t\t\t\t\t\t\t\t\t\t<div class=\"wp-block-rental-theme-industries__item-content__icon\">\n\t\t\t\t\t\t\t\t\t\t\t\t\t\t\t<img decoding=\"async\" src=\"https:\/\/eqsk4m2dkju.exactdn.com\/app\/uploads\/sites\/14\/2024\/01\/Facility-management-1.svg\" class=\"attachment-full size-full\" alt=\"\" \/>\t\t\t\t\t\t\t\t\t\t\t\t\t<\/div>\n\t\t\t\t\t\t\t\t\t\t<div class=\"wp-block-rental-theme-industries__item-content__text\">\n\t\t\t\t\t\t<div class=\"wp-block-rental-theme-industries__item-content__text-title\">\n\t\t\t\t\t\t\t<a href=\"https:\/\/www.riwal.com\/da\/brancher\/rengoeringsbranchen\/\">Vedligeholdelse &amp; Reng\u00f8ring<\/a>\t\t\t\t\t\t<\/div>\n\t\t\t\t\t\t<div class=\"wp-block-rental-theme-industries__item-content__text-content\">\n\t\t\t\t\t\t\t<p>Forskning viser, at faldfare er en af de mest almindelige \u00e5rsager til arbejdsulykker. De fleste ulykker sker under brugen af trapper og stiger, der typisk anvendes til reng\u00f8ring i h\u00f8jden. Lifte er et sikrere og mere effektivt alternativ. Med vores brede udvalg af maskiner tilbyder vi l\u00f8sninger til alle typer reng\u00f8ringsopgaver i h\u00f8jden. P\u00e5 grund af vores mange afdelinger kan Riwal hurtigt levere lifte direkte til din placering.<\/p>\t\t\t\t\t\t<\/div>\n\t\t\t\t\t<\/div>\n\t\t\t\t<\/div>\n\t\t\t\t\t<\/div>\n\t<\/div>\n<\/div>\n\n\n<div class=\"rental-wp-default-block rental-theme-block-default-margin\">\n\t\t\t\t\t\t\t\t<div class=\"container\">\n<div class=\"wp-block-columns is-layout-flex wp-container-core-columns-is-layout-28f84493 wp-block-columns-is-layout-flex\">\n<div class=\"wp-block-column is-layout-flow wp-block-column-is-layout-flow\" style=\"flex-basis:33.33%\">\n<h2 class=\"wp-block-heading\" id=\"h-riwal-safety-training\">Riwal Safety Training<\/h2>\n<\/div>\n\n\n\n<div class=\"wp-block-column is-layout-flow wp-block-column-is-layout-flow\" style=\"flex-basis:66.66%\">\n<p><a href=\"https:\/\/www.riwal.com\/da\/riwal-safety-training\/\">Riwal Safety Training<\/a> leverer sikkerhedskurser til virksomheder. Vi tilbyder et omfattende udvalg af sikkerhedskurser hos Riwal Safety Training, der er designet til at opfylde behovene i forskellige brancher og arbejdsmilj\u00f8er. Vores kurser er ideelle for virksomheder og organisationer, der \u00f8nsker at forbedre deres arbejdsmilj\u00f8 og minimere risiciene for skader og ulykker.<\/p>\n\n\n\n<div class=\"wp-block-buttons is-layout-flex wp-block-buttons-is-layout-flex\">\n<div class=\"wp-block-button\"><a class=\"wp-block-button__link wp-element-button\" href=\"https:\/\/www.riwal.com\/da\/sikkerhedskursus\/\">Find sikkerhedskurser<\/a><\/div>\n<\/div>\n<\/div>\n<\/div>\n<\/div>\n\t\t\t\t\t\t\t<\/div> ","protected":false},"excerpt":{"rendered":"<p>Brancher vi udlejer lifte og teleskopl\u00e6ssere til H\u00f8j effektivitet og p\u00e5lidelighed Riwal er den f\u00f8rende organisation inden for udlejning af lifte, teleskopl\u00e6ssere, minikraner og gaffeltrucks. Som specialister inden for arbejdet i h\u00f8jden har vi en stor erfaring med at levere avancerede l\u00f8sninger til en bred vifte af forskellige brancher. Opn\u00e5 en st\u00f8rre effektivitet ved at &hellip; <a href=\"https:\/\/www.riwal.com\/da\/brancher\/\">Fortsat<\/a><\/p>\n","protected":false},"author":14,"featured_media":3520,"parent":0,"menu_order":0,"comment_status":"closed","ping_status":"closed","template":"","meta":{"_acf_changed":false,"footnotes":""},"class_list":["post-6424","page","type-page","status-publish","has-post-thumbnail","hentry"],"acf":[],"yoast_head":"<!-- This site is optimized with the Yoast SEO Premium plugin v27.1 (Yoast SEO v27.1.1) - https:\/\/yoast.com\/product\/yoast-seo-premium-wordpress\/ -->\n<title>Riwal leverer lifte til disse brancher<\/title>\n<meta name=\"description\" content=\"Riwal har en stor erfaring med at levere avancerede l\u00f8sninger til en bred vifte af forskellige brancher. L\u00e6s mere om disse brancher her.\" \/>\n<meta name=\"robots\" content=\"index, follow, max-snippet:-1, max-image-preview:large, max-video-preview:-1\" \/>\n<link rel=\"canonical\" href=\"https:\/\/www.riwal.com\/da\/brancher\/\" \/>\n<meta property=\"og:locale\" content=\"da_DK\" \/>\n<meta property=\"og:type\" content=\"article\" \/>\n<meta property=\"og:title\" content=\"Brancher\" \/>\n<meta property=\"og:description\" content=\"Riwal har en stor erfaring med at levere avancerede l\u00f8sninger til en bred vifte af forskellige brancher. L\u00e6s mere om disse brancher her.\" \/>\n<meta property=\"og:url\" content=\"https:\/\/www.riwal.com\/da\/brancher\/\" \/>\n<meta property=\"og:site_name\" content=\"Riwal Danmark\" \/>\n<meta property=\"article:modified_time\" content=\"2025-11-18T09:11:49+00:00\" \/>\n<meta property=\"og:image\" content=\"https:\/\/www.riwal.com\/app\/uploads\/sites\/14\/2023\/08\/JLG-520AJ-bomlift-vindmoelle.jpg\" \/>\n\t<meta property=\"og:image:width\" content=\"1200\" \/>\n\t<meta property=\"og:image:height\" content=\"800\" \/>\n\t<meta property=\"og:image:type\" content=\"image\/jpeg\" \/>\n<meta name=\"twitter:card\" content=\"summary_large_image\" \/>\n<meta name=\"twitter:label1\" content=\"Est. reading time\" \/>\n\t<meta name=\"twitter:data1\" content=\"1 minut\" \/>\n<script type=\"application\/ld+json\" class=\"yoast-schema-graph\">{\"@context\":\"https:\/\/schema.org\",\"@graph\":[{\"@type\":\"WebPage\",\"@id\":\"https:\/\/www.riwal.com\/da\/brancher\/\",\"url\":\"https:\/\/www.riwal.com\/da\/brancher\/\",\"name\":\"Riwal leverer lifte til disse brancher\",\"isPartOf\":{\"@id\":\"https:\/\/www.riwal.com\/da\/#website\"},\"primaryImageOfPage\":{\"@id\":\"https:\/\/www.riwal.com\/da\/brancher\/#primaryimage\"},\"image\":{\"@id\":\"https:\/\/www.riwal.com\/da\/brancher\/#primaryimage\"},\"thumbnailUrl\":\"https:\/\/eqsk4m2dkju.exactdn.com\/app\/uploads\/sites\/14\/2023\/08\/JLG-520AJ-bomlift-vindmoelle.jpg?strip=all&quality=92&webp=92&avif=80&sharp=1\",\"datePublished\":\"2024-01-16T13:39:01+00:00\",\"dateModified\":\"2025-11-18T09:11:49+00:00\",\"description\":\"Riwal har en stor erfaring med at levere avancerede l\u00f8sninger til en bred vifte af forskellige brancher. L\u00e6s mere om disse brancher her.\",\"breadcrumb\":{\"@id\":\"https:\/\/www.riwal.com\/da\/brancher\/#breadcrumb\"},\"inLanguage\":\"da-DK\",\"potentialAction\":[{\"@type\":\"ReadAction\",\"target\":[\"https:\/\/www.riwal.com\/da\/brancher\/\"]}]},{\"@type\":\"ImageObject\",\"inLanguage\":\"da-DK\",\"@id\":\"https:\/\/www.riwal.com\/da\/brancher\/#primaryimage\",\"url\":\"https:\/\/eqsk4m2dkju.exactdn.com\/app\/uploads\/sites\/14\/2023\/08\/JLG-520AJ-bomlift-vindmoelle.jpg?strip=all&quality=92&webp=92&avif=80&sharp=1\",\"contentUrl\":\"https:\/\/eqsk4m2dkju.exactdn.com\/app\/uploads\/sites\/14\/2023\/08\/JLG-520AJ-bomlift-vindmoelle.jpg?strip=all&quality=92&webp=92&avif=80&sharp=1\",\"width\":1200,\"height\":800,\"caption\":\"BELGI\u00cb - Riwal machines op een windmolenpark. FOTO LEVIN DEN BOER - LDBFOTO.NL\"},{\"@type\":\"BreadcrumbList\",\"@id\":\"https:\/\/www.riwal.com\/da\/brancher\/#breadcrumb\",\"itemListElement\":[{\"@type\":\"ListItem\",\"position\":1,\"name\":\"Forside\",\"item\":\"https:\/\/www.riwal.com\/da\/\"},{\"@type\":\"ListItem\",\"position\":2,\"name\":\"Brancher\"}]},{\"@type\":\"WebSite\",\"@id\":\"https:\/\/www.riwal.com\/da\/#website\",\"url\":\"https:\/\/www.riwal.com\/da\/\",\"name\":\"Riwal\",\"description\":\"Arial work platform &amp; Telehandler Rental\/Sales\",\"publisher\":{\"@id\":\"https:\/\/www.riwal.com\/da\/#organization\"},\"potentialAction\":[{\"@type\":\"SearchAction\",\"target\":{\"@type\":\"EntryPoint\",\"urlTemplate\":\"https:\/\/www.riwal.com\/da\/?s={search_term_string}\"},\"query-input\":{\"@type\":\"PropertyValueSpecification\",\"valueRequired\":true,\"valueName\":\"search_term_string\"}}],\"inLanguage\":\"da-DK\"},{\"@type\":\"Organization\",\"@id\":\"https:\/\/www.riwal.com\/da\/#organization\",\"name\":\"Riwal\",\"url\":\"https:\/\/www.riwal.com\/da\/\",\"logo\":{\"@type\":\"ImageObject\",\"inLanguage\":\"da-DK\",\"@id\":\"https:\/\/www.riwal.com\/da\/#\/schema\/logo\/image\/\",\"url\":\"\",\"contentUrl\":\"\",\"caption\":\"Riwal\"},\"image\":{\"@id\":\"https:\/\/www.riwal.com\/da\/#\/schema\/logo\/image\/\"}}]}<\/script>\n<!-- \/ Yoast SEO Premium plugin. -->","yoast_head_json":{"title":"Riwal leverer lifte til disse brancher","description":"Riwal har en stor erfaring med at levere avancerede l\u00f8sninger til en bred vifte af forskellige brancher. L\u00e6s mere om disse brancher her.","robots":{"index":"index","follow":"follow","max-snippet":"max-snippet:-1","max-image-preview":"max-image-preview:large","max-video-preview":"max-video-preview:-1"},"canonical":"https:\/\/www.riwal.com\/da\/brancher\/","og_locale":"da_DK","og_type":"article","og_title":"Brancher","og_description":"Riwal har en stor erfaring med at levere avancerede l\u00f8sninger til en bred vifte af forskellige brancher. L\u00e6s mere om disse brancher her.","og_url":"https:\/\/www.riwal.com\/da\/brancher\/","og_site_name":"Riwal Danmark","article_modified_time":"2025-11-18T09:11:49+00:00","og_image":[{"width":1200,"height":800,"url":"https:\/\/www.riwal.com\/app\/uploads\/sites\/14\/2023\/08\/JLG-520AJ-bomlift-vindmoelle.jpg","type":"image\/jpeg"}],"twitter_card":"summary_large_image","twitter_misc":{"Est. reading time":"1 minut"},"schema":{"@context":"https:\/\/schema.org","@graph":[{"@type":"WebPage","@id":"https:\/\/www.riwal.com\/da\/brancher\/","url":"https:\/\/www.riwal.com\/da\/brancher\/","name":"Riwal leverer lifte til disse brancher","isPartOf":{"@id":"https:\/\/www.riwal.com\/da\/#website"},"primaryImageOfPage":{"@id":"https:\/\/www.riwal.com\/da\/brancher\/#primaryimage"},"image":{"@id":"https:\/\/www.riwal.com\/da\/brancher\/#primaryimage"},"thumbnailUrl":"https:\/\/eqsk4m2dkju.exactdn.com\/app\/uploads\/sites\/14\/2023\/08\/JLG-520AJ-bomlift-vindmoelle.jpg?strip=all&quality=92&webp=92&avif=80&sharp=1","datePublished":"2024-01-16T13:39:01+00:00","dateModified":"2025-11-18T09:11:49+00:00","description":"Riwal har en stor erfaring med at levere avancerede l\u00f8sninger til en bred vifte af forskellige brancher. L\u00e6s mere om disse brancher her.","breadcrumb":{"@id":"https:\/\/www.riwal.com\/da\/brancher\/#breadcrumb"},"inLanguage":"da-DK","potentialAction":[{"@type":"ReadAction","target":["https:\/\/www.riwal.com\/da\/brancher\/"]}]},{"@type":"ImageObject","inLanguage":"da-DK","@id":"https:\/\/www.riwal.com\/da\/brancher\/#primaryimage","url":"https:\/\/eqsk4m2dkju.exactdn.com\/app\/uploads\/sites\/14\/2023\/08\/JLG-520AJ-bomlift-vindmoelle.jpg?strip=all&quality=92&webp=92&avif=80&sharp=1","contentUrl":"https:\/\/eqsk4m2dkju.exactdn.com\/app\/uploads\/sites\/14\/2023\/08\/JLG-520AJ-bomlift-vindmoelle.jpg?strip=all&quality=92&webp=92&avif=80&sharp=1","width":1200,"height":800,"caption":"BELGI\u00cb - Riwal machines op een windmolenpark. FOTO LEVIN DEN BOER - LDBFOTO.NL"},{"@type":"BreadcrumbList","@id":"https:\/\/www.riwal.com\/da\/brancher\/#breadcrumb","itemListElement":[{"@type":"ListItem","position":1,"name":"Forside","item":"https:\/\/www.riwal.com\/da\/"},{"@type":"ListItem","position":2,"name":"Brancher"}]},{"@type":"WebSite","@id":"https:\/\/www.riwal.com\/da\/#website","url":"https:\/\/www.riwal.com\/da\/","name":"Riwal","description":"Arial work platform &amp; Telehandler Rental\/Sales","publisher":{"@id":"https:\/\/www.riwal.com\/da\/#organization"},"potentialAction":[{"@type":"SearchAction","target":{"@type":"EntryPoint","urlTemplate":"https:\/\/www.riwal.com\/da\/?s={search_term_string}"},"query-input":{"@type":"PropertyValueSpecification","valueRequired":true,"valueName":"search_term_string"}}],"inLanguage":"da-DK"},{"@type":"Organization","@id":"https:\/\/www.riwal.com\/da\/#organization","name":"Riwal","url":"https:\/\/www.riwal.com\/da\/","logo":{"@type":"ImageObject","inLanguage":"da-DK","@id":"https:\/\/www.riwal.com\/da\/#\/schema\/logo\/image\/","url":"","contentUrl":"","caption":"Riwal"},"image":{"@id":"https:\/\/www.riwal.com\/da\/#\/schema\/logo\/image\/"}}]}},"_links":{"self":[{"href":"https:\/\/www.riwal.com\/da\/wp-json\/wp\/v2\/pages\/6424","targetHints":{"allow":["GET"]}}],"collection":[{"href":"https:\/\/www.riwal.com\/da\/wp-json\/wp\/v2\/pages"}],"about":[{"href":"https:\/\/www.riwal.com\/da\/wp-json\/wp\/v2\/types\/page"}],"author":[{"embeddable":true,"href":"https:\/\/www.riwal.com\/da\/wp-json\/wp\/v2\/users\/14"}],"replies":[{"embeddable":true,"href":"https:\/\/www.riwal.com\/da\/wp-json\/wp\/v2\/comments?post=6424"}],"version-history":[{"count":15,"href":"https:\/\/www.riwal.com\/da\/wp-json\/wp\/v2\/pages\/6424\/revisions"}],"predecessor-version":[{"id":23217,"href":"https:\/\/www.riwal.com\/da\/wp-json\/wp\/v2\/pages\/6424\/revisions\/23217"}],"wp:featuredmedia":[{"embeddable":true,"href":"https:\/\/www.riwal.com\/da\/wp-json\/wp\/v2\/media\/3520"}],"wp:attachment":[{"href":"https:\/\/www.riwal.com\/da\/wp-json\/wp\/v2\/media?parent=6424"}],"curies":[{"name":"wp","href":"https:\/\/api.w.org\/{rel}","templated":true}]}}