{"id":6420,"date":"2024-01-03T09:45:13","date_gmt":"2024-01-03T09:45:13","guid":{"rendered":"https:\/\/www.riwal.com\/da\/?page_id=6420"},"modified":"2025-03-11T14:39:18","modified_gmt":"2025-03-11T13:39:18","slug":"ansvarsfraskrivelse","status":"publish","type":"page","link":"https:\/\/www.riwal.com\/da\/ansvarsfraskrivelse\/","title":{"rendered":"Ansvarsfraskrivelse"},"content":{"rendered":"<div class=\"rental-wp-default-block rental-theme-block-default-margin\">\n\t\t\t\t\t\t\t\t<div class=\"container\">\n<div class=\"wp-block-group is-layout-constrained wp-block-group-is-layout-constrained\">\n<div class=\"wp-block-rental-theme-title-text rental-theme-block-default-margin\">\n\t<div class=\"wp-block-rental-theme-title-text__container\">\n\t\t<div class=\"wp-block-rental-theme-title-text__wrapper\">\n\t\t\t<h1 class='wp-block-rental-theme-title-text__title'>Ansvarsfraskrivelse for www.riwal.com<\/h1>\t\t<\/div>\n\t\t<div class='wp-block-rental-theme-title-text__text'>\n\n<p>Riwal forbeholder sig retten til enhver tid at \u00e6ndre indholdet eller fjerne dele af det uden at skulle informere dig. Brugere af hjemmesiden opfordres til at l\u00e6se ansvarsfraskrivelsen ofte, s\u00e5 de altid er opdateret med den nyeste version.<\/p>\n\n\n\n<h3 class=\"wp-block-heading\" id=\"h-begraenset-ansvar\">Begr\u00e6nset ansvar<\/h3>\n\n\n\n<p>Riwal bestr\u00e6ber sig p\u00e5 at supplere og\/eller opdatere indholdet p\u00e5 hjemmesiden s\u00e5 ofte som muligt. P\u00e5 trods af denne omhu og opm\u00e6rksomhed er det stadig muligt, at indholdet kan v\u00e6re ufuldst\u00e6ndigt og\/eller forkert.<\/p>\n\n\n\n<p>Materialerne, der tilbydes p\u00e5 hjemmesiden, tilbydes uden nogen form for garanti eller krav p\u00e5 korrekthed. Disse materialer kan \u00e6ndres til enhver tid uden forudg\u00e5ende varsel fra Riwal.<\/p>\n\n\n\n<p>P\u00e5 trods af den l\u00f8bende omhu, som Riwal hengiver sig til hjemmesiden og de oplysninger, der offentligg\u00f8res p\u00e5 den, kan Riwal ikke holdes ansvarlig for fuldst\u00e6ndigheden, korrektheden og aktualiteten af hjemmesiden og de oplysninger, der offentligg\u00f8res p\u00e5 den.<\/p>\n\n<\/div>\n\t<\/div>\n<\/div>\n\n\n<div class=\"wp-block-group is-layout-constrained wp-block-group-is-layout-constrained\">\n<div class=\"wp-block-group is-layout-constrained wp-block-group-is-layout-constrained\">\n<div class=\"wp-block-group is-layout-constrained wp-block-group-is-layout-constrained\">\n<p>Oplysningerne p\u00e5 hjemmesiden er udelukkende beregnet til generelle form\u00e5l og kan ikke betragtes som r\u00e5dgivning. Riwal er ikke ansvarlig for tab eller skade som f\u00f8lge af brugen af hjemmesiden (eller manglende evne til at bruge den), herunder tab eller skade for\u00e5rsaget af vira eller forkerte eller ufuldst\u00e6ndige oplysninger, medmindre et s\u00e5dant tab eller skade er resultatet af bevidste handlinger af forseelse eller grov uagtsomhed fra Riwals side.<\/p>\n\n\n\n<p>Riwal vil heller ikke v\u00e6re ansvarlig for tab eller skade som f\u00f8lge af brugen af elektroniske kommunikationsmidler, herunder &#8211; men ikke begr\u00e6nset til &#8211; tab eller skade for\u00e5rsaget af forsinkelser i levering af elektronisk kommunikation eller manglende levering af elektronisk kommunikation, samt aflytning eller manipulation af elektronisk kommunikation af tredjeparter eller computere programmer, der bruges til elektronisk kommunikation og spredning af vira. Specifikt er alle priser p\u00e5 hjemmesiden betingede og underlagt skrive- eller programmeringsfejl. Ansvar accepteres ikke for konsekvenser relateret til s\u00e5danne fejl. Aftaler indg\u00e5s ikke p\u00e5 grundlag af s\u00e5danne fejl.<\/p>\n\n\n\n<p>Oplysninger fra tredjeparter er udtryk for deres personlige synspunkter. Riwal er ikke ansvarlig eller ansvarlig for disse oplysninger.<\/p>\n\n\n\n<p>Denne hjemmeside indeholder links til eksterne hjemmesider, der administreres af tredjeparter. Riwal er ikke ansvarlig for indholdet eller ydelsen af disse eksterne hjemmesider. Riwal p\u00e5tager sig intet ansvar for kvaliteten af de produkter og\/eller tjenester, der tilbydes af s\u00e5danne eksterne hjemmesider, og er ikke ansvarlig for brugen af indholdet af hjemmesider, der linker til eller fra hjemmesiden.<\/p>\n<\/div>\n\n\n\n<div class=\"wp-block-group is-layout-constrained wp-block-group-is-layout-constrained\">\n<h3 class=\"wp-block-heading\" id=\"h-ophavsrettigheder\">Ophavsrettigheder<\/h3>\n\n\n\n<p>Alle immaterielle ejendomsrettigheder relateret til disse materialer forbliver hos Riwal.<\/p>\n\n\n\n<p>Kopiering, distribution og enhver anden brug af disse materialer er forbudt uden skriftlig tilladelse fra Riwal, medmindre og kun i det omfang, det ellers er bestemt af bindende regler (s\u00e5som retten til citat), medmindre andet er angivet for specifikke materialer.<\/p>\n\n\n\n<p>Medmindre andet er angivet, tilh\u00f8rer alle rettigheder p\u00e5 hjemmesiden og oplysningerne p\u00e5 hjemmesiden, herunder &#8211; men ikke begr\u00e6nset til &#8211; ophavsrettigheder og andre immaterielle ejendomsrettigheder, Riwal. Disse rettigheder vedr\u00f8rer alle rettigheder til varem\u00e6rket, visuelle elementer, tekstmarkeringer og logoer fra Riwal, der er afbildet eller portr\u00e6tteret p\u00e5 denne hjemmeside.<\/p>\n\n\n\n<p>&#8216;Riwal&#8217; er et registreret varem\u00e6rke tilh\u00f8rende Riwal.<\/p>\n\n\n\n<p>Brugere kan l\u00e6se og kopiere oplysningerne p\u00e5 hjemmesiden til personligt, ikke-kommercielt brug ved eksempelvis at udskrive eller gemme oplysningerne.<\/p>\n\n\n\n<p>Enhver anden brug af hjemmesiden eller oplysningerne p\u00e5 hjemmesiden, s\u00e5som at gemme og\/eller duplikere (dele af) Riwals hjemmeside p\u00e5 en ekstern hjemmeside eller etablere links, hypertext links eller dybe links mellem hjemmesiden og enhver anden hjemmeside, er forbudt uden Riwals udtrykkelige skriftlige tilladelse.<\/p>\n<\/div>\n\n\n\n<div class=\"wp-block-group is-layout-constrained wp-block-group-is-layout-constrained\">\n<h3 class=\"wp-block-heading\" id=\"h-andet\">Andet<\/h3>\n\n\n\n<p>Denne ansvarsfraskrivelse kan tilpasses fra tid til anden.<\/p>\n<\/div>\n<\/div>\n<\/div>\n<\/div>\n<\/div>\n\t\t\t\t\t\t\t<\/div> ","protected":false},"excerpt":{"rendered":"<p>Oplysningerne p\u00e5 hjemmesiden er udelukkende beregnet til generelle form\u00e5l og kan ikke betragtes som r\u00e5dgivning. Riwal er ikke ansvarlig for tab eller skade som f\u00f8lge af brugen af hjemmesiden (eller manglende evne til at bruge den), herunder tab eller skade for\u00e5rsaget af vira eller forkerte eller ufuldst\u00e6ndige oplysninger, medmindre et s\u00e5dant tab eller skade er &hellip; <a href=\"https:\/\/www.riwal.com\/da\/ansvarsfraskrivelse\/\">Fortsat<\/a><\/p>\n","protected":false},"author":14,"featured_media":0,"parent":0,"menu_order":0,"comment_status":"closed","ping_status":"closed","template":"","meta":{"_acf_changed":false,"footnotes":""},"class_list":["post-6420","page","type-page","status-publish","hentry"],"acf":[],"yoast_head":"<!-- This site is optimized with the Yoast SEO Premium plugin v27.1 (Yoast SEO v27.1.1) - https:\/\/yoast.com\/product\/yoast-seo-premium-wordpress\/ -->\n<title>Ansvarsfraskrivelse - Riwal<\/title>\n<meta name=\"description\" content=\"L\u00e6s Riwals ansvarsfraskrivelse for vigtige juridiske informationer om vores produkter, tjenester og brug af webstedet.\" \/>\n<meta name=\"robots\" content=\"noindex, nofollow\" \/>\n<meta property=\"og:locale\" content=\"da_DK\" \/>\n<meta property=\"og:type\" content=\"article\" \/>\n<meta property=\"og:title\" content=\"Ansvarsfraskrivelse\" \/>\n<meta property=\"og:description\" content=\"L\u00e6s Riwals ansvarsfraskrivelse for vigtige juridiske informationer om vores produkter, tjenester og brug af webstedet.\" \/>\n<meta property=\"og:url\" content=\"https:\/\/www.riwal.com\/da\/ansvarsfraskrivelse\/\" \/>\n<meta property=\"og:site_name\" content=\"Riwal Danmark\" \/>\n<meta property=\"article:modified_time\" content=\"2025-03-11T13:39:18+00:00\" \/>\n<meta name=\"twitter:card\" content=\"summary_large_image\" \/>\n<meta name=\"twitter:label1\" content=\"Est. reading time\" \/>\n\t<meta name=\"twitter:data1\" content=\"3 minutter\" \/>\n<script type=\"application\/ld+json\" class=\"yoast-schema-graph\">{\"@context\":\"https:\/\/schema.org\",\"@graph\":[{\"@type\":\"WebPage\",\"@id\":\"https:\/\/www.riwal.com\/da\/ansvarsfraskrivelse\/\",\"url\":\"https:\/\/www.riwal.com\/da\/ansvarsfraskrivelse\/\",\"name\":\"Ansvarsfraskrivelse - Riwal\",\"isPartOf\":{\"@id\":\"https:\/\/www.riwal.com\/da\/#website\"},\"datePublished\":\"2024-01-03T09:45:13+00:00\",\"dateModified\":\"2025-03-11T13:39:18+00:00\",\"description\":\"L\u00e6s Riwals ansvarsfraskrivelse for vigtige juridiske informationer om vores produkter, tjenester og brug af webstedet.\",\"breadcrumb\":{\"@id\":\"https:\/\/www.riwal.com\/da\/ansvarsfraskrivelse\/#breadcrumb\"},\"inLanguage\":\"da-DK\",\"potentialAction\":[{\"@type\":\"ReadAction\",\"target\":[\"https:\/\/www.riwal.com\/da\/ansvarsfraskrivelse\/\"]}]},{\"@type\":\"BreadcrumbList\",\"@id\":\"https:\/\/www.riwal.com\/da\/ansvarsfraskrivelse\/#breadcrumb\",\"itemListElement\":[{\"@type\":\"ListItem\",\"position\":1,\"name\":\"Forside\",\"item\":\"https:\/\/www.riwal.com\/da\/\"},{\"@type\":\"ListItem\",\"position\":2,\"name\":\"Ansvarsfraskrivelse\"}]},{\"@type\":\"WebSite\",\"@id\":\"https:\/\/www.riwal.com\/da\/#website\",\"url\":\"https:\/\/www.riwal.com\/da\/\",\"name\":\"Riwal\",\"description\":\"Arial work platform &amp; Telehandler Rental\/Sales\",\"publisher\":{\"@id\":\"https:\/\/www.riwal.com\/da\/#organization\"},\"potentialAction\":[{\"@type\":\"SearchAction\",\"target\":{\"@type\":\"EntryPoint\",\"urlTemplate\":\"https:\/\/www.riwal.com\/da\/?s={search_term_string}\"},\"query-input\":{\"@type\":\"PropertyValueSpecification\",\"valueRequired\":true,\"valueName\":\"search_term_string\"}}],\"inLanguage\":\"da-DK\"},{\"@type\":\"Organization\",\"@id\":\"https:\/\/www.riwal.com\/da\/#organization\",\"name\":\"Riwal\",\"url\":\"https:\/\/www.riwal.com\/da\/\",\"logo\":{\"@type\":\"ImageObject\",\"inLanguage\":\"da-DK\",\"@id\":\"https:\/\/www.riwal.com\/da\/#\/schema\/logo\/image\/\",\"url\":\"\",\"contentUrl\":\"\",\"caption\":\"Riwal\"},\"image\":{\"@id\":\"https:\/\/www.riwal.com\/da\/#\/schema\/logo\/image\/\"}}]}<\/script>\n<!-- \/ Yoast SEO Premium plugin. -->","yoast_head_json":{"title":"Ansvarsfraskrivelse - Riwal","description":"L\u00e6s Riwals ansvarsfraskrivelse for vigtige juridiske informationer om vores produkter, tjenester og brug af webstedet.","robots":{"index":"noindex","follow":"nofollow"},"og_locale":"da_DK","og_type":"article","og_title":"Ansvarsfraskrivelse","og_description":"L\u00e6s Riwals ansvarsfraskrivelse for vigtige juridiske informationer om vores produkter, tjenester og brug af webstedet.","og_url":"https:\/\/www.riwal.com\/da\/ansvarsfraskrivelse\/","og_site_name":"Riwal Danmark","article_modified_time":"2025-03-11T13:39:18+00:00","twitter_card":"summary_large_image","twitter_misc":{"Est. reading time":"3 minutter"},"schema":{"@context":"https:\/\/schema.org","@graph":[{"@type":"WebPage","@id":"https:\/\/www.riwal.com\/da\/ansvarsfraskrivelse\/","url":"https:\/\/www.riwal.com\/da\/ansvarsfraskrivelse\/","name":"Ansvarsfraskrivelse - Riwal","isPartOf":{"@id":"https:\/\/www.riwal.com\/da\/#website"},"datePublished":"2024-01-03T09:45:13+00:00","dateModified":"2025-03-11T13:39:18+00:00","description":"L\u00e6s Riwals ansvarsfraskrivelse for vigtige juridiske informationer om vores produkter, tjenester og brug af webstedet.","breadcrumb":{"@id":"https:\/\/www.riwal.com\/da\/ansvarsfraskrivelse\/#breadcrumb"},"inLanguage":"da-DK","potentialAction":[{"@type":"ReadAction","target":["https:\/\/www.riwal.com\/da\/ansvarsfraskrivelse\/"]}]},{"@type":"BreadcrumbList","@id":"https:\/\/www.riwal.com\/da\/ansvarsfraskrivelse\/#breadcrumb","itemListElement":[{"@type":"ListItem","position":1,"name":"Forside","item":"https:\/\/www.riwal.com\/da\/"},{"@type":"ListItem","position":2,"name":"Ansvarsfraskrivelse"}]},{"@type":"WebSite","@id":"https:\/\/www.riwal.com\/da\/#website","url":"https:\/\/www.riwal.com\/da\/","name":"Riwal","description":"Arial work platform &amp; Telehandler Rental\/Sales","publisher":{"@id":"https:\/\/www.riwal.com\/da\/#organization"},"potentialAction":[{"@type":"SearchAction","target":{"@type":"EntryPoint","urlTemplate":"https:\/\/www.riwal.com\/da\/?s={search_term_string}"},"query-input":{"@type":"PropertyValueSpecification","valueRequired":true,"valueName":"search_term_string"}}],"inLanguage":"da-DK"},{"@type":"Organization","@id":"https:\/\/www.riwal.com\/da\/#organization","name":"Riwal","url":"https:\/\/www.riwal.com\/da\/","logo":{"@type":"ImageObject","inLanguage":"da-DK","@id":"https:\/\/www.riwal.com\/da\/#\/schema\/logo\/image\/","url":"","contentUrl":"","caption":"Riwal"},"image":{"@id":"https:\/\/www.riwal.com\/da\/#\/schema\/logo\/image\/"}}]}},"_links":{"self":[{"href":"https:\/\/www.riwal.com\/da\/wp-json\/wp\/v2\/pages\/6420","targetHints":{"allow":["GET"]}}],"collection":[{"href":"https:\/\/www.riwal.com\/da\/wp-json\/wp\/v2\/pages"}],"about":[{"href":"https:\/\/www.riwal.com\/da\/wp-json\/wp\/v2\/types\/page"}],"author":[{"embeddable":true,"href":"https:\/\/www.riwal.com\/da\/wp-json\/wp\/v2\/users\/14"}],"replies":[{"embeddable":true,"href":"https:\/\/www.riwal.com\/da\/wp-json\/wp\/v2\/comments?post=6420"}],"version-history":[{"count":5,"href":"https:\/\/www.riwal.com\/da\/wp-json\/wp\/v2\/pages\/6420\/revisions"}],"predecessor-version":[{"id":7076,"href":"https:\/\/www.riwal.com\/da\/wp-json\/wp\/v2\/pages\/6420\/revisions\/7076"}],"wp:attachment":[{"href":"https:\/\/www.riwal.com\/da\/wp-json\/wp\/v2\/media?parent=6420"}],"curies":[{"name":"wp","href":"https:\/\/api.w.org\/{rel}","templated":true}]}}