{"id":6279,"date":"2023-11-07T12:08:15","date_gmt":"2023-11-07T12:08:15","guid":{"rendered":"https:\/\/www.riwal.com\/da\/?page_id=6279"},"modified":"2024-02-20T12:14:37","modified_gmt":"2024-02-20T12:14:37","slug":"lager-og-logistik","status":"publish","type":"page","link":"https:\/\/www.riwal.com\/da\/brancher\/lager-og-logistik\/","title":{"rendered":"Lager &amp; Logistik"},"content":{"rendered":"<div class=\"container\">\n<h1 class=\"wp-block-heading\" id=\"h-lager-amp-logistik\">Lager &amp; Logistik<\/h1>\n<\/div>\n\n<div class=\"container\">\n<p><strong>Lager &amp; Logistik. Riwal er en anerkendt leverand\u00f8r hos flere logistik- og lagervirksomheder. Uanset om du transporterer gods, l\u00f8fter tunge laster eller udf\u00f8rer lager vedligeholdelse, tilbyder Riwal l\u00f8sninger, der er skr\u00e6ddersyet til lige netop din type arbejdsaktivitet.&nbsp;<\/strong><\/p>\n<\/div>\n\n<div class=\"container\">\n<p>Som specialist i h\u00f8jdearbejde tilbyder vi en fl\u00e5de af maskiner i h\u00f8j kvalitet.&nbsp; For\u00f8g din effektivitet med Riwal gennem vores udstyr og service af h\u00f8j kvalitet. Vi leverer altid til tiden p\u00e5 din \u00f8nskede lokalitet.<\/p>\n<\/div>\n\n<div class=\"rental-wp-default-block rental-theme-block-default-margin\">\n\t\t\t\t\t\t\t\t<div class=\"container\">\n<div class=\"wp-block-media-text is-stacked-on-mobile\" style=\"grid-template-columns:42% auto\"><figure class=\"wp-block-media-text__media\"><img loading=\"lazy\" decoding=\"async\" width=\"1024\" height=\"1024\" src=\"https:\/\/eqsk4m2dkju.exactdn.com\/app\/uploads\/sites\/14\/2023\/11\/20180710_105109-scaled-e1699358531531-1024x1024.jpg?strip=all&quality=92&webp=92&avif=80&sharp=1\" alt=\"\" class=\"wp-image-6283 size-full\" srcset=\"https:\/\/eqsk4m2dkju.exactdn.com\/app\/uploads\/sites\/14\/2023\/11\/20180710_105109-scaled-e1699358531531-1024x1024.jpg?strip=all&amp;quality=92&amp;webp=92&amp;avif=80&amp;sharp=1 1024w, https:\/\/eqsk4m2dkju.exactdn.com\/app\/uploads\/sites\/14\/2023\/11\/20180710_105109-scaled-e1699358531531-300x300.jpg?strip=all&amp;quality=92&amp;webp=92&amp;avif=80&amp;sharp=1 300w, https:\/\/eqsk4m2dkju.exactdn.com\/app\/uploads\/sites\/14\/2023\/11\/20180710_105109-scaled-e1699358531531-150x150.jpg?strip=all&amp;quality=92&amp;webp=92&amp;avif=80&amp;sharp=1 150w, https:\/\/eqsk4m2dkju.exactdn.com\/app\/uploads\/sites\/14\/2023\/11\/20180710_105109-scaled-e1699358531531-768x768.jpg?strip=all&amp;quality=92&amp;webp=92&amp;avif=80&amp;sharp=1 768w, https:\/\/eqsk4m2dkju.exactdn.com\/app\/uploads\/sites\/14\/2023\/11\/20180710_105109-scaled-e1699358531531-1536x1536.jpg?strip=all&amp;quality=92&amp;webp=92&amp;avif=80&amp;sharp=1 1536w, https:\/\/eqsk4m2dkju.exactdn.com\/app\/uploads\/sites\/14\/2023\/11\/20180710_105109-scaled-e1699358531531-178x178.jpg?strip=all&amp;quality=92&amp;webp=92&amp;avif=80&amp;sharp=1 178w, https:\/\/eqsk4m2dkju.exactdn.com\/app\/uploads\/sites\/14\/2023\/11\/20180710_105109-scaled-e1699358531531-925x925.jpg?strip=all&amp;quality=92&amp;webp=92&amp;avif=80&amp;sharp=1 925w, https:\/\/eqsk4m2dkju.exactdn.com\/app\/uploads\/sites\/14\/2023\/11\/20180710_105109-scaled-e1699358531531-390x390.jpg?strip=all&amp;quality=92&amp;webp=92&amp;avif=80&amp;sharp=1 390w, https:\/\/eqsk4m2dkju.exactdn.com\/app\/uploads\/sites\/14\/2023\/11\/20180710_105109-scaled-e1699358531531-628x628.jpg?strip=all&amp;quality=92&amp;webp=92&amp;avif=80&amp;sharp=1 628w, https:\/\/eqsk4m2dkju.exactdn.com\/app\/uploads\/sites\/14\/2023\/11\/20180710_105109-scaled-e1699358531531-726x726.jpg?strip=all&amp;quality=92&amp;webp=92&amp;avif=80&amp;sharp=1 726w, https:\/\/eqsk4m2dkju.exactdn.com\/app\/uploads\/sites\/14\/2023\/11\/20180710_105109-scaled-e1699358531531-200x200.jpg?strip=all&amp;quality=92&amp;webp=92&amp;avif=80&amp;sharp=1 200w, https:\/\/eqsk4m2dkju.exactdn.com\/app\/uploads\/sites\/14\/2023\/11\/20180710_105109-scaled-e1699358531531-490x490.jpg?strip=all&amp;quality=92&amp;webp=92&amp;avif=80&amp;sharp=1 490w, https:\/\/eqsk4m2dkju.exactdn.com\/app\/uploads\/sites\/14\/2023\/11\/20180710_105109-scaled-e1699358531531-237x237.jpg?strip=all&amp;quality=92&amp;webp=92&amp;avif=80&amp;sharp=1 237w, https:\/\/eqsk4m2dkju.exactdn.com\/app\/uploads\/sites\/14\/2023\/11\/20180710_105109-scaled-e1699358531531-474x474.jpg?strip=all&amp;quality=92&amp;webp=92&amp;avif=80&amp;sharp=1 474w, https:\/\/eqsk4m2dkju.exactdn.com\/app\/uploads\/sites\/14\/2023\/11\/20180710_105109-scaled-e1699358531531.jpg?strip=all&amp;quality=92&amp;webp=92&amp;avif=80&amp;sharp=1 1920w, https:\/\/eqsk4m2dkju.exactdn.com\/app\/uploads\/sites\/14\/2023\/11\/20180710_105109-scaled-e1699358531531.jpg?strip=all&amp;quality=92&amp;webp=92&amp;avif=80&amp;sharp=1&amp;w=1152 1152w\" sizes=\"auto, (max-width: 1024px) 100vw, 1024px\" \/><\/figure><div class=\"wp-block-media-text__content\">\n<h3 class=\"wp-block-heading\" id=\"h-skraeddersyede-losninger-til-dig\"><strong>Skr\u00e6ddersyede l\u00f8sninger til dig<\/strong><\/h3>\n\n\n\n<ul class=\"wp-block-list\">\n<li>Hvis du arbejder i trange omr\u00e5der, leverer vi en smal lift med lodret r\u00e6kkevidde.<\/li>\n\n\n\n<li>Vi leverer en r\u00e6kke elektriske maskiner for at sikre minimal forurening, n\u00e5r du arbejder indend\u00f8rs.<\/li>\n\n\n\n<li>Vi tilbyder IPAF-tr\u00e6ning til operat\u00f8rerne for at sikre den h\u00f8jeste sikkerhed og effektivitet p\u00e5 stedet.<\/li>\n<\/ul>\n\n\n\n<h3 class=\"wp-block-heading\" id=\"h-eksempler-pa-lifte-maskiner-til-lager-og-logistik\"><br><strong>Eksempler p\u00e5 lifte\/maskiner til lager og logistik<\/strong><\/h3>\n\n\n\n<ul class=\"wp-block-list\">\n<li><a href=\"https:\/\/www.riwal.com\/da\/udlejning\/lift\/saxlift\/jlg-3246es\/saxlift-el-12m\/\">JLG 3246ES<\/a> &#8211; Saxlift<\/li>\n\n\n\n<li><a href=\"https:\/\/www.riwal.com\/da\/udlejning\/lift\/saxlift\/jlg-2032es\/saxlift-el-8m\/\">JLG 2032ES<\/a> &#8211; Saxlift<\/li>\n\n\n\n<li><a href=\"https:\/\/www.riwal.com\/da\/udlejning\/lift\/knaekarmsbomlift-lift\/jlg-e300ajp\/knaekarmsbomlift-lift-el-11m\/\">JLG E300AJP<\/a> &#8211; Kn\u00e6karmsbomlift<\/li>\n<\/ul>\n<\/div><\/div>\n<\/div>\n\t\t\t\t\t\t\t<\/div> \n\n<div class=\"container\">\n<h3 class=\"wp-block-heading\" id=\"h-kvalitet-og-sikkerhed\"><strong>Kvalitet og sikkerhed<\/strong><\/h3>\n<\/div>\n\n<div class=\"container\">\n<p>Sikkerhed er en af vores kernev\u00e6rdier hos Riwal. Vi overholder de h\u00f8jeste sikkerhedsstandarder med up\u00e5klageligt vedligeholdt kvalitetsudstyr fra f\u00f8rende m\u00e6rker i branchen, s\u00e5som <a href=\"https:\/\/www.jlg.com\/\">JLG<\/a>. Maskinerne inspiceres inden hver levering og certificeres i overensstemmelse med lokale bestemmelser. Vi driver tr\u00e6ningscentre til tilpasset operat\u00f8r tr\u00e6ning og tilbyder kurser hos din virksomhed&nbsp; p\u00e5 flere sprog. Vi er desuden ogs\u00e5 b\u00e5de&nbsp; ISO- og VCA-certificerede (Sikkerhedscertifikat for entrepren\u00f8rer).<\/p>\n<\/div>","protected":false},"excerpt":{"rendered":"<p>Lager &amp; Logistik Lager &amp; Logistik. Riwal er en anerkendt leverand\u00f8r hos flere logistik- og lagervirksomheder. Uanset om du transporterer gods, l\u00f8fter tunge laster eller udf\u00f8rer lager vedligeholdelse, tilbyder Riwal l\u00f8sninger, der er skr\u00e6ddersyet til lige netop din type arbejdsaktivitet.&nbsp; Som specialist i h\u00f8jdearbejde tilbyder vi en fl\u00e5de af maskiner i h\u00f8j kvalitet.&nbsp; For\u00f8g din &hellip; <a href=\"https:\/\/www.riwal.com\/da\/brancher\/lager-og-logistik\/\">Fortsat<\/a><\/p>\n","protected":false},"author":36,"featured_media":6283,"parent":6424,"menu_order":0,"comment_status":"closed","ping_status":"closed","template":"","meta":{"_acf_changed":false,"footnotes":""},"class_list":["post-6279","page","type-page","status-publish","has-post-thumbnail","hentry"],"acf":[],"yoast_head":"<!-- This site is optimized with the Yoast SEO Premium plugin v27.1 (Yoast SEO v27.1.1) - https:\/\/yoast.com\/product\/yoast-seo-premium-wordpress\/ -->\n<title>Lager &amp; Logistik - Brancher - Riwal<\/title>\n<meta name=\"description\" content=\"Lager &amp; Logistik. L\u00e6s her om vores fleksible maskiner, som er perfekte til at l\u00f8se dine logistiske problemer.\" \/>\n<meta name=\"robots\" content=\"index, follow, max-snippet:-1, max-image-preview:large, max-video-preview:-1\" \/>\n<link rel=\"canonical\" href=\"https:\/\/www.riwal.com\/da\/brancher\/lager-og-logistik\/\" \/>\n<meta property=\"og:locale\" content=\"da_DK\" \/>\n<meta property=\"og:type\" content=\"article\" \/>\n<meta property=\"og:title\" content=\"Lager &amp; Logistik\" \/>\n<meta property=\"og:description\" content=\"Lager &amp; Logistik. L\u00e6s her om vores fleksible maskiner, som er perfekte til at l\u00f8se dine logistiske problemer.\" \/>\n<meta property=\"og:url\" content=\"https:\/\/www.riwal.com\/da\/brancher\/lager-og-logistik\/\" \/>\n<meta property=\"og:site_name\" content=\"Riwal Danmark\" \/>\n<meta property=\"article:modified_time\" content=\"2024-02-20T12:14:37+00:00\" \/>\n<meta property=\"og:image\" content=\"https:\/\/www.riwal.com\/app\/uploads\/sites\/14\/2023\/11\/20180710_105109-scaled-e1699358531531.jpg\" \/>\n\t<meta property=\"og:image:width\" content=\"1920\" \/>\n\t<meta property=\"og:image:height\" content=\"1920\" \/>\n\t<meta property=\"og:image:type\" content=\"image\/jpeg\" \/>\n<meta name=\"twitter:card\" content=\"summary_large_image\" \/>\n<meta name=\"twitter:label1\" content=\"Est. reading time\" \/>\n\t<meta name=\"twitter:data1\" content=\"2 minutter\" \/>\n<script type=\"application\/ld+json\" class=\"yoast-schema-graph\">{\"@context\":\"https:\/\/schema.org\",\"@graph\":[{\"@type\":\"WebPage\",\"@id\":\"https:\/\/www.riwal.com\/da\/brancher\/lager-og-logistik\/\",\"url\":\"https:\/\/www.riwal.com\/da\/brancher\/lager-og-logistik\/\",\"name\":\"Lager & Logistik - Brancher - Riwal\",\"isPartOf\":{\"@id\":\"https:\/\/www.riwal.com\/da\/#website\"},\"primaryImageOfPage\":{\"@id\":\"https:\/\/www.riwal.com\/da\/brancher\/lager-og-logistik\/#primaryimage\"},\"image\":{\"@id\":\"https:\/\/www.riwal.com\/da\/brancher\/lager-og-logistik\/#primaryimage\"},\"thumbnailUrl\":\"https:\/\/eqsk4m2dkju.exactdn.com\/app\/uploads\/sites\/14\/2023\/11\/20180710_105109-scaled-e1699358531531.jpg?strip=all&quality=92&webp=92&avif=80&sharp=1\",\"datePublished\":\"2023-11-07T12:08:15+00:00\",\"dateModified\":\"2024-02-20T12:14:37+00:00\",\"description\":\"Lager & Logistik. L\u00e6s her om vores fleksible maskiner, som er perfekte til at l\u00f8se dine logistiske problemer.\",\"breadcrumb\":{\"@id\":\"https:\/\/www.riwal.com\/da\/brancher\/lager-og-logistik\/#breadcrumb\"},\"inLanguage\":\"da-DK\",\"potentialAction\":[{\"@type\":\"ReadAction\",\"target\":[\"https:\/\/www.riwal.com\/da\/brancher\/lager-og-logistik\/\"]}]},{\"@type\":\"ImageObject\",\"inLanguage\":\"da-DK\",\"@id\":\"https:\/\/www.riwal.com\/da\/brancher\/lager-og-logistik\/#primaryimage\",\"url\":\"https:\/\/eqsk4m2dkju.exactdn.com\/app\/uploads\/sites\/14\/2023\/11\/20180710_105109-scaled-e1699358531531.jpg?strip=all&quality=92&webp=92&avif=80&sharp=1\",\"contentUrl\":\"https:\/\/eqsk4m2dkju.exactdn.com\/app\/uploads\/sites\/14\/2023\/11\/20180710_105109-scaled-e1699358531531.jpg?strip=all&quality=92&webp=92&avif=80&sharp=1\",\"width\":1920,\"height\":1920,\"caption\":\"Saxlift lejet hos Riwal arbejder p\u00e5 lager\"},{\"@type\":\"BreadcrumbList\",\"@id\":\"https:\/\/www.riwal.com\/da\/brancher\/lager-og-logistik\/#breadcrumb\",\"itemListElement\":[{\"@type\":\"ListItem\",\"position\":1,\"name\":\"Forside\",\"item\":\"https:\/\/www.riwal.com\/da\/\"},{\"@type\":\"ListItem\",\"position\":2,\"name\":\"Brancher\",\"item\":\"https:\/\/www.riwal.com\/da\/brancher\/\"},{\"@type\":\"ListItem\",\"position\":3,\"name\":\"Lager &amp; Logistik\"}]},{\"@type\":\"WebSite\",\"@id\":\"https:\/\/www.riwal.com\/da\/#website\",\"url\":\"https:\/\/www.riwal.com\/da\/\",\"name\":\"Riwal\",\"description\":\"Arial work platform &amp; Telehandler Rental\/Sales\",\"publisher\":{\"@id\":\"https:\/\/www.riwal.com\/da\/#organization\"},\"potentialAction\":[{\"@type\":\"SearchAction\",\"target\":{\"@type\":\"EntryPoint\",\"urlTemplate\":\"https:\/\/www.riwal.com\/da\/?s={search_term_string}\"},\"query-input\":{\"@type\":\"PropertyValueSpecification\",\"valueRequired\":true,\"valueName\":\"search_term_string\"}}],\"inLanguage\":\"da-DK\"},{\"@type\":\"Organization\",\"@id\":\"https:\/\/www.riwal.com\/da\/#organization\",\"name\":\"Riwal\",\"url\":\"https:\/\/www.riwal.com\/da\/\",\"logo\":{\"@type\":\"ImageObject\",\"inLanguage\":\"da-DK\",\"@id\":\"https:\/\/www.riwal.com\/da\/#\/schema\/logo\/image\/\",\"url\":\"\",\"contentUrl\":\"\",\"caption\":\"Riwal\"},\"image\":{\"@id\":\"https:\/\/www.riwal.com\/da\/#\/schema\/logo\/image\/\"}}]}<\/script>\n<!-- \/ Yoast SEO Premium plugin. -->","yoast_head_json":{"title":"Lager & Logistik - Brancher - Riwal","description":"Lager & Logistik. L\u00e6s her om vores fleksible maskiner, som er perfekte til at l\u00f8se dine logistiske problemer.","robots":{"index":"index","follow":"follow","max-snippet":"max-snippet:-1","max-image-preview":"max-image-preview:large","max-video-preview":"max-video-preview:-1"},"canonical":"https:\/\/www.riwal.com\/da\/brancher\/lager-og-logistik\/","og_locale":"da_DK","og_type":"article","og_title":"Lager &amp; Logistik","og_description":"Lager & Logistik. L\u00e6s her om vores fleksible maskiner, som er perfekte til at l\u00f8se dine logistiske problemer.","og_url":"https:\/\/www.riwal.com\/da\/brancher\/lager-og-logistik\/","og_site_name":"Riwal Danmark","article_modified_time":"2024-02-20T12:14:37+00:00","og_image":[{"width":1920,"height":1920,"url":"https:\/\/www.riwal.com\/app\/uploads\/sites\/14\/2023\/11\/20180710_105109-scaled-e1699358531531.jpg","type":"image\/jpeg"}],"twitter_card":"summary_large_image","twitter_misc":{"Est. reading time":"2 minutter"},"schema":{"@context":"https:\/\/schema.org","@graph":[{"@type":"WebPage","@id":"https:\/\/www.riwal.com\/da\/brancher\/lager-og-logistik\/","url":"https:\/\/www.riwal.com\/da\/brancher\/lager-og-logistik\/","name":"Lager & Logistik - Brancher - Riwal","isPartOf":{"@id":"https:\/\/www.riwal.com\/da\/#website"},"primaryImageOfPage":{"@id":"https:\/\/www.riwal.com\/da\/brancher\/lager-og-logistik\/#primaryimage"},"image":{"@id":"https:\/\/www.riwal.com\/da\/brancher\/lager-og-logistik\/#primaryimage"},"thumbnailUrl":"https:\/\/eqsk4m2dkju.exactdn.com\/app\/uploads\/sites\/14\/2023\/11\/20180710_105109-scaled-e1699358531531.jpg?strip=all&quality=92&webp=92&avif=80&sharp=1","datePublished":"2023-11-07T12:08:15+00:00","dateModified":"2024-02-20T12:14:37+00:00","description":"Lager & Logistik. L\u00e6s her om vores fleksible maskiner, som er perfekte til at l\u00f8se dine logistiske problemer.","breadcrumb":{"@id":"https:\/\/www.riwal.com\/da\/brancher\/lager-og-logistik\/#breadcrumb"},"inLanguage":"da-DK","potentialAction":[{"@type":"ReadAction","target":["https:\/\/www.riwal.com\/da\/brancher\/lager-og-logistik\/"]}]},{"@type":"ImageObject","inLanguage":"da-DK","@id":"https:\/\/www.riwal.com\/da\/brancher\/lager-og-logistik\/#primaryimage","url":"https:\/\/eqsk4m2dkju.exactdn.com\/app\/uploads\/sites\/14\/2023\/11\/20180710_105109-scaled-e1699358531531.jpg?strip=all&quality=92&webp=92&avif=80&sharp=1","contentUrl":"https:\/\/eqsk4m2dkju.exactdn.com\/app\/uploads\/sites\/14\/2023\/11\/20180710_105109-scaled-e1699358531531.jpg?strip=all&quality=92&webp=92&avif=80&sharp=1","width":1920,"height":1920,"caption":"Saxlift lejet hos Riwal arbejder p\u00e5 lager"},{"@type":"BreadcrumbList","@id":"https:\/\/www.riwal.com\/da\/brancher\/lager-og-logistik\/#breadcrumb","itemListElement":[{"@type":"ListItem","position":1,"name":"Forside","item":"https:\/\/www.riwal.com\/da\/"},{"@type":"ListItem","position":2,"name":"Brancher","item":"https:\/\/www.riwal.com\/da\/brancher\/"},{"@type":"ListItem","position":3,"name":"Lager &amp; Logistik"}]},{"@type":"WebSite","@id":"https:\/\/www.riwal.com\/da\/#website","url":"https:\/\/www.riwal.com\/da\/","name":"Riwal","description":"Arial work platform &amp; Telehandler Rental\/Sales","publisher":{"@id":"https:\/\/www.riwal.com\/da\/#organization"},"potentialAction":[{"@type":"SearchAction","target":{"@type":"EntryPoint","urlTemplate":"https:\/\/www.riwal.com\/da\/?s={search_term_string}"},"query-input":{"@type":"PropertyValueSpecification","valueRequired":true,"valueName":"search_term_string"}}],"inLanguage":"da-DK"},{"@type":"Organization","@id":"https:\/\/www.riwal.com\/da\/#organization","name":"Riwal","url":"https:\/\/www.riwal.com\/da\/","logo":{"@type":"ImageObject","inLanguage":"da-DK","@id":"https:\/\/www.riwal.com\/da\/#\/schema\/logo\/image\/","url":"","contentUrl":"","caption":"Riwal"},"image":{"@id":"https:\/\/www.riwal.com\/da\/#\/schema\/logo\/image\/"}}]}},"_links":{"self":[{"href":"https:\/\/www.riwal.com\/da\/wp-json\/wp\/v2\/pages\/6279","targetHints":{"allow":["GET"]}}],"collection":[{"href":"https:\/\/www.riwal.com\/da\/wp-json\/wp\/v2\/pages"}],"about":[{"href":"https:\/\/www.riwal.com\/da\/wp-json\/wp\/v2\/types\/page"}],"author":[{"embeddable":true,"href":"https:\/\/www.riwal.com\/da\/wp-json\/wp\/v2\/users\/36"}],"replies":[{"embeddable":true,"href":"https:\/\/www.riwal.com\/da\/wp-json\/wp\/v2\/comments?post=6279"}],"version-history":[{"count":17,"href":"https:\/\/www.riwal.com\/da\/wp-json\/wp\/v2\/pages\/6279\/revisions"}],"predecessor-version":[{"id":9139,"href":"https:\/\/www.riwal.com\/da\/wp-json\/wp\/v2\/pages\/6279\/revisions\/9139"}],"up":[{"embeddable":true,"href":"https:\/\/www.riwal.com\/da\/wp-json\/wp\/v2\/pages\/6424"}],"wp:featuredmedia":[{"embeddable":true,"href":"https:\/\/www.riwal.com\/da\/wp-json\/wp\/v2\/media\/6283"}],"wp:attachment":[{"href":"https:\/\/www.riwal.com\/da\/wp-json\/wp\/v2\/media?parent=6279"}],"curies":[{"name":"wp","href":"https:\/\/api.w.org\/{rel}","templated":true}]}}