{"id":6251,"date":"2023-11-07T07:46:33","date_gmt":"2023-11-07T07:46:33","guid":{"rendered":"https:\/\/www.riwal.com\/da\/?page_id=6251"},"modified":"2024-02-20T12:19:47","modified_gmt":"2024-02-20T12:19:47","slug":"arbejde-i-luftfartsindustrien","status":"publish","type":"page","link":"https:\/\/www.riwal.com\/da\/brancher\/arbejde-i-luftfartsindustrien\/","title":{"rendered":"Flydrift &amp; Lufthavne"},"content":{"rendered":"<div class=\"container\">\n<h1 class=\"wp-block-heading\" id=\"h-flydrift-amp-lufthavne\">Flydrift &amp; lufthavne<\/h1>\n<\/div>\n\n<div class=\"container\">\n<p><strong>Flydrift &amp; lufthavne. For kommercielle flyselskaber er en effektiv vedligeholdelse af maskiner afg\u00f8rende for forretningsm\u00e6ssig succes. Flybranchen er en branche, hvor der ikke kan foretages kompromiser med sikkerheden. <\/strong><\/p>\n<\/div>\n\n<div class=\"container\">\n<p>Hos Riwal tilbyder vi arbejdsplatforme som sikkert og effektivt giver adgang til alle afkroge af flyvemaskinen, og bidrager derfor til effektive inspektioner af alle typer af fly. Hos Riwal har vi designet en r\u00e6kke specialiserede platforme til luftfartsindustrien. St\u00f8rstedelen af flyvedligeholdelse foreg\u00e5r indend\u00f8rs. Derfor tilbyder vi st\u00f8jsvage, ikke-forurenende elektriske alternativer til de tidligere dieseldrevne arbejdsplatforme (AWPs).<\/p>\n<\/div>\n\n<div class=\"rental-wp-default-block rental-theme-block-default-margin\">\n\t\t\t\t\t\t\t\t<div class=\"container\">\n<div class=\"wp-block-media-text is-stacked-on-mobile\" style=\"grid-template-columns:43% auto\"><figure class=\"wp-block-media-text__media\"><img loading=\"lazy\" decoding=\"async\" width=\"900\" height=\"900\" src=\"https:\/\/eqsk4m2dkju.exactdn.com\/app\/uploads\/sites\/14\/2023\/08\/JLG-T12E-3.jpg?strip=all&quality=92&webp=92&avif=80&sharp=1\" alt=\"Flydrift &amp; Lufthavne - Riwal\" class=\"wp-image-3096 size-full\" srcset=\"https:\/\/eqsk4m2dkju.exactdn.com\/app\/uploads\/sites\/14\/2023\/08\/JLG-T12E-3.jpg?strip=all&amp;quality=92&amp;webp=92&amp;avif=80&amp;sharp=1 900w, https:\/\/eqsk4m2dkju.exactdn.com\/app\/uploads\/sites\/14\/2023\/08\/JLG-T12E-3-628x628.jpg?strip=all&amp;quality=92&amp;webp=92&amp;avif=80&amp;sharp=1 628w, https:\/\/eqsk4m2dkju.exactdn.com\/app\/uploads\/sites\/14\/2023\/08\/JLG-T12E-3-200x200.jpg?strip=all&amp;quality=92&amp;webp=92&amp;avif=80&amp;sharp=1 200w, https:\/\/eqsk4m2dkju.exactdn.com\/app\/uploads\/sites\/14\/2023\/08\/JLG-T12E-3-150x150.jpg?strip=all&amp;quality=92&amp;webp=92&amp;avif=80&amp;sharp=1 150w, https:\/\/eqsk4m2dkju.exactdn.com\/app\/uploads\/sites\/14\/2023\/08\/JLG-T12E-3-300x300.jpg?strip=all&amp;quality=92&amp;webp=92&amp;avif=80&amp;sharp=1 300w, https:\/\/eqsk4m2dkju.exactdn.com\/app\/uploads\/sites\/14\/2023\/08\/JLG-T12E-3-768x768.jpg?strip=all&amp;quality=92&amp;webp=92&amp;avif=80&amp;sharp=1 768w, https:\/\/eqsk4m2dkju.exactdn.com\/app\/uploads\/sites\/14\/2023\/08\/JLG-T12E-3-178x178.jpg?strip=all&amp;quality=92&amp;webp=92&amp;avif=80&amp;sharp=1 178w, https:\/\/eqsk4m2dkju.exactdn.com\/app\/uploads\/sites\/14\/2023\/08\/JLG-T12E-3-390x390.jpg?strip=all&amp;quality=92&amp;webp=92&amp;avif=80&amp;sharp=1 390w, https:\/\/eqsk4m2dkju.exactdn.com\/app\/uploads\/sites\/14\/2023\/08\/JLG-T12E-3-726x726.jpg?strip=all&amp;quality=92&amp;webp=92&amp;avif=80&amp;sharp=1 726w, https:\/\/eqsk4m2dkju.exactdn.com\/app\/uploads\/sites\/14\/2023\/08\/JLG-T12E-3.jpg?strip=all&amp;quality=92&amp;webp=92&amp;avif=80&amp;sharp=1&amp;w=540 540w, https:\/\/eqsk4m2dkju.exactdn.com\/app\/uploads\/sites\/14\/2023\/08\/JLG-T12E-3.jpg?strip=all&amp;quality=92&amp;webp=92&amp;avif=80&amp;sharp=1&amp;w=450 450w\" sizes=\"auto, (max-width: 900px) 100vw, 900px\" \/><\/figure><div class=\"wp-block-media-text__content\">\n<h3 class=\"wp-block-heading\" id=\"h-eksempler-pa-lifte-maskiner\"><strong>Eksempler p\u00e5 lifte\/maskiner:<\/strong><\/h3>\n\n\n\n<ul class=\"wp-block-list\">\n<li><a href=\"https:\/\/www.riwal.com\/da\/udlejning\/lift\/knaekarmsbomlift-lift\/jlg-800aj\/knaekarmsbomlift-lift-diesel-26m\/\">JLG 800AJ<\/a> &#8211; Elektrisk teleskopbomlift&nbsp;<\/li>\n<\/ul>\n\n\n\n<ul class=\"wp-block-list\">\n<li><a href=\"https:\/\/www.riwal.com\/da\/udlejning\/lift\/bomlift\/jlg-860sj-e\/bomlift-el-28m\/\">JLG 860SJ<\/a> &#8211; Elektrisk teleskopbomlift&nbsp;<\/li>\n<\/ul>\n\n\n\n<ul class=\"wp-block-list\">\n<li><a href=\"https:\/\/www.riwal.com\/da\/udlejning\/lift\/saxlift\/jlg-2646es\/saxlift-el-10m\/\">JLG 2646ES<\/a> &#8211; Saxlift&nbsp;<\/li>\n<\/ul>\n\n\n\n<ul class=\"wp-block-list\">\n<li><a href=\"https:\/\/www.riwal.com\/da\/udlejning\/lift\/soejlelift-lift\/jlg-1230es\/soejlelift-lift-el-6m\/\">JLG 1230ES<\/a> &#8211; S\u00f8jlelift<\/li>\n<\/ul>\n<\/div><\/div>\n<\/div>\n\t\t\t\t\t\t\t<\/div> \n\n<div class=\"container\">\n<h3 class=\"wp-block-heading\" id=\"h-kvalitet-og-sikkerhed\"><strong>Kvalitet og sikkerhed<\/strong><\/h3>\n<\/div>\n\n<div class=\"container\">\n<p>Sikkerhed er en af vores kernev\u00e6rdier hos Riwal. Vi overholder de h\u00f8jeste sikkerhedsstandarder med vedligeholdt kvalitetsudstyr fra f\u00f8rende m\u00e6rker i branchen, s\u00e5som <a href=\"https:\/\/www.jlg.com\/\">JLG<\/a>. Maskinerne inspiceres inden hver levering og certificeres i overensstemmelse med lokale bestemmelser. Vi driver tr\u00e6ningscentre til tilpasset operat\u00f8r tr\u00e6ning og tilbyder kurser hos din virksomhed&nbsp; p\u00e5 flere sprog. Vi er desuden ogs\u00e5 b\u00e5de&nbsp; ISO- og VCA-certificerede (Sikkerhedscertifikat for entrepren\u00f8rer).<\/p>\n<\/div>","protected":false},"excerpt":{"rendered":"<p>Flydrift &amp; lufthavne Flydrift &amp; lufthavne. For kommercielle flyselskaber er en effektiv vedligeholdelse af maskiner afg\u00f8rende for forretningsm\u00e6ssig succes. Flybranchen er en branche, hvor der ikke kan foretages kompromiser med sikkerheden. Hos Riwal tilbyder vi arbejdsplatforme som sikkert og effektivt giver adgang til alle afkroge af flyvemaskinen, og bidrager derfor til effektive inspektioner af alle &hellip; <a href=\"https:\/\/www.riwal.com\/da\/brancher\/arbejde-i-luftfartsindustrien\/\">Fortsat<\/a><\/p>\n","protected":false},"author":36,"featured_media":6256,"parent":6424,"menu_order":0,"comment_status":"closed","ping_status":"closed","template":"","meta":{"_acf_changed":false,"footnotes":""},"class_list":["post-6251","page","type-page","status-publish","has-post-thumbnail","hentry"],"acf":[],"yoast_head":"<!-- This site is optimized with the Yoast SEO Premium plugin v27.1 (Yoast SEO v27.1.1) - https:\/\/yoast.com\/product\/yoast-seo-premium-wordpress\/ -->\n<title>Flydrift &amp; Lufthavne - Brancher - Riwal<\/title>\n<meta name=\"description\" content=\"Flydrift &amp; lufthavne. L\u00e6s her om hvilke maskiner der egner sig godt til h\u00f8jdearbejde i lufthavne og andre steder med flyvemaskiner.\" \/>\n<meta name=\"robots\" content=\"index, follow, max-snippet:-1, max-image-preview:large, max-video-preview:-1\" \/>\n<link rel=\"canonical\" href=\"https:\/\/www.riwal.com\/da\/brancher\/arbejde-i-luftfartsindustrien\/\" \/>\n<meta property=\"og:locale\" content=\"da_DK\" \/>\n<meta property=\"og:type\" content=\"article\" \/>\n<meta property=\"og:title\" content=\"Flydrift &amp; Lufthavne\" \/>\n<meta property=\"og:description\" content=\"Flydrift &amp; lufthavne. L\u00e6s her om hvilke maskiner der egner sig godt til h\u00f8jdearbejde i lufthavne og andre steder med flyvemaskiner.\" \/>\n<meta property=\"og:url\" content=\"https:\/\/www.riwal.com\/da\/brancher\/arbejde-i-luftfartsindustrien\/\" \/>\n<meta property=\"og:site_name\" content=\"Riwal Danmark\" \/>\n<meta property=\"article:modified_time\" content=\"2024-02-20T12:19:47+00:00\" \/>\n<meta property=\"og:image\" content=\"https:\/\/www.riwal.com\/app\/uploads\/sites\/14\/2023\/11\/JLG-2030ES-e1699342921259.jpg\" \/>\n\t<meta property=\"og:image:width\" content=\"807\" \/>\n\t<meta property=\"og:image:height\" content=\"675\" \/>\n\t<meta property=\"og:image:type\" content=\"image\/jpeg\" \/>\n<meta name=\"twitter:card\" content=\"summary_large_image\" \/>\n<meta name=\"twitter:label1\" content=\"Est. reading time\" \/>\n\t<meta name=\"twitter:data1\" content=\"2 minutter\" \/>\n<script type=\"application\/ld+json\" class=\"yoast-schema-graph\">{\"@context\":\"https:\/\/schema.org\",\"@graph\":[{\"@type\":\"WebPage\",\"@id\":\"https:\/\/www.riwal.com\/da\/brancher\/arbejde-i-luftfartsindustrien\/\",\"url\":\"https:\/\/www.riwal.com\/da\/brancher\/arbejde-i-luftfartsindustrien\/\",\"name\":\"Flydrift & Lufthavne - Brancher - Riwal\",\"isPartOf\":{\"@id\":\"https:\/\/www.riwal.com\/da\/#website\"},\"primaryImageOfPage\":{\"@id\":\"https:\/\/www.riwal.com\/da\/brancher\/arbejde-i-luftfartsindustrien\/#primaryimage\"},\"image\":{\"@id\":\"https:\/\/www.riwal.com\/da\/brancher\/arbejde-i-luftfartsindustrien\/#primaryimage\"},\"thumbnailUrl\":\"https:\/\/eqsk4m2dkju.exactdn.com\/app\/uploads\/sites\/14\/2023\/11\/JLG-2030ES-e1699342921259.jpg?strip=all&quality=92&webp=92&avif=80&sharp=1\",\"datePublished\":\"2023-11-07T07:46:33+00:00\",\"dateModified\":\"2024-02-20T12:19:47+00:00\",\"description\":\"Flydrift & lufthavne. L\u00e6s her om hvilke maskiner der egner sig godt til h\u00f8jdearbejde i lufthavne og andre steder med flyvemaskiner.\",\"breadcrumb\":{\"@id\":\"https:\/\/www.riwal.com\/da\/brancher\/arbejde-i-luftfartsindustrien\/#breadcrumb\"},\"inLanguage\":\"da-DK\",\"potentialAction\":[{\"@type\":\"ReadAction\",\"target\":[\"https:\/\/www.riwal.com\/da\/brancher\/arbejde-i-luftfartsindustrien\/\"]}]},{\"@type\":\"ImageObject\",\"inLanguage\":\"da-DK\",\"@id\":\"https:\/\/www.riwal.com\/da\/brancher\/arbejde-i-luftfartsindustrien\/#primaryimage\",\"url\":\"https:\/\/eqsk4m2dkju.exactdn.com\/app\/uploads\/sites\/14\/2023\/11\/JLG-2030ES-e1699342921259.jpg?strip=all&quality=92&webp=92&avif=80&sharp=1\",\"contentUrl\":\"https:\/\/eqsk4m2dkju.exactdn.com\/app\/uploads\/sites\/14\/2023\/11\/JLG-2030ES-e1699342921259.jpg?strip=all&quality=92&webp=92&avif=80&sharp=1\",\"width\":807,\"height\":675,\"caption\":\"Saxlift foran flyvemaskine - Riwal\"},{\"@type\":\"BreadcrumbList\",\"@id\":\"https:\/\/www.riwal.com\/da\/brancher\/arbejde-i-luftfartsindustrien\/#breadcrumb\",\"itemListElement\":[{\"@type\":\"ListItem\",\"position\":1,\"name\":\"Forside\",\"item\":\"https:\/\/www.riwal.com\/da\/\"},{\"@type\":\"ListItem\",\"position\":2,\"name\":\"Brancher\",\"item\":\"https:\/\/www.riwal.com\/da\/brancher\/\"},{\"@type\":\"ListItem\",\"position\":3,\"name\":\"Flydrift &amp; Lufthavne\"}]},{\"@type\":\"WebSite\",\"@id\":\"https:\/\/www.riwal.com\/da\/#website\",\"url\":\"https:\/\/www.riwal.com\/da\/\",\"name\":\"Riwal\",\"description\":\"Arial work platform &amp; Telehandler Rental\/Sales\",\"publisher\":{\"@id\":\"https:\/\/www.riwal.com\/da\/#organization\"},\"potentialAction\":[{\"@type\":\"SearchAction\",\"target\":{\"@type\":\"EntryPoint\",\"urlTemplate\":\"https:\/\/www.riwal.com\/da\/?s={search_term_string}\"},\"query-input\":{\"@type\":\"PropertyValueSpecification\",\"valueRequired\":true,\"valueName\":\"search_term_string\"}}],\"inLanguage\":\"da-DK\"},{\"@type\":\"Organization\",\"@id\":\"https:\/\/www.riwal.com\/da\/#organization\",\"name\":\"Riwal\",\"url\":\"https:\/\/www.riwal.com\/da\/\",\"logo\":{\"@type\":\"ImageObject\",\"inLanguage\":\"da-DK\",\"@id\":\"https:\/\/www.riwal.com\/da\/#\/schema\/logo\/image\/\",\"url\":\"\",\"contentUrl\":\"\",\"caption\":\"Riwal\"},\"image\":{\"@id\":\"https:\/\/www.riwal.com\/da\/#\/schema\/logo\/image\/\"}}]}<\/script>\n<!-- \/ Yoast SEO Premium plugin. -->","yoast_head_json":{"title":"Flydrift & Lufthavne - Brancher - Riwal","description":"Flydrift & lufthavne. L\u00e6s her om hvilke maskiner der egner sig godt til h\u00f8jdearbejde i lufthavne og andre steder med flyvemaskiner.","robots":{"index":"index","follow":"follow","max-snippet":"max-snippet:-1","max-image-preview":"max-image-preview:large","max-video-preview":"max-video-preview:-1"},"canonical":"https:\/\/www.riwal.com\/da\/brancher\/arbejde-i-luftfartsindustrien\/","og_locale":"da_DK","og_type":"article","og_title":"Flydrift &amp; Lufthavne","og_description":"Flydrift & lufthavne. L\u00e6s her om hvilke maskiner der egner sig godt til h\u00f8jdearbejde i lufthavne og andre steder med flyvemaskiner.","og_url":"https:\/\/www.riwal.com\/da\/brancher\/arbejde-i-luftfartsindustrien\/","og_site_name":"Riwal Danmark","article_modified_time":"2024-02-20T12:19:47+00:00","og_image":[{"width":807,"height":675,"url":"https:\/\/www.riwal.com\/app\/uploads\/sites\/14\/2023\/11\/JLG-2030ES-e1699342921259.jpg","type":"image\/jpeg"}],"twitter_card":"summary_large_image","twitter_misc":{"Est. reading time":"2 minutter"},"schema":{"@context":"https:\/\/schema.org","@graph":[{"@type":"WebPage","@id":"https:\/\/www.riwal.com\/da\/brancher\/arbejde-i-luftfartsindustrien\/","url":"https:\/\/www.riwal.com\/da\/brancher\/arbejde-i-luftfartsindustrien\/","name":"Flydrift & Lufthavne - Brancher - Riwal","isPartOf":{"@id":"https:\/\/www.riwal.com\/da\/#website"},"primaryImageOfPage":{"@id":"https:\/\/www.riwal.com\/da\/brancher\/arbejde-i-luftfartsindustrien\/#primaryimage"},"image":{"@id":"https:\/\/www.riwal.com\/da\/brancher\/arbejde-i-luftfartsindustrien\/#primaryimage"},"thumbnailUrl":"https:\/\/eqsk4m2dkju.exactdn.com\/app\/uploads\/sites\/14\/2023\/11\/JLG-2030ES-e1699342921259.jpg?strip=all&quality=92&webp=92&avif=80&sharp=1","datePublished":"2023-11-07T07:46:33+00:00","dateModified":"2024-02-20T12:19:47+00:00","description":"Flydrift & lufthavne. L\u00e6s her om hvilke maskiner der egner sig godt til h\u00f8jdearbejde i lufthavne og andre steder med flyvemaskiner.","breadcrumb":{"@id":"https:\/\/www.riwal.com\/da\/brancher\/arbejde-i-luftfartsindustrien\/#breadcrumb"},"inLanguage":"da-DK","potentialAction":[{"@type":"ReadAction","target":["https:\/\/www.riwal.com\/da\/brancher\/arbejde-i-luftfartsindustrien\/"]}]},{"@type":"ImageObject","inLanguage":"da-DK","@id":"https:\/\/www.riwal.com\/da\/brancher\/arbejde-i-luftfartsindustrien\/#primaryimage","url":"https:\/\/eqsk4m2dkju.exactdn.com\/app\/uploads\/sites\/14\/2023\/11\/JLG-2030ES-e1699342921259.jpg?strip=all&quality=92&webp=92&avif=80&sharp=1","contentUrl":"https:\/\/eqsk4m2dkju.exactdn.com\/app\/uploads\/sites\/14\/2023\/11\/JLG-2030ES-e1699342921259.jpg?strip=all&quality=92&webp=92&avif=80&sharp=1","width":807,"height":675,"caption":"Saxlift foran flyvemaskine - Riwal"},{"@type":"BreadcrumbList","@id":"https:\/\/www.riwal.com\/da\/brancher\/arbejde-i-luftfartsindustrien\/#breadcrumb","itemListElement":[{"@type":"ListItem","position":1,"name":"Forside","item":"https:\/\/www.riwal.com\/da\/"},{"@type":"ListItem","position":2,"name":"Brancher","item":"https:\/\/www.riwal.com\/da\/brancher\/"},{"@type":"ListItem","position":3,"name":"Flydrift &amp; Lufthavne"}]},{"@type":"WebSite","@id":"https:\/\/www.riwal.com\/da\/#website","url":"https:\/\/www.riwal.com\/da\/","name":"Riwal","description":"Arial work platform &amp; Telehandler Rental\/Sales","publisher":{"@id":"https:\/\/www.riwal.com\/da\/#organization"},"potentialAction":[{"@type":"SearchAction","target":{"@type":"EntryPoint","urlTemplate":"https:\/\/www.riwal.com\/da\/?s={search_term_string}"},"query-input":{"@type":"PropertyValueSpecification","valueRequired":true,"valueName":"search_term_string"}}],"inLanguage":"da-DK"},{"@type":"Organization","@id":"https:\/\/www.riwal.com\/da\/#organization","name":"Riwal","url":"https:\/\/www.riwal.com\/da\/","logo":{"@type":"ImageObject","inLanguage":"da-DK","@id":"https:\/\/www.riwal.com\/da\/#\/schema\/logo\/image\/","url":"","contentUrl":"","caption":"Riwal"},"image":{"@id":"https:\/\/www.riwal.com\/da\/#\/schema\/logo\/image\/"}}]}},"_links":{"self":[{"href":"https:\/\/www.riwal.com\/da\/wp-json\/wp\/v2\/pages\/6251","targetHints":{"allow":["GET"]}}],"collection":[{"href":"https:\/\/www.riwal.com\/da\/wp-json\/wp\/v2\/pages"}],"about":[{"href":"https:\/\/www.riwal.com\/da\/wp-json\/wp\/v2\/types\/page"}],"author":[{"embeddable":true,"href":"https:\/\/www.riwal.com\/da\/wp-json\/wp\/v2\/users\/36"}],"replies":[{"embeddable":true,"href":"https:\/\/www.riwal.com\/da\/wp-json\/wp\/v2\/comments?post=6251"}],"version-history":[{"count":19,"href":"https:\/\/www.riwal.com\/da\/wp-json\/wp\/v2\/pages\/6251\/revisions"}],"predecessor-version":[{"id":9142,"href":"https:\/\/www.riwal.com\/da\/wp-json\/wp\/v2\/pages\/6251\/revisions\/9142"}],"up":[{"embeddable":true,"href":"https:\/\/www.riwal.com\/da\/wp-json\/wp\/v2\/pages\/6424"}],"wp:featuredmedia":[{"embeddable":true,"href":"https:\/\/www.riwal.com\/da\/wp-json\/wp\/v2\/media\/6256"}],"wp:attachment":[{"href":"https:\/\/www.riwal.com\/da\/wp-json\/wp\/v2\/media?parent=6251"}],"curies":[{"name":"wp","href":"https:\/\/api.w.org\/{rel}","templated":true}]}}