{"id":6238,"date":"2023-11-06T11:15:03","date_gmt":"2023-11-06T11:15:03","guid":{"rendered":"https:\/\/www.riwal.com\/da\/?page_id=6238"},"modified":"2025-11-18T10:18:46","modified_gmt":"2025-11-18T09:18:46","slug":"opfoerelse-af-datacentre","status":"publish","type":"page","link":"https:\/\/www.riwal.com\/da\/brancher\/opfoerelse-af-datacentre\/","title":{"rendered":"Opf\u00f8relse af datacentre"},"content":{"rendered":"<div class=\"container\">\n<h1 class=\"wp-block-heading\" id=\"h-opforelse-af-datacentre\">Opf\u00f8relse af datacentre<\/h1>\n<\/div>\n\n<div class=\"container\">\n<p><strong>Den globale eftersp\u00f8rgsel efter datacentre stiger i takt med at kapl\u00f8bet om teknologiske fremskridt intensiveres. Som specialister i h\u00f8jdearbejde har Riwal en omfattende erfaring med at levere l\u00f8sninger til sikker og effektiv opf\u00f8relse af datacentre. Hos Riwal leverer vi maskiner til en r\u00e6kke store datacentre rundt omkring i Europa. Vi tilbyder et bredt udvalg af udstyr og en super service, herunder IPAF-uddannelse, som er sikkerhedstr\u00e6ning til dine operat\u00f8rer.<\/strong><\/p>\n<\/div>\n\n<div class=\"container\">\n<h3 class=\"wp-block-heading\" id=\"h-skraeddersyede-losninger-til-dig\"><strong>Skr\u00e6ddersyede l\u00f8sninger til dig<\/strong><\/h3>\n<\/div>\n\n<div class=\"container\">\n<p>Riwal er i stand til hurtigt at levere et stort udvalg af kvalitetsmaskiner til opf\u00f8relse af datacentre. Vi er i stand til at hj\u00e6lpe dig med alt fra opgaver i st\u00e5l, facader, indend\u00f8rs opgaver og&nbsp;til installation af elektricitet samt ventilation.<br><\/p>\n<\/div>\n\n<div class=\"rental-wp-default-block rental-theme-block-default-margin\">\n\t\t\t\t\t\t\t\t<div class=\"container\">\n<div class=\"wp-block-media-text is-stacked-on-mobile\" style=\"grid-template-columns:32% auto\"><figure class=\"wp-block-media-text__media\"><img loading=\"lazy\" decoding=\"async\" width=\"304\" height=\"350\" src=\"https:\/\/eqsk4m2dkju.exactdn.com\/app\/uploads\/sites\/14\/2023\/11\/DataenterConstruction-jpg.jpg?strip=all&quality=92&webp=92&avif=80&sharp=1\" alt=\"Datacenter ikon\" class=\"wp-image-6241 size-full\" srcset=\"https:\/\/eqsk4m2dkju.exactdn.com\/app\/uploads\/sites\/14\/2023\/11\/DataenterConstruction-jpg.jpg?strip=all&amp;quality=92&amp;webp=92&amp;avif=80&amp;sharp=1 304w, https:\/\/eqsk4m2dkju.exactdn.com\/app\/uploads\/sites\/14\/2023\/11\/DataenterConstruction-jpg-261x300.jpg?strip=all&amp;quality=92&amp;webp=92&amp;avif=80&amp;sharp=1 261w, https:\/\/eqsk4m2dkju.exactdn.com\/app\/uploads\/sites\/14\/2023\/11\/DataenterConstruction-jpg-178x205.jpg?strip=all&amp;quality=92&amp;webp=92&amp;avif=80&amp;sharp=1 178w, https:\/\/eqsk4m2dkju.exactdn.com\/app\/uploads\/sites\/14\/2023\/11\/DataenterConstruction-jpg-174x200.jpg?strip=all&amp;quality=92&amp;webp=92&amp;avif=80&amp;sharp=1 174w, https:\/\/eqsk4m2dkju.exactdn.com\/app\/uploads\/sites\/14\/2023\/11\/DataenterConstruction-jpg-237x273.jpg?strip=all&amp;quality=92&amp;webp=92&amp;avif=80&amp;sharp=1 237w, https:\/\/eqsk4m2dkju.exactdn.com\/app\/uploads\/sites\/14\/2023\/11\/DataenterConstruction-jpg.jpg?strip=all&amp;quality=92&amp;webp=92&amp;avif=80&amp;sharp=1&amp;w=60 60w, https:\/\/eqsk4m2dkju.exactdn.com\/app\/uploads\/sites\/14\/2023\/11\/DataenterConstruction-jpg.jpg?strip=all&amp;quality=92&amp;webp=92&amp;avif=80&amp;sharp=1&amp;w=121 121w\" sizes=\"auto, (max-width: 304px) 100vw, 304px\" \/><\/figure><div class=\"wp-block-media-text__content\">\n<h3 class=\"wp-block-heading\" id=\"h-roterende-teleskoplaessere-er-yderst-effektive\"><strong>Roterende teleskopl\u00e6ssere er yderst effektive<\/strong><\/h3>\n\n\n\n<p>Roterende teleskopl\u00e6ssere er yderst effektive til opf\u00f8relse af datacentre. Dette skyldes deres fleksible og man\u00f8vredygtige design, som g\u00f8r at flere virksomheder v\u00e6lger en <a href=\"https:\/\/www.riwal.com\/da\/udlejning\/loefteudstyr\/roterende-teleskoplaessere\/\">roterende teleskopl\u00e6ssere<\/a> og benytter den p\u00e5 byggepladsen som en kran, der med sin rotation kan tilg\u00e5 selv de sv\u00e6reste omr\u00e5der. Den roterende teleskopl\u00e6sser kan derfor b\u00e5de spare dig tid og penge.<br><\/p>\n\n\n\n<h3 class=\"wp-block-heading\" id=\"h-kvalitet-og-sikkerhed\"><strong>Kvalitet og sikkerhed<\/strong><\/h3>\n\n\n\n<p>Sikkerhed er en kernev\u00e6rdi hos Riwal. Vi overholder de h\u00f8jeste sikkerhedsstandarder med kvalitetsudstyr fra f\u00f8rende m\u00e6rker i branchen, s\u00e5som <a href=\"https:\/\/www.jlg.com\/\">JLG<\/a>. Maskinerne inspiceres inden hver levering og certificeres i overensstemmelse med lokale bestemmelser. Vi driver tr\u00e6ningscentre til tilpasset operat\u00f8r tr\u00e6ning og tilbyder kurser hos din virksomhed&nbsp; p\u00e5 flere sprog. Vi er desuden ogs\u00e5 b\u00e5de&nbsp;ISO- og VCA-certificerede (Sikkerhedscertifikat for entrepren\u00f8rer).<\/p>\n<\/div><\/div>\n<\/div>\n\t\t\t\t\t\t\t<\/div> \n\n<div class=\"container\">\n<h3 class=\"wp-block-heading\" id=\"h-eksempler-pa-lifte-maskiner-til-opforelse-af-datacentre\"><strong>Eksempler p\u00e5 lifte\/maskiner til opf\u00f8relse af datacentre<\/strong><\/h3>\n<\/div>\n\n<div class=\"container\">\n<ul class=\"wp-block-list\">\n<li><a href=\"https:\/\/www.riwal.com\/da\/udlejning\/lift\/soejlelift-lift\/jlg-toucan8e\/soejlelift-lift-el-8m\/\">JLG-Toucan8E<\/a> &#8211; S\u00f8jlelift&nbsp;<\/li>\n\n\n\n<li><a href=\"https:\/\/www.riwal.com\/da\/udlejning\/loefteudstyr\/roterende-teleskoplaessere\/man-mrt3255\/roterende-teleskoplaessere-diesel-31m\/\">MAN-MRT3255+<\/a> &#8211; Roterende Teleskopl\u00e6sser<\/li>\n\n\n\n<li><a href=\"https:\/\/www.riwal.com\/da\/udlejning\/lift\/bomlift\/jlg-660sj\/bomlift-diesel-22m\/\">JLG 660SJ<\/a> &#8211; Teleskopbomlift&nbsp;<\/li>\n\n\n\n<li><a href=\"https:\/\/www.riwal.com\/da\/udlejning\/loefteudstyr\/truck-loefteudstyr\/han-elftb18\/truck-loefteudstyr-el-4m\/\">HAN-FTB18\/450<\/a> &#8211; Gaffeltruck<br><\/li>\n<\/ul>\n<\/div>\n\n<div class=\"container\">\n<h3 class=\"wp-block-heading\" id=\"h-anerkendelse-fra-virksomheder\"><strong>Anerkendelse fra virksomheder<\/strong><\/h3>\n<\/div>\n\n<div class=\"container\">\n<p>&#8220;Vores samarbejde med Riwal har v\u00e6ret ekstremt succesfuldt, hvor Riwal har levet op til Mace Health &amp; Safety-standarderne. Denne samarbejdsorienterede tilgang har gjort det muligt for Riwal at st\u00f8tte b\u00e5de projektet og vores specialentrepren\u00f8rer med udstyr, service og tr\u00e6ning p\u00e5 h\u00f8jeste niveau, hvor tingene bliver gjort rigtigt f\u00f8rste gang!&#8221; &#8211; Iain Gardner, Senior Health and Safety Manager hos Mace Group.<\/p>\n<\/div>\n\n<div class=\"rental-wp-default-block rental-theme-block-default-margin\"><div class=\"container\">\n<figure class=\"wp-block-embed is-type-video is-provider-youtube wp-block-embed-youtube\"><div class=\"wp-block-embed__wrapper\">\n<iframe loading=\"lazy\" title=\"Strong collaboration between Mace &amp; Riwal\" width=\"500\" height=\"281\" src=\"https:\/\/www.youtube.com\/embed\/xG0-6Pn7rlY?feature=oembed\" frameborder=\"0\" allow=\"accelerometer; autoplay; clipboard-write; encrypted-media; gyroscope; picture-in-picture; web-share\" referrerpolicy=\"strict-origin-when-cross-origin\" allowfullscreen><\/iframe>\n<\/div><\/figure>\n<\/div><\/div>","protected":false},"excerpt":{"rendered":"<p>Opf\u00f8relse af datacentre Den globale eftersp\u00f8rgsel efter datacentre stiger i takt med at kapl\u00f8bet om teknologiske fremskridt intensiveres. Som specialister i h\u00f8jdearbejde har Riwal en omfattende erfaring med at levere l\u00f8sninger til sikker og effektiv opf\u00f8relse af datacentre. Hos Riwal leverer vi maskiner til en r\u00e6kke store datacentre rundt omkring i Europa. Vi tilbyder et &hellip; <a href=\"https:\/\/www.riwal.com\/da\/brancher\/opfoerelse-af-datacentre\/\">Fortsat<\/a><\/p>\n","protected":false},"author":36,"featured_media":6241,"parent":6424,"menu_order":0,"comment_status":"closed","ping_status":"closed","template":"","meta":{"_acf_changed":false,"footnotes":""},"class_list":["post-6238","page","type-page","status-publish","has-post-thumbnail","hentry"],"acf":[],"yoast_head":"<!-- This site is optimized with the Yoast SEO Premium plugin v27.1 (Yoast SEO v27.1.1) - https:\/\/yoast.com\/product\/yoast-seo-premium-wordpress\/ -->\n<title>Opf\u00f8relse af datacentre - Brancher - Riwal<\/title>\n<meta name=\"description\" content=\"Opf\u00f8relse af datacentre. L\u00e6s her om hvilke maskiner, som er ideelle til h\u00f8jdearbejde p\u00e5 datacentre. Kontakt os gerne - hvis du har sp\u00f8rgsm\u00e5l.\" \/>\n<meta name=\"robots\" content=\"index, follow, max-snippet:-1, max-image-preview:large, max-video-preview:-1\" \/>\n<link rel=\"canonical\" href=\"https:\/\/www.riwal.com\/da\/brancher\/opfoerelse-af-datacentre\/\" \/>\n<meta property=\"og:locale\" content=\"da_DK\" \/>\n<meta property=\"og:type\" content=\"article\" \/>\n<meta property=\"og:title\" content=\"Opf\u00f8relse af datacentre\" \/>\n<meta property=\"og:description\" content=\"Opf\u00f8relse af datacentre. L\u00e6s her om hvilke maskiner, som er ideelle til h\u00f8jdearbejde p\u00e5 datacentre. Kontakt os gerne - hvis du har sp\u00f8rgsm\u00e5l.\" \/>\n<meta property=\"og:url\" content=\"https:\/\/www.riwal.com\/da\/brancher\/opfoerelse-af-datacentre\/\" \/>\n<meta property=\"og:site_name\" content=\"Riwal Danmark\" \/>\n<meta property=\"article:modified_time\" content=\"2025-11-18T09:18:46+00:00\" \/>\n<meta property=\"og:image\" content=\"https:\/\/www.riwal.com\/app\/uploads\/sites\/14\/2023\/11\/DataenterConstruction-jpg.jpg\" \/>\n\t<meta property=\"og:image:width\" content=\"304\" \/>\n\t<meta property=\"og:image:height\" content=\"350\" \/>\n\t<meta property=\"og:image:type\" content=\"image\/jpeg\" \/>\n<meta name=\"twitter:card\" content=\"summary_large_image\" \/>\n<meta name=\"twitter:label1\" content=\"Est. reading time\" \/>\n\t<meta name=\"twitter:data1\" content=\"3 minutter\" \/>\n<script type=\"application\/ld+json\" class=\"yoast-schema-graph\">{\"@context\":\"https:\/\/schema.org\",\"@graph\":[{\"@type\":\"WebPage\",\"@id\":\"https:\/\/www.riwal.com\/da\/brancher\/opfoerelse-af-datacentre\/\",\"url\":\"https:\/\/www.riwal.com\/da\/brancher\/opfoerelse-af-datacentre\/\",\"name\":\"Opf\u00f8relse af datacentre - Brancher - Riwal\",\"isPartOf\":{\"@id\":\"https:\/\/www.riwal.com\/da\/#website\"},\"primaryImageOfPage\":{\"@id\":\"https:\/\/www.riwal.com\/da\/brancher\/opfoerelse-af-datacentre\/#primaryimage\"},\"image\":{\"@id\":\"https:\/\/www.riwal.com\/da\/brancher\/opfoerelse-af-datacentre\/#primaryimage\"},\"thumbnailUrl\":\"https:\/\/eqsk4m2dkju.exactdn.com\/app\/uploads\/sites\/14\/2023\/11\/DataenterConstruction-jpg.jpg?strip=all&quality=92&webp=92&avif=80&sharp=1\",\"datePublished\":\"2023-11-06T11:15:03+00:00\",\"dateModified\":\"2025-11-18T09:18:46+00:00\",\"description\":\"Opf\u00f8relse af datacentre. L\u00e6s her om hvilke maskiner, som er ideelle til h\u00f8jdearbejde p\u00e5 datacentre. Kontakt os gerne - hvis du har sp\u00f8rgsm\u00e5l.\",\"breadcrumb\":{\"@id\":\"https:\/\/www.riwal.com\/da\/brancher\/opfoerelse-af-datacentre\/#breadcrumb\"},\"inLanguage\":\"da-DK\",\"potentialAction\":[{\"@type\":\"ReadAction\",\"target\":[\"https:\/\/www.riwal.com\/da\/brancher\/opfoerelse-af-datacentre\/\"]}]},{\"@type\":\"ImageObject\",\"inLanguage\":\"da-DK\",\"@id\":\"https:\/\/www.riwal.com\/da\/brancher\/opfoerelse-af-datacentre\/#primaryimage\",\"url\":\"https:\/\/eqsk4m2dkju.exactdn.com\/app\/uploads\/sites\/14\/2023\/11\/DataenterConstruction-jpg.jpg?strip=all&quality=92&webp=92&avif=80&sharp=1\",\"contentUrl\":\"https:\/\/eqsk4m2dkju.exactdn.com\/app\/uploads\/sites\/14\/2023\/11\/DataenterConstruction-jpg.jpg?strip=all&quality=92&webp=92&avif=80&sharp=1\",\"width\":304,\"height\":350,\"caption\":\"Datacenter ikon\"},{\"@type\":\"BreadcrumbList\",\"@id\":\"https:\/\/www.riwal.com\/da\/brancher\/opfoerelse-af-datacentre\/#breadcrumb\",\"itemListElement\":[{\"@type\":\"ListItem\",\"position\":1,\"name\":\"Forside\",\"item\":\"https:\/\/www.riwal.com\/da\/\"},{\"@type\":\"ListItem\",\"position\":2,\"name\":\"Brancher\",\"item\":\"https:\/\/www.riwal.com\/da\/brancher\/\"},{\"@type\":\"ListItem\",\"position\":3,\"name\":\"Opf\u00f8relse af datacentre\"}]},{\"@type\":\"WebSite\",\"@id\":\"https:\/\/www.riwal.com\/da\/#website\",\"url\":\"https:\/\/www.riwal.com\/da\/\",\"name\":\"Riwal\",\"description\":\"Arial work platform &amp; Telehandler Rental\/Sales\",\"publisher\":{\"@id\":\"https:\/\/www.riwal.com\/da\/#organization\"},\"potentialAction\":[{\"@type\":\"SearchAction\",\"target\":{\"@type\":\"EntryPoint\",\"urlTemplate\":\"https:\/\/www.riwal.com\/da\/?s={search_term_string}\"},\"query-input\":{\"@type\":\"PropertyValueSpecification\",\"valueRequired\":true,\"valueName\":\"search_term_string\"}}],\"inLanguage\":\"da-DK\"},{\"@type\":\"Organization\",\"@id\":\"https:\/\/www.riwal.com\/da\/#organization\",\"name\":\"Riwal\",\"url\":\"https:\/\/www.riwal.com\/da\/\",\"logo\":{\"@type\":\"ImageObject\",\"inLanguage\":\"da-DK\",\"@id\":\"https:\/\/www.riwal.com\/da\/#\/schema\/logo\/image\/\",\"url\":\"\",\"contentUrl\":\"\",\"caption\":\"Riwal\"},\"image\":{\"@id\":\"https:\/\/www.riwal.com\/da\/#\/schema\/logo\/image\/\"}}]}<\/script>\n<!-- \/ Yoast SEO Premium plugin. -->","yoast_head_json":{"title":"Opf\u00f8relse af datacentre - Brancher - Riwal","description":"Opf\u00f8relse af datacentre. L\u00e6s her om hvilke maskiner, som er ideelle til h\u00f8jdearbejde p\u00e5 datacentre. Kontakt os gerne - hvis du har sp\u00f8rgsm\u00e5l.","robots":{"index":"index","follow":"follow","max-snippet":"max-snippet:-1","max-image-preview":"max-image-preview:large","max-video-preview":"max-video-preview:-1"},"canonical":"https:\/\/www.riwal.com\/da\/brancher\/opfoerelse-af-datacentre\/","og_locale":"da_DK","og_type":"article","og_title":"Opf\u00f8relse af datacentre","og_description":"Opf\u00f8relse af datacentre. L\u00e6s her om hvilke maskiner, som er ideelle til h\u00f8jdearbejde p\u00e5 datacentre. Kontakt os gerne - hvis du har sp\u00f8rgsm\u00e5l.","og_url":"https:\/\/www.riwal.com\/da\/brancher\/opfoerelse-af-datacentre\/","og_site_name":"Riwal Danmark","article_modified_time":"2025-11-18T09:18:46+00:00","og_image":[{"width":304,"height":350,"url":"https:\/\/www.riwal.com\/app\/uploads\/sites\/14\/2023\/11\/DataenterConstruction-jpg.jpg","type":"image\/jpeg"}],"twitter_card":"summary_large_image","twitter_misc":{"Est. reading time":"3 minutter"},"schema":{"@context":"https:\/\/schema.org","@graph":[{"@type":"WebPage","@id":"https:\/\/www.riwal.com\/da\/brancher\/opfoerelse-af-datacentre\/","url":"https:\/\/www.riwal.com\/da\/brancher\/opfoerelse-af-datacentre\/","name":"Opf\u00f8relse af datacentre - Brancher - Riwal","isPartOf":{"@id":"https:\/\/www.riwal.com\/da\/#website"},"primaryImageOfPage":{"@id":"https:\/\/www.riwal.com\/da\/brancher\/opfoerelse-af-datacentre\/#primaryimage"},"image":{"@id":"https:\/\/www.riwal.com\/da\/brancher\/opfoerelse-af-datacentre\/#primaryimage"},"thumbnailUrl":"https:\/\/eqsk4m2dkju.exactdn.com\/app\/uploads\/sites\/14\/2023\/11\/DataenterConstruction-jpg.jpg?strip=all&quality=92&webp=92&avif=80&sharp=1","datePublished":"2023-11-06T11:15:03+00:00","dateModified":"2025-11-18T09:18:46+00:00","description":"Opf\u00f8relse af datacentre. L\u00e6s her om hvilke maskiner, som er ideelle til h\u00f8jdearbejde p\u00e5 datacentre. Kontakt os gerne - hvis du har sp\u00f8rgsm\u00e5l.","breadcrumb":{"@id":"https:\/\/www.riwal.com\/da\/brancher\/opfoerelse-af-datacentre\/#breadcrumb"},"inLanguage":"da-DK","potentialAction":[{"@type":"ReadAction","target":["https:\/\/www.riwal.com\/da\/brancher\/opfoerelse-af-datacentre\/"]}]},{"@type":"ImageObject","inLanguage":"da-DK","@id":"https:\/\/www.riwal.com\/da\/brancher\/opfoerelse-af-datacentre\/#primaryimage","url":"https:\/\/eqsk4m2dkju.exactdn.com\/app\/uploads\/sites\/14\/2023\/11\/DataenterConstruction-jpg.jpg?strip=all&quality=92&webp=92&avif=80&sharp=1","contentUrl":"https:\/\/eqsk4m2dkju.exactdn.com\/app\/uploads\/sites\/14\/2023\/11\/DataenterConstruction-jpg.jpg?strip=all&quality=92&webp=92&avif=80&sharp=1","width":304,"height":350,"caption":"Datacenter ikon"},{"@type":"BreadcrumbList","@id":"https:\/\/www.riwal.com\/da\/brancher\/opfoerelse-af-datacentre\/#breadcrumb","itemListElement":[{"@type":"ListItem","position":1,"name":"Forside","item":"https:\/\/www.riwal.com\/da\/"},{"@type":"ListItem","position":2,"name":"Brancher","item":"https:\/\/www.riwal.com\/da\/brancher\/"},{"@type":"ListItem","position":3,"name":"Opf\u00f8relse af datacentre"}]},{"@type":"WebSite","@id":"https:\/\/www.riwal.com\/da\/#website","url":"https:\/\/www.riwal.com\/da\/","name":"Riwal","description":"Arial work platform &amp; Telehandler Rental\/Sales","publisher":{"@id":"https:\/\/www.riwal.com\/da\/#organization"},"potentialAction":[{"@type":"SearchAction","target":{"@type":"EntryPoint","urlTemplate":"https:\/\/www.riwal.com\/da\/?s={search_term_string}"},"query-input":{"@type":"PropertyValueSpecification","valueRequired":true,"valueName":"search_term_string"}}],"inLanguage":"da-DK"},{"@type":"Organization","@id":"https:\/\/www.riwal.com\/da\/#organization","name":"Riwal","url":"https:\/\/www.riwal.com\/da\/","logo":{"@type":"ImageObject","inLanguage":"da-DK","@id":"https:\/\/www.riwal.com\/da\/#\/schema\/logo\/image\/","url":"","contentUrl":"","caption":"Riwal"},"image":{"@id":"https:\/\/www.riwal.com\/da\/#\/schema\/logo\/image\/"}}]}},"_links":{"self":[{"href":"https:\/\/www.riwal.com\/da\/wp-json\/wp\/v2\/pages\/6238","targetHints":{"allow":["GET"]}}],"collection":[{"href":"https:\/\/www.riwal.com\/da\/wp-json\/wp\/v2\/pages"}],"about":[{"href":"https:\/\/www.riwal.com\/da\/wp-json\/wp\/v2\/types\/page"}],"author":[{"embeddable":true,"href":"https:\/\/www.riwal.com\/da\/wp-json\/wp\/v2\/users\/36"}],"replies":[{"embeddable":true,"href":"https:\/\/www.riwal.com\/da\/wp-json\/wp\/v2\/comments?post=6238"}],"version-history":[{"count":16,"href":"https:\/\/www.riwal.com\/da\/wp-json\/wp\/v2\/pages\/6238\/revisions"}],"predecessor-version":[{"id":23218,"href":"https:\/\/www.riwal.com\/da\/wp-json\/wp\/v2\/pages\/6238\/revisions\/23218"}],"up":[{"embeddable":true,"href":"https:\/\/www.riwal.com\/da\/wp-json\/wp\/v2\/pages\/6424"}],"wp:featuredmedia":[{"embeddable":true,"href":"https:\/\/www.riwal.com\/da\/wp-json\/wp\/v2\/media\/6241"}],"wp:attachment":[{"href":"https:\/\/www.riwal.com\/da\/wp-json\/wp\/v2\/media?parent=6238"}],"curies":[{"name":"wp","href":"https:\/\/api.w.org\/{rel}","templated":true}]}}