{"id":427,"date":"2023-04-21T12:12:55","date_gmt":"2023-04-21T12:12:55","guid":{"rendered":"https:\/\/www.riwal.com\/en\/?page_id=427"},"modified":"2024-06-20T09:04:07","modified_gmt":"2024-06-20T07:04:07","slug":"job-hos-riwal","status":"publish","type":"page","link":"https:\/\/www.riwal.com\/da\/job-hos-riwal\/","title":{"rendered":"Karriere"},"content":{"rendered":"\n<div class=\"wp-block-rental-theme-header\">\n\t<div class=\"wp-block-rental-theme-header__lines\">\n\t\t<svg width=\"726\" height=\"442\" viewBox=\"0 0 726 442\" fill=\"none\" xmlns=\"http:\/\/www.w3.org\/2000\/svg\"><g opacity=\".5\"><mask id=\"path-1-inside-1_1_2\" fill=\"#fff\"><path fill-rule=\"evenodd\" clip-rule=\"evenodd\" d=\"M441.458.5H284.542L0 285.042v156.917l156.917-.001L363 235.876l206.083 206.082 156.917.001V285.042L441.458.5Z\"\/><\/mask><path d=\"M284.542.5v-1h-.415l-.292.293.707.707Zm156.916 0 .708-.707-.293-.293h-.415v1ZM0 285.042l-.707-.708-.293.293v.415h1Zm0 156.917h-1v1h1v-1Zm156.917-.001v1h.414l.293-.292-.707-.708ZM363 235.876l.707-.708-.707-.707-.707.707.707.708Zm206.083 206.082-.707.708.293.292h.414v-1Zm156.917.001v1h1v-1h-1Zm0-156.917h1v-.415l-.293-.293-.707.708ZM284.542 1.5h156.916v-2H284.542v2ZM.707 285.749 285.25 1.207l-1.414-1.414L-.707 284.334l1.414 1.415ZM1 441.959V285.042h-2v156.917h2Zm155.917-1.001L0 440.959v2l156.917-.001v-2Zm205.376-205.79L156.21 441.251l1.414 1.415 206.083-206.083-1.414-1.415Zm0 1.415 206.083 206.083 1.414-1.415-206.083-206.083-1.414 1.415Zm206.79 206.375 156.917.001v-2l-156.917-.001v2ZM727 441.959V285.042h-2v156.917h2Zm-.293-157.625L442.166-.206l-1.415 1.413L725.293 285.75l1.414-1.415Z\" fill=\"#5B728B\" mask=\"url(#path-1-inside-1_1_2)\"\/><\/g><\/svg>\t\t<svg width=\"726\" height=\"442\" viewBox=\"0 0 726 442\" fill=\"none\" xmlns=\"http:\/\/www.w3.org\/2000\/svg\"><g opacity=\".5\"><mask id=\"path-1-inside-1_1_2\" fill=\"#fff\"><path fill-rule=\"evenodd\" clip-rule=\"evenodd\" d=\"M441.458.5H284.542L0 285.042v156.917l156.917-.001L363 235.876l206.083 206.082 156.917.001V285.042L441.458.5Z\"\/><\/mask><path d=\"M284.542.5v-1h-.415l-.292.293.707.707Zm156.916 0 .708-.707-.293-.293h-.415v1ZM0 285.042l-.707-.708-.293.293v.415h1Zm0 156.917h-1v1h1v-1Zm156.917-.001v1h.414l.293-.292-.707-.708ZM363 235.876l.707-.708-.707-.707-.707.707.707.708Zm206.083 206.082-.707.708.293.292h.414v-1Zm156.917.001v1h1v-1h-1Zm0-156.917h1v-.415l-.293-.293-.707.708ZM284.542 1.5h156.916v-2H284.542v2ZM.707 285.749 285.25 1.207l-1.414-1.414L-.707 284.334l1.414 1.415ZM1 441.959V285.042h-2v156.917h2Zm155.917-1.001L0 440.959v2l156.917-.001v-2Zm205.376-205.79L156.21 441.251l1.414 1.415 206.083-206.083-1.414-1.415Zm0 1.415 206.083 206.083 1.414-1.415-206.083-206.083-1.414 1.415Zm206.79 206.375 156.917.001v-2l-156.917-.001v2ZM727 441.959V285.042h-2v156.917h2Zm-.293-157.625L442.166-.206l-1.415 1.413L725.293 285.75l1.414-1.415Z\" fill=\"#5B728B\" mask=\"url(#path-1-inside-1_1_2)\"\/><\/g><\/svg>\t<\/div>\n\t<img fetchpriority=\"high\" decoding=\"async\" width=\"1388\" height=\"925\" src=\"https:\/\/eqsk4m2dkju.exactdn.com\/app\/uploads\/sites\/14\/2023\/10\/Riwal-liftudlejning-foerende-inden-for-udlejning-af-lifte-teleskoplaessere-og-minikraner-1388x925.jpg?strip=all&amp;quality=92&amp;webp=92&amp;avif=80&amp;sharp=1\" class=\"wp-block-rental-theme-header__image wp-block-rental-theme-header__image--desktop\" alt=\"Riwal lift p\u00e5 byggeprojektet Naturhistorisk Musuem i K\u00f8benhavn\" loading=\"eager\" srcset=\"https:\/\/eqsk4m2dkju.exactdn.com\/app\/uploads\/sites\/14\/2023\/10\/Riwal-liftudlejning-foerende-inden-for-udlejning-af-lifte-teleskoplaessere-og-minikraner-1388x925.jpg?strip=all&amp;quality=92&amp;webp=92&amp;avif=80&amp;sharp=1 1388w, https:\/\/eqsk4m2dkju.exactdn.com\/app\/uploads\/sites\/14\/2023\/10\/Riwal-liftudlejning-foerende-inden-for-udlejning-af-lifte-teleskoplaessere-og-minikraner-300x200.jpg?strip=all&amp;quality=92&amp;webp=92&amp;avif=80&amp;sharp=1 300w, https:\/\/eqsk4m2dkju.exactdn.com\/app\/uploads\/sites\/14\/2023\/10\/Riwal-liftudlejning-foerende-inden-for-udlejning-af-lifte-teleskoplaessere-og-minikraner-1024x683.jpg?strip=all&amp;quality=92&amp;webp=92&amp;avif=80&amp;sharp=1 1024w, https:\/\/eqsk4m2dkju.exactdn.com\/app\/uploads\/sites\/14\/2023\/10\/Riwal-liftudlejning-foerende-inden-for-udlejning-af-lifte-teleskoplaessere-og-minikraner-768x512.jpg?strip=all&amp;quality=92&amp;webp=92&amp;avif=80&amp;sharp=1 768w, https:\/\/eqsk4m2dkju.exactdn.com\/app\/uploads\/sites\/14\/2023\/10\/Riwal-liftudlejning-foerende-inden-for-udlejning-af-lifte-teleskoplaessere-og-minikraner-1536x1024.jpg?strip=all&amp;quality=92&amp;webp=92&amp;avif=80&amp;sharp=1 1536w, https:\/\/eqsk4m2dkju.exactdn.com\/app\/uploads\/sites\/14\/2023\/10\/Riwal-liftudlejning-foerende-inden-for-udlejning-af-lifte-teleskoplaessere-og-minikraner-2048x1365.jpg?strip=all&amp;quality=92&amp;webp=92&amp;avif=80&amp;sharp=1 2048w, https:\/\/eqsk4m2dkju.exactdn.com\/app\/uploads\/sites\/14\/2023\/10\/Riwal-liftudlejning-foerende-inden-for-udlejning-af-lifte-teleskoplaessere-og-minikraner-178x119.jpg?strip=all&amp;quality=92&amp;webp=92&amp;avif=80&amp;sharp=1 178w, https:\/\/eqsk4m2dkju.exactdn.com\/app\/uploads\/sites\/14\/2023\/10\/Riwal-liftudlejning-foerende-inden-for-udlejning-af-lifte-teleskoplaessere-og-minikraner-390x260.jpg?strip=all&amp;quality=92&amp;webp=92&amp;avif=80&amp;sharp=1 390w, https:\/\/eqsk4m2dkju.exactdn.com\/app\/uploads\/sites\/14\/2023\/10\/Riwal-liftudlejning-foerende-inden-for-udlejning-af-lifte-teleskoplaessere-og-minikraner-830x553.jpg?strip=all&amp;quality=92&amp;webp=92&amp;avif=80&amp;sharp=1 830w, https:\/\/eqsk4m2dkju.exactdn.com\/app\/uploads\/sites\/14\/2023\/10\/Riwal-liftudlejning-foerende-inden-for-udlejning-af-lifte-teleskoplaessere-og-minikraner-250x167.jpg?strip=all&amp;quality=92&amp;webp=92&amp;avif=80&amp;sharp=1 250w, https:\/\/eqsk4m2dkju.exactdn.com\/app\/uploads\/sites\/14\/2023\/10\/Riwal-liftudlejning-foerende-inden-for-udlejning-af-lifte-teleskoplaessere-og-minikraner.jpg?strip=all&amp;quality=92&amp;webp=92&amp;avif=80&amp;sharp=1&amp;w=480 480w, https:\/\/eqsk4m2dkju.exactdn.com\/app\/uploads\/sites\/14\/2023\/10\/Riwal-liftudlejning-foerende-inden-for-udlejning-af-lifte-teleskoplaessere-og-minikraner.jpg?strip=all&amp;quality=92&amp;webp=92&amp;avif=80&amp;sharp=1&amp;w=960 960w, https:\/\/eqsk4m2dkju.exactdn.com\/app\/uploads\/sites\/14\/2023\/10\/Riwal-liftudlejning-foerende-inden-for-udlejning-af-lifte-teleskoplaessere-og-minikraner.jpg?strip=all&amp;quality=92&amp;webp=92&amp;avif=80&amp;sharp=1&amp;w=1440 1440w, https:\/\/eqsk4m2dkju.exactdn.com\/app\/uploads\/sites\/14\/2023\/10\/Riwal-liftudlejning-foerende-inden-for-udlejning-af-lifte-teleskoplaessere-og-minikraner.jpg?strip=all&amp;quality=92&amp;webp=92&amp;avif=80&amp;sharp=1&amp;w=1920 1920w, https:\/\/eqsk4m2dkju.exactdn.com\/app\/uploads\/sites\/14\/2023\/10\/Riwal-liftudlejning-foerende-inden-for-udlejning-af-lifte-teleskoplaessere-og-minikraner.jpg?strip=all&amp;quality=92&amp;webp=92&amp;avif=80&amp;sharp=1 2400w\" sizes=\"(max-width: 1388px) 100vw, 1388px\" \/>\t<img decoding=\"async\" width=\"367\" height=\"550\" src=\"https:\/\/eqsk4m2dkju.exactdn.com\/app\/uploads\/sites\/14\/2023\/08\/Riwal-Danmark-Liftudlejning-klar-til-at-hjaelpe-dig-med-lift-leje-367x550.jpg?strip=all&amp;quality=92&amp;webp=92&amp;avif=80&amp;sharp=1\" class=\"wp-block-rental-theme-header__image wp-block-rental-theme-header__image--mobile\" alt=\"Riwal medarbejder p\u00e5 en byggeplads for at hj\u00e6lpe kunde med lift leje\" loading=\"eager\" srcset=\"https:\/\/eqsk4m2dkju.exactdn.com\/app\/uploads\/sites\/14\/2023\/08\/Riwal-Danmark-Liftudlejning-klar-til-at-hjaelpe-dig-med-lift-leje-367x550.jpg?strip=all&amp;quality=92&amp;webp=92&amp;avif=80&amp;sharp=1 367w, https:\/\/eqsk4m2dkju.exactdn.com\/app\/uploads\/sites\/14\/2023\/08\/Riwal-Danmark-Liftudlejning-klar-til-at-hjaelpe-dig-med-lift-leje-419x628.jpg?strip=all&amp;quality=92&amp;webp=92&amp;avif=80&amp;sharp=1 419w, https:\/\/eqsk4m2dkju.exactdn.com\/app\/uploads\/sites\/14\/2023\/08\/Riwal-Danmark-Liftudlejning-klar-til-at-hjaelpe-dig-med-lift-leje-200x300.jpg?strip=all&amp;quality=92&amp;webp=92&amp;avif=80&amp;sharp=1 200w, https:\/\/eqsk4m2dkju.exactdn.com\/app\/uploads\/sites\/14\/2023\/08\/Riwal-Danmark-Liftudlejning-klar-til-at-hjaelpe-dig-med-lift-leje-768x1152.jpg?strip=all&amp;quality=92&amp;webp=92&amp;avif=80&amp;sharp=1 768w, https:\/\/eqsk4m2dkju.exactdn.com\/app\/uploads\/sites\/14\/2023\/08\/Riwal-Danmark-Liftudlejning-klar-til-at-hjaelpe-dig-med-lift-leje-683x1024.jpg?strip=all&amp;quality=92&amp;webp=92&amp;avif=80&amp;sharp=1 683w, https:\/\/eqsk4m2dkju.exactdn.com\/app\/uploads\/sites\/14\/2023\/08\/Riwal-Danmark-Liftudlejning-klar-til-at-hjaelpe-dig-med-lift-leje-178x267.jpg?strip=all&amp;quality=92&amp;webp=92&amp;avif=80&amp;sharp=1 178w, https:\/\/eqsk4m2dkju.exactdn.com\/app\/uploads\/sites\/14\/2023\/08\/Riwal-Danmark-Liftudlejning-klar-til-at-hjaelpe-dig-med-lift-leje-617x925.jpg?strip=all&amp;quality=92&amp;webp=92&amp;avif=80&amp;sharp=1 617w, https:\/\/eqsk4m2dkju.exactdn.com\/app\/uploads\/sites\/14\/2023\/08\/Riwal-Danmark-Liftudlejning-klar-til-at-hjaelpe-dig-med-lift-leje-133x200.jpg?strip=all&amp;quality=92&amp;webp=92&amp;avif=80&amp;sharp=1 133w, https:\/\/eqsk4m2dkju.exactdn.com\/app\/uploads\/sites\/14\/2023\/08\/Riwal-Danmark-Liftudlejning-klar-til-at-hjaelpe-dig-med-lift-leje.jpg?strip=all&amp;quality=92&amp;webp=92&amp;avif=80&amp;sharp=1 800w, https:\/\/eqsk4m2dkju.exactdn.com\/app\/uploads\/sites\/14\/2023\/08\/Riwal-Danmark-Liftudlejning-klar-til-at-hjaelpe-dig-med-lift-leje.jpg?strip=all&amp;quality=92&amp;webp=92&amp;avif=80&amp;sharp=1&amp;w=480 480w\" sizes=\"(max-width: 367px) 100vw, 367px\" \/>\t<div class=\"container\">\n\t\t<h1 class='wp-block-rental-theme-header__title' style='position: absolute; min-height: 120px'>Bliv en del af holdet<\/h1>\t<\/div>\n<\/div>\n\n\n<div class=\"rental-wp-default-block rental-theme-block-default-margin\">\n\t\t\t\t\t\t\t\t<div class=\"container\"><\/div>\n\t\t\t\t\t\t\t<\/div> \n\n<div class=\"container\">\n<p><\/p>\n<\/div>\n\n<div class=\"container\">\n<p><\/p>\n<\/div>\n\n<div class=\"container\">\n<p><\/p>\n<\/div>\n\n<div class=\"rental-wp-default-block rental-theme-block-default-margin\">\n\t\t\t\t\t\t\t\t<div class=\"container\">\n<div class=\"wp-block-rental-theme-title-text rental-theme-block-default-margin\">\n\t<div class=\"wp-block-rental-theme-title-text__container\">\n\t\t<div class=\"wp-block-rental-theme-title-text__wrapper\">\n\t\t\t<h2 class='wp-block-rental-theme-title-text__title'>Klar til at tage din karriere til nye h\u00f8jder?<\/h2>\t\t<\/div>\n\t\t<div class='wp-block-rental-theme-title-text__text'>\n\n<p class=\"has-normal-font-size\">Riwal Danmark er \u00e9n af landets st\u00f8rste liftudlejningsvirksomheder. Vi er specialister inden for udlejning af lifte, og vores vigtigste opgave er at benytte vores ekspertise og erfaring til at levere smarte, sikre og b\u00e6redygtige l\u00f8sninger, der tager vores kunder til nye h\u00f8jder.<\/p>\n\n\n\n<p class=\"has-normal-font-size\">Hos Riwal ser vi teamwork som en vigtig parameter. Vi f\u00e5r arbejdet gjort sammen. At udforske innovative l\u00f8sninger og skabe nye muligheder, det er det, Riwal handler om. <\/p>\n\n\n\n<p class=\"has-normal-font-size\">Vi arbejder h\u00e5rdt, men vi har ogs\u00e5 det sjovt sammen. Vores medarbejdere er n\u00f8glen til vores succes. Dine muligheder for at udvikle dig inden for Riwal er mange; vi \u00f8nsker at bidrage til din personlige og faglige udvikling og giver dig ogs\u00e5 v\u00e6rkt\u00f8jerne til at n\u00e5 dine ambitioner.<\/p>\n\n\n\n<div class=\"wp-block-button\"><a class=\"wp-block-button__link wp-element-button\" href=\"https:\/\/www.riwal.com\/da\/ledige-stillinger\/\">Se vores ledige stillinger her <\/a><\/div>\n\n<\/div>\n\t<\/div>\n<\/div><\/div>\n\t\t\t\t\t\t\t<\/div> \n\n<div class=\"rental-wp-default-block rental-theme-block-default-margin\">\n\t\t\t\t\t\t\t\t<div class=\"container\">\n<div class=\"wp-block-columns image-text__columns is-layout-flex wp-container-core-columns-is-layout-28f84493 wp-block-columns-is-layout-flex\">\n<div class=\"wp-block-column image-text__column is-layout-flow wp-block-column-is-layout-flow\">\n<figure class=\"wp-block-image size-full\"><img decoding=\"async\" src=\"https:\/\/eqsk4m2dkju.exactdn.com\/app\/uploads\/sites\/14\/2023\/09\/Mekaniker-hos-Riwal.png?strip=all&quality=92&webp=92&avif=80&sharp=1&w=1920\" alt=\"\" class=\"wp-image-4833\" \/><\/figure>\n<\/div>\n\n\n\n<div class=\"wp-block-column is-vertically-aligned-top has-primary-color has-text-color is-layout-flow wp-block-column-is-layout-flow\">\n<h2 class=\"wp-block-heading\" id=\"h-vil-du-vaekste-med-os\">Vil du v\u00e6kste med os?<\/h2>\n\n\n\n<p class=\"has-normal-font-size\">At arbejde hos Riwal betyder at arbejde i en dynamisk, international og v\u00e6kstende virksomhed med over 1.400 medarbejdere i 14 lande verden over. Vores virksomhedskultur er unik. Den er baseret p\u00e5 iv\u00e6rks\u00e6tter\u00e5nd, mangfoldighed, en f\u00f8lelse af innovation, vedholdenhed, h\u00e5rdt arbejde, stolthed over vores brand og passion for vores forretning. Vi v\u00e6rds\u00e6tter dedikation og egne initiativer og vil st\u00f8tte dig i at bruge og udvikle dine f\u00e6rdigheder.<\/p>\n\n\n\n<div class=\"wp-block-buttons is-content-justification-left is-layout-flex wp-container-core-buttons-is-layout-fc4fd283 wp-block-buttons-is-layout-flex\"><\/div>\n<\/div>\n<\/div>\n<\/div>\n\t\t\t\t\t\t\t<\/div> \n\n<div class=\"container\">\n<p><\/p>\n<\/div>\n\n<div class=\"container\">\n<h2 class=\"wp-block-heading\" id=\"h-bliv-mekaniker-hos-riwal\">Bliv mekaniker hos Riwal<\/h2>\n<\/div>\n\n<div class=\"container\">\n<p>Riwal s\u00f8ger passionerede mekanikere til vores v\u00e6rksteder i Odense, Taastrup, Tilst og Aalborg, og vi har flere sp\u00e6ndende stillinger ledige. Som mekaniker hos Riwal f\u00e5r du mulighed for at arbejde i en dynamisk og international virksomhed, der er f\u00f8rende inden for lifte, teleskopl\u00e6ssere og minikraner.<\/p>\n<\/div>\n\n<div class=\"container\">\n<p>Fordelene ved at blive mekaniker hos Riwal er mange. Du vil blive en del af et dedikeret team, der prioriterer sikkerhed og kvalitet i alt, hvad vi g\u00f8r. Vi tilbyder gode arbejdsforhold og muligheder for personlig og faglig udvikling. Hos Riwal v\u00e6gter vi arbejdsgl\u00e6de h\u00f8jt, og vi s\u00f8rger for et positivt arbejdsmilj\u00f8, hvor du kan trives og vokse som mekaniker.<\/p>\n<\/div>\n\n<div class=\"container\">\n<p>Hvis du br\u00e6nder for teknik og mekanik og \u00f8nsker at arbejde et sted, hvor din ekspertise v\u00e6rds\u00e6ttes, s\u00e5 er Riwal det rette sted for dig. Ans\u00f8g i dag og bliv en del af vores hold, hvor vi sammen str\u00e6ber efter at n\u00e5 nye h\u00f8jder inden for mekanik og service.<\/p>\n<\/div>\n\n<div class=\"container\">\n<p>Se hvordan det er at v\u00e6re mekaniker hos Riwal i videoen nedenfor:<\/p>\n<\/div>\n\n<div class=\"rental-wp-default-block rental-theme-block-default-margin\"><div class=\"container\">\n<figure class=\"wp-block-embed is-type-video is-provider-youtube wp-block-embed-youtube wp-embed-aspect-16-9 wp-has-aspect-ratio\"><div class=\"wp-block-embed__wrapper\">\n<iframe title=\"Bliv mekaniker hos Riwal Danmark A\/S\" width=\"500\" height=\"281\" data-icn-src=\"https:\/\/www.youtube.com\/embed\/VoWEoa3GcN0?feature=oembed\" frameborder=\"0\" allow=\"accelerometer; autoplay; clipboard-write; encrypted-media; gyroscope; picture-in-picture; web-share\" referrerpolicy=\"strict-origin-when-cross-origin\" allowfullscreen><\/iframe>\n<\/div><\/figure>\n<\/div><\/div>","protected":false},"excerpt":{"rendered":"<p>Vil du v\u00e6kste med os? At arbejde hos Riwal betyder at arbejde i en dynamisk, international og v\u00e6kstende virksomhed med over 1.400 medarbejdere i 14 lande verden over. Vores virksomhedskultur er unik. Den er baseret p\u00e5 iv\u00e6rks\u00e6tter\u00e5nd, mangfoldighed, en f\u00f8lelse af innovation, vedholdenhed, h\u00e5rdt arbejde, stolthed over vores brand og passion for vores forretning. Vi &hellip; <a href=\"https:\/\/www.riwal.com\/da\/job-hos-riwal\/\">Fortsat<\/a><\/p>\n","protected":false},"author":6,"featured_media":0,"parent":0,"menu_order":0,"comment_status":"closed","ping_status":"closed","template":"","meta":{"_acf_changed":false,"footnotes":""},"class_list":["post-427","page","type-page","status-publish","hentry"],"acf":[],"yoast_head":"<!-- This site is optimized with the Yoast SEO Premium plugin v27.1 (Yoast SEO v27.1.1) - https:\/\/yoast.com\/product\/yoast-seo-premium-wordpress\/ -->\n<title>Job hos Riwal<\/title>\n<meta name=\"description\" content=\"Ledige stillinger hos Riwal: Bliv en del af Danmarks f\u00f8rende liftudlejningsvirksomhed. Vi s\u00f8ger l\u00f8bende nye medarbejdere.\" \/>\n<meta name=\"robots\" content=\"index, follow, max-snippet:-1, max-image-preview:large, max-video-preview:-1\" \/>\n<link rel=\"canonical\" href=\"https:\/\/www.riwal.com\/da\/job-hos-riwal\/\" \/>\n<meta property=\"og:locale\" content=\"da_DK\" \/>\n<meta property=\"og:type\" content=\"article\" \/>\n<meta property=\"og:title\" content=\"Karriere\" \/>\n<meta property=\"og:description\" content=\"Ledige stillinger hos Riwal: Bliv en del af Danmarks f\u00f8rende liftudlejningsvirksomhed. Vi s\u00f8ger l\u00f8bende nye medarbejdere.\" \/>\n<meta property=\"og:url\" content=\"https:\/\/www.riwal.com\/da\/job-hos-riwal\/\" \/>\n<meta property=\"og:site_name\" content=\"Riwal Danmark\" \/>\n<meta property=\"article:modified_time\" content=\"2024-06-20T07:04:07+00:00\" \/>\n<meta property=\"og:image\" content=\"https:\/\/www.riwal.com\/app\/uploads\/sites\/14\/2023\/09\/Mekaniker-hos-Riwal.png\" \/>\n<meta name=\"twitter:card\" content=\"summary_large_image\" \/>\n<meta name=\"twitter:label1\" content=\"Est. reading time\" \/>\n\t<meta name=\"twitter:data1\" content=\"3 minutter\" \/>\n<script type=\"application\/ld+json\" class=\"yoast-schema-graph\">{\"@context\":\"https:\/\/schema.org\",\"@graph\":[{\"@type\":\"WebPage\",\"@id\":\"https:\/\/www.riwal.com\/da\/job-hos-riwal\/\",\"url\":\"https:\/\/www.riwal.com\/da\/job-hos-riwal\/\",\"name\":\"Job hos Riwal\",\"isPartOf\":{\"@id\":\"https:\/\/www.riwal.com\/da\/#website\"},\"primaryImageOfPage\":{\"@id\":\"https:\/\/www.riwal.com\/da\/job-hos-riwal\/#primaryimage\"},\"image\":{\"@id\":\"https:\/\/www.riwal.com\/da\/job-hos-riwal\/#primaryimage\"},\"thumbnailUrl\":\"https:\/\/www.riwal.com\/app\/uploads\/sites\/14\/2023\/09\/Mekaniker-hos-Riwal.png\",\"datePublished\":\"2023-04-21T12:12:55+00:00\",\"dateModified\":\"2024-06-20T07:04:07+00:00\",\"description\":\"Ledige stillinger hos Riwal: Bliv en del af Danmarks f\u00f8rende liftudlejningsvirksomhed. Vi s\u00f8ger l\u00f8bende nye medarbejdere.\",\"breadcrumb\":{\"@id\":\"https:\/\/www.riwal.com\/da\/job-hos-riwal\/#breadcrumb\"},\"inLanguage\":\"da-DK\",\"potentialAction\":[{\"@type\":\"ReadAction\",\"target\":[\"https:\/\/www.riwal.com\/da\/job-hos-riwal\/\"]}]},{\"@type\":\"ImageObject\",\"inLanguage\":\"da-DK\",\"@id\":\"https:\/\/www.riwal.com\/da\/job-hos-riwal\/#primaryimage\",\"url\":\"https:\/\/www.riwal.com\/app\/uploads\/sites\/14\/2023\/09\/Mekaniker-hos-Riwal.png\",\"contentUrl\":\"https:\/\/www.riwal.com\/app\/uploads\/sites\/14\/2023\/09\/Mekaniker-hos-Riwal.png\"},{\"@type\":\"BreadcrumbList\",\"@id\":\"https:\/\/www.riwal.com\/da\/job-hos-riwal\/#breadcrumb\",\"itemListElement\":[{\"@type\":\"ListItem\",\"position\":1,\"name\":\"Forside\",\"item\":\"https:\/\/www.riwal.com\/da\/\"},{\"@type\":\"ListItem\",\"position\":2,\"name\":\"Karriere\"}]},{\"@type\":\"WebSite\",\"@id\":\"https:\/\/www.riwal.com\/da\/#website\",\"url\":\"https:\/\/www.riwal.com\/da\/\",\"name\":\"Riwal\",\"description\":\"Arial work platform &amp; Telehandler Rental\/Sales\",\"publisher\":{\"@id\":\"https:\/\/www.riwal.com\/da\/#organization\"},\"potentialAction\":[{\"@type\":\"SearchAction\",\"target\":{\"@type\":\"EntryPoint\",\"urlTemplate\":\"https:\/\/www.riwal.com\/da\/?s={search_term_string}\"},\"query-input\":{\"@type\":\"PropertyValueSpecification\",\"valueRequired\":true,\"valueName\":\"search_term_string\"}}],\"inLanguage\":\"da-DK\"},{\"@type\":\"Organization\",\"@id\":\"https:\/\/www.riwal.com\/da\/#organization\",\"name\":\"Riwal\",\"url\":\"https:\/\/www.riwal.com\/da\/\",\"logo\":{\"@type\":\"ImageObject\",\"inLanguage\":\"da-DK\",\"@id\":\"https:\/\/www.riwal.com\/da\/#\/schema\/logo\/image\/\",\"url\":\"\",\"contentUrl\":\"\",\"caption\":\"Riwal\"},\"image\":{\"@id\":\"https:\/\/www.riwal.com\/da\/#\/schema\/logo\/image\/\"}}]}<\/script>\n<!-- \/ Yoast SEO Premium plugin. -->","yoast_head_json":{"title":"Job hos Riwal","description":"Ledige stillinger hos Riwal: Bliv en del af Danmarks f\u00f8rende liftudlejningsvirksomhed. Vi s\u00f8ger l\u00f8bende nye medarbejdere.","robots":{"index":"index","follow":"follow","max-snippet":"max-snippet:-1","max-image-preview":"max-image-preview:large","max-video-preview":"max-video-preview:-1"},"canonical":"https:\/\/www.riwal.com\/da\/job-hos-riwal\/","og_locale":"da_DK","og_type":"article","og_title":"Karriere","og_description":"Ledige stillinger hos Riwal: Bliv en del af Danmarks f\u00f8rende liftudlejningsvirksomhed. Vi s\u00f8ger l\u00f8bende nye medarbejdere.","og_url":"https:\/\/www.riwal.com\/da\/job-hos-riwal\/","og_site_name":"Riwal Danmark","article_modified_time":"2024-06-20T07:04:07+00:00","og_image":[{"url":"https:\/\/www.riwal.com\/app\/uploads\/sites\/14\/2023\/09\/Mekaniker-hos-Riwal.png","type":"","width":"","height":""}],"twitter_card":"summary_large_image","twitter_misc":{"Est. reading time":"3 minutter"},"schema":{"@context":"https:\/\/schema.org","@graph":[{"@type":"WebPage","@id":"https:\/\/www.riwal.com\/da\/job-hos-riwal\/","url":"https:\/\/www.riwal.com\/da\/job-hos-riwal\/","name":"Job hos Riwal","isPartOf":{"@id":"https:\/\/www.riwal.com\/da\/#website"},"primaryImageOfPage":{"@id":"https:\/\/www.riwal.com\/da\/job-hos-riwal\/#primaryimage"},"image":{"@id":"https:\/\/www.riwal.com\/da\/job-hos-riwal\/#primaryimage"},"thumbnailUrl":"https:\/\/www.riwal.com\/app\/uploads\/sites\/14\/2023\/09\/Mekaniker-hos-Riwal.png","datePublished":"2023-04-21T12:12:55+00:00","dateModified":"2024-06-20T07:04:07+00:00","description":"Ledige stillinger hos Riwal: Bliv en del af Danmarks f\u00f8rende liftudlejningsvirksomhed. Vi s\u00f8ger l\u00f8bende nye medarbejdere.","breadcrumb":{"@id":"https:\/\/www.riwal.com\/da\/job-hos-riwal\/#breadcrumb"},"inLanguage":"da-DK","potentialAction":[{"@type":"ReadAction","target":["https:\/\/www.riwal.com\/da\/job-hos-riwal\/"]}]},{"@type":"ImageObject","inLanguage":"da-DK","@id":"https:\/\/www.riwal.com\/da\/job-hos-riwal\/#primaryimage","url":"https:\/\/www.riwal.com\/app\/uploads\/sites\/14\/2023\/09\/Mekaniker-hos-Riwal.png","contentUrl":"https:\/\/www.riwal.com\/app\/uploads\/sites\/14\/2023\/09\/Mekaniker-hos-Riwal.png"},{"@type":"BreadcrumbList","@id":"https:\/\/www.riwal.com\/da\/job-hos-riwal\/#breadcrumb","itemListElement":[{"@type":"ListItem","position":1,"name":"Forside","item":"https:\/\/www.riwal.com\/da\/"},{"@type":"ListItem","position":2,"name":"Karriere"}]},{"@type":"WebSite","@id":"https:\/\/www.riwal.com\/da\/#website","url":"https:\/\/www.riwal.com\/da\/","name":"Riwal","description":"Arial work platform &amp; Telehandler Rental\/Sales","publisher":{"@id":"https:\/\/www.riwal.com\/da\/#organization"},"potentialAction":[{"@type":"SearchAction","target":{"@type":"EntryPoint","urlTemplate":"https:\/\/www.riwal.com\/da\/?s={search_term_string}"},"query-input":{"@type":"PropertyValueSpecification","valueRequired":true,"valueName":"search_term_string"}}],"inLanguage":"da-DK"},{"@type":"Organization","@id":"https:\/\/www.riwal.com\/da\/#organization","name":"Riwal","url":"https:\/\/www.riwal.com\/da\/","logo":{"@type":"ImageObject","inLanguage":"da-DK","@id":"https:\/\/www.riwal.com\/da\/#\/schema\/logo\/image\/","url":"","contentUrl":"","caption":"Riwal"},"image":{"@id":"https:\/\/www.riwal.com\/da\/#\/schema\/logo\/image\/"}}]}},"_links":{"self":[{"href":"https:\/\/www.riwal.com\/da\/wp-json\/wp\/v2\/pages\/427","targetHints":{"allow":["GET"]}}],"collection":[{"href":"https:\/\/www.riwal.com\/da\/wp-json\/wp\/v2\/pages"}],"about":[{"href":"https:\/\/www.riwal.com\/da\/wp-json\/wp\/v2\/types\/page"}],"author":[{"embeddable":true,"href":"https:\/\/www.riwal.com\/da\/wp-json\/wp\/v2\/users\/6"}],"replies":[{"embeddable":true,"href":"https:\/\/www.riwal.com\/da\/wp-json\/wp\/v2\/comments?post=427"}],"version-history":[{"count":56,"href":"https:\/\/www.riwal.com\/da\/wp-json\/wp\/v2\/pages\/427\/revisions"}],"predecessor-version":[{"id":14780,"href":"https:\/\/www.riwal.com\/da\/wp-json\/wp\/v2\/pages\/427\/revisions\/14780"}],"wp:attachment":[{"href":"https:\/\/www.riwal.com\/da\/wp-json\/wp\/v2\/media?parent=427"}],"curies":[{"name":"wp","href":"https:\/\/api.w.org\/{rel}","templated":true}]}}