{"id":4139,"date":"2023-09-08T08:42:03","date_gmt":"2023-09-08T08:42:03","guid":{"rendered":"https:\/\/www.riwal.com\/da\/?page_id=4139"},"modified":"2025-11-18T10:31:00","modified_gmt":"2025-11-18T09:31:00","slug":"riwal-nyhedsbrev","status":"publish","type":"page","link":"https:\/\/www.riwal.com\/da\/riwal-nyhedsbrev\/","title":{"rendered":"Riwal nyhedsbrev"},"content":{"rendered":"<div class=\"container\">\n<h1 class=\"wp-block-heading\" id=\"h-tilmeld-dig-riwals-nyhedsbrev\">Tilmeld dig Riwals nyhedsbrev!<\/h1>\n<\/div>\n\n<div class=\"container\">\n<p>Vil du v\u00e6re sikker p\u00e5 aldrig at g\u00e5 glip af de seneste nyheder og de bedste tips og tricks inden for lifte og maskiner? S\u00e5 tilmeld dig Riwal&#8217;s nyhedsbrev nu!<\/p>\n<\/div>\n\n<div class=\"container\">\n<p>Vores nyhedsbrev holder dig opdateret om alt, hvad der sker i Riwal-verdenen. Du vil v\u00e6re blandt de f\u00f8rste til at h\u00f8re om vores innovative l\u00f8sninger, sp\u00e6ndende opdateringer om vores <a href=\"https:\/\/www.riwal.com\/da\/om-riwal\/vores-maskinflaade\/\">fl\u00e5de<\/a> af maskiner og udstyr samt v\u00e6rdifulde indsigter i, hvordan du kan optimere din arbejdsdag med vores lifte.<\/p>\n<\/div>\n\n<div class=\"container\">\n<p>Det tager kun et \u00f8jeblik at tilmelde sig. S\u00e5 skynd dig at blive en del af vores nyhedsbrevsf\u00e6llesskab og v\u00e6r p\u00e5 forkant med udviklingen i branchen. Tilmeld dig i dag og g\u00e5 aldrig glip af vigtige opdateringer fra Riwal! <\/p>\n<\/div>\n\n<div class=\"container\">\n<p><strong>Tilmeld dig herunder:<\/strong><\/p>\n<\/div>\n\n<div class=\"wp-block-rental-theme-form rental-theme-block-default-padding\">\n\t\t\t\t\t\t\t\t\t<div class=\"container\"><link rel='preload' href='https:\/\/www.riwal.com\/app\/themes\/rental\/dist\/gforms-fc1482d6.css' as='style' ><script type=\"text\/javascript\">\n\/* <![CDATA[ *\/\nvar gform;gform||(document.addEventListener(\"gform_main_scripts_loaded\",function(){gform.scriptsLoaded=!0}),document.addEventListener(\"gform\/theme\/scripts_loaded\",function(){gform.themeScriptsLoaded=!0}),window.addEventListener(\"DOMContentLoaded\",function(){gform.domLoaded=!0}),gform={domLoaded:!1,scriptsLoaded:!1,themeScriptsLoaded:!1,isFormEditor:()=>\"function\"==typeof InitializeEditor,callIfLoaded:function(o){return!(!gform.domLoaded||!gform.scriptsLoaded||!gform.themeScriptsLoaded&&!gform.isFormEditor()||(gform.isFormEditor()&&console.warn(\"The use of gform.initializeOnLoaded() is deprecated in the form editor context and will be removed in Gravity Forms 3.1.\"),o(),0))},initializeOnLoaded:function(o){gform.callIfLoaded(o)||(document.addEventListener(\"gform_main_scripts_loaded\",()=>{gform.scriptsLoaded=!0,gform.callIfLoaded(o)}),document.addEventListener(\"gform\/theme\/scripts_loaded\",()=>{gform.themeScriptsLoaded=!0,gform.callIfLoaded(o)}),window.addEventListener(\"DOMContentLoaded\",()=>{gform.domLoaded=!0,gform.callIfLoaded(o)}))},hooks:{action:{},filter:{}},addAction:function(o,r,e,t){gform.addHook(\"action\",o,r,e,t)},addFilter:function(o,r,e,t){gform.addHook(\"filter\",o,r,e,t)},doAction:function(o){gform.doHook(\"action\",o,arguments)},applyFilters:function(o){return gform.doHook(\"filter\",o,arguments)},removeAction:function(o,r){gform.removeHook(\"action\",o,r)},removeFilter:function(o,r,e){gform.removeHook(\"filter\",o,r,e)},addHook:function(o,r,e,t,n){null==gform.hooks[o][r]&&(gform.hooks[o][r]=[]);var d=gform.hooks[o][r];null==n&&(n=r+\"_\"+d.length),gform.hooks[o][r].push({tag:n,callable:e,priority:t=null==t?10:t})},doHook:function(r,o,e){var t;if(e=Array.prototype.slice.call(e,1),null!=gform.hooks[r][o]&&((o=gform.hooks[r][o]).sort(function(o,r){return o.priority-r.priority}),o.forEach(function(o){\"function\"!=typeof(t=o.callable)&&(t=window[t]),\"action\"==r?t.apply(null,e):e[0]=t.apply(null,e)})),\"filter\"==r)return e[0]},removeHook:function(o,r,t,n){var e;null!=gform.hooks[o][r]&&(e=(e=gform.hooks[o][r]).filter(function(o,r,e){return!!(null!=n&&n!=o.tag||null!=t&&t!=o.priority)}),gform.hooks[o][r]=e)}});\n\/* ]]> *\/\n<\/script>\n\n                <div class='gf_browser_gecko gform_wrapper gravity-theme gform-theme--no-framework' data-form-theme='gravity-theme' data-form-index='0' id='gform_wrapper_9' >\n                        <div class='gform_heading'>\n                            <h2 class=\"gform_title\">Riwal nyhedsbrev tilmelding<\/h2>\n                            <p class='gform_description'><\/p>\n                        <\/div><form method='post' enctype='multipart\/form-data'  id='gform_9'  action='\/da\/wp-json\/wp\/v2\/pages\/4139' data-formid='9' novalidate>\n                        <div class='gform-body gform_body'><div id='gform_fields_9' class='gform_fields top_label form_sublabel_above description_below validation_below'><div id=\"field_9_14\" class=\"gfield gfield--type-honeypot gform_validation_container field_sublabel_above gfield--has-description field_description_below field_validation_below gfield_visibility_visible\"  ><label class='gfield_label gform-field-label' for='input_9_14'>Email<\/label><div class='ginput_container'><input name='input_14' id='input_9_14' type='text' value='' autocomplete='new-password'\/><\/div><div class='gfield_description' id='gfield_description_9_14'>Dette felt er til validering og b\u00f8r ikke \u00e6ndres.<\/div><\/div><div id=\"field_9_6\" class=\"gfield gfield--type-text gfield--input-type-text gfield--width-half gfield_contains_required field_sublabel_above gfield--no-description field_description_below field_validation_below gfield_visibility_visible\"  ><label class='gfield_label gform-field-label' for='input_9_6'>Fornavn<span class=\"gfield_required\"><span class=\"gfield_required gfield_required_text\">(P\u00e5kr\u00e6vet)<\/span><\/span><\/label><div class='ginput_container ginput_container_text'><input name='input_6' id='input_9_6' type='text' value='' class='large'     aria-required=\"true\" aria-invalid=\"false\"   \/><\/div><\/div><div id=\"field_9_7\" class=\"gfield gfield--type-text gfield--input-type-text gfield--width-half gfield_contains_required field_sublabel_above gfield--no-description field_description_below field_validation_below gfield_visibility_visible\"  ><label class='gfield_label gform-field-label' for='input_9_7'>Efternavn<span class=\"gfield_required\"><span class=\"gfield_required gfield_required_text\">(P\u00e5kr\u00e6vet)<\/span><\/span><\/label><div class='ginput_container ginput_container_text'><input name='input_7' id='input_9_7' type='text' value='' class='large'     aria-required=\"true\" aria-invalid=\"false\"   \/><\/div><\/div><div id=\"field_9_1\" class=\"gfield gfield--type-email gfield--input-type-email gfield_contains_required field_sublabel_above gfield--no-description field_description_below field_validation_below gfield_visibility_visible\"  ><label class='gfield_label gform-field-label' for='input_9_1'>Email<span class=\"gfield_required\"><span class=\"gfield_required gfield_required_text\">(P\u00e5kr\u00e6vet)<\/span><\/span><\/label><div class='ginput_container ginput_container_email'>\n                            <input name='input_1' id='input_9_1' type='email' value='' class='medium'    aria-required=\"true\" aria-invalid=\"false\"  \/>\n                        <\/div><\/div><div id=\"field_9_5\" class=\"gfield gfield--type-text gfield--input-type-text gfield--width-full gfield_contains_required field_sublabel_above gfield--no-description field_description_below field_validation_below gfield_visibility_visible\"  ><label class='gfield_label gform-field-label' for='input_9_5'>Virksomhed<span class=\"gfield_required\"><span class=\"gfield_required gfield_required_text\">(P\u00e5kr\u00e6vet)<\/span><\/span><\/label><div class='ginput_container ginput_container_text'><input name='input_5' id='input_9_5' type='text' value='' class='large'     aria-required=\"true\" aria-invalid=\"false\"   \/><\/div><\/div><fieldset id=\"field_9_12\" class=\"gfield gfield--type-multi_choice gfield--type-choice gfield--input-type-radio gfield--width-full gfield_contains_required field_sublabel_above gfield--no-description field_description_below field_validation_below gfield_visibility_visible gfield--choice-align-vertical\"  ><legend class='gfield_label gform-field-label gfield_label_before_complex' >Tilmeld nyhedsbrev<span class=\"gfield_required\"><span class=\"gfield_required gfield_required_text\">(P\u00e5kr\u00e6vet)<\/span><\/span><\/legend><div class='ginput_container ginput_container_radio'><div class='gfield_radio' id='input_9_12'>\n\t\t\t<div class='gchoice gchoice_9_12_0'>\n\t\t\t\t\t<input class='gfield-choice-input' name='input_12' type='radio' value='Jeg accepterer, at Riwal m\u00e5 sende mig nyhedsbreve via e-mail. Jeg kan til enhver tid tr\u00e6kke mit samtykke tilbage.'  id='choice_9_12_0' onchange='gformToggleRadioOther( this )'    \/>\n\t\t\t\t\t<label for='choice_9_12_0' id='label_9_12_0' class='gform-field-label gform-field-label--type-inline'>Jeg accepterer, at Riwal m\u00e5 sende mig nyhedsbreve via e-mail. Jeg kan til enhver tid tr\u00e6kke mit samtykke tilbage.<\/label>\n\t\t\t<\/div><\/div><\/div><\/fieldset><div id=\"field_9_13\" class=\"gfield gfield--type-html gfield--input-type-html gfield--width-full add-spacing gfield_html gfield_html_formatted gfield_no_follows_desc field_sublabel_above gfield--no-description field_description_below field_validation_below gfield_visibility_visible\"  ><\/div><div id=\"field_9_8\" class=\"gfield gfield--type-captcha gfield--input-type-captcha gfield--width-full field_sublabel_above gfield--no-description field_description_below field_validation_below gfield_visibility_visible\"  ><label class='gfield_label gform-field-label' for='input_9_8'>CAPTCHA<\/label><div id='input_9_8' class='ginput_container ginput_recaptcha' data-sitekey='6LcdbWspAAAAAJLJjfXYPF_ogNIWbWRTt7HIVdv0'  data-theme='light' data-tabindex='-1' data-size='invisible' data-badge='bottomright'><\/div><\/div><\/div><\/div>\n        <div class='gform-footer gform_footer top_label'> <button type=\"submit\" id=\"gform_submit_button_9\" class=\"gform_button button\" onclick=\"gform.submission.handleButtonClick(this);\" data-submission-type=\"submit\">Hold mig opdateret!<\/button> \n            <input type='hidden' class='gform_hidden' name='gform_submission_method' data-js='gform_submission_method_9' value='postback' \/>\n            <input type='hidden' class='gform_hidden' name='gform_theme' data-js='gform_theme_9' id='gform_theme_9' value='gravity-theme' \/>\n            <input type='hidden' class='gform_hidden' name='gform_style_settings' data-js='gform_style_settings_9' id='gform_style_settings_9' value='{&quot;inputPrimaryColor&quot;:&quot;#204ce5&quot;}' \/>\n            <input type='hidden' class='gform_hidden' name='is_submit_9' value='1' \/>\n            <input type='hidden' class='gform_hidden' name='gform_submit' value='9' \/>\n            \n            <input type='hidden' class='gform_hidden' name='gform_currency' data-currency='USD' value='Hugr11CAqsPYIw0eUvGW8z0Rtc1\/enlHIdyp9d8JN5A2R0ybkvNZ0saS4RIoL2DNo9\/gqt3envpwx6iBAmNdW+JKp5wGnNeAcgxezj7lhzSD7aU=' \/>\n            <input type='hidden' class='gform_hidden' name='gform_unique_id' value='' \/>\n            <input type='hidden' class='gform_hidden' name='state_9' value='WyJ7XCIxMlwiOltcImYyZDJkOWIwOGRiNjBiYTgyMGQ4YzIzYTk3ZmYwZDQwXCJdfSIsIjVmZGM1YTI3NmYwYTUxZGUwMmQ4M2MxMzhlOWZiYTExIl0=' \/>\n            <input type='hidden' autocomplete='off' class='gform_hidden' name='gform_target_page_number_9' id='gform_target_page_number_9' value='0' \/>\n            <input type='hidden' autocomplete='off' class='gform_hidden' name='gform_source_page_number_9' id='gform_source_page_number_9' value='1' \/>\n            <input type='hidden' name='gform_field_values' value='' \/>\n            \n        <\/div>\n                        <\/form>\n                        <\/div><script type=\"text\/javascript\">\n\/* <![CDATA[ *\/\n gform.initializeOnLoaded( function() {gformInitSpinner( 9, 'https:\/\/www.riwal.com\/app\/plugins\/gravityforms\/images\/spinner.svg', true );jQuery('#gform_ajax_frame_9').on('load',function(){var contents = jQuery(this).contents().find('*').html();var is_postback = contents.indexOf('GF_AJAX_POSTBACK') >= 0;if(!is_postback){return;}var form_content = jQuery(this).contents().find('#gform_wrapper_9');var is_confirmation = jQuery(this).contents().find('#gform_confirmation_wrapper_9').length > 0;var is_redirect = contents.indexOf('gformRedirect(){') >= 0;var is_form = form_content.length > 0 && ! is_redirect && ! is_confirmation;var mt = parseInt(jQuery('html').css('margin-top'), 10) + parseInt(jQuery('body').css('margin-top'), 10) + 100;if(is_form){jQuery('#gform_wrapper_9').html(form_content.html());if(form_content.hasClass('gform_validation_error')){jQuery('#gform_wrapper_9').addClass('gform_validation_error');} else {jQuery('#gform_wrapper_9').removeClass('gform_validation_error');}setTimeout( function() { \/* delay the scroll by 50 milliseconds to fix a bug in chrome *\/  }, 50 );if(window['gformInitDatepicker']) {gformInitDatepicker();}if(window['gformInitPriceFields']) {gformInitPriceFields();}var current_page = jQuery('#gform_source_page_number_9').val();gformInitSpinner( 9, 'https:\/\/www.riwal.com\/app\/plugins\/gravityforms\/images\/spinner.svg', true );jQuery(document).trigger('gform_page_loaded', [9, current_page]);window['gf_submitting_9'] = false;}else if(!is_redirect){var confirmation_content = jQuery(this).contents().find('.GF_AJAX_POSTBACK').html();if(!confirmation_content){confirmation_content = contents;}jQuery('#gform_wrapper_9').replaceWith(confirmation_content);jQuery(document).trigger('gform_confirmation_loaded', [9]);window['gf_submitting_9'] = false;wp.a11y.speak(jQuery('#gform_confirmation_message_9').text());}else{jQuery('#gform_9').append(contents);if(window['gformRedirect']) {gformRedirect();}}jQuery(document).trigger(\"gform_pre_post_render\", [{ formId: \"9\", currentPage: \"current_page\", abort: function() { this.preventDefault(); } }]);        if (event && event.defaultPrevented) {                return;        }        const gformWrapperDiv = document.getElementById( \"gform_wrapper_9\" );        if ( gformWrapperDiv ) {            const visibilitySpan = document.createElement( \"span\" );            visibilitySpan.id = \"gform_visibility_test_9\";            gformWrapperDiv.insertAdjacentElement( \"afterend\", visibilitySpan );        }        const visibilityTestDiv = document.getElementById( \"gform_visibility_test_9\" );        let postRenderFired = false;        function triggerPostRender() {            if ( postRenderFired ) {                return;            }            postRenderFired = true;            gform.core.triggerPostRenderEvents( 9, current_page );            if ( visibilityTestDiv ) {                visibilityTestDiv.parentNode.removeChild( visibilityTestDiv );            }        }        function debounce( func, wait, immediate ) {            var timeout;            return function() {                var context = this, args = arguments;                var later = function() {                    timeout = null;                    if ( !immediate ) func.apply( context, args );                };                var callNow = immediate && !timeout;                clearTimeout( timeout );                timeout = setTimeout( later, wait );                if ( callNow ) func.apply( context, args );            };        }        const debouncedTriggerPostRender = debounce( function() {            triggerPostRender();        }, 200 );        if ( visibilityTestDiv && visibilityTestDiv.offsetParent === null ) {            const observer = new MutationObserver( ( mutations ) => {                mutations.forEach( ( mutation ) => {                    if ( mutation.type === 'attributes' && visibilityTestDiv.offsetParent !== null ) {                        debouncedTriggerPostRender();                        observer.disconnect();                    }                });            });            observer.observe( document.body, {                attributes: true,                childList: false,                subtree: true,                attributeFilter: [ 'style', 'class' ],            });        } else {            triggerPostRender();        }    } );} ); \n\/* ]]> *\/\n<\/script>\n<\/div>\n\t\t\t\t\t\t\t\t<\/div>","protected":false},"excerpt":{"rendered":"<p>Tilmeld dig Riwals nyhedsbrev! Vil du v\u00e6re sikker p\u00e5 aldrig at g\u00e5 glip af de seneste nyheder og de bedste tips og tricks inden for lifte og maskiner? S\u00e5 tilmeld dig Riwal&#8217;s nyhedsbrev nu! Vores nyhedsbrev holder dig opdateret om alt, hvad der sker i Riwal-verdenen. Du vil v\u00e6re blandt de f\u00f8rste til at h\u00f8re &hellip; <a href=\"https:\/\/www.riwal.com\/da\/riwal-nyhedsbrev\/\">Fortsat<\/a><\/p>\n","protected":false},"author":18,"featured_media":0,"parent":0,"menu_order":0,"comment_status":"closed","ping_status":"closed","template":"","meta":{"_acf_changed":false,"footnotes":""},"class_list":["post-4139","page","type-page","status-publish","hentry"],"acf":[],"yoast_head":"<!-- This site is optimized with the Yoast SEO Premium plugin v27.1 (Yoast SEO v27.1.1) - https:\/\/yoast.com\/product\/yoast-seo-premium-wordpress\/ -->\n<title>Tilmeld dig Riwals nyhedsbrev | Nyheder og Tips &amp; Tricks<\/title>\n<meta name=\"description\" content=\"Vil du v\u00e6re sikker p\u00e5 aldrig at g\u00e5 glip af de seneste nyheder og de bedste tips og tricks inden for lifte? S\u00e5 tilmeld dig Riwal&#039;s nyhedsbrev.\" \/>\n<meta name=\"robots\" content=\"index, follow, max-snippet:-1, max-image-preview:large, max-video-preview:-1\" \/>\n<link rel=\"canonical\" href=\"https:\/\/www.riwal.com\/da\/riwal-nyhedsbrev\/\" \/>\n<meta property=\"og:locale\" content=\"da_DK\" \/>\n<meta property=\"og:type\" content=\"article\" \/>\n<meta property=\"og:title\" content=\"Riwal nyhedsbrev\" \/>\n<meta property=\"og:description\" content=\"Vil du v\u00e6re sikker p\u00e5 aldrig at g\u00e5 glip af de seneste nyheder og de bedste tips og tricks inden for lifte? S\u00e5 tilmeld dig Riwal&#039;s nyhedsbrev.\" \/>\n<meta property=\"og:url\" content=\"https:\/\/www.riwal.com\/da\/riwal-nyhedsbrev\/\" \/>\n<meta property=\"og:site_name\" content=\"Riwal Danmark\" \/>\n<meta property=\"article:modified_time\" content=\"2025-11-18T09:31:00+00:00\" \/>\n<meta name=\"twitter:card\" content=\"summary_large_image\" \/>\n<meta name=\"twitter:label1\" content=\"Est. reading time\" \/>\n\t<meta name=\"twitter:data1\" content=\"1 minut\" \/>\n<script type=\"application\/ld+json\" class=\"yoast-schema-graph\">{\"@context\":\"https:\/\/schema.org\",\"@graph\":[{\"@type\":\"WebPage\",\"@id\":\"https:\/\/www.riwal.com\/da\/riwal-nyhedsbrev\/\",\"url\":\"https:\/\/www.riwal.com\/da\/riwal-nyhedsbrev\/\",\"name\":\"Tilmeld dig Riwals nyhedsbrev | Nyheder og Tips & Tricks\",\"isPartOf\":{\"@id\":\"https:\/\/www.riwal.com\/da\/#website\"},\"datePublished\":\"2023-09-08T08:42:03+00:00\",\"dateModified\":\"2025-11-18T09:31:00+00:00\",\"description\":\"Vil du v\u00e6re sikker p\u00e5 aldrig at g\u00e5 glip af de seneste nyheder og de bedste tips og tricks inden for lifte? S\u00e5 tilmeld dig Riwal's nyhedsbrev.\",\"breadcrumb\":{\"@id\":\"https:\/\/www.riwal.com\/da\/riwal-nyhedsbrev\/#breadcrumb\"},\"inLanguage\":\"da-DK\",\"potentialAction\":[{\"@type\":\"ReadAction\",\"target\":[\"https:\/\/www.riwal.com\/da\/riwal-nyhedsbrev\/\"]}]},{\"@type\":\"BreadcrumbList\",\"@id\":\"https:\/\/www.riwal.com\/da\/riwal-nyhedsbrev\/#breadcrumb\",\"itemListElement\":[{\"@type\":\"ListItem\",\"position\":1,\"name\":\"Forside\",\"item\":\"https:\/\/www.riwal.com\/da\/\"},{\"@type\":\"ListItem\",\"position\":2,\"name\":\"Riwal nyhedsbrev\"}]},{\"@type\":\"WebSite\",\"@id\":\"https:\/\/www.riwal.com\/da\/#website\",\"url\":\"https:\/\/www.riwal.com\/da\/\",\"name\":\"Riwal\",\"description\":\"Arial work platform &amp; Telehandler Rental\/Sales\",\"publisher\":{\"@id\":\"https:\/\/www.riwal.com\/da\/#organization\"},\"potentialAction\":[{\"@type\":\"SearchAction\",\"target\":{\"@type\":\"EntryPoint\",\"urlTemplate\":\"https:\/\/www.riwal.com\/da\/?s={search_term_string}\"},\"query-input\":{\"@type\":\"PropertyValueSpecification\",\"valueRequired\":true,\"valueName\":\"search_term_string\"}}],\"inLanguage\":\"da-DK\"},{\"@type\":\"Organization\",\"@id\":\"https:\/\/www.riwal.com\/da\/#organization\",\"name\":\"Riwal\",\"url\":\"https:\/\/www.riwal.com\/da\/\",\"logo\":{\"@type\":\"ImageObject\",\"inLanguage\":\"da-DK\",\"@id\":\"https:\/\/www.riwal.com\/da\/#\/schema\/logo\/image\/\",\"url\":\"\",\"contentUrl\":\"\",\"caption\":\"Riwal\"},\"image\":{\"@id\":\"https:\/\/www.riwal.com\/da\/#\/schema\/logo\/image\/\"}}]}<\/script>\n<!-- \/ Yoast SEO Premium plugin. -->","yoast_head_json":{"title":"Tilmeld dig Riwals nyhedsbrev | Nyheder og Tips & Tricks","description":"Vil du v\u00e6re sikker p\u00e5 aldrig at g\u00e5 glip af de seneste nyheder og de bedste tips og tricks inden for lifte? S\u00e5 tilmeld dig Riwal's nyhedsbrev.","robots":{"index":"index","follow":"follow","max-snippet":"max-snippet:-1","max-image-preview":"max-image-preview:large","max-video-preview":"max-video-preview:-1"},"canonical":"https:\/\/www.riwal.com\/da\/riwal-nyhedsbrev\/","og_locale":"da_DK","og_type":"article","og_title":"Riwal nyhedsbrev","og_description":"Vil du v\u00e6re sikker p\u00e5 aldrig at g\u00e5 glip af de seneste nyheder og de bedste tips og tricks inden for lifte? S\u00e5 tilmeld dig Riwal's nyhedsbrev.","og_url":"https:\/\/www.riwal.com\/da\/riwal-nyhedsbrev\/","og_site_name":"Riwal Danmark","article_modified_time":"2025-11-18T09:31:00+00:00","twitter_card":"summary_large_image","twitter_misc":{"Est. reading time":"1 minut"},"schema":{"@context":"https:\/\/schema.org","@graph":[{"@type":"WebPage","@id":"https:\/\/www.riwal.com\/da\/riwal-nyhedsbrev\/","url":"https:\/\/www.riwal.com\/da\/riwal-nyhedsbrev\/","name":"Tilmeld dig Riwals nyhedsbrev | Nyheder og Tips & Tricks","isPartOf":{"@id":"https:\/\/www.riwal.com\/da\/#website"},"datePublished":"2023-09-08T08:42:03+00:00","dateModified":"2025-11-18T09:31:00+00:00","description":"Vil du v\u00e6re sikker p\u00e5 aldrig at g\u00e5 glip af de seneste nyheder og de bedste tips og tricks inden for lifte? S\u00e5 tilmeld dig Riwal's nyhedsbrev.","breadcrumb":{"@id":"https:\/\/www.riwal.com\/da\/riwal-nyhedsbrev\/#breadcrumb"},"inLanguage":"da-DK","potentialAction":[{"@type":"ReadAction","target":["https:\/\/www.riwal.com\/da\/riwal-nyhedsbrev\/"]}]},{"@type":"BreadcrumbList","@id":"https:\/\/www.riwal.com\/da\/riwal-nyhedsbrev\/#breadcrumb","itemListElement":[{"@type":"ListItem","position":1,"name":"Forside","item":"https:\/\/www.riwal.com\/da\/"},{"@type":"ListItem","position":2,"name":"Riwal nyhedsbrev"}]},{"@type":"WebSite","@id":"https:\/\/www.riwal.com\/da\/#website","url":"https:\/\/www.riwal.com\/da\/","name":"Riwal","description":"Arial work platform &amp; Telehandler Rental\/Sales","publisher":{"@id":"https:\/\/www.riwal.com\/da\/#organization"},"potentialAction":[{"@type":"SearchAction","target":{"@type":"EntryPoint","urlTemplate":"https:\/\/www.riwal.com\/da\/?s={search_term_string}"},"query-input":{"@type":"PropertyValueSpecification","valueRequired":true,"valueName":"search_term_string"}}],"inLanguage":"da-DK"},{"@type":"Organization","@id":"https:\/\/www.riwal.com\/da\/#organization","name":"Riwal","url":"https:\/\/www.riwal.com\/da\/","logo":{"@type":"ImageObject","inLanguage":"da-DK","@id":"https:\/\/www.riwal.com\/da\/#\/schema\/logo\/image\/","url":"","contentUrl":"","caption":"Riwal"},"image":{"@id":"https:\/\/www.riwal.com\/da\/#\/schema\/logo\/image\/"}}]}},"_links":{"self":[{"href":"https:\/\/www.riwal.com\/da\/wp-json\/wp\/v2\/pages\/4139","targetHints":{"allow":["GET"]}}],"collection":[{"href":"https:\/\/www.riwal.com\/da\/wp-json\/wp\/v2\/pages"}],"about":[{"href":"https:\/\/www.riwal.com\/da\/wp-json\/wp\/v2\/types\/page"}],"author":[{"embeddable":true,"href":"https:\/\/www.riwal.com\/da\/wp-json\/wp\/v2\/users\/18"}],"replies":[{"embeddable":true,"href":"https:\/\/www.riwal.com\/da\/wp-json\/wp\/v2\/comments?post=4139"}],"version-history":[{"count":3,"href":"https:\/\/www.riwal.com\/da\/wp-json\/wp\/v2\/pages\/4139\/revisions"}],"predecessor-version":[{"id":23225,"href":"https:\/\/www.riwal.com\/da\/wp-json\/wp\/v2\/pages\/4139\/revisions\/23225"}],"wp:attachment":[{"href":"https:\/\/www.riwal.com\/da\/wp-json\/wp\/v2\/media?parent=4139"}],"curies":[{"name":"wp","href":"https:\/\/api.w.org\/{rel}","templated":true}]}}