{"id":3554,"date":"2023-08-17T13:08:59","date_gmt":"2023-08-17T13:08:59","guid":{"rendered":"https:\/\/www.riwal.com\/da\/?page_id=3554"},"modified":"2024-02-20T12:21:17","modified_gmt":"2024-02-20T12:21:17","slug":"lej-lifte-til-vinduespudsning","status":"publish","type":"page","link":"https:\/\/www.riwal.com\/da\/brancher\/lej-lifte-til-vinduespudsning\/","title":{"rendered":"Lej lifte til vinduespudsning"},"content":{"rendered":"<div class=\"container\">\n<h1 class=\"wp-block-heading\" id=\"h-lej-lifte-til-vinduespudsning-fra-riwal\">Lej lifte til vinduespudsning fra Riwal<\/h1>\n<\/div>\n\n<div class=\"container\">\n<p><strong>At arbejde i h\u00f8jden kan v\u00e6re en udfordrende opgave, der kr\u00e6ver det rette udstyr for at opn\u00e5 de bedste resultater. Med lifte fra Riwal kan vi g\u00f8re arbejdet for en vinduespudser mere sikkert, effektivt og produktivt. L\u00e6s mere om hvordan du med fordel kan leje lifte til vinduespudsning fra Riwal. <\/strong><\/p>\n<\/div>\n\n<div class=\"container\">\n<p>Fordelene ved at leje lifte for en vinduespudsningsvirksomhed er flere, herunder:<\/p>\n<\/div>\n\n<div class=\"container\">\n<ul class=\"wp-block-list\">\n<li>Effektivitet og tidsbesparelse<\/li>\n\n\n\n<li>Fleksibilitet og tilpasningsevne<\/li>\n\n\n\n<li>Sikkerhed i fokus<\/li>\n\n\n\n<li>Milj\u00f8venlige lifte<\/li>\n<\/ul>\n<\/div>\n\n<div class=\"container\">\n<h3 class=\"wp-block-heading\" id=\"h-effektivt-og-tidsbesparende-at-benytte-lifte-til-vinduespudsning\"><strong>Effektivt og tidsbesparende at benytte lifte til vinduespudsning<\/strong><\/h3>\n<\/div>\n\n<div class=\"container\">\n<p>Traditionelle metoder til vinduespudsning i h\u00f8jden kan v\u00e6re tidskr\u00e6vende og kr\u00e6ve meget manuelt arbejde. Ved at leje lifte hos Riwal kan vinduespudsere optimere deres arbejdsproces og spare tid. Lifte giver mulighed for hurtig adgang til selv de sv\u00e6rt tilg\u00e6ngelige omr\u00e5der af bygningen, hvilket resulterer i en mere effektiv vinduespudsning. Desuden kan lifte ogs\u00e5 g\u00f8re det muligt at pudse flere vinduer i en enkelt arbejdsgang, hvilket betyder mindre tid p\u00e5 stilladser og mere tid brugt p\u00e5 selve opgaven.<\/p>\n<\/div>\n\n<div class=\"rental-wp-default-block rental-theme-block-default-margin\">\n\t\t\t\t\t\t\t\t<div class=\"container\">\n<div class=\"wp-block-media-text alignwide is-stacked-on-mobile\" style=\"grid-template-columns:34% auto\"><figure class=\"wp-block-media-text__media\"><img loading=\"lazy\" decoding=\"async\" width=\"1068\" height=\"1600\" src=\"https:\/\/eqsk4m2dkju.exactdn.com\/app\/uploads\/sites\/14\/2023\/08\/Riwal-Lift-til-vinduespudsning-scaled.jpg?strip=all&quality=92&webp=92&avif=80&sharp=1\" alt=\"Lifte til vinduespudsning kan lejes hos Riwal. P\u00e5 billedet ses en bomlift med to personer der pudser vinduer fra en lift. \" class=\"wp-image-3562 size-full\" srcset=\"https:\/\/eqsk4m2dkju.exactdn.com\/app\/uploads\/sites\/14\/2023\/08\/Riwal-Lift-til-vinduespudsning-scaled.jpg?strip=all&amp;quality=92&amp;webp=92&amp;avif=80&amp;sharp=1 1068w, https:\/\/eqsk4m2dkju.exactdn.com\/app\/uploads\/sites\/14\/2023\/08\/Riwal-Lift-til-vinduespudsning-1367x2048.jpg?strip=all&amp;quality=92&amp;webp=92&amp;avif=80&amp;sharp=1 1367w, https:\/\/eqsk4m2dkju.exactdn.com\/app\/uploads\/sites\/14\/2023\/08\/Riwal-Lift-til-vinduespudsning-419x628.jpg?strip=all&amp;quality=92&amp;webp=92&amp;avif=80&amp;sharp=1 419w, https:\/\/eqsk4m2dkju.exactdn.com\/app\/uploads\/sites\/14\/2023\/08\/Riwal-Lift-til-vinduespudsning-200x300.jpg?strip=all&amp;quality=92&amp;webp=92&amp;avif=80&amp;sharp=1 200w, https:\/\/eqsk4m2dkju.exactdn.com\/app\/uploads\/sites\/14\/2023\/08\/Riwal-Lift-til-vinduespudsning-768x1151.jpg?strip=all&amp;quality=92&amp;webp=92&amp;avif=80&amp;sharp=1 768w, https:\/\/eqsk4m2dkju.exactdn.com\/app\/uploads\/sites\/14\/2023\/08\/Riwal-Lift-til-vinduespudsning-683x1024.jpg?strip=all&amp;quality=92&amp;webp=92&amp;avif=80&amp;sharp=1 683w, https:\/\/eqsk4m2dkju.exactdn.com\/app\/uploads\/sites\/14\/2023\/08\/Riwal-Lift-til-vinduespudsning-1025x1536.jpg?strip=all&amp;quality=92&amp;webp=92&amp;avif=80&amp;sharp=1 1025w, https:\/\/eqsk4m2dkju.exactdn.com\/app\/uploads\/sites\/14\/2023\/08\/Riwal-Lift-til-vinduespudsning-178x267.jpg?strip=all&amp;quality=92&amp;webp=92&amp;avif=80&amp;sharp=1 178w, https:\/\/eqsk4m2dkju.exactdn.com\/app\/uploads\/sites\/14\/2023\/08\/Riwal-Lift-til-vinduespudsning-617x925.jpg?strip=all&amp;quality=92&amp;webp=92&amp;avif=80&amp;sharp=1 617w, https:\/\/eqsk4m2dkju.exactdn.com\/app\/uploads\/sites\/14\/2023\/08\/Riwal-Lift-til-vinduespudsning-367x550.jpg?strip=all&amp;quality=92&amp;webp=92&amp;avif=80&amp;sharp=1 367w, https:\/\/eqsk4m2dkju.exactdn.com\/app\/uploads\/sites\/14\/2023\/08\/Riwal-Lift-til-vinduespudsning-133x200.jpg?strip=all&amp;quality=92&amp;webp=92&amp;avif=80&amp;sharp=1 133w, https:\/\/eqsk4m2dkju.exactdn.com\/app\/uploads\/sites\/14\/2023\/08\/Riwal-Lift-til-vinduespudsning-scaled.jpg?strip=all&amp;quality=92&amp;webp=92&amp;avif=80&amp;sharp=1&amp;w=854 854w\" sizes=\"auto, (max-width: 1068px) 100vw, 1068px\" \/><\/figure><div class=\"wp-block-media-text__content\">\n<h3 class=\"wp-block-heading\" id=\"h-arbejde-med-lifte-oger-fleksibiliteten-ved-vinduespudsning-i-hojden\"><strong>Arbejde med lifte \u00f8ger fleksibiliteten ved vinduespudsning i h\u00f8jden<\/strong><\/h3>\n\n\n\n<p>En af fordelene ved at leje lifte hos Riwal er den fleksibilitet, det tilbyder vinduespudsere. Hver bygning er unik, og derfor kr\u00e6ver vinduespudsning en tilpasning til de specifikke behov og krav. Riwal tilbyder forskellige typer lifte, herunder bomlifte, sakselifte og edderkoplifte, der kan tilpasses til forskellige bygningers struktur og st\u00f8rrelse. Dette sikrer, at vinduespudsere har det n\u00f8dvendige udstyr til at h\u00e5ndtere en bred vifte af opgaver.<\/p>\n\n\n\n<h3 class=\"wp-block-heading\" id=\"h-sikkerhed-i-fokus\"><strong>Sikkerhed i fokus<\/strong><\/h3>\n\n\n\n<p>Arbejde i h\u00f8jden med vinduespudsning kan medf\u00f8re risici for b\u00e5de vinduespudseren og personer n\u00e6r liften. Uden det rette udstyr kan faldulykker og ulykker forekomme. Det samme kan ske hvis man ikke har viden om de bedste metoder hvorp\u00e5 man k\u00f8rer og benytter lifte.  Sikkerhed er en forankret del af vores kultur i Riwal.  Vi tilbyder et bredt udvalg af lifte fra verdens f\u00f8rende producenter, der er designet til at minimere risici og skabe et sikkert arbejdsmilj\u00f8. Samtidig har vi dygtige og dedikerede mekanikere, som sikrer at vores maskiner opretter kvaliteten. <\/p>\n\n\n\n<p>Vi tilbyder ogs\u00e5 sikkerhedskurser i brugen af lifte i form af IPAF liftkurser, som afholdes af vores sikkerhedstr\u00e6ningsafdeling &#8211; <a href=\"https:\/\/www.riwal.com\/da\/riwal-safety-training\/\">Riwal Safety Training<\/a>. <\/p>\n<\/div><\/div>\n<\/div>\n\t\t\t\t\t\t\t<\/div> \n\n<div class=\"container\">\n<h3 class=\"wp-block-heading\" id=\"h-vinduespudsning-med-miljovenlige-lifte\"><strong>Vinduespudsning med milj\u00f8venlige lifte<\/strong><\/h3>\n<\/div>\n\n<div class=\"container\">\n<p>Riwal har et fokus p\u00e5 at fremme den gr\u00f8nne omstilling i byggebranchen. \u00c9n af vores st\u00f8rste og mest v\u00e6sentlige tiltag er vores fokus p\u00e5 at \u00f8ge andelen af 100% elektriske maskiner i vores udlejningsfl\u00e5de. I dag er en del af vores lifte allerede 100% elektriske eller er hybride, hvilket reducerer emissioner og st\u00f8jniveauet signifikant. Dette er ikke kun godt for milj\u00f8et, men det kan ogs\u00e5 v\u00e6re en fordel for vinduespudsere og personer omkring, da det skaber et mere behageligt arbejdsmilj\u00f8.<\/p>\n<\/div>\n\n<div class=\"container\">\n<h3 class=\"wp-block-heading\" id=\"h-kontakt-riwal-for-udlejning-af-lifte-til-vinduespudsning\"><strong>Kontakt Riwal for udlejning af lifte til vinduespudsning<\/strong><\/h3>\n<\/div>\n\n<div class=\"container\">\n<p>Hvis du er en vinduespudser, der \u00f8nsker at arbejde mere effektivt og sikkert i h\u00f8jden, s\u00e5 t\u00f8v ikke med at kontakte Riwal for liftudlejning. Vores omfattende udvalg af lifte kan im\u00f8dekomme dine specifikke behov og hj\u00e6lpe dig med at n\u00e5 nye h\u00f8jder i din forretning. Se vores udvalg af lifte her eller ring til os p\u00e5 <a href=\"tel:+4570100097\">+45 70 10 00 97<\/a> for at f\u00e5 finde lifte der passer til dine opgaver. <\/p>\n<\/div>","protected":false},"excerpt":{"rendered":"<p>Lej lifte til vinduespudsning fra Riwal At arbejde i h\u00f8jden kan v\u00e6re en udfordrende opgave, der kr\u00e6ver det rette udstyr for at opn\u00e5 de bedste resultater. Med lifte fra Riwal kan vi g\u00f8re arbejdet for en vinduespudser mere sikkert, effektivt og produktivt. L\u00e6s mere om hvordan du med fordel kan leje lifte til vinduespudsning fra &hellip; <a href=\"https:\/\/www.riwal.com\/da\/brancher\/lej-lifte-til-vinduespudsning\/\">Fortsat<\/a><\/p>\n","protected":false},"author":18,"featured_media":0,"parent":6424,"menu_order":0,"comment_status":"closed","ping_status":"closed","template":"","meta":{"_acf_changed":false,"footnotes":""},"class_list":["post-3554","page","type-page","status-publish","hentry"],"acf":[],"yoast_head":"<!-- This site is optimized with the Yoast SEO Premium plugin v27.1 (Yoast SEO v27.1.1) - https:\/\/yoast.com\/product\/yoast-seo-premium-wordpress\/ -->\n<title>Lifte til vinduespudsning | Riwal liftudlejning<\/title>\n<meta name=\"description\" content=\"Lej lifte til vinduespudsning fra Riwal og opn\u00e5 h\u00f8jere sikkerhed, effektivitet og kvalitet n\u00e5r du skal arbejde i h\u00f8jden.\" \/>\n<meta name=\"robots\" content=\"index, follow, max-snippet:-1, max-image-preview:large, max-video-preview:-1\" \/>\n<link rel=\"canonical\" href=\"https:\/\/www.riwal.com\/da\/brancher\/lej-lifte-til-vinduespudsning\/\" \/>\n<meta property=\"og:locale\" content=\"da_DK\" \/>\n<meta property=\"og:type\" content=\"article\" \/>\n<meta property=\"og:title\" content=\"Lej lifte til vinduespudsning\" \/>\n<meta property=\"og:description\" content=\"Lej lifte til vinduespudsning fra Riwal og opn\u00e5 h\u00f8jere sikkerhed, effektivitet og kvalitet n\u00e5r du skal arbejde i h\u00f8jden.\" \/>\n<meta property=\"og:url\" content=\"https:\/\/www.riwal.com\/da\/brancher\/lej-lifte-til-vinduespudsning\/\" \/>\n<meta property=\"og:site_name\" content=\"Riwal Danmark\" \/>\n<meta property=\"article:modified_time\" content=\"2024-02-20T12:21:17+00:00\" \/>\n<meta property=\"og:image\" content=\"https:\/\/www.riwal.com\/app\/uploads\/sites\/14\/2023\/08\/Riwal-Lift-til-vinduespudsning-scaled.jpg\" \/>\n<meta name=\"twitter:card\" content=\"summary_large_image\" \/>\n<meta name=\"twitter:label1\" content=\"Est. reading time\" \/>\n\t<meta name=\"twitter:data1\" content=\"4 minutter\" \/>\n<script type=\"application\/ld+json\" class=\"yoast-schema-graph\">{\"@context\":\"https:\/\/schema.org\",\"@graph\":[{\"@type\":\"WebPage\",\"@id\":\"https:\/\/www.riwal.com\/da\/brancher\/lej-lifte-til-vinduespudsning\/\",\"url\":\"https:\/\/www.riwal.com\/da\/brancher\/lej-lifte-til-vinduespudsning\/\",\"name\":\"Lifte til vinduespudsning | Riwal liftudlejning\",\"isPartOf\":{\"@id\":\"https:\/\/www.riwal.com\/da\/#website\"},\"primaryImageOfPage\":{\"@id\":\"https:\/\/www.riwal.com\/da\/brancher\/lej-lifte-til-vinduespudsning\/#primaryimage\"},\"image\":{\"@id\":\"https:\/\/www.riwal.com\/da\/brancher\/lej-lifte-til-vinduespudsning\/#primaryimage\"},\"thumbnailUrl\":\"https:\/\/www.riwal.com\/app\/uploads\/sites\/14\/2023\/08\/Riwal-Lift-til-vinduespudsning-scaled.jpg\",\"datePublished\":\"2023-08-17T13:08:59+00:00\",\"dateModified\":\"2024-02-20T12:21:17+00:00\",\"description\":\"Lej lifte til vinduespudsning fra Riwal og opn\u00e5 h\u00f8jere sikkerhed, effektivitet og kvalitet n\u00e5r du skal arbejde i h\u00f8jden.\",\"breadcrumb\":{\"@id\":\"https:\/\/www.riwal.com\/da\/brancher\/lej-lifte-til-vinduespudsning\/#breadcrumb\"},\"inLanguage\":\"da-DK\",\"potentialAction\":[{\"@type\":\"ReadAction\",\"target\":[\"https:\/\/www.riwal.com\/da\/brancher\/lej-lifte-til-vinduespudsning\/\"]}]},{\"@type\":\"ImageObject\",\"inLanguage\":\"da-DK\",\"@id\":\"https:\/\/www.riwal.com\/da\/brancher\/lej-lifte-til-vinduespudsning\/#primaryimage\",\"url\":\"https:\/\/www.riwal.com\/app\/uploads\/sites\/14\/2023\/08\/Riwal-Lift-til-vinduespudsning-scaled.jpg\",\"contentUrl\":\"https:\/\/www.riwal.com\/app\/uploads\/sites\/14\/2023\/08\/Riwal-Lift-til-vinduespudsning-scaled.jpg\"},{\"@type\":\"BreadcrumbList\",\"@id\":\"https:\/\/www.riwal.com\/da\/brancher\/lej-lifte-til-vinduespudsning\/#breadcrumb\",\"itemListElement\":[{\"@type\":\"ListItem\",\"position\":1,\"name\":\"Forside\",\"item\":\"https:\/\/www.riwal.com\/da\/\"},{\"@type\":\"ListItem\",\"position\":2,\"name\":\"Brancher\",\"item\":\"https:\/\/www.riwal.com\/da\/brancher\/\"},{\"@type\":\"ListItem\",\"position\":3,\"name\":\"Lej lifte til vinduespudsning\"}]},{\"@type\":\"WebSite\",\"@id\":\"https:\/\/www.riwal.com\/da\/#website\",\"url\":\"https:\/\/www.riwal.com\/da\/\",\"name\":\"Riwal\",\"description\":\"Arial work platform &amp; Telehandler Rental\/Sales\",\"publisher\":{\"@id\":\"https:\/\/www.riwal.com\/da\/#organization\"},\"potentialAction\":[{\"@type\":\"SearchAction\",\"target\":{\"@type\":\"EntryPoint\",\"urlTemplate\":\"https:\/\/www.riwal.com\/da\/?s={search_term_string}\"},\"query-input\":{\"@type\":\"PropertyValueSpecification\",\"valueRequired\":true,\"valueName\":\"search_term_string\"}}],\"inLanguage\":\"da-DK\"},{\"@type\":\"Organization\",\"@id\":\"https:\/\/www.riwal.com\/da\/#organization\",\"name\":\"Riwal\",\"url\":\"https:\/\/www.riwal.com\/da\/\",\"logo\":{\"@type\":\"ImageObject\",\"inLanguage\":\"da-DK\",\"@id\":\"https:\/\/www.riwal.com\/da\/#\/schema\/logo\/image\/\",\"url\":\"\",\"contentUrl\":\"\",\"caption\":\"Riwal\"},\"image\":{\"@id\":\"https:\/\/www.riwal.com\/da\/#\/schema\/logo\/image\/\"}}]}<\/script>\n<!-- \/ Yoast SEO Premium plugin. -->","yoast_head_json":{"title":"Lifte til vinduespudsning | Riwal liftudlejning","description":"Lej lifte til vinduespudsning fra Riwal og opn\u00e5 h\u00f8jere sikkerhed, effektivitet og kvalitet n\u00e5r du skal arbejde i h\u00f8jden.","robots":{"index":"index","follow":"follow","max-snippet":"max-snippet:-1","max-image-preview":"max-image-preview:large","max-video-preview":"max-video-preview:-1"},"canonical":"https:\/\/www.riwal.com\/da\/brancher\/lej-lifte-til-vinduespudsning\/","og_locale":"da_DK","og_type":"article","og_title":"Lej lifte til vinduespudsning","og_description":"Lej lifte til vinduespudsning fra Riwal og opn\u00e5 h\u00f8jere sikkerhed, effektivitet og kvalitet n\u00e5r du skal arbejde i h\u00f8jden.","og_url":"https:\/\/www.riwal.com\/da\/brancher\/lej-lifte-til-vinduespudsning\/","og_site_name":"Riwal Danmark","article_modified_time":"2024-02-20T12:21:17+00:00","og_image":[{"url":"https:\/\/www.riwal.com\/app\/uploads\/sites\/14\/2023\/08\/Riwal-Lift-til-vinduespudsning-scaled.jpg","type":"","width":"","height":""}],"twitter_card":"summary_large_image","twitter_misc":{"Est. reading time":"4 minutter"},"schema":{"@context":"https:\/\/schema.org","@graph":[{"@type":"WebPage","@id":"https:\/\/www.riwal.com\/da\/brancher\/lej-lifte-til-vinduespudsning\/","url":"https:\/\/www.riwal.com\/da\/brancher\/lej-lifte-til-vinduespudsning\/","name":"Lifte til vinduespudsning | Riwal liftudlejning","isPartOf":{"@id":"https:\/\/www.riwal.com\/da\/#website"},"primaryImageOfPage":{"@id":"https:\/\/www.riwal.com\/da\/brancher\/lej-lifte-til-vinduespudsning\/#primaryimage"},"image":{"@id":"https:\/\/www.riwal.com\/da\/brancher\/lej-lifte-til-vinduespudsning\/#primaryimage"},"thumbnailUrl":"https:\/\/www.riwal.com\/app\/uploads\/sites\/14\/2023\/08\/Riwal-Lift-til-vinduespudsning-scaled.jpg","datePublished":"2023-08-17T13:08:59+00:00","dateModified":"2024-02-20T12:21:17+00:00","description":"Lej lifte til vinduespudsning fra Riwal og opn\u00e5 h\u00f8jere sikkerhed, effektivitet og kvalitet n\u00e5r du skal arbejde i h\u00f8jden.","breadcrumb":{"@id":"https:\/\/www.riwal.com\/da\/brancher\/lej-lifte-til-vinduespudsning\/#breadcrumb"},"inLanguage":"da-DK","potentialAction":[{"@type":"ReadAction","target":["https:\/\/www.riwal.com\/da\/brancher\/lej-lifte-til-vinduespudsning\/"]}]},{"@type":"ImageObject","inLanguage":"da-DK","@id":"https:\/\/www.riwal.com\/da\/brancher\/lej-lifte-til-vinduespudsning\/#primaryimage","url":"https:\/\/www.riwal.com\/app\/uploads\/sites\/14\/2023\/08\/Riwal-Lift-til-vinduespudsning-scaled.jpg","contentUrl":"https:\/\/www.riwal.com\/app\/uploads\/sites\/14\/2023\/08\/Riwal-Lift-til-vinduespudsning-scaled.jpg"},{"@type":"BreadcrumbList","@id":"https:\/\/www.riwal.com\/da\/brancher\/lej-lifte-til-vinduespudsning\/#breadcrumb","itemListElement":[{"@type":"ListItem","position":1,"name":"Forside","item":"https:\/\/www.riwal.com\/da\/"},{"@type":"ListItem","position":2,"name":"Brancher","item":"https:\/\/www.riwal.com\/da\/brancher\/"},{"@type":"ListItem","position":3,"name":"Lej lifte til vinduespudsning"}]},{"@type":"WebSite","@id":"https:\/\/www.riwal.com\/da\/#website","url":"https:\/\/www.riwal.com\/da\/","name":"Riwal","description":"Arial work platform &amp; Telehandler Rental\/Sales","publisher":{"@id":"https:\/\/www.riwal.com\/da\/#organization"},"potentialAction":[{"@type":"SearchAction","target":{"@type":"EntryPoint","urlTemplate":"https:\/\/www.riwal.com\/da\/?s={search_term_string}"},"query-input":{"@type":"PropertyValueSpecification","valueRequired":true,"valueName":"search_term_string"}}],"inLanguage":"da-DK"},{"@type":"Organization","@id":"https:\/\/www.riwal.com\/da\/#organization","name":"Riwal","url":"https:\/\/www.riwal.com\/da\/","logo":{"@type":"ImageObject","inLanguage":"da-DK","@id":"https:\/\/www.riwal.com\/da\/#\/schema\/logo\/image\/","url":"","contentUrl":"","caption":"Riwal"},"image":{"@id":"https:\/\/www.riwal.com\/da\/#\/schema\/logo\/image\/"}}]}},"_links":{"self":[{"href":"https:\/\/www.riwal.com\/da\/wp-json\/wp\/v2\/pages\/3554","targetHints":{"allow":["GET"]}}],"collection":[{"href":"https:\/\/www.riwal.com\/da\/wp-json\/wp\/v2\/pages"}],"about":[{"href":"https:\/\/www.riwal.com\/da\/wp-json\/wp\/v2\/types\/page"}],"author":[{"embeddable":true,"href":"https:\/\/www.riwal.com\/da\/wp-json\/wp\/v2\/users\/18"}],"replies":[{"embeddable":true,"href":"https:\/\/www.riwal.com\/da\/wp-json\/wp\/v2\/comments?post=3554"}],"version-history":[{"count":9,"href":"https:\/\/www.riwal.com\/da\/wp-json\/wp\/v2\/pages\/3554\/revisions"}],"predecessor-version":[{"id":9145,"href":"https:\/\/www.riwal.com\/da\/wp-json\/wp\/v2\/pages\/3554\/revisions\/9145"}],"up":[{"embeddable":true,"href":"https:\/\/www.riwal.com\/da\/wp-json\/wp\/v2\/pages\/6424"}],"wp:attachment":[{"href":"https:\/\/www.riwal.com\/da\/wp-json\/wp\/v2\/media?parent=3554"}],"curies":[{"name":"wp","href":"https:\/\/api.w.org\/{rel}","templated":true}]}}