{"id":3547,"date":"2023-08-16T12:10:18","date_gmt":"2023-08-16T12:10:18","guid":{"rendered":"https:\/\/www.riwal.com\/da\/?page_id=3547"},"modified":"2024-02-20T12:21:43","modified_gmt":"2024-02-20T12:21:43","slug":"lifte-til-malerarbejde","status":"publish","type":"page","link":"https:\/\/www.riwal.com\/da\/brancher\/lifte-til-malerarbejde\/","title":{"rendered":"Lifte til malerarbejde"},"content":{"rendered":"<div class=\"container\">\n<h1 class=\"wp-block-heading\" id=\"h-lifte-til-malerarbejde\">Lifte til malerarbejde<\/h1>\n<\/div>\n\n<div class=\"container\">\n<p><strong>Kvaliteten af dit malerarbejde bestemmes ikke kun af dine evner som maler og de materialer, som du arbejder med, men ogs\u00e5 af arbejdsforholdene<\/strong>. <strong>Med dette mener vi, at det vigtigt at have de rette lifte til malerarbejde, hvis arbejdet skal f\u00f8reg\u00e5 i h\u00f8jden. <\/strong><\/p>\n<\/div>\n\n<div class=\"container\">\n<p>N\u00e5r du bruger lifte fra Riwal i forbindelse med dit arbejde med penslen, forbedrer du arbejdsforholdene med hensyn til b\u00e5de effektiviteten og sikkerheden af dit malerarbejde. Du kan igennem vores s\u00f8gemaskine f\u00e5 et overblik over alle vores lifte, og selv finde maskinen der passer til dit malerarbejde.<\/p>\n<\/div>\n\n<div class=\"container\">\n<figure class=\"wp-block-image size-large\"><img loading=\"lazy\" decoding=\"async\" width=\"1024\" height=\"341\" src=\"https:\/\/eqsk4m2dkju.exactdn.com\/app\/uploads\/sites\/14\/2023\/08\/Maler-i-lift-Riwal-1024x341.webp?strip=all&quality=92&webp=92&avif=80&sharp=1\" alt=\"Maler benytter Riwal bomlift til hans malerarbejde i h\u00f8jden\" class=\"wp-image-3551\" srcset=\"https:\/\/eqsk4m2dkju.exactdn.com\/app\/uploads\/sites\/14\/2023\/08\/Maler-i-lift-Riwal-1024x341.webp?strip=all&amp;quality=92&amp;webp=92&amp;avif=80&amp;sharp=1 1024w, https:\/\/eqsk4m2dkju.exactdn.com\/app\/uploads\/sites\/14\/2023\/08\/Maler-i-lift-Riwal-830x277.webp?strip=all&amp;quality=92&amp;webp=92&amp;avif=80&amp;sharp=1 830w, https:\/\/eqsk4m2dkju.exactdn.com\/app\/uploads\/sites\/14\/2023\/08\/Maler-i-lift-Riwal-300x100.webp?strip=all&amp;quality=92&amp;webp=92&amp;avif=80&amp;sharp=1 300w, https:\/\/eqsk4m2dkju.exactdn.com\/app\/uploads\/sites\/14\/2023\/08\/Maler-i-lift-Riwal-768x256.webp?strip=all&amp;quality=92&amp;webp=92&amp;avif=80&amp;sharp=1 768w, https:\/\/eqsk4m2dkju.exactdn.com\/app\/uploads\/sites\/14\/2023\/08\/Maler-i-lift-Riwal-1536x512.webp?strip=all&amp;quality=92&amp;webp=92&amp;avif=80&amp;sharp=1 1536w, https:\/\/eqsk4m2dkju.exactdn.com\/app\/uploads\/sites\/14\/2023\/08\/Maler-i-lift-Riwal-178x59.webp?strip=all&amp;quality=92&amp;webp=92&amp;avif=80&amp;sharp=1 178w, https:\/\/eqsk4m2dkju.exactdn.com\/app\/uploads\/sites\/14\/2023\/08\/Maler-i-lift-Riwal-1440x480.webp?strip=all&amp;quality=92&amp;webp=92&amp;avif=80&amp;sharp=1 1440w, https:\/\/eqsk4m2dkju.exactdn.com\/app\/uploads\/sites\/14\/2023\/08\/Maler-i-lift-Riwal-390x130.webp?strip=all&amp;quality=92&amp;webp=92&amp;avif=80&amp;sharp=1 390w, https:\/\/eqsk4m2dkju.exactdn.com\/app\/uploads\/sites\/14\/2023\/08\/Maler-i-lift-Riwal-250x83.webp?strip=all&amp;quality=92&amp;webp=92&amp;avif=80&amp;sharp=1 250w, https:\/\/eqsk4m2dkju.exactdn.com\/app\/uploads\/sites\/14\/2023\/08\/Maler-i-lift-Riwal.webp?strip=all&amp;quality=92&amp;webp=92&amp;avif=80&amp;sharp=1 1920w, https:\/\/eqsk4m2dkju.exactdn.com\/app\/uploads\/sites\/14\/2023\/08\/Maler-i-lift-Riwal.webp?strip=all&amp;quality=92&amp;webp=92&amp;avif=80&amp;sharp=1&amp;w=1152 1152w, https:\/\/eqsk4m2dkju.exactdn.com\/app\/uploads\/sites\/14\/2023\/08\/Maler-i-lift-Riwal.webp?strip=all&amp;quality=92&amp;webp=92&amp;avif=80&amp;sharp=1&amp;w=450 450w\" sizes=\"auto, (max-width: 1024px) 100vw, 1024px\" \/><\/figure>\n<\/div>\n\n<div class=\"container\">\n<h3 class=\"wp-block-heading\" id=\"h-hvordan-kan-riwal-hjaelpe-dig-med-den-rette-lift\">Hvordan kan Riwal hj\u00e6lpe dig med den rette lift?<\/h3>\n<\/div>\n\n<div class=\"container\">\n<p>Vi har mulighed for at \u00e6ndre liften til n\u00e6sten ethvert job du kan forestille dig. Det er et stort m\u00e5l for os, at opfylde alle dine krav.<\/p>\n<\/div>\n\n<div class=\"container\">\n<p><strong>Vi kan blandet andet<\/strong>:<\/p>\n<\/div>\n\n<div class=\"container\">\n<ul class=\"wp-block-list\">\n<li>Tilpasse en lift med en elektrisk forbindelse til tapetsering spartling eller andet malerarbejde i h\u00f8jderne.<\/li>\n\n\n\n<li>Udstyre en maskine med d\u00e6k der ikke smitter af til indend\u00f8rs arbejde, s\u00e5 maskinen ikke skrammer og ridser gulvet.<\/li>\n\n\n\n<li>Tilf\u00f8je specielle tilbeh\u00f8r som partikelfilter, belysning eller GPS sporingsenhed.<\/li>\n\n\n\n<li>Udv\u00e6lge den bedste maskine, hvis dit malerprojekt kr\u00e6ver at du skal n\u00e5 sv\u00e6rt tilg\u00e6ngelige steder p\u00e5 bygninger eller andre steder.<\/li>\n<\/ul>\n<\/div>\n\n<div class=\"rental-wp-default-block rental-theme-block-default-margin\">\n\t\t\t\t\t\t\t\t<div class=\"container\">\n<div class=\"wp-block-media-text alignwide has-media-on-the-right is-stacked-on-mobile\"><div class=\"wp-block-media-text__content\">\n<h3 class=\"wp-block-heading\" id=\"h-riwal-kan-levere-lifte-til-dit-malerarbejde\">Riwal kan levere lifte til dit malerarbejde<\/h3>\n\n\n\n<p>Med erfaring der g\u00e5r helt tilbage til 1968, har vi dyb indsigt i malerbranchens behov og arbejder t\u00e6t sammen med dig for at finde de bedste l\u00f8sninger til dit arbejde. Vi har en af Danmarks st\u00f8rste udlejningsfl\u00e5de. Det betyder, at du kan v\u00e6re n\u00e6sten sikker p\u00e5 at finde den helt rette lift til at bringe dig i h\u00f8jden, s\u00e5 du p\u00e5 bedst mulig vis kan f\u00e5 udf\u00f8rt dit malerarbejde. <\/p>\n\n\n\n<p>Malerarbejde kan naturligvis foreg\u00e5 i mange forskellige h\u00f8jder, og kr\u00e6ver sj\u00e6ldent at man er placeret statisk \u00e9t sted. Derfor skal malere ofte skal bruge forskellige maskiner fra projekt til projekt, som g\u00f8r det til en fordel at leje lifte i stedet for at k\u00f8be lifte. <\/p>\n\n\n\n<p>Vi har bl.a. udlejet lifte til godkendte graffitikunstnere, som udf\u00f8rer street art. P\u00e5 billedet ses en Riwal bomlift ved <a href=\"https:\/\/all-caps.nl\/\">ALL CAPS<\/a> streetart festivalen i Rotterdam, Holland. <\/p>\n<\/div><figure class=\"wp-block-media-text__media\"><img loading=\"lazy\" decoding=\"async\" width=\"1000\" height=\"750\" src=\"https:\/\/eqsk4m2dkju.exactdn.com\/app\/uploads\/sites\/14\/2023\/08\/Powwow-Festival-Riwal-lift.jpg?strip=all&quality=92&webp=92&avif=80&sharp=1\" alt=\"Riwal bomlift benyttes af graffitikunstner til malerarbejde ved Pow! Wow! street art festival i Rotterdam, Holland. \" class=\"wp-image-3549 size-full\" srcset=\"https:\/\/eqsk4m2dkju.exactdn.com\/app\/uploads\/sites\/14\/2023\/08\/Powwow-Festival-Riwal-lift.jpg?strip=all&amp;quality=92&amp;webp=92&amp;avif=80&amp;sharp=1 1000w, https:\/\/eqsk4m2dkju.exactdn.com\/app\/uploads\/sites\/14\/2023\/08\/Powwow-Festival-Riwal-lift-830x623.jpg?strip=all&amp;quality=92&amp;webp=92&amp;avif=80&amp;sharp=1 830w, https:\/\/eqsk4m2dkju.exactdn.com\/app\/uploads\/sites\/14\/2023\/08\/Powwow-Festival-Riwal-lift-300x225.jpg?strip=all&amp;quality=92&amp;webp=92&amp;avif=80&amp;sharp=1 300w, https:\/\/eqsk4m2dkju.exactdn.com\/app\/uploads\/sites\/14\/2023\/08\/Powwow-Festival-Riwal-lift-768x576.jpg?strip=all&amp;quality=92&amp;webp=92&amp;avif=80&amp;sharp=1 768w, https:\/\/eqsk4m2dkju.exactdn.com\/app\/uploads\/sites\/14\/2023\/08\/Powwow-Festival-Riwal-lift-178x134.jpg?strip=all&amp;quality=92&amp;webp=92&amp;avif=80&amp;sharp=1 178w, https:\/\/eqsk4m2dkju.exactdn.com\/app\/uploads\/sites\/14\/2023\/08\/Powwow-Festival-Riwal-lift-390x293.jpg?strip=all&amp;quality=92&amp;webp=92&amp;avif=80&amp;sharp=1 390w, https:\/\/eqsk4m2dkju.exactdn.com\/app\/uploads\/sites\/14\/2023\/08\/Powwow-Festival-Riwal-lift-250x188.jpg?strip=all&amp;quality=92&amp;webp=92&amp;avif=80&amp;sharp=1 250w, https:\/\/eqsk4m2dkju.exactdn.com\/app\/uploads\/sites\/14\/2023\/08\/Powwow-Festival-Riwal-lift.jpg?strip=all&amp;quality=92&amp;webp=92&amp;avif=80&amp;sharp=1&amp;w=600 600w, https:\/\/eqsk4m2dkju.exactdn.com\/app\/uploads\/sites\/14\/2023\/08\/Powwow-Festival-Riwal-lift.jpg?strip=all&amp;quality=92&amp;webp=92&amp;avif=80&amp;sharp=1&amp;w=450 450w\" sizes=\"auto, (max-width: 1000px) 100vw, 1000px\" \/><\/figure><\/div>\n<\/div>\n\t\t\t\t\t\t\t<\/div> \n\n<div class=\"container\">\n<h3 class=\"wp-block-heading\" id=\"h-lad-os-hjaelpe-dig-med-at-en-lift-til-dit-malerarbejde\">Lad os hj\u00e6lpe dig med at en lift til dit malerarbejde<\/h3>\n<\/div>\n\n<div class=\"container\">\n<p>For at finde den helt rigtige lift som du kan leje til dit malerarbejde afh\u00e6nger det af hvor ens malerarbejde finder sted, og hvilken type opgave man er sat til at l\u00f8se.&nbsp;<\/p>\n<\/div>\n\n<div class=\"container\">\n<p>Vi har n\u00e6sten 3000 maskiner tilg\u00e6ngelig i vores udlejningbest\u00e5ende, som bl.a. best\u00e5r af lifte, teleskopl\u00e6ssere, minikraner og trucks fra verdens f\u00f8rende liftproducenter s\u00e5som <a href=\"https:\/\/www.jlg.com\/en\">JLG<\/a>, <a href=\"https:\/\/www.genielift.com\/en-gb\/\">Genie<\/a>, <a href=\"https:\/\/www.skyjack.com\/en-eu\">Skyjack<\/a> m.fl. <\/p>\n<\/div>\n\n<div class=\"container\">\n<p>Find udvalget af lifte som du kan leje ved at klikke p\u00e5 knappen nedenfor eller kontakt os her. <\/p>\n<\/div>\n\n<div class=\"rental-wp-default-block rental-theme-block-default-margin\">\n\t\t\t\t\t\t\t\t<div class=\"container\">\n<div class=\"wp-block-buttons is-layout-flex wp-block-buttons-is-layout-flex\">\n<div class=\"wp-block-button\"><a class=\"wp-block-button__link wp-element-button\" href=\"https:\/\/www.riwal.com\/da\/udlejning\/\">G\u00e5 til vores udvalg af lifte  <\/a><\/div>\n<\/div>\n<\/div>\n\t\t\t\t\t\t\t<\/div> ","protected":false},"excerpt":{"rendered":"<p>Lifte til malerarbejde Kvaliteten af dit malerarbejde bestemmes ikke kun af dine evner som maler og de materialer, som du arbejder med, men ogs\u00e5 af arbejdsforholdene. Med dette mener vi, at det vigtigt at have de rette lifte til malerarbejde, hvis arbejdet skal f\u00f8reg\u00e5 i h\u00f8jden. N\u00e5r du bruger lifte fra Riwal i forbindelse med &hellip; <a href=\"https:\/\/www.riwal.com\/da\/brancher\/lifte-til-malerarbejde\/\">Fortsat<\/a><\/p>\n","protected":false},"author":18,"featured_media":0,"parent":6424,"menu_order":0,"comment_status":"closed","ping_status":"closed","template":"","meta":{"_acf_changed":false,"footnotes":""},"class_list":["post-3547","page","type-page","status-publish","hentry"],"acf":[],"yoast_head":"<!-- This site is optimized with the Yoast SEO Premium plugin v27.1 (Yoast SEO v27.1.1) - https:\/\/yoast.com\/product\/yoast-seo-premium-wordpress\/ -->\n<title>Lifte til malerarbejde | Riwal<\/title>\n<meta name=\"description\" content=\"Riwal liftudlejning: Lej lifte til dit malerarbejde. Vi kan hj\u00e6lpe dig med den helt rette lift hvis du skal male i h\u00f8jden.\" \/>\n<meta name=\"robots\" content=\"index, follow, max-snippet:-1, max-image-preview:large, max-video-preview:-1\" \/>\n<link rel=\"canonical\" href=\"https:\/\/www.riwal.com\/da\/brancher\/lifte-til-malerarbejde\/\" \/>\n<meta property=\"og:locale\" content=\"da_DK\" \/>\n<meta property=\"og:type\" content=\"article\" \/>\n<meta property=\"og:title\" content=\"Lifte til malerarbejde\" \/>\n<meta property=\"og:description\" content=\"Riwal liftudlejning: Lej lifte til dit malerarbejde. Vi kan hj\u00e6lpe dig med den helt rette lift hvis du skal male i h\u00f8jden.\" \/>\n<meta property=\"og:url\" content=\"https:\/\/www.riwal.com\/da\/brancher\/lifte-til-malerarbejde\/\" \/>\n<meta property=\"og:site_name\" content=\"Riwal Danmark\" \/>\n<meta property=\"article:modified_time\" content=\"2024-02-20T12:21:43+00:00\" \/>\n<meta property=\"og:image\" content=\"https:\/\/www.riwal.com\/app\/uploads\/sites\/14\/2023\/08\/Maler-i-lift-Riwal-1024x341.webp\" \/>\n<meta name=\"twitter:card\" content=\"summary_large_image\" \/>\n<meta name=\"twitter:label1\" content=\"Est. reading time\" \/>\n\t<meta name=\"twitter:data1\" content=\"3 minutter\" \/>\n<script type=\"application\/ld+json\" class=\"yoast-schema-graph\">{\"@context\":\"https:\/\/schema.org\",\"@graph\":[{\"@type\":\"WebPage\",\"@id\":\"https:\/\/www.riwal.com\/da\/brancher\/lifte-til-malerarbejde\/\",\"url\":\"https:\/\/www.riwal.com\/da\/brancher\/lifte-til-malerarbejde\/\",\"name\":\"Lifte til malerarbejde | Riwal\",\"isPartOf\":{\"@id\":\"https:\/\/www.riwal.com\/da\/#website\"},\"primaryImageOfPage\":{\"@id\":\"https:\/\/www.riwal.com\/da\/brancher\/lifte-til-malerarbejde\/#primaryimage\"},\"image\":{\"@id\":\"https:\/\/www.riwal.com\/da\/brancher\/lifte-til-malerarbejde\/#primaryimage\"},\"thumbnailUrl\":\"https:\/\/www.riwal.com\/app\/uploads\/sites\/14\/2023\/08\/Maler-i-lift-Riwal-1024x341.webp\",\"datePublished\":\"2023-08-16T12:10:18+00:00\",\"dateModified\":\"2024-02-20T12:21:43+00:00\",\"description\":\"Riwal liftudlejning: Lej lifte til dit malerarbejde. Vi kan hj\u00e6lpe dig med den helt rette lift hvis du skal male i h\u00f8jden.\",\"breadcrumb\":{\"@id\":\"https:\/\/www.riwal.com\/da\/brancher\/lifte-til-malerarbejde\/#breadcrumb\"},\"inLanguage\":\"da-DK\",\"potentialAction\":[{\"@type\":\"ReadAction\",\"target\":[\"https:\/\/www.riwal.com\/da\/brancher\/lifte-til-malerarbejde\/\"]}]},{\"@type\":\"ImageObject\",\"inLanguage\":\"da-DK\",\"@id\":\"https:\/\/www.riwal.com\/da\/brancher\/lifte-til-malerarbejde\/#primaryimage\",\"url\":\"https:\/\/www.riwal.com\/app\/uploads\/sites\/14\/2023\/08\/Maler-i-lift-Riwal-1024x341.webp\",\"contentUrl\":\"https:\/\/www.riwal.com\/app\/uploads\/sites\/14\/2023\/08\/Maler-i-lift-Riwal-1024x341.webp\"},{\"@type\":\"BreadcrumbList\",\"@id\":\"https:\/\/www.riwal.com\/da\/brancher\/lifte-til-malerarbejde\/#breadcrumb\",\"itemListElement\":[{\"@type\":\"ListItem\",\"position\":1,\"name\":\"Forside\",\"item\":\"https:\/\/www.riwal.com\/da\/\"},{\"@type\":\"ListItem\",\"position\":2,\"name\":\"Brancher\",\"item\":\"https:\/\/www.riwal.com\/da\/brancher\/\"},{\"@type\":\"ListItem\",\"position\":3,\"name\":\"Lifte til malerarbejde\"}]},{\"@type\":\"WebSite\",\"@id\":\"https:\/\/www.riwal.com\/da\/#website\",\"url\":\"https:\/\/www.riwal.com\/da\/\",\"name\":\"Riwal\",\"description\":\"Arial work platform &amp; Telehandler Rental\/Sales\",\"publisher\":{\"@id\":\"https:\/\/www.riwal.com\/da\/#organization\"},\"potentialAction\":[{\"@type\":\"SearchAction\",\"target\":{\"@type\":\"EntryPoint\",\"urlTemplate\":\"https:\/\/www.riwal.com\/da\/?s={search_term_string}\"},\"query-input\":{\"@type\":\"PropertyValueSpecification\",\"valueRequired\":true,\"valueName\":\"search_term_string\"}}],\"inLanguage\":\"da-DK\"},{\"@type\":\"Organization\",\"@id\":\"https:\/\/www.riwal.com\/da\/#organization\",\"name\":\"Riwal\",\"url\":\"https:\/\/www.riwal.com\/da\/\",\"logo\":{\"@type\":\"ImageObject\",\"inLanguage\":\"da-DK\",\"@id\":\"https:\/\/www.riwal.com\/da\/#\/schema\/logo\/image\/\",\"url\":\"\",\"contentUrl\":\"\",\"caption\":\"Riwal\"},\"image\":{\"@id\":\"https:\/\/www.riwal.com\/da\/#\/schema\/logo\/image\/\"}}]}<\/script>\n<!-- \/ Yoast SEO Premium plugin. -->","yoast_head_json":{"title":"Lifte til malerarbejde | Riwal","description":"Riwal liftudlejning: Lej lifte til dit malerarbejde. Vi kan hj\u00e6lpe dig med den helt rette lift hvis du skal male i h\u00f8jden.","robots":{"index":"index","follow":"follow","max-snippet":"max-snippet:-1","max-image-preview":"max-image-preview:large","max-video-preview":"max-video-preview:-1"},"canonical":"https:\/\/www.riwal.com\/da\/brancher\/lifte-til-malerarbejde\/","og_locale":"da_DK","og_type":"article","og_title":"Lifte til malerarbejde","og_description":"Riwal liftudlejning: Lej lifte til dit malerarbejde. Vi kan hj\u00e6lpe dig med den helt rette lift hvis du skal male i h\u00f8jden.","og_url":"https:\/\/www.riwal.com\/da\/brancher\/lifte-til-malerarbejde\/","og_site_name":"Riwal Danmark","article_modified_time":"2024-02-20T12:21:43+00:00","og_image":[{"url":"https:\/\/www.riwal.com\/app\/uploads\/sites\/14\/2023\/08\/Maler-i-lift-Riwal-1024x341.webp","type":"","width":"","height":""}],"twitter_card":"summary_large_image","twitter_misc":{"Est. reading time":"3 minutter"},"schema":{"@context":"https:\/\/schema.org","@graph":[{"@type":"WebPage","@id":"https:\/\/www.riwal.com\/da\/brancher\/lifte-til-malerarbejde\/","url":"https:\/\/www.riwal.com\/da\/brancher\/lifte-til-malerarbejde\/","name":"Lifte til malerarbejde | Riwal","isPartOf":{"@id":"https:\/\/www.riwal.com\/da\/#website"},"primaryImageOfPage":{"@id":"https:\/\/www.riwal.com\/da\/brancher\/lifte-til-malerarbejde\/#primaryimage"},"image":{"@id":"https:\/\/www.riwal.com\/da\/brancher\/lifte-til-malerarbejde\/#primaryimage"},"thumbnailUrl":"https:\/\/www.riwal.com\/app\/uploads\/sites\/14\/2023\/08\/Maler-i-lift-Riwal-1024x341.webp","datePublished":"2023-08-16T12:10:18+00:00","dateModified":"2024-02-20T12:21:43+00:00","description":"Riwal liftudlejning: Lej lifte til dit malerarbejde. Vi kan hj\u00e6lpe dig med den helt rette lift hvis du skal male i h\u00f8jden.","breadcrumb":{"@id":"https:\/\/www.riwal.com\/da\/brancher\/lifte-til-malerarbejde\/#breadcrumb"},"inLanguage":"da-DK","potentialAction":[{"@type":"ReadAction","target":["https:\/\/www.riwal.com\/da\/brancher\/lifte-til-malerarbejde\/"]}]},{"@type":"ImageObject","inLanguage":"da-DK","@id":"https:\/\/www.riwal.com\/da\/brancher\/lifte-til-malerarbejde\/#primaryimage","url":"https:\/\/www.riwal.com\/app\/uploads\/sites\/14\/2023\/08\/Maler-i-lift-Riwal-1024x341.webp","contentUrl":"https:\/\/www.riwal.com\/app\/uploads\/sites\/14\/2023\/08\/Maler-i-lift-Riwal-1024x341.webp"},{"@type":"BreadcrumbList","@id":"https:\/\/www.riwal.com\/da\/brancher\/lifte-til-malerarbejde\/#breadcrumb","itemListElement":[{"@type":"ListItem","position":1,"name":"Forside","item":"https:\/\/www.riwal.com\/da\/"},{"@type":"ListItem","position":2,"name":"Brancher","item":"https:\/\/www.riwal.com\/da\/brancher\/"},{"@type":"ListItem","position":3,"name":"Lifte til malerarbejde"}]},{"@type":"WebSite","@id":"https:\/\/www.riwal.com\/da\/#website","url":"https:\/\/www.riwal.com\/da\/","name":"Riwal","description":"Arial work platform &amp; Telehandler Rental\/Sales","publisher":{"@id":"https:\/\/www.riwal.com\/da\/#organization"},"potentialAction":[{"@type":"SearchAction","target":{"@type":"EntryPoint","urlTemplate":"https:\/\/www.riwal.com\/da\/?s={search_term_string}"},"query-input":{"@type":"PropertyValueSpecification","valueRequired":true,"valueName":"search_term_string"}}],"inLanguage":"da-DK"},{"@type":"Organization","@id":"https:\/\/www.riwal.com\/da\/#organization","name":"Riwal","url":"https:\/\/www.riwal.com\/da\/","logo":{"@type":"ImageObject","inLanguage":"da-DK","@id":"https:\/\/www.riwal.com\/da\/#\/schema\/logo\/image\/","url":"","contentUrl":"","caption":"Riwal"},"image":{"@id":"https:\/\/www.riwal.com\/da\/#\/schema\/logo\/image\/"}}]}},"_links":{"self":[{"href":"https:\/\/www.riwal.com\/da\/wp-json\/wp\/v2\/pages\/3547","targetHints":{"allow":["GET"]}}],"collection":[{"href":"https:\/\/www.riwal.com\/da\/wp-json\/wp\/v2\/pages"}],"about":[{"href":"https:\/\/www.riwal.com\/da\/wp-json\/wp\/v2\/types\/page"}],"author":[{"embeddable":true,"href":"https:\/\/www.riwal.com\/da\/wp-json\/wp\/v2\/users\/18"}],"replies":[{"embeddable":true,"href":"https:\/\/www.riwal.com\/da\/wp-json\/wp\/v2\/comments?post=3547"}],"version-history":[{"count":6,"href":"https:\/\/www.riwal.com\/da\/wp-json\/wp\/v2\/pages\/3547\/revisions"}],"predecessor-version":[{"id":9146,"href":"https:\/\/www.riwal.com\/da\/wp-json\/wp\/v2\/pages\/3547\/revisions\/9146"}],"up":[{"embeddable":true,"href":"https:\/\/www.riwal.com\/da\/wp-json\/wp\/v2\/pages\/6424"}],"wp:attachment":[{"href":"https:\/\/www.riwal.com\/da\/wp-json\/wp\/v2\/media?parent=3547"}],"curies":[{"name":"wp","href":"https:\/\/api.w.org\/{rel}","templated":true}]}}