{"id":3523,"date":"2023-08-16T07:22:45","date_gmt":"2023-08-16T07:22:45","guid":{"rendered":"https:\/\/www.riwal.com\/da\/?page_id=3523"},"modified":"2026-04-07T12:14:29","modified_gmt":"2026-04-07T10:14:29","slug":"sikkert-arbejde-i-hoejden","status":"publish","type":"page","link":"https:\/\/www.riwal.com\/da\/vores-ekspertiser\/sikkert-arbejde-i-hoejden\/","title":{"rendered":"Sikkert arbejde i h\u00f8jden"},"content":{"rendered":"<div class=\"container\">\n<h1 class=\"wp-block-heading\" id=\"h-sikkert-arbejde-i-hojden\">Sikkert arbejde i h\u00f8jden<\/h1>\n<\/div>\n\n<div class=\"container\">\n<p><strong>I vores forretning er sikkerhed helt afg\u00f8rende for vores produkttilbud &#8211; ja, det er vores vigtigste produkt. Vi leverer sikkert arbejde i h\u00f8jden, og vi vil aldrig nogensinde g\u00e5 p\u00e5 kompromis med sikkerheden &#8211; derfor er sikkerhed en af vores kernev\u00e6rdier. I praksis betyder det sikkert udstyr, sikre processer og den viden og bevidsthed, der kommer af uddannelse og en indlejret sikkerhedskultur.<\/strong><\/p>\n<\/div>\n\n<div class=\"container\">\n<h3 class=\"wp-block-heading\" id=\"h-sikkert-udstyr\">Sikkert udstyr<\/h3>\n<\/div>\n\n<div class=\"container\">\n<p>For at have maskiner med h\u00f8j sikkerhed er det afg\u00f8rende at maskinerne er kvalitetsmaskiner og vedligeholdelsen og reperationen af maskinerne bliver udf\u00f8rt af eksperter. N\u00e5r maskiner returneres til et af vores depoter, kontrolleres det fra ende til anden af vores mekanikere, og hvis det er n\u00f8dvendigt, udf\u00f8res reperation. Alt udstyr kontrolleres ligeledes og godkendes \u00e5rligt, hvilket er en del af <a href=\"https:\/\/www.materielsektionen.dk\/om-materielsektionen\/kontrolordninger\/liftkontrol\/\">liftkontrolordningen<\/a>.<\/p>\n<\/div>\n\n<div class=\"container\">\n<p><\/p>\n<\/div>\n\n<div class=\"container\">\n<h3 class=\"wp-block-heading\" id=\"h-sikkerhed-er-en-indlejret-kultur-i-riwal\">Sikkerhed er en indlejret kultur i Riwal<\/h3>\n<\/div>\n\n<div class=\"container\">\n<p>Sikkerhedsudstyr og sikkerhedspraksisser er \u00e9n ting, men det er ikke nok uden en sikkerhedskultur, hvor medarbejderme s\u00e6tter en dyd i sikkerhed. I de tilf\u00e6lde hvor lokale sikkerhedsbestemmelser kr\u00e6ver s\u00e6rlige certificeringer, s\u00f8rger vi for, at alle medarbejdere og tilsynsf\u00f8rende har gennemf\u00f8rt den n\u00f8dvendige uddannelse og lever fuldt op til de lokale regler.<\/p>\n<\/div>\n\n<div class=\"container\">\n<p>Ethvert personalem\u00f8de i et af vores 5 depoter begynder med sikkerhed. Hver uge g\u00e5r n\u00f8glepersonalet en \u201dsikkerhedsrunde\u201d rundt p\u00e5 depotet for at opretholde en sikker arbejdsplads. Og mere generelt beder vi vores medarbejdere om at komme med forslag, n\u00e5r de ser noget, der kunne udg\u00f8re en sikkerhedsrisiko. Alle problemer og h\u00e6ndelser noteres p\u00e5 vores \u201dforbedringstavle\u201d &#8211; og behandles. Vores m\u00e5l er nul ulykker og h\u00e6ndelser, og vi arbejder h\u00e5rdt for at n\u00e5 dette m\u00e5l med en proaktiv tilgang til sikkerheden.<\/p>\n<\/div>\n\n<div class=\"container\">\n<p>Vores indsats i at \u00f8ge sikkerheden for vores egne kollegaer og kunder er ogs\u00e5 dokumenteret i forhold til Riwals certificeringer, hvor vi er certificeret for sikkerhed og kvalitet med hhv. ISO-, OHSAS- og DRA certificeringer. <\/p>\n<\/div>\n\n<div class=\"container\">\n<figure class=\"wp-block-image size-large\"><img loading=\"lazy\" decoding=\"async\" width=\"1024\" height=\"683\" src=\"https:\/\/eqsk4m2dkju.exactdn.com\/app\/uploads\/sites\/14\/2023\/08\/Riwal-Safety-Training-IPAF-1-1024x683.jpg?strip=all&quality=92&webp=92&avif=80&sharp=1\" alt=\"Riwal prioriterer sikkert arbejde i h\u00f8jden - derfor uddanner vi hvert \u00e5r tusinde af kursister i IPAF liftkurser\" class=\"wp-image-3526\" srcset=\"https:\/\/eqsk4m2dkju.exactdn.com\/app\/uploads\/sites\/14\/2023\/08\/Riwal-Safety-Training-IPAF-1-1024x683.jpg?strip=all&amp;quality=92&amp;webp=92&amp;avif=80&amp;sharp=1 1024w, https:\/\/eqsk4m2dkju.exactdn.com\/app\/uploads\/sites\/14\/2023\/08\/Riwal-Safety-Training-IPAF-1-2048x1365.jpg?strip=all&amp;quality=92&amp;webp=92&amp;avif=80&amp;sharp=1 2048w, https:\/\/eqsk4m2dkju.exactdn.com\/app\/uploads\/sites\/14\/2023\/08\/Riwal-Safety-Training-IPAF-1-1388x925.jpg?strip=all&amp;quality=92&amp;webp=92&amp;avif=80&amp;sharp=1 1388w, https:\/\/eqsk4m2dkju.exactdn.com\/app\/uploads\/sites\/14\/2023\/08\/Riwal-Safety-Training-IPAF-1-830x553.jpg?strip=all&amp;quality=92&amp;webp=92&amp;avif=80&amp;sharp=1 830w, https:\/\/eqsk4m2dkju.exactdn.com\/app\/uploads\/sites\/14\/2023\/08\/Riwal-Safety-Training-IPAF-1-300x200.jpg?strip=all&amp;quality=92&amp;webp=92&amp;avif=80&amp;sharp=1 300w, https:\/\/eqsk4m2dkju.exactdn.com\/app\/uploads\/sites\/14\/2023\/08\/Riwal-Safety-Training-IPAF-1-768x512.jpg?strip=all&amp;quality=92&amp;webp=92&amp;avif=80&amp;sharp=1 768w, https:\/\/eqsk4m2dkju.exactdn.com\/app\/uploads\/sites\/14\/2023\/08\/Riwal-Safety-Training-IPAF-1-1536x1024.jpg?strip=all&amp;quality=92&amp;webp=92&amp;avif=80&amp;sharp=1 1536w, https:\/\/eqsk4m2dkju.exactdn.com\/app\/uploads\/sites\/14\/2023\/08\/Riwal-Safety-Training-IPAF-1-178x119.jpg?strip=all&amp;quality=92&amp;webp=92&amp;avif=80&amp;sharp=1 178w, https:\/\/eqsk4m2dkju.exactdn.com\/app\/uploads\/sites\/14\/2023\/08\/Riwal-Safety-Training-IPAF-1-390x260.jpg?strip=all&amp;quality=92&amp;webp=92&amp;avif=80&amp;sharp=1 390w, https:\/\/eqsk4m2dkju.exactdn.com\/app\/uploads\/sites\/14\/2023\/08\/Riwal-Safety-Training-IPAF-1-250x167.jpg?strip=all&amp;quality=92&amp;webp=92&amp;avif=80&amp;sharp=1 250w, https:\/\/eqsk4m2dkju.exactdn.com\/app\/uploads\/sites\/14\/2023\/08\/Riwal-Safety-Training-IPAF-1-scaled.jpg?strip=all&amp;quality=92&amp;webp=92&amp;avif=80&amp;sharp=1&amp;w=512 512w, https:\/\/eqsk4m2dkju.exactdn.com\/app\/uploads\/sites\/14\/2023\/08\/Riwal-Safety-Training-IPAF-1-scaled.jpg?strip=all&amp;quality=92&amp;webp=92&amp;avif=80&amp;sharp=1 2560w, https:\/\/eqsk4m2dkju.exactdn.com\/app\/uploads\/sites\/14\/2023\/08\/Riwal-Safety-Training-IPAF-1-scaled.jpg?strip=all&amp;quality=92&amp;webp=92&amp;avif=80&amp;sharp=1&amp;w=450 450w\" sizes=\"auto, (max-width: 1024px) 100vw, 1024px\" \/><\/figure>\n<\/div>\n\n<div class=\"container\">\n<p><\/p>\n<\/div>\n\n<div class=\"container\">\n<h3 class=\"wp-block-heading\" id=\"h-uddannelse-i-sikkert-arbejde-i-hojden\">Uddannelse i sikkert arbejde i h\u00f8jden<\/h3>\n<\/div>\n\n<div class=\"container\">\n<p>Alle kollegaer i Riwal har best\u00e5et et IPAF liftkursus via Riwal Safety Training, ogs\u00e5 selvom man n\u00f8dvendigvis ikke k\u00f8rer i liftene p\u00e5 daglig basis. Men vi har gjort dette for at forankre sikkerhedskulturen i hele vores organisation, s\u00e5 alle har viden og praktisk erfaring med de h\u00f8jeste standarder og bedste praktisser ved arbejde i h\u00f8jden med en lift. <\/p>\n<\/div>\n\n<div class=\"container\">\n<p>I vores tr\u00e6ningsafdeling, Riwal Safety Training, udbyder vi ikke kun sikkerhedskurser i form af IPAF liftkurser. Vi uddanner ogs\u00e5 kursister i f\u00f8rstehj\u00e6lp, confined spaces, faldsikring og meget mere. Find vores udvalg af sikkerhedskurser ved at klikke p\u00e5 knappen nedenfor. <\/p>\n<\/div>\n\n<div class=\"container\">\n<p><\/p>\n<\/div>\n\n<div class=\"rental-wp-default-block rental-theme-block-default-margin\">\n\t\t\t\t\t\t\t\t<div class=\"container\">\n<div class=\"wp-block-buttons is-layout-flex wp-block-buttons-is-layout-flex\">\n<div class=\"wp-block-button\"><a class=\"wp-block-button__link wp-element-button\" href=\"https:\/\/www.riwal.com\/da\/riwal-safety-training\/\">G\u00e5 til Riwal Safety Training <\/a><\/div>\n<\/div>\n<\/div>\n\t\t\t\t\t\t\t<\/div> ","protected":false},"excerpt":{"rendered":"<p>Sikkert arbejde i h\u00f8jden I vores forretning er sikkerhed helt afg\u00f8rende for vores produkttilbud &#8211; ja, det er vores vigtigste produkt. Vi leverer sikkert arbejde i h\u00f8jden, og vi vil aldrig nogensinde g\u00e5 p\u00e5 kompromis med sikkerheden &#8211; derfor er sikkerhed en af vores kernev\u00e6rdier. I praksis betyder det sikkert udstyr, sikre processer og den &hellip; <a href=\"https:\/\/www.riwal.com\/da\/vores-ekspertiser\/sikkert-arbejde-i-hoejden\/\">Fortsat<\/a><\/p>\n","protected":false},"author":18,"featured_media":0,"parent":3457,"menu_order":0,"comment_status":"closed","ping_status":"closed","template":"","meta":{"_acf_changed":false,"footnotes":""},"class_list":["post-3523","page","type-page","status-publish","hentry"],"acf":[],"yoast_head":"<!-- This site is optimized with the Yoast SEO Premium plugin v27.1 (Yoast SEO v27.1.1) - https:\/\/yoast.com\/product\/yoast-seo-premium-wordpress\/ -->\n<title>Sikkert arbejde i h\u00f8jden | Riwal<\/title>\n<meta name=\"description\" content=\"Sikkerhed er vores vigtigste produkt. Vi leverer sikkert arbejde i h\u00f8jden, og vi vil aldrig nogensinde g\u00e5 p\u00e5 kompromis med sikkerheden.\" \/>\n<meta name=\"robots\" content=\"index, follow, max-snippet:-1, max-image-preview:large, max-video-preview:-1\" \/>\n<link rel=\"canonical\" href=\"https:\/\/www.riwal.com\/da\/vores-ekspertiser\/sikkert-arbejde-i-hoejden\/\" \/>\n<meta property=\"og:locale\" content=\"da_DK\" \/>\n<meta property=\"og:type\" content=\"article\" \/>\n<meta property=\"og:title\" content=\"Sikkert arbejde i h\u00f8jden\" \/>\n<meta property=\"og:description\" content=\"Sikkerhed er vores vigtigste produkt. Vi leverer sikkert arbejde i h\u00f8jden, og vi vil aldrig nogensinde g\u00e5 p\u00e5 kompromis med sikkerheden.\" \/>\n<meta property=\"og:url\" content=\"https:\/\/www.riwal.com\/da\/vores-ekspertiser\/sikkert-arbejde-i-hoejden\/\" \/>\n<meta property=\"og:site_name\" content=\"Riwal Danmark\" \/>\n<meta property=\"article:modified_time\" content=\"2026-04-07T10:14:29+00:00\" \/>\n<meta property=\"og:image\" content=\"https:\/\/www.riwal.com\/app\/uploads\/sites\/14\/2023\/08\/Riwal-Safety-Training-IPAF-1-1024x683.jpg\" \/>\n<meta name=\"twitter:card\" content=\"summary_large_image\" \/>\n<meta name=\"twitter:label1\" content=\"Est. reading time\" \/>\n\t<meta name=\"twitter:data1\" content=\"3 minutter\" \/>\n<script type=\"application\/ld+json\" class=\"yoast-schema-graph\">{\"@context\":\"https:\/\/schema.org\",\"@graph\":[{\"@type\":\"WebPage\",\"@id\":\"https:\/\/www.riwal.com\/da\/vores-ekspertiser\/sikkert-arbejde-i-hoejden\/\",\"url\":\"https:\/\/www.riwal.com\/da\/vores-ekspertiser\/sikkert-arbejde-i-hoejden\/\",\"name\":\"Sikkert arbejde i h\u00f8jden | Riwal\",\"isPartOf\":{\"@id\":\"https:\/\/www.riwal.com\/da\/#website\"},\"primaryImageOfPage\":{\"@id\":\"https:\/\/www.riwal.com\/da\/vores-ekspertiser\/sikkert-arbejde-i-hoejden\/#primaryimage\"},\"image\":{\"@id\":\"https:\/\/www.riwal.com\/da\/vores-ekspertiser\/sikkert-arbejde-i-hoejden\/#primaryimage\"},\"thumbnailUrl\":\"https:\/\/www.riwal.com\/app\/uploads\/sites\/14\/2023\/08\/Riwal-Safety-Training-IPAF-1-1024x683.jpg\",\"datePublished\":\"2023-08-16T07:22:45+00:00\",\"dateModified\":\"2026-04-07T10:14:29+00:00\",\"description\":\"Sikkerhed er vores vigtigste produkt. Vi leverer sikkert arbejde i h\u00f8jden, og vi vil aldrig nogensinde g\u00e5 p\u00e5 kompromis med sikkerheden.\",\"breadcrumb\":{\"@id\":\"https:\/\/www.riwal.com\/da\/vores-ekspertiser\/sikkert-arbejde-i-hoejden\/#breadcrumb\"},\"inLanguage\":\"da-DK\",\"potentialAction\":[{\"@type\":\"ReadAction\",\"target\":[\"https:\/\/www.riwal.com\/da\/vores-ekspertiser\/sikkert-arbejde-i-hoejden\/\"]}]},{\"@type\":\"ImageObject\",\"inLanguage\":\"da-DK\",\"@id\":\"https:\/\/www.riwal.com\/da\/vores-ekspertiser\/sikkert-arbejde-i-hoejden\/#primaryimage\",\"url\":\"https:\/\/www.riwal.com\/app\/uploads\/sites\/14\/2023\/08\/Riwal-Safety-Training-IPAF-1-1024x683.jpg\",\"contentUrl\":\"https:\/\/www.riwal.com\/app\/uploads\/sites\/14\/2023\/08\/Riwal-Safety-Training-IPAF-1-1024x683.jpg\"},{\"@type\":\"BreadcrumbList\",\"@id\":\"https:\/\/www.riwal.com\/da\/vores-ekspertiser\/sikkert-arbejde-i-hoejden\/#breadcrumb\",\"itemListElement\":[{\"@type\":\"ListItem\",\"position\":1,\"name\":\"Forside\",\"item\":\"https:\/\/www.riwal.com\/da\/\"},{\"@type\":\"ListItem\",\"position\":2,\"name\":\"Vores ekspertiser\",\"item\":\"https:\/\/www.riwal.com\/da\/vores-ekspertiser\/\"},{\"@type\":\"ListItem\",\"position\":3,\"name\":\"Sikkert arbejde i h\u00f8jden\"}]},{\"@type\":\"WebSite\",\"@id\":\"https:\/\/www.riwal.com\/da\/#website\",\"url\":\"https:\/\/www.riwal.com\/da\/\",\"name\":\"Riwal\",\"description\":\"Arial work platform &amp; Telehandler Rental\/Sales\",\"publisher\":{\"@id\":\"https:\/\/www.riwal.com\/da\/#organization\"},\"potentialAction\":[{\"@type\":\"SearchAction\",\"target\":{\"@type\":\"EntryPoint\",\"urlTemplate\":\"https:\/\/www.riwal.com\/da\/?s={search_term_string}\"},\"query-input\":{\"@type\":\"PropertyValueSpecification\",\"valueRequired\":true,\"valueName\":\"search_term_string\"}}],\"inLanguage\":\"da-DK\"},{\"@type\":\"Organization\",\"@id\":\"https:\/\/www.riwal.com\/da\/#organization\",\"name\":\"Riwal\",\"url\":\"https:\/\/www.riwal.com\/da\/\",\"logo\":{\"@type\":\"ImageObject\",\"inLanguage\":\"da-DK\",\"@id\":\"https:\/\/www.riwal.com\/da\/#\/schema\/logo\/image\/\",\"url\":\"\",\"contentUrl\":\"\",\"caption\":\"Riwal\"},\"image\":{\"@id\":\"https:\/\/www.riwal.com\/da\/#\/schema\/logo\/image\/\"}}]}<\/script>\n<!-- \/ Yoast SEO Premium plugin. -->","yoast_head_json":{"title":"Sikkert arbejde i h\u00f8jden | Riwal","description":"Sikkerhed er vores vigtigste produkt. Vi leverer sikkert arbejde i h\u00f8jden, og vi vil aldrig nogensinde g\u00e5 p\u00e5 kompromis med sikkerheden.","robots":{"index":"index","follow":"follow","max-snippet":"max-snippet:-1","max-image-preview":"max-image-preview:large","max-video-preview":"max-video-preview:-1"},"canonical":"https:\/\/www.riwal.com\/da\/vores-ekspertiser\/sikkert-arbejde-i-hoejden\/","og_locale":"da_DK","og_type":"article","og_title":"Sikkert arbejde i h\u00f8jden","og_description":"Sikkerhed er vores vigtigste produkt. Vi leverer sikkert arbejde i h\u00f8jden, og vi vil aldrig nogensinde g\u00e5 p\u00e5 kompromis med sikkerheden.","og_url":"https:\/\/www.riwal.com\/da\/vores-ekspertiser\/sikkert-arbejde-i-hoejden\/","og_site_name":"Riwal Danmark","article_modified_time":"2026-04-07T10:14:29+00:00","og_image":[{"url":"https:\/\/www.riwal.com\/app\/uploads\/sites\/14\/2023\/08\/Riwal-Safety-Training-IPAF-1-1024x683.jpg","type":"","width":"","height":""}],"twitter_card":"summary_large_image","twitter_misc":{"Est. reading time":"3 minutter"},"schema":{"@context":"https:\/\/schema.org","@graph":[{"@type":"WebPage","@id":"https:\/\/www.riwal.com\/da\/vores-ekspertiser\/sikkert-arbejde-i-hoejden\/","url":"https:\/\/www.riwal.com\/da\/vores-ekspertiser\/sikkert-arbejde-i-hoejden\/","name":"Sikkert arbejde i h\u00f8jden | Riwal","isPartOf":{"@id":"https:\/\/www.riwal.com\/da\/#website"},"primaryImageOfPage":{"@id":"https:\/\/www.riwal.com\/da\/vores-ekspertiser\/sikkert-arbejde-i-hoejden\/#primaryimage"},"image":{"@id":"https:\/\/www.riwal.com\/da\/vores-ekspertiser\/sikkert-arbejde-i-hoejden\/#primaryimage"},"thumbnailUrl":"https:\/\/www.riwal.com\/app\/uploads\/sites\/14\/2023\/08\/Riwal-Safety-Training-IPAF-1-1024x683.jpg","datePublished":"2023-08-16T07:22:45+00:00","dateModified":"2026-04-07T10:14:29+00:00","description":"Sikkerhed er vores vigtigste produkt. Vi leverer sikkert arbejde i h\u00f8jden, og vi vil aldrig nogensinde g\u00e5 p\u00e5 kompromis med sikkerheden.","breadcrumb":{"@id":"https:\/\/www.riwal.com\/da\/vores-ekspertiser\/sikkert-arbejde-i-hoejden\/#breadcrumb"},"inLanguage":"da-DK","potentialAction":[{"@type":"ReadAction","target":["https:\/\/www.riwal.com\/da\/vores-ekspertiser\/sikkert-arbejde-i-hoejden\/"]}]},{"@type":"ImageObject","inLanguage":"da-DK","@id":"https:\/\/www.riwal.com\/da\/vores-ekspertiser\/sikkert-arbejde-i-hoejden\/#primaryimage","url":"https:\/\/www.riwal.com\/app\/uploads\/sites\/14\/2023\/08\/Riwal-Safety-Training-IPAF-1-1024x683.jpg","contentUrl":"https:\/\/www.riwal.com\/app\/uploads\/sites\/14\/2023\/08\/Riwal-Safety-Training-IPAF-1-1024x683.jpg"},{"@type":"BreadcrumbList","@id":"https:\/\/www.riwal.com\/da\/vores-ekspertiser\/sikkert-arbejde-i-hoejden\/#breadcrumb","itemListElement":[{"@type":"ListItem","position":1,"name":"Forside","item":"https:\/\/www.riwal.com\/da\/"},{"@type":"ListItem","position":2,"name":"Vores ekspertiser","item":"https:\/\/www.riwal.com\/da\/vores-ekspertiser\/"},{"@type":"ListItem","position":3,"name":"Sikkert arbejde i h\u00f8jden"}]},{"@type":"WebSite","@id":"https:\/\/www.riwal.com\/da\/#website","url":"https:\/\/www.riwal.com\/da\/","name":"Riwal","description":"Arial work platform &amp; Telehandler Rental\/Sales","publisher":{"@id":"https:\/\/www.riwal.com\/da\/#organization"},"potentialAction":[{"@type":"SearchAction","target":{"@type":"EntryPoint","urlTemplate":"https:\/\/www.riwal.com\/da\/?s={search_term_string}"},"query-input":{"@type":"PropertyValueSpecification","valueRequired":true,"valueName":"search_term_string"}}],"inLanguage":"da-DK"},{"@type":"Organization","@id":"https:\/\/www.riwal.com\/da\/#organization","name":"Riwal","url":"https:\/\/www.riwal.com\/da\/","logo":{"@type":"ImageObject","inLanguage":"da-DK","@id":"https:\/\/www.riwal.com\/da\/#\/schema\/logo\/image\/","url":"","contentUrl":"","caption":"Riwal"},"image":{"@id":"https:\/\/www.riwal.com\/da\/#\/schema\/logo\/image\/"}}]}},"_links":{"self":[{"href":"https:\/\/www.riwal.com\/da\/wp-json\/wp\/v2\/pages\/3523","targetHints":{"allow":["GET"]}}],"collection":[{"href":"https:\/\/www.riwal.com\/da\/wp-json\/wp\/v2\/pages"}],"about":[{"href":"https:\/\/www.riwal.com\/da\/wp-json\/wp\/v2\/types\/page"}],"author":[{"embeddable":true,"href":"https:\/\/www.riwal.com\/da\/wp-json\/wp\/v2\/users\/18"}],"replies":[{"embeddable":true,"href":"https:\/\/www.riwal.com\/da\/wp-json\/wp\/v2\/comments?post=3523"}],"version-history":[{"count":5,"href":"https:\/\/www.riwal.com\/da\/wp-json\/wp\/v2\/pages\/3523\/revisions"}],"predecessor-version":[{"id":23796,"href":"https:\/\/www.riwal.com\/da\/wp-json\/wp\/v2\/pages\/3523\/revisions\/23796"}],"up":[{"embeddable":true,"href":"https:\/\/www.riwal.com\/da\/wp-json\/wp\/v2\/pages\/3457"}],"wp:attachment":[{"href":"https:\/\/www.riwal.com\/da\/wp-json\/wp\/v2\/media?parent=3523"}],"curies":[{"name":"wp","href":"https:\/\/api.w.org\/{rel}","templated":true}]}}