{"id":3519,"date":"2023-08-15T13:10:54","date_gmt":"2023-08-15T13:10:54","guid":{"rendered":"https:\/\/www.riwal.com\/da\/?page_id=3519"},"modified":"2024-02-20T12:22:46","modified_gmt":"2024-02-20T12:22:46","slug":"liftudlejning-til-vindindustrien-riwal","status":"publish","type":"page","link":"https:\/\/www.riwal.com\/da\/brancher\/liftudlejning-til-vindindustrien-riwal\/","title":{"rendered":"Riwal leverer lifte til vindindustrien"},"content":{"rendered":"<div class=\"container\">\n<h1 class=\"wp-block-heading\" id=\"h-liftudlejning-til-vindindustrien\">Liftudlejning til vindindustrien<\/h1>\n<\/div>\n\n<div class=\"container\">\n<p><strong>Riwal Industry Solutions er specialiseret og f\u00f8rende i liftudlejning til vindindustrien b\u00e5de on- &amp; offshore. Vi tilbyder specifikke og innovative l\u00f8sninger for en lang r\u00e6kke af kunder med meget specifikke behov og krav, s\u00e5som 100% elektriske maskiner, tilpasset platformskurve og maskiner som kan benyttes i h\u00e5rde omgivelser. P\u00e5 grund af vores vedvarende investering i mennesker, maskinfl\u00e5dens kvalitet og innovation er Riwal blevet international f\u00f8rende i branchen.<\/strong><\/p>\n<\/div>\n\n<div class=\"container\">\n<p>Med over 19.000 maskiner p\u00e5 globalt plan, opererer vi i 15 lande (EMEA-regionen) og er forretningsaktive i mere end 70 lande. Riwal Industry Solution har et globalt netv\u00e6rk og et klart fokus p\u00e5 on &amp; offshore industrien. Vores klare vision er, at v\u00e6re f\u00f8rste valg n\u00e5r man skal arbejde i h\u00f8jden og skabe innovationer, der kan v\u00e6re banebrydende for projekter, som involverer lifte ved at tilbyde sikre, smarte og omkostningsbesparende l\u00f8sninger.<\/p>\n<\/div>\n\n<div class=\"rental-wp-default-block rental-theme-block-default-margin\"><div class=\"container\">\n<figure class=\"wp-block-embed is-type-video is-provider-youtube wp-block-embed-youtube\"><div class=\"wp-block-embed__wrapper\">\n<iframe title=\"Lifte til vindindustrien i On and Offshore | Riwal Industry Solution |\" width=\"500\" height=\"281\" data-icn-src=\"https:\/\/www.youtube.com\/embed\/NaQp4NfG0Qc?feature=oembed\" frameborder=\"0\" allow=\"accelerometer; autoplay; clipboard-write; encrypted-media; gyroscope; picture-in-picture; web-share\" referrerpolicy=\"strict-origin-when-cross-origin\" allowfullscreen><\/iframe>\n<\/div><\/figure>\n<\/div><\/div>\n\n<div class=\"rental-wp-default-block rental-theme-block-default-margin\">\n\t\t\t\t\t\t\t\t<div class=\"container\">\n<div class=\"wp-block-media-text is-stacked-on-mobile\" style=\"grid-template-columns:54% auto\"><figure class=\"wp-block-media-text__media\"><img loading=\"lazy\" decoding=\"async\" width=\"1024\" height=\"683\" src=\"https:\/\/eqsk4m2dkju.exactdn.com\/app\/uploads\/sites\/14\/2023\/08\/JLG-520AJ-bomlift-vindmoelle-1024x683.jpg?strip=all&quality=92&webp=92&avif=80&sharp=1\" alt=\"JLG bomlift fra Riwal p\u00e5 arbejde ved en vindm\u00f8llepark i Belgien\" class=\"wp-image-3520 size-full\" srcset=\"https:\/\/eqsk4m2dkju.exactdn.com\/app\/uploads\/sites\/14\/2023\/08\/JLG-520AJ-bomlift-vindmoelle-1024x683.jpg?strip=all&amp;quality=92&amp;webp=92&amp;avif=80&amp;sharp=1 1024w, https:\/\/eqsk4m2dkju.exactdn.com\/app\/uploads\/sites\/14\/2023\/08\/JLG-520AJ-bomlift-vindmoelle-830x553.jpg?strip=all&amp;quality=92&amp;webp=92&amp;avif=80&amp;sharp=1 830w, https:\/\/eqsk4m2dkju.exactdn.com\/app\/uploads\/sites\/14\/2023\/08\/JLG-520AJ-bomlift-vindmoelle-300x200.jpg?strip=all&amp;quality=92&amp;webp=92&amp;avif=80&amp;sharp=1 300w, https:\/\/eqsk4m2dkju.exactdn.com\/app\/uploads\/sites\/14\/2023\/08\/JLG-520AJ-bomlift-vindmoelle-768x512.jpg?strip=all&amp;quality=92&amp;webp=92&amp;avif=80&amp;sharp=1 768w, https:\/\/eqsk4m2dkju.exactdn.com\/app\/uploads\/sites\/14\/2023\/08\/JLG-520AJ-bomlift-vindmoelle-178x119.jpg?strip=all&amp;quality=92&amp;webp=92&amp;avif=80&amp;sharp=1 178w, https:\/\/eqsk4m2dkju.exactdn.com\/app\/uploads\/sites\/14\/2023\/08\/JLG-520AJ-bomlift-vindmoelle-390x260.jpg?strip=all&amp;quality=92&amp;webp=92&amp;avif=80&amp;sharp=1 390w, https:\/\/eqsk4m2dkju.exactdn.com\/app\/uploads\/sites\/14\/2023\/08\/JLG-520AJ-bomlift-vindmoelle-250x167.jpg?strip=all&amp;quality=92&amp;webp=92&amp;avif=80&amp;sharp=1 250w, https:\/\/eqsk4m2dkju.exactdn.com\/app\/uploads\/sites\/14\/2023\/08\/JLG-520AJ-bomlift-vindmoelle.jpg?strip=all&amp;quality=92&amp;webp=92&amp;avif=80&amp;sharp=1 1200w, https:\/\/eqsk4m2dkju.exactdn.com\/app\/uploads\/sites\/14\/2023\/08\/JLG-520AJ-bomlift-vindmoelle.jpg?strip=all&amp;quality=92&amp;webp=92&amp;avif=80&amp;sharp=1&amp;w=480 480w, https:\/\/eqsk4m2dkju.exactdn.com\/app\/uploads\/sites\/14\/2023\/08\/JLG-520AJ-bomlift-vindmoelle.jpg?strip=all&amp;quality=92&amp;webp=92&amp;avif=80&amp;sharp=1&amp;w=960 960w\" sizes=\"auto, (max-width: 1024px) 100vw, 1024px\" \/><\/figure><div class=\"wp-block-media-text__content\">\n<h3 class=\"wp-block-heading\" id=\"h-liftudlejning-til-vindindustrien-med-sikkerhed-i-fokus\"><strong>Liftudlejning til vindindustrien med sikkerhed i fokus<\/strong><\/h3>\n\n\n\n<p>Sikkerhed er det helt essentielle for Riwal. Vi tilbyder sikker adgang i h\u00f8jden og g\u00e5r aldrig p\u00e5 kompromis med sikkerheden. Over 2000 Riwal ansatte sikrer, at arbejdet kan udf\u00f8res sikkert og p\u00e5lideligt b\u00e5de ved on &amp; offshore p\u00e5 et globalt plan. Ved l\u00f8bende at investere i kvalitet og innovation er Riwal Industry Solution blevet en f\u00f8rende international akt\u00f8r.<\/p>\n\n\n\n<h3 class=\"wp-block-heading\" id=\"h-innovative-losninger\"><strong>Innovative l\u00f8sninger<\/strong><\/h3>\n\n\n\n<p>Udover vores 100% elektriske maskiner, tilbyder vi ogs\u00e5 andre forskellige innovative l\u00f8sninger som f.eks. udstyr og maskiner, der nemt kan \u2019trackes\u2019 eller lavtg\u00e5ende maskiner, der kan arbejde i h\u00e5rde omgivelser. Yderligere kan vi tilpasse eller forl\u00e6nge platformskurven og udstyre maskiner med arbejds- og navigationslys. For at m\u00f8de vores kunders behov, samarbejder vi om at finde innovative og banebrydende l\u00f8sninger sammen.<\/p>\n<\/div><\/div>\n<\/div>\n\t\t\t\t\t\t\t<\/div> \n\n<div class=\"container\">\n<h3 class=\"wp-block-heading\" id=\"h-liftudlejning-til-projekt-i-vindindustrien\"><strong>Liftudlejning til projekt i vindindustrien<\/strong><\/h3>\n<\/div>\n\n<div class=\"container\">\n<p>Ved et stort og kompleks projekt kan det v\u00e6re udfordrende, at v\u00e6re i total kontrol med, hvilke lifte man har lejet, hvem der benytter dem og om maskinerne fungerer som de skal. For at minimere nedbrudstiden og for at tilbyde hurtige service l\u00f8sninger fra Riwal\u2019s tekniske team, kan vi arrangere vedligeholdelse p\u00e5 pladsen for l\u00e6ngerevarende projekter. Dette g\u00f8r vi bl.a. ved at tilbyde mekanikere til r\u00e5dighed og en fast repr\u00e6sentant fra Riwal. <\/p>\n<\/div>\n\n<div class=\"container\">\n<p>Riwal Industry Solution er her for at hj\u00e6lpe dig med, at f\u00e5 dine projekter udf\u00f8rt sikkert og effektivt, uanset hvor du arbejder.<\/p>\n<\/div>\n\n<div class=\"container\">\n<figure class=\"wp-block-image size-large\"><img loading=\"lazy\" decoding=\"async\" width=\"1024\" height=\"920\" src=\"https:\/\/eqsk4m2dkju.exactdn.com\/app\/uploads\/sites\/14\/2023\/08\/JCB-teleskoplaesser-vindmoelle-1024x920.jpg?strip=all&quality=92&webp=92&avif=80&sharp=1\" alt=\"\" class=\"wp-image-3521\" srcset=\"https:\/\/eqsk4m2dkju.exactdn.com\/app\/uploads\/sites\/14\/2023\/08\/JCB-teleskoplaesser-vindmoelle-1024x920.jpg?strip=all&amp;quality=92&amp;webp=92&amp;avif=80&amp;sharp=1 1024w, https:\/\/eqsk4m2dkju.exactdn.com\/app\/uploads\/sites\/14\/2023\/08\/JCB-teleskoplaesser-vindmoelle-699x628.jpg?strip=all&amp;quality=92&amp;webp=92&amp;avif=80&amp;sharp=1 699w, https:\/\/eqsk4m2dkju.exactdn.com\/app\/uploads\/sites\/14\/2023\/08\/JCB-teleskoplaesser-vindmoelle-300x270.jpg?strip=all&amp;quality=92&amp;webp=92&amp;avif=80&amp;sharp=1 300w, https:\/\/eqsk4m2dkju.exactdn.com\/app\/uploads\/sites\/14\/2023\/08\/JCB-teleskoplaesser-vindmoelle-768x690.jpg?strip=all&amp;quality=92&amp;webp=92&amp;avif=80&amp;sharp=1 768w, https:\/\/eqsk4m2dkju.exactdn.com\/app\/uploads\/sites\/14\/2023\/08\/JCB-teleskoplaesser-vindmoelle-178x160.jpg?strip=all&amp;quality=92&amp;webp=92&amp;avif=80&amp;sharp=1 178w, https:\/\/eqsk4m2dkju.exactdn.com\/app\/uploads\/sites\/14\/2023\/08\/JCB-teleskoplaesser-vindmoelle-1030x925.jpg?strip=all&amp;quality=92&amp;webp=92&amp;avif=80&amp;sharp=1 1030w, https:\/\/eqsk4m2dkju.exactdn.com\/app\/uploads\/sites\/14\/2023\/08\/JCB-teleskoplaesser-vindmoelle-390x350.jpg?strip=all&amp;quality=92&amp;webp=92&amp;avif=80&amp;sharp=1 390w, https:\/\/eqsk4m2dkju.exactdn.com\/app\/uploads\/sites\/14\/2023\/08\/JCB-teleskoplaesser-vindmoelle-223x200.jpg?strip=all&amp;quality=92&amp;webp=92&amp;avif=80&amp;sharp=1 223w, https:\/\/eqsk4m2dkju.exactdn.com\/app\/uploads\/sites\/14\/2023\/08\/JCB-teleskoplaesser-vindmoelle.jpg?strip=all&amp;quality=92&amp;webp=92&amp;avif=80&amp;sharp=1 1200w, https:\/\/eqsk4m2dkju.exactdn.com\/app\/uploads\/sites\/14\/2023\/08\/JCB-teleskoplaesser-vindmoelle.jpg?strip=all&amp;quality=92&amp;webp=92&amp;avif=80&amp;sharp=1&amp;w=480 480w, https:\/\/eqsk4m2dkju.exactdn.com\/app\/uploads\/sites\/14\/2023\/08\/JCB-teleskoplaesser-vindmoelle.jpg?strip=all&amp;quality=92&amp;webp=92&amp;avif=80&amp;sharp=1&amp;w=960 960w\" sizes=\"auto, (max-width: 1024px) 100vw, 1024px\" \/><\/figure>\n<\/div>\n\n<div class=\"container\">\n<h3 class=\"wp-block-heading\" id=\"h-kontakt-riwal\"><strong>Kontakt Riwal <\/strong><\/h3>\n<\/div>\n\n<div class=\"container\">\n<p>Skal du bruge lifte, teleskopl\u00e6ssere, trucks og\/minikraner til projekter i vindindustrien? <\/p>\n<\/div>\n\n<div class=\"container\">\n<p><a href=\"https:\/\/www.riwal.com\/da\/kontakt-riwal\/\">Kontakt os<\/a> p\u00e5 +45 70 10 00 97 eller e-mail: lift_dk@riwal.com <\/p>\n<\/div>","protected":false},"excerpt":{"rendered":"<p>Liftudlejning til vindindustrien Riwal Industry Solutions er specialiseret og f\u00f8rende i liftudlejning til vindindustrien b\u00e5de on- &amp; offshore. Vi tilbyder specifikke og innovative l\u00f8sninger for en lang r\u00e6kke af kunder med meget specifikke behov og krav, s\u00e5som 100% elektriske maskiner, tilpasset platformskurve og maskiner som kan benyttes i h\u00e5rde omgivelser. P\u00e5 grund af vores vedvarende &hellip; <a href=\"https:\/\/www.riwal.com\/da\/brancher\/liftudlejning-til-vindindustrien-riwal\/\">Fortsat<\/a><\/p>\n","protected":false},"author":18,"featured_media":0,"parent":6424,"menu_order":0,"comment_status":"closed","ping_status":"closed","template":"","meta":{"_acf_changed":false,"footnotes":""},"class_list":["post-3519","page","type-page","status-publish","hentry"],"acf":[],"yoast_head":"<!-- This site is optimized with the Yoast SEO Premium plugin v27.1 (Yoast SEO v27.1.1) - https:\/\/yoast.com\/product\/yoast-seo-premium-wordpress\/ -->\n<title>Liftudlejning til vindindustrien | Riwal<\/title>\n<meta name=\"description\" content=\"Riwal er specialiseret i liftudlejning til vindindustrien. Vi leverer innovative, s\u00e5som 100% elektriske maskiner og tilpasset platformskurve.\" \/>\n<meta name=\"robots\" content=\"index, follow, max-snippet:-1, max-image-preview:large, max-video-preview:-1\" \/>\n<link rel=\"canonical\" href=\"https:\/\/www.riwal.com\/da\/brancher\/liftudlejning-til-vindindustrien-riwal\/\" \/>\n<meta property=\"og:locale\" content=\"da_DK\" \/>\n<meta property=\"og:type\" content=\"article\" \/>\n<meta property=\"og:title\" content=\"Riwal leverer lifte til vindindustrien\" \/>\n<meta property=\"og:description\" content=\"Riwal er specialiseret i liftudlejning til vindindustrien. Vi leverer innovative, s\u00e5som 100% elektriske maskiner og tilpasset platformskurve.\" \/>\n<meta property=\"og:url\" content=\"https:\/\/www.riwal.com\/da\/brancher\/liftudlejning-til-vindindustrien-riwal\/\" \/>\n<meta property=\"og:site_name\" content=\"Riwal Danmark\" \/>\n<meta property=\"article:modified_time\" content=\"2024-02-20T12:22:46+00:00\" \/>\n<meta property=\"og:image\" content=\"https:\/\/www.riwal.com\/app\/uploads\/sites\/14\/2023\/08\/JLG-520AJ-bomlift-vindmoelle-1024x683.jpg\" \/>\n<meta name=\"twitter:card\" content=\"summary_large_image\" \/>\n<meta name=\"twitter:label1\" content=\"Est. reading time\" \/>\n\t<meta name=\"twitter:data1\" content=\"3 minutter\" \/>\n<script type=\"application\/ld+json\" class=\"yoast-schema-graph\">{\"@context\":\"https:\/\/schema.org\",\"@graph\":[{\"@type\":\"WebPage\",\"@id\":\"https:\/\/www.riwal.com\/da\/brancher\/liftudlejning-til-vindindustrien-riwal\/\",\"url\":\"https:\/\/www.riwal.com\/da\/brancher\/liftudlejning-til-vindindustrien-riwal\/\",\"name\":\"Liftudlejning til vindindustrien | Riwal\",\"isPartOf\":{\"@id\":\"https:\/\/www.riwal.com\/da\/#website\"},\"primaryImageOfPage\":{\"@id\":\"https:\/\/www.riwal.com\/da\/brancher\/liftudlejning-til-vindindustrien-riwal\/#primaryimage\"},\"image\":{\"@id\":\"https:\/\/www.riwal.com\/da\/brancher\/liftudlejning-til-vindindustrien-riwal\/#primaryimage\"},\"thumbnailUrl\":\"https:\/\/www.riwal.com\/app\/uploads\/sites\/14\/2023\/08\/JLG-520AJ-bomlift-vindmoelle-1024x683.jpg\",\"datePublished\":\"2023-08-15T13:10:54+00:00\",\"dateModified\":\"2024-02-20T12:22:46+00:00\",\"description\":\"Riwal er specialiseret i liftudlejning til vindindustrien. Vi leverer innovative, s\u00e5som 100% elektriske maskiner og tilpasset platformskurve.\",\"breadcrumb\":{\"@id\":\"https:\/\/www.riwal.com\/da\/brancher\/liftudlejning-til-vindindustrien-riwal\/#breadcrumb\"},\"inLanguage\":\"da-DK\",\"potentialAction\":[{\"@type\":\"ReadAction\",\"target\":[\"https:\/\/www.riwal.com\/da\/brancher\/liftudlejning-til-vindindustrien-riwal\/\"]}]},{\"@type\":\"ImageObject\",\"inLanguage\":\"da-DK\",\"@id\":\"https:\/\/www.riwal.com\/da\/brancher\/liftudlejning-til-vindindustrien-riwal\/#primaryimage\",\"url\":\"https:\/\/www.riwal.com\/app\/uploads\/sites\/14\/2023\/08\/JLG-520AJ-bomlift-vindmoelle-1024x683.jpg\",\"contentUrl\":\"https:\/\/www.riwal.com\/app\/uploads\/sites\/14\/2023\/08\/JLG-520AJ-bomlift-vindmoelle-1024x683.jpg\"},{\"@type\":\"BreadcrumbList\",\"@id\":\"https:\/\/www.riwal.com\/da\/brancher\/liftudlejning-til-vindindustrien-riwal\/#breadcrumb\",\"itemListElement\":[{\"@type\":\"ListItem\",\"position\":1,\"name\":\"Forside\",\"item\":\"https:\/\/www.riwal.com\/da\/\"},{\"@type\":\"ListItem\",\"position\":2,\"name\":\"Brancher\",\"item\":\"https:\/\/www.riwal.com\/da\/brancher\/\"},{\"@type\":\"ListItem\",\"position\":3,\"name\":\"Riwal leverer lifte til vindindustrien\"}]},{\"@type\":\"WebSite\",\"@id\":\"https:\/\/www.riwal.com\/da\/#website\",\"url\":\"https:\/\/www.riwal.com\/da\/\",\"name\":\"Riwal\",\"description\":\"Arial work platform &amp; Telehandler Rental\/Sales\",\"publisher\":{\"@id\":\"https:\/\/www.riwal.com\/da\/#organization\"},\"potentialAction\":[{\"@type\":\"SearchAction\",\"target\":{\"@type\":\"EntryPoint\",\"urlTemplate\":\"https:\/\/www.riwal.com\/da\/?s={search_term_string}\"},\"query-input\":{\"@type\":\"PropertyValueSpecification\",\"valueRequired\":true,\"valueName\":\"search_term_string\"}}],\"inLanguage\":\"da-DK\"},{\"@type\":\"Organization\",\"@id\":\"https:\/\/www.riwal.com\/da\/#organization\",\"name\":\"Riwal\",\"url\":\"https:\/\/www.riwal.com\/da\/\",\"logo\":{\"@type\":\"ImageObject\",\"inLanguage\":\"da-DK\",\"@id\":\"https:\/\/www.riwal.com\/da\/#\/schema\/logo\/image\/\",\"url\":\"\",\"contentUrl\":\"\",\"caption\":\"Riwal\"},\"image\":{\"@id\":\"https:\/\/www.riwal.com\/da\/#\/schema\/logo\/image\/\"}}]}<\/script>\n<!-- \/ Yoast SEO Premium plugin. -->","yoast_head_json":{"title":"Liftudlejning til vindindustrien | Riwal","description":"Riwal er specialiseret i liftudlejning til vindindustrien. Vi leverer innovative, s\u00e5som 100% elektriske maskiner og tilpasset platformskurve.","robots":{"index":"index","follow":"follow","max-snippet":"max-snippet:-1","max-image-preview":"max-image-preview:large","max-video-preview":"max-video-preview:-1"},"canonical":"https:\/\/www.riwal.com\/da\/brancher\/liftudlejning-til-vindindustrien-riwal\/","og_locale":"da_DK","og_type":"article","og_title":"Riwal leverer lifte til vindindustrien","og_description":"Riwal er specialiseret i liftudlejning til vindindustrien. Vi leverer innovative, s\u00e5som 100% elektriske maskiner og tilpasset platformskurve.","og_url":"https:\/\/www.riwal.com\/da\/brancher\/liftudlejning-til-vindindustrien-riwal\/","og_site_name":"Riwal Danmark","article_modified_time":"2024-02-20T12:22:46+00:00","og_image":[{"url":"https:\/\/www.riwal.com\/app\/uploads\/sites\/14\/2023\/08\/JLG-520AJ-bomlift-vindmoelle-1024x683.jpg","type":"","width":"","height":""}],"twitter_card":"summary_large_image","twitter_misc":{"Est. reading time":"3 minutter"},"schema":{"@context":"https:\/\/schema.org","@graph":[{"@type":"WebPage","@id":"https:\/\/www.riwal.com\/da\/brancher\/liftudlejning-til-vindindustrien-riwal\/","url":"https:\/\/www.riwal.com\/da\/brancher\/liftudlejning-til-vindindustrien-riwal\/","name":"Liftudlejning til vindindustrien | Riwal","isPartOf":{"@id":"https:\/\/www.riwal.com\/da\/#website"},"primaryImageOfPage":{"@id":"https:\/\/www.riwal.com\/da\/brancher\/liftudlejning-til-vindindustrien-riwal\/#primaryimage"},"image":{"@id":"https:\/\/www.riwal.com\/da\/brancher\/liftudlejning-til-vindindustrien-riwal\/#primaryimage"},"thumbnailUrl":"https:\/\/www.riwal.com\/app\/uploads\/sites\/14\/2023\/08\/JLG-520AJ-bomlift-vindmoelle-1024x683.jpg","datePublished":"2023-08-15T13:10:54+00:00","dateModified":"2024-02-20T12:22:46+00:00","description":"Riwal er specialiseret i liftudlejning til vindindustrien. Vi leverer innovative, s\u00e5som 100% elektriske maskiner og tilpasset platformskurve.","breadcrumb":{"@id":"https:\/\/www.riwal.com\/da\/brancher\/liftudlejning-til-vindindustrien-riwal\/#breadcrumb"},"inLanguage":"da-DK","potentialAction":[{"@type":"ReadAction","target":["https:\/\/www.riwal.com\/da\/brancher\/liftudlejning-til-vindindustrien-riwal\/"]}]},{"@type":"ImageObject","inLanguage":"da-DK","@id":"https:\/\/www.riwal.com\/da\/brancher\/liftudlejning-til-vindindustrien-riwal\/#primaryimage","url":"https:\/\/www.riwal.com\/app\/uploads\/sites\/14\/2023\/08\/JLG-520AJ-bomlift-vindmoelle-1024x683.jpg","contentUrl":"https:\/\/www.riwal.com\/app\/uploads\/sites\/14\/2023\/08\/JLG-520AJ-bomlift-vindmoelle-1024x683.jpg"},{"@type":"BreadcrumbList","@id":"https:\/\/www.riwal.com\/da\/brancher\/liftudlejning-til-vindindustrien-riwal\/#breadcrumb","itemListElement":[{"@type":"ListItem","position":1,"name":"Forside","item":"https:\/\/www.riwal.com\/da\/"},{"@type":"ListItem","position":2,"name":"Brancher","item":"https:\/\/www.riwal.com\/da\/brancher\/"},{"@type":"ListItem","position":3,"name":"Riwal leverer lifte til vindindustrien"}]},{"@type":"WebSite","@id":"https:\/\/www.riwal.com\/da\/#website","url":"https:\/\/www.riwal.com\/da\/","name":"Riwal","description":"Arial work platform &amp; Telehandler Rental\/Sales","publisher":{"@id":"https:\/\/www.riwal.com\/da\/#organization"},"potentialAction":[{"@type":"SearchAction","target":{"@type":"EntryPoint","urlTemplate":"https:\/\/www.riwal.com\/da\/?s={search_term_string}"},"query-input":{"@type":"PropertyValueSpecification","valueRequired":true,"valueName":"search_term_string"}}],"inLanguage":"da-DK"},{"@type":"Organization","@id":"https:\/\/www.riwal.com\/da\/#organization","name":"Riwal","url":"https:\/\/www.riwal.com\/da\/","logo":{"@type":"ImageObject","inLanguage":"da-DK","@id":"https:\/\/www.riwal.com\/da\/#\/schema\/logo\/image\/","url":"","contentUrl":"","caption":"Riwal"},"image":{"@id":"https:\/\/www.riwal.com\/da\/#\/schema\/logo\/image\/"}}]}},"_links":{"self":[{"href":"https:\/\/www.riwal.com\/da\/wp-json\/wp\/v2\/pages\/3519","targetHints":{"allow":["GET"]}}],"collection":[{"href":"https:\/\/www.riwal.com\/da\/wp-json\/wp\/v2\/pages"}],"about":[{"href":"https:\/\/www.riwal.com\/da\/wp-json\/wp\/v2\/types\/page"}],"author":[{"embeddable":true,"href":"https:\/\/www.riwal.com\/da\/wp-json\/wp\/v2\/users\/18"}],"replies":[{"embeddable":true,"href":"https:\/\/www.riwal.com\/da\/wp-json\/wp\/v2\/comments?post=3519"}],"version-history":[{"count":4,"href":"https:\/\/www.riwal.com\/da\/wp-json\/wp\/v2\/pages\/3519\/revisions"}],"predecessor-version":[{"id":9148,"href":"https:\/\/www.riwal.com\/da\/wp-json\/wp\/v2\/pages\/3519\/revisions\/9148"}],"up":[{"embeddable":true,"href":"https:\/\/www.riwal.com\/da\/wp-json\/wp\/v2\/pages\/6424"}],"wp:attachment":[{"href":"https:\/\/www.riwal.com\/da\/wp-json\/wp\/v2\/media?parent=3519"}],"curies":[{"name":"wp","href":"https:\/\/api.w.org\/{rel}","templated":true}]}}