{"id":3496,"date":"2023-08-14T11:22:59","date_gmt":"2023-08-14T11:22:59","guid":{"rendered":"https:\/\/www.riwal.com\/da\/?page_id=3496"},"modified":"2025-09-08T14:18:16","modified_gmt":"2025-09-08T12:18:16","slug":"leje-og-leveringsbetingelser","status":"publish","type":"page","link":"https:\/\/www.riwal.com\/da\/leje-og-leveringsbetingelser\/","title":{"rendered":"Leje- og leveringsbetingelser"},"content":{"rendered":"<div class=\"container\">\n<h1 class=\"wp-block-heading\" id=\"h-lejebetingelser-for-riwal-danmark-rental-conditions-riwal-denmark\">Lejebetingelser for Riwal Danmark \/ Rental Conditions Riwal Denmark<\/h1>\n<\/div>\n\n<div class=\"container\">\n<p>Download vores leje- og leveringsbetingelser p\u00e5 hhv. dansk og\/eller engelsk nedenfor:<\/p>\n<\/div>\n\n<div class=\"rental-wp-default-block rental-theme-block-default-margin\">\n\t\t\t\t\t\t\t\t<div class=\"container\">\n<div class=\"wp-block-buttons is-layout-flex wp-block-buttons-is-layout-flex\">\n<div class=\"wp-block-button\"><a class=\"wp-block-button__link wp-element-button\" href=\"https:\/\/www.riwal.com\/app\/uploads\/sites\/14\/2025\/09\/Riwal-Danmark-leje-og-leveringsbetingelser-opd.-sep-2025.pdf\" target=\"_blank\" rel=\"noreferrer noopener\">Leje- og leveringsbetingelser<\/a><\/div>\n<\/div>\n<\/div>\n\t\t\t\t\t\t\t<\/div> \n\n<div class=\"container\">\n<p><\/p>\n<\/div>\n\n<div class=\"rental-wp-default-block rental-theme-block-default-margin\">\n\t\t\t\t\t\t\t\t<div class=\"container\">\n<div class=\"wp-block-buttons is-layout-flex wp-block-buttons-is-layout-flex\">\n<div class=\"wp-block-button\"><a class=\"wp-block-button__link wp-element-button\" href=\"https:\/\/www.riwal.com\/app\/uploads\/sites\/14\/2025\/09\/Riwal-Danmark-Rental-and-delivery-terms-revised-september-2025-English.pdf\" target=\"_blank\" rel=\"noreferrer noopener\">Rental and delivery conditions<\/a><\/div>\n<\/div>\n<\/div>\n\t\t\t\t\t\t\t<\/div> \n\n<div class=\"container\">\n<p><\/p>\n<\/div>","protected":false},"excerpt":{"rendered":"<p>Lejebetingelser for Riwal Danmark \/ Rental Conditions Riwal Denmark Download vores leje- og leveringsbetingelser p\u00e5 hhv. dansk og\/eller engelsk nedenfor:<\/p>\n","protected":false},"author":18,"featured_media":0,"parent":0,"menu_order":0,"comment_status":"closed","ping_status":"closed","template":"","meta":{"_acf_changed":false,"footnotes":""},"class_list":["post-3496","page","type-page","status-publish","hentry"],"acf":[],"yoast_head":"<!-- This site is optimized with the Yoast SEO Premium plugin v27.1 (Yoast SEO v27.1.1) - https:\/\/yoast.com\/product\/yoast-seo-premium-wordpress\/ -->\n<title>Leje- og leveringsbetingelser | Riwal<\/title>\n<meta name=\"description\" content=\"L\u00e6s mere om vores leje- og leveringsbetingelser n\u00e5r du lejer lifte, teleskopl\u00e6ssere og andet materiel hos Riwal her.\" \/>\n<meta name=\"robots\" content=\"index, follow, max-snippet:-1, max-image-preview:large, max-video-preview:-1\" \/>\n<link rel=\"canonical\" href=\"https:\/\/www.riwal.com\/da\/leje-og-leveringsbetingelser\/\" \/>\n<meta property=\"og:locale\" content=\"da_DK\" \/>\n<meta property=\"og:type\" content=\"article\" \/>\n<meta property=\"og:title\" content=\"Leje- og leveringsbetingelser\" \/>\n<meta property=\"og:description\" content=\"L\u00e6s mere om vores leje- og leveringsbetingelser n\u00e5r du lejer lifte, teleskopl\u00e6ssere og andet materiel hos Riwal her.\" \/>\n<meta property=\"og:url\" content=\"https:\/\/www.riwal.com\/da\/leje-og-leveringsbetingelser\/\" \/>\n<meta property=\"og:site_name\" content=\"Riwal Danmark\" \/>\n<meta property=\"article:modified_time\" content=\"2025-09-08T12:18:16+00:00\" \/>\n<meta name=\"twitter:card\" content=\"summary_large_image\" \/>\n<meta name=\"twitter:label1\" content=\"Est. reading time\" \/>\n\t<meta name=\"twitter:data1\" content=\"1 minut\" \/>\n<script type=\"application\/ld+json\" class=\"yoast-schema-graph\">{\"@context\":\"https:\/\/schema.org\",\"@graph\":[{\"@type\":\"WebPage\",\"@id\":\"https:\/\/www.riwal.com\/da\/leje-og-leveringsbetingelser\/\",\"url\":\"https:\/\/www.riwal.com\/da\/leje-og-leveringsbetingelser\/\",\"name\":\"Leje- og leveringsbetingelser | Riwal\",\"isPartOf\":{\"@id\":\"https:\/\/www.riwal.com\/da\/#website\"},\"datePublished\":\"2023-08-14T11:22:59+00:00\",\"dateModified\":\"2025-09-08T12:18:16+00:00\",\"description\":\"L\u00e6s mere om vores leje- og leveringsbetingelser n\u00e5r du lejer lifte, teleskopl\u00e6ssere og andet materiel hos Riwal her.\",\"breadcrumb\":{\"@id\":\"https:\/\/www.riwal.com\/da\/leje-og-leveringsbetingelser\/#breadcrumb\"},\"inLanguage\":\"da-DK\",\"potentialAction\":[{\"@type\":\"ReadAction\",\"target\":[\"https:\/\/www.riwal.com\/da\/leje-og-leveringsbetingelser\/\"]}]},{\"@type\":\"BreadcrumbList\",\"@id\":\"https:\/\/www.riwal.com\/da\/leje-og-leveringsbetingelser\/#breadcrumb\",\"itemListElement\":[{\"@type\":\"ListItem\",\"position\":1,\"name\":\"Forside\",\"item\":\"https:\/\/www.riwal.com\/da\/\"},{\"@type\":\"ListItem\",\"position\":2,\"name\":\"Leje- og leveringsbetingelser\"}]},{\"@type\":\"WebSite\",\"@id\":\"https:\/\/www.riwal.com\/da\/#website\",\"url\":\"https:\/\/www.riwal.com\/da\/\",\"name\":\"Riwal\",\"description\":\"Arial work platform &amp; Telehandler Rental\/Sales\",\"publisher\":{\"@id\":\"https:\/\/www.riwal.com\/da\/#organization\"},\"potentialAction\":[{\"@type\":\"SearchAction\",\"target\":{\"@type\":\"EntryPoint\",\"urlTemplate\":\"https:\/\/www.riwal.com\/da\/?s={search_term_string}\"},\"query-input\":{\"@type\":\"PropertyValueSpecification\",\"valueRequired\":true,\"valueName\":\"search_term_string\"}}],\"inLanguage\":\"da-DK\"},{\"@type\":\"Organization\",\"@id\":\"https:\/\/www.riwal.com\/da\/#organization\",\"name\":\"Riwal\",\"url\":\"https:\/\/www.riwal.com\/da\/\",\"logo\":{\"@type\":\"ImageObject\",\"inLanguage\":\"da-DK\",\"@id\":\"https:\/\/www.riwal.com\/da\/#\/schema\/logo\/image\/\",\"url\":\"\",\"contentUrl\":\"\",\"caption\":\"Riwal\"},\"image\":{\"@id\":\"https:\/\/www.riwal.com\/da\/#\/schema\/logo\/image\/\"}}]}<\/script>\n<!-- \/ Yoast SEO Premium plugin. -->","yoast_head_json":{"title":"Leje- og leveringsbetingelser | Riwal","description":"L\u00e6s mere om vores leje- og leveringsbetingelser n\u00e5r du lejer lifte, teleskopl\u00e6ssere og andet materiel hos Riwal her.","robots":{"index":"index","follow":"follow","max-snippet":"max-snippet:-1","max-image-preview":"max-image-preview:large","max-video-preview":"max-video-preview:-1"},"canonical":"https:\/\/www.riwal.com\/da\/leje-og-leveringsbetingelser\/","og_locale":"da_DK","og_type":"article","og_title":"Leje- og leveringsbetingelser","og_description":"L\u00e6s mere om vores leje- og leveringsbetingelser n\u00e5r du lejer lifte, teleskopl\u00e6ssere og andet materiel hos Riwal her.","og_url":"https:\/\/www.riwal.com\/da\/leje-og-leveringsbetingelser\/","og_site_name":"Riwal Danmark","article_modified_time":"2025-09-08T12:18:16+00:00","twitter_card":"summary_large_image","twitter_misc":{"Est. reading time":"1 minut"},"schema":{"@context":"https:\/\/schema.org","@graph":[{"@type":"WebPage","@id":"https:\/\/www.riwal.com\/da\/leje-og-leveringsbetingelser\/","url":"https:\/\/www.riwal.com\/da\/leje-og-leveringsbetingelser\/","name":"Leje- og leveringsbetingelser | Riwal","isPartOf":{"@id":"https:\/\/www.riwal.com\/da\/#website"},"datePublished":"2023-08-14T11:22:59+00:00","dateModified":"2025-09-08T12:18:16+00:00","description":"L\u00e6s mere om vores leje- og leveringsbetingelser n\u00e5r du lejer lifte, teleskopl\u00e6ssere og andet materiel hos Riwal her.","breadcrumb":{"@id":"https:\/\/www.riwal.com\/da\/leje-og-leveringsbetingelser\/#breadcrumb"},"inLanguage":"da-DK","potentialAction":[{"@type":"ReadAction","target":["https:\/\/www.riwal.com\/da\/leje-og-leveringsbetingelser\/"]}]},{"@type":"BreadcrumbList","@id":"https:\/\/www.riwal.com\/da\/leje-og-leveringsbetingelser\/#breadcrumb","itemListElement":[{"@type":"ListItem","position":1,"name":"Forside","item":"https:\/\/www.riwal.com\/da\/"},{"@type":"ListItem","position":2,"name":"Leje- og leveringsbetingelser"}]},{"@type":"WebSite","@id":"https:\/\/www.riwal.com\/da\/#website","url":"https:\/\/www.riwal.com\/da\/","name":"Riwal","description":"Arial work platform &amp; Telehandler Rental\/Sales","publisher":{"@id":"https:\/\/www.riwal.com\/da\/#organization"},"potentialAction":[{"@type":"SearchAction","target":{"@type":"EntryPoint","urlTemplate":"https:\/\/www.riwal.com\/da\/?s={search_term_string}"},"query-input":{"@type":"PropertyValueSpecification","valueRequired":true,"valueName":"search_term_string"}}],"inLanguage":"da-DK"},{"@type":"Organization","@id":"https:\/\/www.riwal.com\/da\/#organization","name":"Riwal","url":"https:\/\/www.riwal.com\/da\/","logo":{"@type":"ImageObject","inLanguage":"da-DK","@id":"https:\/\/www.riwal.com\/da\/#\/schema\/logo\/image\/","url":"","contentUrl":"","caption":"Riwal"},"image":{"@id":"https:\/\/www.riwal.com\/da\/#\/schema\/logo\/image\/"}}]}},"_links":{"self":[{"href":"https:\/\/www.riwal.com\/da\/wp-json\/wp\/v2\/pages\/3496","targetHints":{"allow":["GET"]}}],"collection":[{"href":"https:\/\/www.riwal.com\/da\/wp-json\/wp\/v2\/pages"}],"about":[{"href":"https:\/\/www.riwal.com\/da\/wp-json\/wp\/v2\/types\/page"}],"author":[{"embeddable":true,"href":"https:\/\/www.riwal.com\/da\/wp-json\/wp\/v2\/users\/18"}],"replies":[{"embeddable":true,"href":"https:\/\/www.riwal.com\/da\/wp-json\/wp\/v2\/comments?post=3496"}],"version-history":[{"count":16,"href":"https:\/\/www.riwal.com\/da\/wp-json\/wp\/v2\/pages\/3496\/revisions"}],"predecessor-version":[{"id":22981,"href":"https:\/\/www.riwal.com\/da\/wp-json\/wp\/v2\/pages\/3496\/revisions\/22981"}],"wp:attachment":[{"href":"https:\/\/www.riwal.com\/da\/wp-json\/wp\/v2\/media?parent=3496"}],"curies":[{"name":"wp","href":"https:\/\/api.w.org\/{rel}","templated":true}]}}